{"id":2836,"date":"2025-07-11T10:00:50","date_gmt":"2025-07-11T13:00:50","guid":{"rendered":"https:\/\/www.guiagratis.com.br\/?page_id=2836"},"modified":"2025-07-14T21:53:54","modified_gmt":"2025-07-15T00:53:54","slug":"agendas-virtuais","status":"publish","type":"page","link":"https:\/\/www.guiagratis.com.br\/index.php\/agendas-virtuais\/","title":{"rendered":"Agendas Virtuais"},"content":{"rendered":"<p style=\"text-align: justify;\"><img loading=\"lazy\" decoding=\"async\" class=\"size-medium wp-image-3958 alignleft\" src=\"http:\/\/guiagratis.com.br\/wp-content\/uploads\/2018\/07\/agenda-virtual-gratis-1-300x158.jpg\" alt=\"agendas virtuais gratis\" width=\"300\" height=\"158\" \/>A agenda virtual surgiu nos prim\u00f3rdios da Internet e \u00e9 de um valor inestim\u00e1vel quando voc\u00ea precisa lembrar compromissos importantes. Com o passar do tempo surgiram novas tecnologias e alguns servi\u00e7os tradicionais deixaram de existir, enquanto v\u00e1rios foram adaptando-se e surgiram diversos novos. Nessa p\u00e1gina vamos sugerir as melhores.<\/p>\n<p><!-------------------- PREFERIDOS -------------------><\/p>\n<h2 style=\"text-align: center;\"><span style=\"color: #cc3300;\">Os Preferidos de Nossa Equipe<\/span><\/h2>\n<p><!-------------------- Google Agenda --------------------><\/p>\n<h2 style=\"text-align: justify;\">Google Agenda<\/h2>\n<p style=\"text-align: justify;\">O excelente servi\u00e7o de agenda virtual oferecido gratuitamente pelo Google. Permite agendar eventos e compartilhar com outras pessoas o acesso aos compromissos agendados. Sem d\u00favida \u00e9 um dos melhores servi\u00e7os do g\u00eanero atualmente. Como a absoluta maioria dos servi\u00e7os Google, pode ser usado tanto via desktop quando atrav\u00e9s de dispositivos mobile.<\/p>\n<p><a title=\"Google Agenda\" href=\"https:\/\/www.google.com\/calendar\" target=\"_blank\" rel=\"noopener noreferrer\">https:\/\/www.google.com\/calendar<\/a><br \/>\n<!--------------------Outlook Calend\u00e1rio --------------------><\/p>\n<h2 style=\"text-align: justify;\">Outlook Calend\u00e1rio<\/h2>\n<p style=\"text-align: justify;\">O servi\u00e7o de agenda virtual oferecido gratuitamente pela Microsoft. Possui como grande diferencial o fato de ser totalmente integr\u00e1vel ao Windows 10 e ao e-mail gratuito da empresa, o Outlook (antigo Hotmail). A integra\u00e7\u00e3o torna poss\u00edvel ao usu\u00e1rio criar por exemplo entradas em sua agenda usando a Cortana. Acess\u00edvel tamb\u00e9m a partir de dispositivos mobile.<\/p>\n<p><a title=\"Google Agenda\" href=\"https:\/\/outlook.live.com\/calendar\/0\/\" target=\"_blank\" rel=\"noopener noreferrer\">https:\/\/outlook.live.com\/calendar\/0\/<\/a><br \/>\n<!-------------------- OUTRAS BOAS OP\u00c7\u00d5ES --------------------><\/p>\n<h2 style=\"text-align: center;\"><span style=\"color: #cc3300;\">Outras Boas Op\u00e7\u00f5es<\/span><\/h2>\n<p><!-------------------- Elefante --------------------><\/p>\n<h2 style=\"text-align: justify;\">Elefante<\/h2>\n<p style=\"text-align: justify;\">O elefante com certeza \u00e9 o mais antigo servi\u00e7o de agenda virtual brasileiro ainda em atividade. Serve para\u00a0lembrar voc\u00ea de compromissos, anivers\u00e1rios, programa\u00e7\u00e3o de TV. Pode ainda fornecer cota\u00e7\u00f5es e hor\u00f3scopo por e-mail, celular ou messenger. Voc\u00ea sincroniza sua agenda com a agenda do Elefante e controla seus compromissos de qualquer lugar. Se voc\u00ea busca uma op\u00e7\u00e3o de agenda virtual gr\u00e1tis que possibilite sincroniza\u00e7\u00e3o com dispositivos BlackBerry essa pode ser a sua op\u00e7\u00e3o, segundo informa\u00e7\u00f5es constantes no site esse sincroniza at\u00e9 com Lotus Notes.<\/p>\n<p><a title=\"Elefante\" href=\"https:\/\/www.elefante.com.br\" target=\"_blank\" rel=\"noopener noreferrer\">https:\/\/www.elefante.com.br<\/a><br \/>\n<!-------------------- EuTeAviso --------------------><\/p>\n<h2 style=\"text-align: justify;\">EuTeAviso<\/h2>\n<p style=\"text-align: justify;\">Agenda virtual gr\u00e1tis brasileira que al\u00e9m de lembrar todo tipo de tarefa est\u00e1 dispon\u00edvel\u00a0como aplicativo para Android. Excelente para utiliza\u00e7\u00e3o em smartphones.<\/p>\n<p><a title=\"EuTeAviso\" href=\"http:\/\/www.euteaviso.com.br\" target=\"_blank\" rel=\"noopener noreferrer\">http:\/\/www.euteaviso.com.br<\/a><br \/>\n<!-------------------- MemoToMe --------------------><\/p>\n<h2 style=\"text-align: justify;\">MemoToMe<\/h2>\n<p style=\"text-align: justify;\">Agenda virtual que funciona como um servi\u00e7o de avisos por e-mail. Voc\u00ea especifica datas e horas de compromissos e o site lhe envia um e-mail no dia e hora programados. Dispon\u00edvel somente em ingl\u00eas.<\/p>\n<p><a title=\"Memo To Me\" href=\"http:\/\/www.memotome.com\" target=\"_blank\" rel=\"noopener noreferrer\">http:\/\/www.memotome.com<\/a><\/p>\n","protected":false},"excerpt":{"rendered":"<p>A agenda virtual surgiu nos prim\u00f3rdios da Internet e \u00e9 de um valor inestim\u00e1vel quando voc\u00ea precisa lembrar compromissos importantes. Com o passar do tempo surgiram novas tecnologias e alguns servi\u00e7os tradicionais deixaram de existir, enquanto v\u00e1rios foram adaptando-se e surgiram diversos novos. Nessa p\u00e1gina vamos sugerir as melhores. Os Preferidos de Nossa Equipe Google &hellip; <\/p>\n","protected":false},"author":2,"featured_media":3958,"parent":0,"menu_order":0,"comment_status":"closed","ping_status":"closed","template":"","meta":{"footnotes":""},"class_list":["post-2836","page","type-page","status-publish","has-post-thumbnail","hentry","entry"],"yoast_head":"<!-- This site is optimized with the Yoast SEO plugin v27.5 - https:\/\/yoast.com\/product\/yoast-seo-wordpress\/ -->\n<title>Agendas Virtuais - Guia Gr\u00e1tis - guia de servi\u00e7os gr\u00e1tis<\/title>\n<meta name=\"description\" content=\"A agenda virtual surgiu nos prim\u00f3rdios da Internet e \u00e9 um aux\u00edlio inestim\u00e1vel para lembrar compromissos. Conhe\u00e7a os sites que sugerimos nessa \u00e1rea.\" \/>\n<meta name=\"robots\" content=\"index, follow, max-snippet:-1, max-image-preview:large, max-video-preview:-1\" \/>\n<link rel=\"canonical\" href=\"https:\/\/www.guiagratis.com.br\/agendas-virtuais\/\" \/>\n<meta property=\"og:locale\" content=\"pt_BR\" \/>\n<meta property=\"og:type\" content=\"article\" \/>\n<meta property=\"og:title\" content=\"Agendas Virtuais - Guia Gr\u00e1tis - guia de servi\u00e7os gr\u00e1tis\" \/>\n<meta property=\"og:description\" content=\"A agenda virtual surgiu nos prim\u00f3rdios da Internet e \u00e9 um aux\u00edlio inestim\u00e1vel para lembrar compromissos. Conhe\u00e7a os sites que sugerimos nessa \u00e1rea.\" \/>\n<meta property=\"og:url\" content=\"https:\/\/www.guiagratis.com.br\/agendas-virtuais\/\" \/>\n<meta property=\"og:site_name\" content=\"Guia Gr\u00e1tis - guia de servi\u00e7os gr\u00e1tis\" \/>\n<meta property=\"article:publisher\" content=\"https:\/\/www.facebook.com\/guiagratis\" \/>\n<meta property=\"article:modified_time\" content=\"2025-07-15T00:53:54+00:00\" \/>\n<meta name=\"twitter:card\" content=\"summary_large_image\" \/>\n<meta name=\"twitter:site\" content=\"@siteguiagratis\" \/>\n<meta name=\"twitter:label1\" content=\"Est. tempo de leitura\" \/>\n\t<meta name=\"twitter:data1\" content=\"2 minutos\" \/>\n<script type=\"application\/ld+json\" class=\"yoast-schema-graph\">{\"@context\":\"https:\\\/\\\/schema.org\",\"@graph\":[{\"@type\":\"WebPage\",\"@id\":\"https:\\\/\\\/www.guiagratis.com.br\\\/index.php\\\/agendas-virtuais\\\/\",\"url\":\"https:\\\/\\\/www.guiagratis.com.br\\\/agendas-virtuais\\\/\",\"name\":\"Agendas Virtuais - Guia Gr\u00e1tis - guia de servi\u00e7os gr\u00e1tis\",\"isPartOf\":{\"@id\":\"https:\\\/\\\/www.guiagratis.com.br\\\/#website\"},\"primaryImageOfPage\":{\"@id\":\"https:\\\/\\\/www.guiagratis.com.br\\\/agendas-virtuais\\\/#primaryimage\"},\"image\":{\"@id\":\"https:\\\/\\\/www.guiagratis.com.br\\\/agendas-virtuais\\\/#primaryimage\"},\"thumbnailUrl\":\"\",\"datePublished\":\"2025-07-11T13:00:50+00:00\",\"dateModified\":\"2025-07-15T00:53:54+00:00\",\"description\":\"A agenda virtual surgiu nos prim\u00f3rdios da Internet e \u00e9 um aux\u00edlio inestim\u00e1vel para lembrar compromissos. Conhe\u00e7a os sites que sugerimos nessa \u00e1rea.\",\"breadcrumb\":{\"@id\":\"https:\\\/\\\/www.guiagratis.com.br\\\/agendas-virtuais\\\/#breadcrumb\"},\"inLanguage\":\"pt-BR\",\"potentialAction\":[{\"@type\":\"ReadAction\",\"target\":[\"https:\\\/\\\/www.guiagratis.com.br\\\/agendas-virtuais\\\/\"]}]},{\"@type\":\"ImageObject\",\"inLanguage\":\"pt-BR\",\"@id\":\"https:\\\/\\\/www.guiagratis.com.br\\\/agendas-virtuais\\\/#primaryimage\",\"url\":\"\",\"contentUrl\":\"\"},{\"@type\":\"BreadcrumbList\",\"@id\":\"https:\\\/\\\/www.guiagratis.com.br\\\/agendas-virtuais\\\/#breadcrumb\",\"itemListElement\":[{\"@type\":\"ListItem\",\"position\":1,\"name\":\"In\u00edcio\",\"item\":\"https:\\\/\\\/www.guiagratis.com.br\\\/\"},{\"@type\":\"ListItem\",\"position\":2,\"name\":\"Agendas Virtuais\"}]},{\"@type\":\"WebSite\",\"@id\":\"https:\\\/\\\/www.guiagratis.com.br\\\/#website\",\"url\":\"https:\\\/\\\/www.guiagratis.com.br\\\/\",\"name\":\"Guia Gr\u00e1tis - guia de servi\u00e7os gr\u00e1tis\",\"description\":\"\",\"publisher\":{\"@id\":\"https:\\\/\\\/www.guiagratis.com.br\\\/#organization\"},\"potentialAction\":[{\"@type\":\"SearchAction\",\"target\":{\"@type\":\"EntryPoint\",\"urlTemplate\":\"https:\\\/\\\/www.guiagratis.com.br\\\/?s={search_term_string}\"},\"query-input\":{\"@type\":\"PropertyValueSpecification\",\"valueRequired\":true,\"valueName\":\"search_term_string\"}}],\"inLanguage\":\"pt-BR\"},{\"@type\":\"Organization\",\"@id\":\"https:\\\/\\\/www.guiagratis.com.br\\\/#organization\",\"name\":\"Guia Gr\u00e1tis - guia de servi\u00e7os gr\u00e1tis\",\"url\":\"https:\\\/\\\/www.guiagratis.com.br\\\/\",\"logo\":{\"@type\":\"ImageObject\",\"inLanguage\":\"pt-BR\",\"@id\":\"https:\\\/\\\/www.guiagratis.com.br\\\/#\\\/schema\\\/logo\\\/image\\\/\",\"url\":\"https:\\\/\\\/www.guiagratis.com.br\\\/wp-content\\\/uploads\\\/2025\\\/05\\\/cropped-logo.gif\",\"contentUrl\":\"https:\\\/\\\/www.guiagratis.com.br\\\/wp-content\\\/uploads\\\/2025\\\/05\\\/cropped-logo.gif\",\"width\":175,\"height\":88,\"caption\":\"Guia Gr\u00e1tis - guia de servi\u00e7os gr\u00e1tis\"},\"image\":{\"@id\":\"https:\\\/\\\/www.guiagratis.com.br\\\/#\\\/schema\\\/logo\\\/image\\\/\"},\"sameAs\":[\"https:\\\/\\\/www.facebook.com\\\/guiagratis\",\"https:\\\/\\\/x.com\\\/siteguiagratis\"]}]}<\/script>\n<!-- \/ Yoast SEO plugin. -->","yoast_head_json":{"title":"Agendas Virtuais - Guia Gr\u00e1tis - guia de servi\u00e7os gr\u00e1tis","description":"A agenda virtual surgiu nos prim\u00f3rdios da Internet e \u00e9 um aux\u00edlio inestim\u00e1vel para lembrar compromissos. Conhe\u00e7a os sites que sugerimos nessa \u00e1rea.","robots":{"index":"index","follow":"follow","max-snippet":"max-snippet:-1","max-image-preview":"max-image-preview:large","max-video-preview":"max-video-preview:-1"},"canonical":"https:\/\/www.guiagratis.com.br\/agendas-virtuais\/","og_locale":"pt_BR","og_type":"article","og_title":"Agendas Virtuais - Guia Gr\u00e1tis - guia de servi\u00e7os gr\u00e1tis","og_description":"A agenda virtual surgiu nos prim\u00f3rdios da Internet e \u00e9 um aux\u00edlio inestim\u00e1vel para lembrar compromissos. Conhe\u00e7a os sites que sugerimos nessa \u00e1rea.","og_url":"https:\/\/www.guiagratis.com.br\/agendas-virtuais\/","og_site_name":"Guia Gr\u00e1tis - guia de servi\u00e7os gr\u00e1tis","article_publisher":"https:\/\/www.facebook.com\/guiagratis","article_modified_time":"2025-07-15T00:53:54+00:00","twitter_card":"summary_large_image","twitter_site":"@siteguiagratis","twitter_misc":{"Est. tempo de leitura":"2 minutos"},"schema":{"@context":"https:\/\/schema.org","@graph":[{"@type":"WebPage","@id":"https:\/\/www.guiagratis.com.br\/index.php\/agendas-virtuais\/","url":"https:\/\/www.guiagratis.com.br\/agendas-virtuais\/","name":"Agendas Virtuais - Guia Gr\u00e1tis - guia de servi\u00e7os gr\u00e1tis","isPartOf":{"@id":"https:\/\/www.guiagratis.com.br\/#website"},"primaryImageOfPage":{"@id":"https:\/\/www.guiagratis.com.br\/agendas-virtuais\/#primaryimage"},"image":{"@id":"https:\/\/www.guiagratis.com.br\/agendas-virtuais\/#primaryimage"},"thumbnailUrl":"","datePublished":"2025-07-11T13:00:50+00:00","dateModified":"2025-07-15T00:53:54+00:00","description":"A agenda virtual surgiu nos prim\u00f3rdios da Internet e \u00e9 um aux\u00edlio inestim\u00e1vel para lembrar compromissos. Conhe\u00e7a os sites que sugerimos nessa \u00e1rea.","breadcrumb":{"@id":"https:\/\/www.guiagratis.com.br\/agendas-virtuais\/#breadcrumb"},"inLanguage":"pt-BR","potentialAction":[{"@type":"ReadAction","target":["https:\/\/www.guiagratis.com.br\/agendas-virtuais\/"]}]},{"@type":"ImageObject","inLanguage":"pt-BR","@id":"https:\/\/www.guiagratis.com.br\/agendas-virtuais\/#primaryimage","url":"","contentUrl":""},{"@type":"BreadcrumbList","@id":"https:\/\/www.guiagratis.com.br\/agendas-virtuais\/#breadcrumb","itemListElement":[{"@type":"ListItem","position":1,"name":"In\u00edcio","item":"https:\/\/www.guiagratis.com.br\/"},{"@type":"ListItem","position":2,"name":"Agendas Virtuais"}]},{"@type":"WebSite","@id":"https:\/\/www.guiagratis.com.br\/#website","url":"https:\/\/www.guiagratis.com.br\/","name":"Guia Gr\u00e1tis - guia de servi\u00e7os gr\u00e1tis","description":"","publisher":{"@id":"https:\/\/www.guiagratis.com.br\/#organization"},"potentialAction":[{"@type":"SearchAction","target":{"@type":"EntryPoint","urlTemplate":"https:\/\/www.guiagratis.com.br\/?s={search_term_string}"},"query-input":{"@type":"PropertyValueSpecification","valueRequired":true,"valueName":"search_term_string"}}],"inLanguage":"pt-BR"},{"@type":"Organization","@id":"https:\/\/www.guiagratis.com.br\/#organization","name":"Guia Gr\u00e1tis - guia de servi\u00e7os gr\u00e1tis","url":"https:\/\/www.guiagratis.com.br\/","logo":{"@type":"ImageObject","inLanguage":"pt-BR","@id":"https:\/\/www.guiagratis.com.br\/#\/schema\/logo\/image\/","url":"https:\/\/www.guiagratis.com.br\/wp-content\/uploads\/2025\/05\/cropped-logo.gif","contentUrl":"https:\/\/www.guiagratis.com.br\/wp-content\/uploads\/2025\/05\/cropped-logo.gif","width":175,"height":88,"caption":"Guia Gr\u00e1tis - guia de servi\u00e7os gr\u00e1tis"},"image":{"@id":"https:\/\/www.guiagratis.com.br\/#\/schema\/logo\/image\/"},"sameAs":["https:\/\/www.facebook.com\/guiagratis","https:\/\/x.com\/siteguiagratis"]}]}},"_links":{"self":[{"href":"https:\/\/www.guiagratis.com.br\/index.php\/wp-json\/wp\/v2\/pages\/2836","targetHints":{"allow":["GET"]}}],"collection":[{"href":"https:\/\/www.guiagratis.com.br\/index.php\/wp-json\/wp\/v2\/pages"}],"about":[{"href":"https:\/\/www.guiagratis.com.br\/index.php\/wp-json\/wp\/v2\/types\/page"}],"author":[{"embeddable":true,"href":"https:\/\/www.guiagratis.com.br\/index.php\/wp-json\/wp\/v2\/users\/2"}],"replies":[{"embeddable":true,"href":"https:\/\/www.guiagratis.com.br\/index.php\/wp-json\/wp\/v2\/comments?post=2836"}],"version-history":[{"count":4,"href":"https:\/\/www.guiagratis.com.br\/index.php\/wp-json\/wp\/v2\/pages\/2836\/revisions"}],"predecessor-version":[{"id":4970,"href":"https:\/\/www.guiagratis.com.br\/index.php\/wp-json\/wp\/v2\/pages\/2836\/revisions\/4970"}],"wp:featuredmedia":[{"embeddable":true,"href":"https:\/\/www.guiagratis.com.br\/index.php\/wp-json\/"}],"wp:attachment":[{"href":"https:\/\/www.guiagratis.com.br\/index.php\/wp-json\/wp\/v2\/media?parent=2836"}],"curies":[{"name":"wp","href":"https:\/\/api.w.org\/{rel}","templated":true}]}}