{"id":2920,"date":"2018-07-28T17:29:02","date_gmt":"2018-07-28T20:29:02","guid":{"rendered":"https:\/\/www.guiagratis.com.br\/?page_id=2920"},"modified":"2025-07-14T21:20:13","modified_gmt":"2025-07-15T00:20:13","slug":"premios-brindes-e-amostras-gratis","status":"publish","type":"page","link":"https:\/\/www.guiagratis.com.br\/index.php\/premios-brindes-e-amostras-gratis\/","title":{"rendered":"Pr\u00eamios, Brindes e Amostras Gr\u00e1tis"},"content":{"rendered":"<p style=\"text-align: justify;\"><img loading=\"lazy\" decoding=\"async\" class=\"size-medium wp-image-4140 alignleft\" src=\"http:\/\/guiagratis.com.br\/wp-content\/uploads\/2018\/08\/brindes-amostras-gratis-1-300x158.jpg\" alt=\"brindes amostras gratis\" width=\"300\" height=\"158\" \/>Voc\u00ea \u00e9 uma daquelas pessoas que adora receber brinde? Participa de todas as promo\u00e7\u00f5es atr\u00e1s de pr\u00eamios? Pede amostras gr\u00e1tis de todo tipo de produto? Conhe\u00e7a nesta p\u00e1gina de nosso site alguns sites que selecionamos entre os muitos que oferecem pr\u00eamios, brindes, amostras gr\u00e1tis e promo\u00e7\u00f5es pela Internet.<\/p>\n<p><!-------------------- PREFERIDOS -------------------><\/p>\n<h2 style=\"text-align: center;\"><span style=\"color: #cc3300;\">Boas Op\u00e7\u00f5es<\/span><\/h2>\n<h2 style=\"text-align: justify;\">Dotz<\/h2>\n<p style=\"text-align: justify;\">Participando das promo\u00e7\u00f5es em empresas e portais associados voc\u00ea acumula DOTZ. Esses DOTZ podem ser trocados por pr\u00eamios, brindes, produtos e servi\u00e7os. Se voc\u00ea tiver o cart\u00e3o de cr\u00e9dito Dotz tamb\u00e9m acumula Dotz ao usar o cart\u00e3o.<\/p>\n<p style=\"text-align: justify;\"><a title=\"Dotz\" href=\"http:\/\/www.dotz.com.br\" target=\"_blank\" rel=\"noopener noreferrer\">www.dotz.com.br<\/a><\/p>\n<h2 style=\"text-align: justify;\">Big Tester<\/h2>\n<p style=\"text-align: justify;\">O que voc\u00ea acha de se cadastrar e come\u00e7ar a receber amostras gr\u00e1tis enviadas por empresas para que voc\u00ea avalie seus produtos? Interessante? Essa \u00e9 a proposta desse site. Voc\u00ea faz seu cadastro, informa seu perfil e come\u00e7a a receber amostras para avaliar.<\/p>\n<p><a title=\"Regalos Directos\" href=\"http:\/\/www.bigtester.com.br\/\" target=\"_blank\" rel=\"noopener noreferrer\">www.bigtester.com.br<\/a><\/p>\n<h2 style=\"text-align: justify;\">Brindes Gr\u00e1tis<\/h2>\n<p style=\"text-align: justify;\">Site brasileiro especializado na divulga\u00e7\u00e3o de brindes e amostras gr\u00e1tis que est\u00e3o sendo distribu\u00eddos por empresas de todo o mundo.<\/p>\n<p><a title=\"Regalos Directos\" href=\"http:\/\/www.brindesgratis.com\/\" target=\"_blank\" rel=\"noopener noreferrer\">www.brindesgratis.com<\/a><\/p>\n","protected":false},"excerpt":{"rendered":"<p>Voc\u00ea \u00e9 uma daquelas pessoas que adora receber brinde? Participa de todas as promo\u00e7\u00f5es atr\u00e1s de pr\u00eamios? Pede amostras gr\u00e1tis de todo tipo de produto? Conhe\u00e7a nesta p\u00e1gina de nosso site alguns sites que selecionamos entre os muitos que oferecem pr\u00eamios, brindes, amostras gr\u00e1tis e promo\u00e7\u00f5es pela Internet. Boas Op\u00e7\u00f5es Dotz Participando das promo\u00e7\u00f5es em &hellip; <\/p>\n","protected":false},"author":2,"featured_media":4140,"parent":0,"menu_order":0,"comment_status":"closed","ping_status":"closed","template":"","meta":{"footnotes":""},"class_list":["post-2920","page","type-page","status-publish","has-post-thumbnail","hentry","entry"],"yoast_head":"<!-- This site is optimized with the Yoast SEO plugin v27.5 - https:\/\/yoast.com\/product\/yoast-seo-wordpress\/ -->\n<title>Pr\u00eamios, Brindes e Amostras Gr\u00e1tis - Guia Gr\u00e1tis - guia de servi\u00e7os gr\u00e1tis<\/title>\n<meta name=\"description\" content=\"Voc\u00ea adora brinde? Conhe\u00e7a nesta p\u00e1gina de nosso site alguns dos muitos sites que oferecem pr\u00eamios, brindes, amostras gr\u00e1tis e promo\u00e7\u00f5es pela Internet.\" \/>\n<meta name=\"robots\" content=\"index, follow, max-snippet:-1, max-image-preview:large, max-video-preview:-1\" \/>\n<link rel=\"canonical\" href=\"https:\/\/www.guiagratis.com.br\/index.php\/premios-brindes-e-amostras-gratis\/\" \/>\n<meta property=\"og:locale\" content=\"pt_BR\" \/>\n<meta property=\"og:type\" content=\"article\" \/>\n<meta property=\"og:title\" content=\"Pr\u00eamios, Brindes e Amostras Gr\u00e1tis - Guia Gr\u00e1tis - guia de servi\u00e7os gr\u00e1tis\" \/>\n<meta property=\"og:description\" content=\"Voc\u00ea adora brinde? Conhe\u00e7a nesta p\u00e1gina de nosso site alguns dos muitos sites que oferecem pr\u00eamios, brindes, amostras gr\u00e1tis e promo\u00e7\u00f5es pela Internet.\" \/>\n<meta property=\"og:url\" content=\"https:\/\/www.guiagratis.com.br\/index.php\/premios-brindes-e-amostras-gratis\/\" \/>\n<meta property=\"og:site_name\" content=\"Guia Gr\u00e1tis - guia de servi\u00e7os gr\u00e1tis\" \/>\n<meta property=\"article:publisher\" content=\"https:\/\/www.facebook.com\/guiagratis\" \/>\n<meta property=\"article:modified_time\" content=\"2025-07-15T00:20:13+00:00\" \/>\n<meta name=\"twitter:card\" content=\"summary_large_image\" \/>\n<meta name=\"twitter:site\" content=\"@siteguiagratis\" \/>\n<meta name=\"twitter:label1\" content=\"Est. tempo de leitura\" \/>\n\t<meta name=\"twitter:data1\" content=\"2 minutos\" \/>\n<script type=\"application\/ld+json\" class=\"yoast-schema-graph\">{\"@context\":\"https:\\\/\\\/schema.org\",\"@graph\":[{\"@type\":\"WebPage\",\"@id\":\"https:\\\/\\\/www.guiagratis.com.br\\\/index.php\\\/premios-brindes-e-amostras-gratis\\\/\",\"url\":\"https:\\\/\\\/www.guiagratis.com.br\\\/index.php\\\/premios-brindes-e-amostras-gratis\\\/\",\"name\":\"Pr\u00eamios, Brindes e Amostras Gr\u00e1tis - Guia Gr\u00e1tis - guia de servi\u00e7os gr\u00e1tis\",\"isPartOf\":{\"@id\":\"https:\\\/\\\/www.guiagratis.com.br\\\/#website\"},\"primaryImageOfPage\":{\"@id\":\"https:\\\/\\\/www.guiagratis.com.br\\\/index.php\\\/premios-brindes-e-amostras-gratis\\\/#primaryimage\"},\"image\":{\"@id\":\"https:\\\/\\\/www.guiagratis.com.br\\\/index.php\\\/premios-brindes-e-amostras-gratis\\\/#primaryimage\"},\"thumbnailUrl\":\"\",\"datePublished\":\"2018-07-28T20:29:02+00:00\",\"dateModified\":\"2025-07-15T00:20:13+00:00\",\"description\":\"Voc\u00ea adora brinde? Conhe\u00e7a nesta p\u00e1gina de nosso site alguns dos muitos sites que oferecem pr\u00eamios, brindes, amostras gr\u00e1tis e promo\u00e7\u00f5es pela Internet.\",\"breadcrumb\":{\"@id\":\"https:\\\/\\\/www.guiagratis.com.br\\\/index.php\\\/premios-brindes-e-amostras-gratis\\\/#breadcrumb\"},\"inLanguage\":\"pt-BR\",\"potentialAction\":[{\"@type\":\"ReadAction\",\"target\":[\"https:\\\/\\\/www.guiagratis.com.br\\\/index.php\\\/premios-brindes-e-amostras-gratis\\\/\"]}]},{\"@type\":\"ImageObject\",\"inLanguage\":\"pt-BR\",\"@id\":\"https:\\\/\\\/www.guiagratis.com.br\\\/index.php\\\/premios-brindes-e-amostras-gratis\\\/#primaryimage\",\"url\":\"\",\"contentUrl\":\"\"},{\"@type\":\"BreadcrumbList\",\"@id\":\"https:\\\/\\\/www.guiagratis.com.br\\\/index.php\\\/premios-brindes-e-amostras-gratis\\\/#breadcrumb\",\"itemListElement\":[{\"@type\":\"ListItem\",\"position\":1,\"name\":\"In\u00edcio\",\"item\":\"https:\\\/\\\/www.guiagratis.com.br\\\/\"},{\"@type\":\"ListItem\",\"position\":2,\"name\":\"Pr\u00eamios, Brindes e Amostras Gr\u00e1tis\"}]},{\"@type\":\"WebSite\",\"@id\":\"https:\\\/\\\/www.guiagratis.com.br\\\/#website\",\"url\":\"https:\\\/\\\/www.guiagratis.com.br\\\/\",\"name\":\"Guia Gr\u00e1tis - guia de servi\u00e7os gr\u00e1tis\",\"description\":\"\",\"publisher\":{\"@id\":\"https:\\\/\\\/www.guiagratis.com.br\\\/#organization\"},\"potentialAction\":[{\"@type\":\"SearchAction\",\"target\":{\"@type\":\"EntryPoint\",\"urlTemplate\":\"https:\\\/\\\/www.guiagratis.com.br\\\/?s={search_term_string}\"},\"query-input\":{\"@type\":\"PropertyValueSpecification\",\"valueRequired\":true,\"valueName\":\"search_term_string\"}}],\"inLanguage\":\"pt-BR\"},{\"@type\":\"Organization\",\"@id\":\"https:\\\/\\\/www.guiagratis.com.br\\\/#organization\",\"name\":\"Guia Gr\u00e1tis - guia de servi\u00e7os gr\u00e1tis\",\"url\":\"https:\\\/\\\/www.guiagratis.com.br\\\/\",\"logo\":{\"@type\":\"ImageObject\",\"inLanguage\":\"pt-BR\",\"@id\":\"https:\\\/\\\/www.guiagratis.com.br\\\/#\\\/schema\\\/logo\\\/image\\\/\",\"url\":\"https:\\\/\\\/www.guiagratis.com.br\\\/wp-content\\\/uploads\\\/2025\\\/05\\\/cropped-logo.gif\",\"contentUrl\":\"https:\\\/\\\/www.guiagratis.com.br\\\/wp-content\\\/uploads\\\/2025\\\/05\\\/cropped-logo.gif\",\"width\":175,\"height\":88,\"caption\":\"Guia Gr\u00e1tis - guia de servi\u00e7os gr\u00e1tis\"},\"image\":{\"@id\":\"https:\\\/\\\/www.guiagratis.com.br\\\/#\\\/schema\\\/logo\\\/image\\\/\"},\"sameAs\":[\"https:\\\/\\\/www.facebook.com\\\/guiagratis\",\"https:\\\/\\\/x.com\\\/siteguiagratis\"]}]}<\/script>\n<!-- \/ Yoast SEO plugin. -->","yoast_head_json":{"title":"Pr\u00eamios, Brindes e Amostras Gr\u00e1tis - Guia Gr\u00e1tis - guia de servi\u00e7os gr\u00e1tis","description":"Voc\u00ea adora brinde? Conhe\u00e7a nesta p\u00e1gina de nosso site alguns dos muitos sites que oferecem pr\u00eamios, brindes, amostras gr\u00e1tis e promo\u00e7\u00f5es pela Internet.","robots":{"index":"index","follow":"follow","max-snippet":"max-snippet:-1","max-image-preview":"max-image-preview:large","max-video-preview":"max-video-preview:-1"},"canonical":"https:\/\/www.guiagratis.com.br\/index.php\/premios-brindes-e-amostras-gratis\/","og_locale":"pt_BR","og_type":"article","og_title":"Pr\u00eamios, Brindes e Amostras Gr\u00e1tis - Guia Gr\u00e1tis - guia de servi\u00e7os gr\u00e1tis","og_description":"Voc\u00ea adora brinde? Conhe\u00e7a nesta p\u00e1gina de nosso site alguns dos muitos sites que oferecem pr\u00eamios, brindes, amostras gr\u00e1tis e promo\u00e7\u00f5es pela Internet.","og_url":"https:\/\/www.guiagratis.com.br\/index.php\/premios-brindes-e-amostras-gratis\/","og_site_name":"Guia Gr\u00e1tis - guia de servi\u00e7os gr\u00e1tis","article_publisher":"https:\/\/www.facebook.com\/guiagratis","article_modified_time":"2025-07-15T00:20:13+00:00","twitter_card":"summary_large_image","twitter_site":"@siteguiagratis","twitter_misc":{"Est. tempo de leitura":"2 minutos"},"schema":{"@context":"https:\/\/schema.org","@graph":[{"@type":"WebPage","@id":"https:\/\/www.guiagratis.com.br\/index.php\/premios-brindes-e-amostras-gratis\/","url":"https:\/\/www.guiagratis.com.br\/index.php\/premios-brindes-e-amostras-gratis\/","name":"Pr\u00eamios, Brindes e Amostras Gr\u00e1tis - Guia Gr\u00e1tis - guia de servi\u00e7os gr\u00e1tis","isPartOf":{"@id":"https:\/\/www.guiagratis.com.br\/#website"},"primaryImageOfPage":{"@id":"https:\/\/www.guiagratis.com.br\/index.php\/premios-brindes-e-amostras-gratis\/#primaryimage"},"image":{"@id":"https:\/\/www.guiagratis.com.br\/index.php\/premios-brindes-e-amostras-gratis\/#primaryimage"},"thumbnailUrl":"","datePublished":"2018-07-28T20:29:02+00:00","dateModified":"2025-07-15T00:20:13+00:00","description":"Voc\u00ea adora brinde? Conhe\u00e7a nesta p\u00e1gina de nosso site alguns dos muitos sites que oferecem pr\u00eamios, brindes, amostras gr\u00e1tis e promo\u00e7\u00f5es pela Internet.","breadcrumb":{"@id":"https:\/\/www.guiagratis.com.br\/index.php\/premios-brindes-e-amostras-gratis\/#breadcrumb"},"inLanguage":"pt-BR","potentialAction":[{"@type":"ReadAction","target":["https:\/\/www.guiagratis.com.br\/index.php\/premios-brindes-e-amostras-gratis\/"]}]},{"@type":"ImageObject","inLanguage":"pt-BR","@id":"https:\/\/www.guiagratis.com.br\/index.php\/premios-brindes-e-amostras-gratis\/#primaryimage","url":"","contentUrl":""},{"@type":"BreadcrumbList","@id":"https:\/\/www.guiagratis.com.br\/index.php\/premios-brindes-e-amostras-gratis\/#breadcrumb","itemListElement":[{"@type":"ListItem","position":1,"name":"In\u00edcio","item":"https:\/\/www.guiagratis.com.br\/"},{"@type":"ListItem","position":2,"name":"Pr\u00eamios, Brindes e Amostras Gr\u00e1tis"}]},{"@type":"WebSite","@id":"https:\/\/www.guiagratis.com.br\/#website","url":"https:\/\/www.guiagratis.com.br\/","name":"Guia Gr\u00e1tis - guia de servi\u00e7os gr\u00e1tis","description":"","publisher":{"@id":"https:\/\/www.guiagratis.com.br\/#organization"},"potentialAction":[{"@type":"SearchAction","target":{"@type":"EntryPoint","urlTemplate":"https:\/\/www.guiagratis.com.br\/?s={search_term_string}"},"query-input":{"@type":"PropertyValueSpecification","valueRequired":true,"valueName":"search_term_string"}}],"inLanguage":"pt-BR"},{"@type":"Organization","@id":"https:\/\/www.guiagratis.com.br\/#organization","name":"Guia Gr\u00e1tis - guia de servi\u00e7os gr\u00e1tis","url":"https:\/\/www.guiagratis.com.br\/","logo":{"@type":"ImageObject","inLanguage":"pt-BR","@id":"https:\/\/www.guiagratis.com.br\/#\/schema\/logo\/image\/","url":"https:\/\/www.guiagratis.com.br\/wp-content\/uploads\/2025\/05\/cropped-logo.gif","contentUrl":"https:\/\/www.guiagratis.com.br\/wp-content\/uploads\/2025\/05\/cropped-logo.gif","width":175,"height":88,"caption":"Guia Gr\u00e1tis - guia de servi\u00e7os gr\u00e1tis"},"image":{"@id":"https:\/\/www.guiagratis.com.br\/#\/schema\/logo\/image\/"},"sameAs":["https:\/\/www.facebook.com\/guiagratis","https:\/\/x.com\/siteguiagratis"]}]}},"_links":{"self":[{"href":"https:\/\/www.guiagratis.com.br\/index.php\/wp-json\/wp\/v2\/pages\/2920","targetHints":{"allow":["GET"]}}],"collection":[{"href":"https:\/\/www.guiagratis.com.br\/index.php\/wp-json\/wp\/v2\/pages"}],"about":[{"href":"https:\/\/www.guiagratis.com.br\/index.php\/wp-json\/wp\/v2\/types\/page"}],"author":[{"embeddable":true,"href":"https:\/\/www.guiagratis.com.br\/index.php\/wp-json\/wp\/v2\/users\/2"}],"replies":[{"embeddable":true,"href":"https:\/\/www.guiagratis.com.br\/index.php\/wp-json\/wp\/v2\/comments?post=2920"}],"version-history":[{"count":2,"href":"https:\/\/www.guiagratis.com.br\/index.php\/wp-json\/wp\/v2\/pages\/2920\/revisions"}],"predecessor-version":[{"id":4960,"href":"https:\/\/www.guiagratis.com.br\/index.php\/wp-json\/wp\/v2\/pages\/2920\/revisions\/4960"}],"wp:featuredmedia":[{"embeddable":true,"href":"https:\/\/www.guiagratis.com.br\/index.php\/wp-json\/"}],"wp:attachment":[{"href":"https:\/\/www.guiagratis.com.br\/index.php\/wp-json\/wp\/v2\/media?parent=2920"}],"curies":[{"name":"wp","href":"https:\/\/api.w.org\/{rel}","templated":true}]}}