{"id":2939,"date":"2025-07-11T02:30:55","date_gmt":"2025-07-11T05:30:55","guid":{"rendered":"https:\/\/www.guiagratis.com.br\/?page_id=2939"},"modified":"2025-07-12T17:12:35","modified_gmt":"2025-07-12T20:12:35","slug":"anuncios-classificados-gratis","status":"publish","type":"page","link":"https:\/\/www.guiagratis.com.br\/index.php\/anuncios-classificados-gratis\/","title":{"rendered":"An\u00fancios Classificados Gr\u00e1tis"},"content":{"rendered":"<p style=\"text-align: justify;\"><img loading=\"lazy\" decoding=\"async\" class=\"size-medium wp-image-3956 alignleft\" src=\"http:\/\/guiagratis.com.br\/wp-content\/uploads\/2018\/07\/classificados-online-gratis-1-300x158.jpg\" alt=\"classificados online gratis\" width=\"300\" height=\"158\" \/>H\u00e1 muitos sites de an\u00fancios classificados gr\u00e1tis para quem deseja anunciar produtos ou servi\u00e7os sem gastar. Confira uma pequena sele\u00e7\u00e3o que preparamos para voc\u00ea. Infelizmente nessa categoria existe uma certa volatilidade, h\u00e1 alguns sites bastante antigos e tradicionais e muitos sites novos surgindo e desaparecendo todos os meses.<\/p>\n<h2 style=\"text-align: center;\"><span style=\"color: #cc3300;\">Os Preferidos de Nossa Equipe<\/span><\/h2>\n<h2 style=\"text-align: justify;\">OLX<\/h2>\n<p style=\"text-align: justify;\">Um dos mais conhecidos sites brasileiros de an\u00fancios classificados gr\u00e1tis. Veicula gratuitamente an\u00fancios de compra, venda, servi\u00e7os, im\u00f3veis, empregos, eventos, etc. Extremamente pr\u00e1tico; Permite pesquisar apenas na regi\u00e3o de resid\u00eancia do usu\u00e1rio, o que faz gastar menos dinheiro com frete e despesas de envio. Atualmente o site tamb\u00e9m est\u00e1 implementando servi\u00e7os de intermedia\u00e7\u00e3o de pagamentos e entregas para trazer mais seguran\u00e7a a quem negocia na plataforma.<\/p>\n<p style=\"text-align: justify;\"><a title=\"OLX\" href=\"https:\/\/www.olx.com.br\" target=\"_blank\" rel=\"noopener noreferrer\">https:\/\/www.olx.com.br<\/a><\/p>\n<h2 style=\"text-align: justify;\">Mercado Livre<\/h2>\n<p style=\"text-align: justify;\">Hoje em dia \u00e9 mais do que um site de classificados, virou uma gigantesca plataforma de e-commerce com sistema de entregas pr\u00f3prio e intermediador de pagamentos. Continua entretanto sendo uma boa op\u00e7\u00e3o para quem deseja simplesmente anunciar a venda de produtos que n\u00e3o usa mais.<\/p>\n<p style=\"text-align: justify;\"><a title=\"Mercado Livre\" href=\"https:\/\/www.mercadolivre.com.br\" target=\"_blank\" rel=\"noopener noreferrer\">https:\/\/www.mercadolivre.com.br<\/a><\/p>\n<h2 style=\"text-align: center;\"><span style=\"color: #cc3300;\">Outras Boas Op\u00e7\u00f5es<\/span><\/h2>\n<h2 style=\"text-align: justify;\">Craigslist<\/h2>\n<p style=\"text-align: justify;\">Atualmente \u00e9 o maior site para quem deseja anunciar gratuitamente nos Estados Unidos, sendo inclusive o site ao qual os imigrantes rec\u00e9m chegados no pa\u00eds mais recorrem em busca de produtos baratos ou at\u00e9 mesmo doa\u00e7\u00f5es. An\u00fancios de praticamente todo tipo de produto ou servi\u00e7o, inclusive an\u00fancios de oportunidades de emprego. Embora esteja dispon\u00edvel em muitos pa\u00edses, inclusive no Brasil, o ponto forte do site s\u00e3o os Estados Unidos.<\/p>\n<p style=\"text-align: justify;\"><a title=\"Craiglist\" href=\"https:\/\/www.craigslist.org\/\" target=\"_blank\" rel=\"noopener noreferrer\">https:\/\/www.craigslist.org\/<\/a><\/p>\n<h2 style=\"text-align: justify;\">Evisos<\/h2>\n<p style=\"text-align: justify;\">An\u00fancios classificados gratuitos nas categorias im\u00f3veis, pessoais, empregos, servi\u00e7os, inform\u00e1tica e muito outras categorias mais. O site tem vers\u00f5es voltadas para diversos pa\u00edses, entre eles Estados Unidos, alguns pa\u00edses da Europa e praticamente todos os pa\u00edses da America do Sul e Central. Oferece op\u00e7\u00e3o de an\u00fancios em destaque, mas esses destaques s\u00e3o cobrados, embora o valor seja baix\u00edssimo.<\/p>\n<p style=\"text-align: justify;\"><a title=\"Evisos\" href=\"https:\/\/www.evisos.com.br\" target=\"_blank\" rel=\"noopener noreferrer\">https:\/\/www.evisos.com.br<\/a><\/p>\n","protected":false},"excerpt":{"rendered":"<p>H\u00e1 muitos sites de an\u00fancios classificados gr\u00e1tis para quem deseja anunciar produtos ou servi\u00e7os sem gastar. Confira uma pequena sele\u00e7\u00e3o que preparamos para voc\u00ea. Infelizmente nessa categoria existe uma certa volatilidade, h\u00e1 alguns sites bastante antigos e tradicionais e muitos sites novos surgindo e desaparecendo todos os meses. Os Preferidos de Nossa Equipe OLX Um &hellip; <\/p>\n","protected":false},"author":2,"featured_media":3956,"parent":0,"menu_order":0,"comment_status":"closed","ping_status":"closed","template":"","meta":{"footnotes":""},"class_list":["post-2939","page","type-page","status-publish","has-post-thumbnail","hentry","entry"],"yoast_head":"<!-- This site is optimized with the Yoast SEO plugin v27.5 - https:\/\/yoast.com\/product\/yoast-seo-wordpress\/ -->\n<title>An\u00fancios Classificados Gr\u00e1tis - Guia Gr\u00e1tis - guia de servi\u00e7os gr\u00e1tis<\/title>\n<meta name=\"description\" content=\"H\u00e1 muitos sites de an\u00fancios classificados gr\u00e1tis para quem deseja anunciar produtos ou servi\u00e7os sem gastar. Confira a sele\u00e7\u00e3o que preparamos para voc\u00ea.\" \/>\n<meta name=\"robots\" content=\"index, follow, max-snippet:-1, max-image-preview:large, max-video-preview:-1\" \/>\n<link rel=\"canonical\" href=\"https:\/\/www.guiagratis.com.br\/index.php\/anuncios-classificados-gratis\/\" \/>\n<meta property=\"og:locale\" content=\"pt_BR\" \/>\n<meta property=\"og:type\" content=\"article\" \/>\n<meta property=\"og:title\" content=\"An\u00fancios Classificados Gr\u00e1tis - Guia Gr\u00e1tis - guia de servi\u00e7os gr\u00e1tis\" \/>\n<meta property=\"og:description\" content=\"H\u00e1 muitos sites de an\u00fancios classificados gr\u00e1tis para quem deseja anunciar produtos ou servi\u00e7os sem gastar. Confira a sele\u00e7\u00e3o que preparamos para voc\u00ea.\" \/>\n<meta property=\"og:url\" content=\"https:\/\/www.guiagratis.com.br\/index.php\/anuncios-classificados-gratis\/\" \/>\n<meta property=\"og:site_name\" content=\"Guia Gr\u00e1tis - guia de servi\u00e7os gr\u00e1tis\" \/>\n<meta property=\"article:publisher\" content=\"https:\/\/www.facebook.com\/guiagratis\" \/>\n<meta property=\"article:modified_time\" content=\"2025-07-12T20:12:35+00:00\" \/>\n<meta name=\"twitter:card\" content=\"summary_large_image\" \/>\n<meta name=\"twitter:site\" content=\"@siteguiagratis\" \/>\n<meta name=\"twitter:label1\" content=\"Est. tempo de leitura\" \/>\n\t<meta name=\"twitter:data1\" content=\"3 minutos\" \/>\n<script type=\"application\/ld+json\" class=\"yoast-schema-graph\">{\"@context\":\"https:\\\/\\\/schema.org\",\"@graph\":[{\"@type\":\"WebPage\",\"@id\":\"https:\\\/\\\/www.guiagratis.com.br\\\/index.php\\\/anuncios-classificados-gratis\\\/\",\"url\":\"https:\\\/\\\/www.guiagratis.com.br\\\/index.php\\\/anuncios-classificados-gratis\\\/\",\"name\":\"An\u00fancios Classificados Gr\u00e1tis - Guia Gr\u00e1tis - guia de servi\u00e7os gr\u00e1tis\",\"isPartOf\":{\"@id\":\"https:\\\/\\\/www.guiagratis.com.br\\\/#website\"},\"primaryImageOfPage\":{\"@id\":\"https:\\\/\\\/www.guiagratis.com.br\\\/index.php\\\/anuncios-classificados-gratis\\\/#primaryimage\"},\"image\":{\"@id\":\"https:\\\/\\\/www.guiagratis.com.br\\\/index.php\\\/anuncios-classificados-gratis\\\/#primaryimage\"},\"thumbnailUrl\":\"\",\"datePublished\":\"2025-07-11T05:30:55+00:00\",\"dateModified\":\"2025-07-12T20:12:35+00:00\",\"description\":\"H\u00e1 muitos sites de an\u00fancios classificados gr\u00e1tis para quem deseja anunciar produtos ou servi\u00e7os sem gastar. Confira a sele\u00e7\u00e3o que preparamos para voc\u00ea.\",\"breadcrumb\":{\"@id\":\"https:\\\/\\\/www.guiagratis.com.br\\\/index.php\\\/anuncios-classificados-gratis\\\/#breadcrumb\"},\"inLanguage\":\"pt-BR\",\"potentialAction\":[{\"@type\":\"ReadAction\",\"target\":[\"https:\\\/\\\/www.guiagratis.com.br\\\/index.php\\\/anuncios-classificados-gratis\\\/\"]}]},{\"@type\":\"ImageObject\",\"inLanguage\":\"pt-BR\",\"@id\":\"https:\\\/\\\/www.guiagratis.com.br\\\/index.php\\\/anuncios-classificados-gratis\\\/#primaryimage\",\"url\":\"\",\"contentUrl\":\"\"},{\"@type\":\"BreadcrumbList\",\"@id\":\"https:\\\/\\\/www.guiagratis.com.br\\\/index.php\\\/anuncios-classificados-gratis\\\/#breadcrumb\",\"itemListElement\":[{\"@type\":\"ListItem\",\"position\":1,\"name\":\"In\u00edcio\",\"item\":\"https:\\\/\\\/www.guiagratis.com.br\\\/\"},{\"@type\":\"ListItem\",\"position\":2,\"name\":\"An\u00fancios Classificados Gr\u00e1tis\"}]},{\"@type\":\"WebSite\",\"@id\":\"https:\\\/\\\/www.guiagratis.com.br\\\/#website\",\"url\":\"https:\\\/\\\/www.guiagratis.com.br\\\/\",\"name\":\"Guia Gr\u00e1tis - guia de servi\u00e7os gr\u00e1tis\",\"description\":\"\",\"publisher\":{\"@id\":\"https:\\\/\\\/www.guiagratis.com.br\\\/#organization\"},\"potentialAction\":[{\"@type\":\"SearchAction\",\"target\":{\"@type\":\"EntryPoint\",\"urlTemplate\":\"https:\\\/\\\/www.guiagratis.com.br\\\/?s={search_term_string}\"},\"query-input\":{\"@type\":\"PropertyValueSpecification\",\"valueRequired\":true,\"valueName\":\"search_term_string\"}}],\"inLanguage\":\"pt-BR\"},{\"@type\":\"Organization\",\"@id\":\"https:\\\/\\\/www.guiagratis.com.br\\\/#organization\",\"name\":\"Guia Gr\u00e1tis - guia de servi\u00e7os gr\u00e1tis\",\"url\":\"https:\\\/\\\/www.guiagratis.com.br\\\/\",\"logo\":{\"@type\":\"ImageObject\",\"inLanguage\":\"pt-BR\",\"@id\":\"https:\\\/\\\/www.guiagratis.com.br\\\/#\\\/schema\\\/logo\\\/image\\\/\",\"url\":\"https:\\\/\\\/www.guiagratis.com.br\\\/wp-content\\\/uploads\\\/2025\\\/05\\\/cropped-logo.gif\",\"contentUrl\":\"https:\\\/\\\/www.guiagratis.com.br\\\/wp-content\\\/uploads\\\/2025\\\/05\\\/cropped-logo.gif\",\"width\":175,\"height\":88,\"caption\":\"Guia Gr\u00e1tis - guia de servi\u00e7os gr\u00e1tis\"},\"image\":{\"@id\":\"https:\\\/\\\/www.guiagratis.com.br\\\/#\\\/schema\\\/logo\\\/image\\\/\"},\"sameAs\":[\"https:\\\/\\\/www.facebook.com\\\/guiagratis\",\"https:\\\/\\\/x.com\\\/siteguiagratis\"]}]}<\/script>\n<!-- \/ Yoast SEO plugin. -->","yoast_head_json":{"title":"An\u00fancios Classificados Gr\u00e1tis - Guia Gr\u00e1tis - guia de servi\u00e7os gr\u00e1tis","description":"H\u00e1 muitos sites de an\u00fancios classificados gr\u00e1tis para quem deseja anunciar produtos ou servi\u00e7os sem gastar. Confira a sele\u00e7\u00e3o que preparamos para voc\u00ea.","robots":{"index":"index","follow":"follow","max-snippet":"max-snippet:-1","max-image-preview":"max-image-preview:large","max-video-preview":"max-video-preview:-1"},"canonical":"https:\/\/www.guiagratis.com.br\/index.php\/anuncios-classificados-gratis\/","og_locale":"pt_BR","og_type":"article","og_title":"An\u00fancios Classificados Gr\u00e1tis - Guia Gr\u00e1tis - guia de servi\u00e7os gr\u00e1tis","og_description":"H\u00e1 muitos sites de an\u00fancios classificados gr\u00e1tis para quem deseja anunciar produtos ou servi\u00e7os sem gastar. Confira a sele\u00e7\u00e3o que preparamos para voc\u00ea.","og_url":"https:\/\/www.guiagratis.com.br\/index.php\/anuncios-classificados-gratis\/","og_site_name":"Guia Gr\u00e1tis - guia de servi\u00e7os gr\u00e1tis","article_publisher":"https:\/\/www.facebook.com\/guiagratis","article_modified_time":"2025-07-12T20:12:35+00:00","twitter_card":"summary_large_image","twitter_site":"@siteguiagratis","twitter_misc":{"Est. tempo de leitura":"3 minutos"},"schema":{"@context":"https:\/\/schema.org","@graph":[{"@type":"WebPage","@id":"https:\/\/www.guiagratis.com.br\/index.php\/anuncios-classificados-gratis\/","url":"https:\/\/www.guiagratis.com.br\/index.php\/anuncios-classificados-gratis\/","name":"An\u00fancios Classificados Gr\u00e1tis - Guia Gr\u00e1tis - guia de servi\u00e7os gr\u00e1tis","isPartOf":{"@id":"https:\/\/www.guiagratis.com.br\/#website"},"primaryImageOfPage":{"@id":"https:\/\/www.guiagratis.com.br\/index.php\/anuncios-classificados-gratis\/#primaryimage"},"image":{"@id":"https:\/\/www.guiagratis.com.br\/index.php\/anuncios-classificados-gratis\/#primaryimage"},"thumbnailUrl":"","datePublished":"2025-07-11T05:30:55+00:00","dateModified":"2025-07-12T20:12:35+00:00","description":"H\u00e1 muitos sites de an\u00fancios classificados gr\u00e1tis para quem deseja anunciar produtos ou servi\u00e7os sem gastar. Confira a sele\u00e7\u00e3o que preparamos para voc\u00ea.","breadcrumb":{"@id":"https:\/\/www.guiagratis.com.br\/index.php\/anuncios-classificados-gratis\/#breadcrumb"},"inLanguage":"pt-BR","potentialAction":[{"@type":"ReadAction","target":["https:\/\/www.guiagratis.com.br\/index.php\/anuncios-classificados-gratis\/"]}]},{"@type":"ImageObject","inLanguage":"pt-BR","@id":"https:\/\/www.guiagratis.com.br\/index.php\/anuncios-classificados-gratis\/#primaryimage","url":"","contentUrl":""},{"@type":"BreadcrumbList","@id":"https:\/\/www.guiagratis.com.br\/index.php\/anuncios-classificados-gratis\/#breadcrumb","itemListElement":[{"@type":"ListItem","position":1,"name":"In\u00edcio","item":"https:\/\/www.guiagratis.com.br\/"},{"@type":"ListItem","position":2,"name":"An\u00fancios Classificados Gr\u00e1tis"}]},{"@type":"WebSite","@id":"https:\/\/www.guiagratis.com.br\/#website","url":"https:\/\/www.guiagratis.com.br\/","name":"Guia Gr\u00e1tis - guia de servi\u00e7os gr\u00e1tis","description":"","publisher":{"@id":"https:\/\/www.guiagratis.com.br\/#organization"},"potentialAction":[{"@type":"SearchAction","target":{"@type":"EntryPoint","urlTemplate":"https:\/\/www.guiagratis.com.br\/?s={search_term_string}"},"query-input":{"@type":"PropertyValueSpecification","valueRequired":true,"valueName":"search_term_string"}}],"inLanguage":"pt-BR"},{"@type":"Organization","@id":"https:\/\/www.guiagratis.com.br\/#organization","name":"Guia Gr\u00e1tis - guia de servi\u00e7os gr\u00e1tis","url":"https:\/\/www.guiagratis.com.br\/","logo":{"@type":"ImageObject","inLanguage":"pt-BR","@id":"https:\/\/www.guiagratis.com.br\/#\/schema\/logo\/image\/","url":"https:\/\/www.guiagratis.com.br\/wp-content\/uploads\/2025\/05\/cropped-logo.gif","contentUrl":"https:\/\/www.guiagratis.com.br\/wp-content\/uploads\/2025\/05\/cropped-logo.gif","width":175,"height":88,"caption":"Guia Gr\u00e1tis - guia de servi\u00e7os gr\u00e1tis"},"image":{"@id":"https:\/\/www.guiagratis.com.br\/#\/schema\/logo\/image\/"},"sameAs":["https:\/\/www.facebook.com\/guiagratis","https:\/\/x.com\/siteguiagratis"]}]}},"_links":{"self":[{"href":"https:\/\/www.guiagratis.com.br\/index.php\/wp-json\/wp\/v2\/pages\/2939","targetHints":{"allow":["GET"]}}],"collection":[{"href":"https:\/\/www.guiagratis.com.br\/index.php\/wp-json\/wp\/v2\/pages"}],"about":[{"href":"https:\/\/www.guiagratis.com.br\/index.php\/wp-json\/wp\/v2\/types\/page"}],"author":[{"embeddable":true,"href":"https:\/\/www.guiagratis.com.br\/index.php\/wp-json\/wp\/v2\/users\/2"}],"replies":[{"embeddable":true,"href":"https:\/\/www.guiagratis.com.br\/index.php\/wp-json\/wp\/v2\/comments?post=2939"}],"version-history":[{"count":3,"href":"https:\/\/www.guiagratis.com.br\/index.php\/wp-json\/wp\/v2\/pages\/2939\/revisions"}],"predecessor-version":[{"id":4860,"href":"https:\/\/www.guiagratis.com.br\/index.php\/wp-json\/wp\/v2\/pages\/2939\/revisions\/4860"}],"wp:featuredmedia":[{"embeddable":true,"href":"https:\/\/www.guiagratis.com.br\/index.php\/wp-json\/"}],"wp:attachment":[{"href":"https:\/\/www.guiagratis.com.br\/index.php\/wp-json\/wp\/v2\/media?parent=2939"}],"curies":[{"name":"wp","href":"https:\/\/api.w.org\/{rel}","templated":true}]}}