{"id":2953,"date":"2025-07-11T00:25:41","date_gmt":"2025-07-11T03:25:41","guid":{"rendered":"https:\/\/www.guiagratis.com.br\/?page_id=2953"},"modified":"2025-07-12T17:12:20","modified_gmt":"2025-07-12T20:12:20","slug":"antivirus-gratis","status":"publish","type":"page","link":"https:\/\/www.guiagratis.com.br\/index.php\/antivirus-gratis\/","title":{"rendered":"Antiv\u00edrus Gr\u00e1tis"},"content":{"rendered":"<p style=\"text-align: justify;\"><img loading=\"lazy\" decoding=\"async\" class=\"size-full wp-image-4645 alignleft\" src=\"https:\/\/www.guiagratis.com.br\/wp-content\/uploads\/2021\/03\/antivirus.jpg\" alt=\"antivirus gratuito\" width=\"300\" height=\"158\" \/>Um bom antiv\u00edrus \u00e9 imprescind\u00edvel para navegar na Internet com seguran\u00e7a, principalmente se voc\u00ea usa Windows. Nesta se\u00e7\u00e3o de nosso site voc\u00ea encontra algumas op\u00e7\u00f5es de antiv\u00edrus gr\u00e1tis, sendo que alguns s\u00e3o t\u00e3o eficientes e confi\u00e1veis que chegam a ser melhores que a maior parte dos antiv\u00edrus pagos.<\/p>\n<p>&nbsp;<\/p>\n<h2 style=\"text-align: center;\"><span style=\"color: #cc3300;\">Os Preferidos de Nossa Equipe<\/span><\/h2>\n<p><!-------------------- AVG --------------------><\/p>\n<h2 style=\"text-align: justify;\">AVG<\/h2>\n<p style=\"text-align: justify;\">O AVG \u00e9 um dos mais conhecidos antiv\u00edrus gr\u00e1tis.\u00a0Al\u00e9m do antiv\u00edrus oferece v\u00e1rias outras funcionalidades, algumas gratuitas e outras pagas. Bastante leve e funcional, sendo compat\u00edvel com praticamente todas as vers\u00f5es do Windows.\u00a0As defini\u00e7\u00f5es de v\u00edrus s\u00e3o constantemente atualizadas e o programa mostrou-se superior a v\u00e1rios programas pagos. Tem uma vers\u00e3o tamb\u00e9m para dispositivos com sistema operacional Android.<\/p>\n<p style=\"text-align: justify;\"><a title=\"AVG Antivirus Gr\u00e1tis\" href=\"https:\/\/www.avg.com\/\" target=\"_blank\" rel=\"noopener noreferrer\">https:\/\/www.avg.com\/<\/a><\/p>\n<p><!-------------------- OUTRAS BOAS OP\u00c7\u00d5ES --------------------><\/p>\n<h2 style=\"text-align: center;\"><span style=\"color: #cc3300;\">Outras Boas Op\u00e7\u00f5es<\/span><\/h2>\n<p><!-------------------- Avira --------------------><\/p>\n<h2>Avira Free Antivirus<\/h2>\n<p style=\"text-align: justify;\">Tem vesr\u00f5es para Windows, Mac OS e Android. O scanner funciona em tempo real, verificando os arquivos que est\u00e3o sendo usados pelo sistema e tudo que \u00e9 baixado. Lista de defini\u00e7\u00f5es de v\u00edrus constantemente atualizada n\u00e3o s\u00f3 com v\u00edrus mas tamb\u00e9m trojans e outros malwares. Oferece tamb\u00e9m uma ferramenta antiphishing que monitora os sites que o usu\u00e1rio acessa e alerta em caso de riscos. Interface completa e bastante intuitiva.<\/p>\n<p><a title=\"Antivirus Gr\u00e1tis - Avira\" href=\"https:\/\/www.avira.com\/\" target=\"_blank\" rel=\"noopener noreferrer\">https:\/\/www.avira.com\/<\/a><br \/>\n<!-------------------- Avast --------------------><\/p>\n<h2 style=\"text-align: justify;\">Avast<\/h2>\n<p style=\"text-align: justify;\">Bastante popular e um dos mais confi\u00e1veis. As vers\u00f5es antigas eram bastante pesadas, o que tornava o software\u00a0pouco\u00a0recomendado para m\u00e1quinas sem um bom poder de processamento. \u00c9 totalmente compat\u00edvel com Windows 10. Atualmente seus desenvolvedores informam que tornou-se extremamente leve. N\u00e3o testamos a nova vers\u00e3o, se voc\u00ea testar n\u00e3o esque\u00e7a de nos dizer o que achou.<\/p>\n<p style=\"text-align: justify;\"><a title=\"Antivirus Gr\u00e1tis - Avast\" href=\"https:\/\/www.avast.com\/\" target=\"_blank\" rel=\"noopener noreferrer\">https:\/\/www.avast.com\/<\/a><\/p>\n<p><!--------------------Bitdefender --------------------><\/p>\n<h2 style=\"text-align: justify;\">Bitdefender<\/h2>\n<p style=\"text-align: justify;\">Possui uma vers\u00e3o gratuita um pouco limitada. Executa verifica\u00e7\u00e3o e remo\u00e7\u00e3o de v\u00edrus sob demanda. Usa algoritmos que aprendem o padr\u00e3o de utiliza\u00e7\u00e3o do computador pelo usu\u00e1rio para realizar verifica\u00e7\u00f5es de malware atrapalhando o m\u00ednimo poss\u00edvel. Verifica tamb\u00e9m a configura\u00e7\u00e3o do computador para manter sempre um bom desempenho.<\/p>\n<p><a href=\"https:\/\/www.bitdefender.com\">https:\/\/www.bitdefender.com<\/a><br \/>\n<!-------------------- Panda Antivirus --------------------><\/p>\n<h2>Panda Free Antivirus<\/h2>\n<p style=\"text-align: justify;\">Oferece uma boa op\u00e7\u00e3o de antiv\u00edrus gr\u00e1tis que possui o diferencial de manter a lista de defini\u00e7\u00f5es de v\u00edrus na nuvem, o que faz com que o usu\u00e1rio n\u00e3o precise baixar atualiza\u00e7\u00f5es. Uma vantagem quando se tem uma excelente conex\u00e3o \u00e0 Internet, j\u00e1 pode ser um problema quando n\u00e3o se tem. O software \u00e9 bastante leve, o que certamente \u00e9 mais um ponto a seu favor.<\/p>\n<p><a href=\"https:\/\/www.pandasecurity.com\/\">https:\/\/www.pandasecurity.com\/<\/a><br \/>\n<!-------------------- Trend Micro --------------------><\/p>\n<h2 style=\"text-align: justify;\">Trend Micro HouseCall<\/h2>\n<p style=\"text-align: justify;\">Esse \u00e9 um pouco diferente, \u00e9 um antiv\u00edrus que voc\u00ea n\u00e3o instala, ele faz uma varredura em seu micro online. Permite rapidamente detectar a infec\u00e7\u00e3o de sua m\u00e1quina por algum v\u00edrus sem precisar instalar algum antiv\u00edrus. Al\u00e9m da varredura online gr\u00e1tis o site tamb\u00e9m permite efetuar o download de vers\u00f5es trial (30 dias) da vers\u00e3o paga e mais completa do antiv\u00edrus.<\/p>\n<p style=\"text-align: justify;\"><a title=\"Antivirus Gr\u00e1tis Trend Micro HouseCall\" href=\"https:\/\/housecall.trendmicro.com\" target=\"_blank\" rel=\"noopener noreferrer\">https:\/\/housecall.trendmicro.com<\/a><\/p>\n","protected":false},"excerpt":{"rendered":"<p>Um bom antiv\u00edrus \u00e9 imprescind\u00edvel para navegar na Internet com seguran\u00e7a, principalmente se voc\u00ea usa Windows. Nesta se\u00e7\u00e3o de nosso site voc\u00ea encontra algumas op\u00e7\u00f5es de antiv\u00edrus gr\u00e1tis, sendo que alguns s\u00e3o t\u00e3o eficientes e confi\u00e1veis que chegam a ser melhores que a maior parte dos antiv\u00edrus pagos. &nbsp; Os Preferidos de Nossa Equipe AVG &hellip; <\/p>\n","protected":false},"author":2,"featured_media":3585,"parent":0,"menu_order":0,"comment_status":"closed","ping_status":"closed","template":"","meta":{"footnotes":""},"class_list":["post-2953","page","type-page","status-publish","has-post-thumbnail","hentry","entry"],"yoast_head":"<!-- This site is optimized with the Yoast SEO plugin v27.5 - https:\/\/yoast.com\/product\/yoast-seo-wordpress\/ -->\n<title>Antiv\u00edrus Gr\u00e1tis - Guia Gr\u00e1tis - guia de servi\u00e7os gr\u00e1tis<\/title>\n<meta name=\"description\" content=\"Um bom antiv\u00edrus \u00e9 imprescind\u00edvel para navegar na Internet com seguran\u00e7a. Nesta se\u00e7\u00e3o de nosso site voc\u00ea encontra algumas op\u00e7\u00f5es de antiv\u00edrus gr\u00e1tis.\" \/>\n<meta name=\"robots\" content=\"index, follow, max-snippet:-1, max-image-preview:large, max-video-preview:-1\" \/>\n<link rel=\"canonical\" href=\"https:\/\/www.guiagratis.com.br\/index.php\/antivirus-gratis\/\" \/>\n<meta property=\"og:locale\" content=\"pt_BR\" \/>\n<meta property=\"og:type\" content=\"article\" \/>\n<meta property=\"og:title\" content=\"Antiv\u00edrus Gr\u00e1tis - Guia Gr\u00e1tis - guia de servi\u00e7os gr\u00e1tis\" \/>\n<meta property=\"og:description\" content=\"Um bom antiv\u00edrus \u00e9 imprescind\u00edvel para navegar na Internet com seguran\u00e7a. Nesta se\u00e7\u00e3o de nosso site voc\u00ea encontra algumas op\u00e7\u00f5es de antiv\u00edrus gr\u00e1tis.\" \/>\n<meta property=\"og:url\" content=\"https:\/\/www.guiagratis.com.br\/index.php\/antivirus-gratis\/\" \/>\n<meta property=\"og:site_name\" content=\"Guia Gr\u00e1tis - guia de servi\u00e7os gr\u00e1tis\" \/>\n<meta property=\"article:publisher\" content=\"https:\/\/www.facebook.com\/guiagratis\" \/>\n<meta property=\"article:modified_time\" content=\"2025-07-12T20:12:20+00:00\" \/>\n<meta name=\"twitter:card\" content=\"summary_large_image\" \/>\n<meta name=\"twitter:site\" content=\"@siteguiagratis\" \/>\n<meta name=\"twitter:label1\" content=\"Est. tempo de leitura\" \/>\n\t<meta name=\"twitter:data1\" content=\"3 minutos\" \/>\n<script type=\"application\/ld+json\" class=\"yoast-schema-graph\">{\"@context\":\"https:\\\/\\\/schema.org\",\"@graph\":[{\"@type\":\"WebPage\",\"@id\":\"https:\\\/\\\/www.guiagratis.com.br\\\/index.php\\\/antivirus-gratis\\\/\",\"url\":\"https:\\\/\\\/www.guiagratis.com.br\\\/index.php\\\/antivirus-gratis\\\/\",\"name\":\"Antiv\u00edrus Gr\u00e1tis - Guia Gr\u00e1tis - guia de servi\u00e7os gr\u00e1tis\",\"isPartOf\":{\"@id\":\"https:\\\/\\\/www.guiagratis.com.br\\\/#website\"},\"primaryImageOfPage\":{\"@id\":\"https:\\\/\\\/www.guiagratis.com.br\\\/index.php\\\/antivirus-gratis\\\/#primaryimage\"},\"image\":{\"@id\":\"https:\\\/\\\/www.guiagratis.com.br\\\/index.php\\\/antivirus-gratis\\\/#primaryimage\"},\"thumbnailUrl\":\"\",\"datePublished\":\"2025-07-11T03:25:41+00:00\",\"dateModified\":\"2025-07-12T20:12:20+00:00\",\"description\":\"Um bom antiv\u00edrus \u00e9 imprescind\u00edvel para navegar na Internet com seguran\u00e7a. Nesta se\u00e7\u00e3o de nosso site voc\u00ea encontra algumas op\u00e7\u00f5es de antiv\u00edrus gr\u00e1tis.\",\"breadcrumb\":{\"@id\":\"https:\\\/\\\/www.guiagratis.com.br\\\/index.php\\\/antivirus-gratis\\\/#breadcrumb\"},\"inLanguage\":\"pt-BR\",\"potentialAction\":[{\"@type\":\"ReadAction\",\"target\":[\"https:\\\/\\\/www.guiagratis.com.br\\\/index.php\\\/antivirus-gratis\\\/\"]}]},{\"@type\":\"ImageObject\",\"inLanguage\":\"pt-BR\",\"@id\":\"https:\\\/\\\/www.guiagratis.com.br\\\/index.php\\\/antivirus-gratis\\\/#primaryimage\",\"url\":\"\",\"contentUrl\":\"\"},{\"@type\":\"BreadcrumbList\",\"@id\":\"https:\\\/\\\/www.guiagratis.com.br\\\/index.php\\\/antivirus-gratis\\\/#breadcrumb\",\"itemListElement\":[{\"@type\":\"ListItem\",\"position\":1,\"name\":\"In\u00edcio\",\"item\":\"https:\\\/\\\/www.guiagratis.com.br\\\/\"},{\"@type\":\"ListItem\",\"position\":2,\"name\":\"Antiv\u00edrus Gr\u00e1tis\"}]},{\"@type\":\"WebSite\",\"@id\":\"https:\\\/\\\/www.guiagratis.com.br\\\/#website\",\"url\":\"https:\\\/\\\/www.guiagratis.com.br\\\/\",\"name\":\"Guia Gr\u00e1tis - guia de servi\u00e7os gr\u00e1tis\",\"description\":\"\",\"publisher\":{\"@id\":\"https:\\\/\\\/www.guiagratis.com.br\\\/#organization\"},\"potentialAction\":[{\"@type\":\"SearchAction\",\"target\":{\"@type\":\"EntryPoint\",\"urlTemplate\":\"https:\\\/\\\/www.guiagratis.com.br\\\/?s={search_term_string}\"},\"query-input\":{\"@type\":\"PropertyValueSpecification\",\"valueRequired\":true,\"valueName\":\"search_term_string\"}}],\"inLanguage\":\"pt-BR\"},{\"@type\":\"Organization\",\"@id\":\"https:\\\/\\\/www.guiagratis.com.br\\\/#organization\",\"name\":\"Guia Gr\u00e1tis - guia de servi\u00e7os gr\u00e1tis\",\"url\":\"https:\\\/\\\/www.guiagratis.com.br\\\/\",\"logo\":{\"@type\":\"ImageObject\",\"inLanguage\":\"pt-BR\",\"@id\":\"https:\\\/\\\/www.guiagratis.com.br\\\/#\\\/schema\\\/logo\\\/image\\\/\",\"url\":\"https:\\\/\\\/www.guiagratis.com.br\\\/wp-content\\\/uploads\\\/2025\\\/05\\\/cropped-logo.gif\",\"contentUrl\":\"https:\\\/\\\/www.guiagratis.com.br\\\/wp-content\\\/uploads\\\/2025\\\/05\\\/cropped-logo.gif\",\"width\":175,\"height\":88,\"caption\":\"Guia Gr\u00e1tis - guia de servi\u00e7os gr\u00e1tis\"},\"image\":{\"@id\":\"https:\\\/\\\/www.guiagratis.com.br\\\/#\\\/schema\\\/logo\\\/image\\\/\"},\"sameAs\":[\"https:\\\/\\\/www.facebook.com\\\/guiagratis\",\"https:\\\/\\\/x.com\\\/siteguiagratis\"]}]}<\/script>\n<!-- \/ Yoast SEO plugin. -->","yoast_head_json":{"title":"Antiv\u00edrus Gr\u00e1tis - Guia Gr\u00e1tis - guia de servi\u00e7os gr\u00e1tis","description":"Um bom antiv\u00edrus \u00e9 imprescind\u00edvel para navegar na Internet com seguran\u00e7a. Nesta se\u00e7\u00e3o de nosso site voc\u00ea encontra algumas op\u00e7\u00f5es de antiv\u00edrus gr\u00e1tis.","robots":{"index":"index","follow":"follow","max-snippet":"max-snippet:-1","max-image-preview":"max-image-preview:large","max-video-preview":"max-video-preview:-1"},"canonical":"https:\/\/www.guiagratis.com.br\/index.php\/antivirus-gratis\/","og_locale":"pt_BR","og_type":"article","og_title":"Antiv\u00edrus Gr\u00e1tis - Guia Gr\u00e1tis - guia de servi\u00e7os gr\u00e1tis","og_description":"Um bom antiv\u00edrus \u00e9 imprescind\u00edvel para navegar na Internet com seguran\u00e7a. Nesta se\u00e7\u00e3o de nosso site voc\u00ea encontra algumas op\u00e7\u00f5es de antiv\u00edrus gr\u00e1tis.","og_url":"https:\/\/www.guiagratis.com.br\/index.php\/antivirus-gratis\/","og_site_name":"Guia Gr\u00e1tis - guia de servi\u00e7os gr\u00e1tis","article_publisher":"https:\/\/www.facebook.com\/guiagratis","article_modified_time":"2025-07-12T20:12:20+00:00","twitter_card":"summary_large_image","twitter_site":"@siteguiagratis","twitter_misc":{"Est. tempo de leitura":"3 minutos"},"schema":{"@context":"https:\/\/schema.org","@graph":[{"@type":"WebPage","@id":"https:\/\/www.guiagratis.com.br\/index.php\/antivirus-gratis\/","url":"https:\/\/www.guiagratis.com.br\/index.php\/antivirus-gratis\/","name":"Antiv\u00edrus Gr\u00e1tis - Guia Gr\u00e1tis - guia de servi\u00e7os gr\u00e1tis","isPartOf":{"@id":"https:\/\/www.guiagratis.com.br\/#website"},"primaryImageOfPage":{"@id":"https:\/\/www.guiagratis.com.br\/index.php\/antivirus-gratis\/#primaryimage"},"image":{"@id":"https:\/\/www.guiagratis.com.br\/index.php\/antivirus-gratis\/#primaryimage"},"thumbnailUrl":"","datePublished":"2025-07-11T03:25:41+00:00","dateModified":"2025-07-12T20:12:20+00:00","description":"Um bom antiv\u00edrus \u00e9 imprescind\u00edvel para navegar na Internet com seguran\u00e7a. Nesta se\u00e7\u00e3o de nosso site voc\u00ea encontra algumas op\u00e7\u00f5es de antiv\u00edrus gr\u00e1tis.","breadcrumb":{"@id":"https:\/\/www.guiagratis.com.br\/index.php\/antivirus-gratis\/#breadcrumb"},"inLanguage":"pt-BR","potentialAction":[{"@type":"ReadAction","target":["https:\/\/www.guiagratis.com.br\/index.php\/antivirus-gratis\/"]}]},{"@type":"ImageObject","inLanguage":"pt-BR","@id":"https:\/\/www.guiagratis.com.br\/index.php\/antivirus-gratis\/#primaryimage","url":"","contentUrl":""},{"@type":"BreadcrumbList","@id":"https:\/\/www.guiagratis.com.br\/index.php\/antivirus-gratis\/#breadcrumb","itemListElement":[{"@type":"ListItem","position":1,"name":"In\u00edcio","item":"https:\/\/www.guiagratis.com.br\/"},{"@type":"ListItem","position":2,"name":"Antiv\u00edrus Gr\u00e1tis"}]},{"@type":"WebSite","@id":"https:\/\/www.guiagratis.com.br\/#website","url":"https:\/\/www.guiagratis.com.br\/","name":"Guia Gr\u00e1tis - guia de servi\u00e7os gr\u00e1tis","description":"","publisher":{"@id":"https:\/\/www.guiagratis.com.br\/#organization"},"potentialAction":[{"@type":"SearchAction","target":{"@type":"EntryPoint","urlTemplate":"https:\/\/www.guiagratis.com.br\/?s={search_term_string}"},"query-input":{"@type":"PropertyValueSpecification","valueRequired":true,"valueName":"search_term_string"}}],"inLanguage":"pt-BR"},{"@type":"Organization","@id":"https:\/\/www.guiagratis.com.br\/#organization","name":"Guia Gr\u00e1tis - guia de servi\u00e7os gr\u00e1tis","url":"https:\/\/www.guiagratis.com.br\/","logo":{"@type":"ImageObject","inLanguage":"pt-BR","@id":"https:\/\/www.guiagratis.com.br\/#\/schema\/logo\/image\/","url":"https:\/\/www.guiagratis.com.br\/wp-content\/uploads\/2025\/05\/cropped-logo.gif","contentUrl":"https:\/\/www.guiagratis.com.br\/wp-content\/uploads\/2025\/05\/cropped-logo.gif","width":175,"height":88,"caption":"Guia Gr\u00e1tis - guia de servi\u00e7os gr\u00e1tis"},"image":{"@id":"https:\/\/www.guiagratis.com.br\/#\/schema\/logo\/image\/"},"sameAs":["https:\/\/www.facebook.com\/guiagratis","https:\/\/x.com\/siteguiagratis"]}]}},"_links":{"self":[{"href":"https:\/\/www.guiagratis.com.br\/index.php\/wp-json\/wp\/v2\/pages\/2953","targetHints":{"allow":["GET"]}}],"collection":[{"href":"https:\/\/www.guiagratis.com.br\/index.php\/wp-json\/wp\/v2\/pages"}],"about":[{"href":"https:\/\/www.guiagratis.com.br\/index.php\/wp-json\/wp\/v2\/types\/page"}],"author":[{"embeddable":true,"href":"https:\/\/www.guiagratis.com.br\/index.php\/wp-json\/wp\/v2\/users\/2"}],"replies":[{"embeddable":true,"href":"https:\/\/www.guiagratis.com.br\/index.php\/wp-json\/wp\/v2\/comments?post=2953"}],"version-history":[{"count":6,"href":"https:\/\/www.guiagratis.com.br\/index.php\/wp-json\/wp\/v2\/pages\/2953\/revisions"}],"predecessor-version":[{"id":4858,"href":"https:\/\/www.guiagratis.com.br\/index.php\/wp-json\/wp\/v2\/pages\/2953\/revisions\/4858"}],"wp:featuredmedia":[{"embeddable":true,"href":"https:\/\/www.guiagratis.com.br\/index.php\/wp-json\/"}],"wp:attachment":[{"href":"https:\/\/www.guiagratis.com.br\/index.php\/wp-json\/wp\/v2\/media?parent=2953"}],"curies":[{"name":"wp","href":"https:\/\/api.w.org\/{rel}","templated":true}]}}