{"id":3011,"date":"2025-07-11T16:54:16","date_gmt":"2025-07-11T19:54:16","guid":{"rendered":"https:\/\/www.guiagratis.com.br\/?page_id=3011"},"modified":"2025-07-12T17:20:46","modified_gmt":"2025-07-12T20:20:46","slug":"cursos-gratis","status":"publish","type":"page","link":"https:\/\/www.guiagratis.com.br\/index.php\/cursos-gratis\/","title":{"rendered":"Cursos Gr\u00e1tis"},"content":{"rendered":"<p style=\"text-align: justify;\"><img loading=\"lazy\" decoding=\"async\" class=\"size-medium wp-image-4033 alignleft\" src=\"http:\/\/guiagratis.com.br\/wp-content\/uploads\/2018\/07\/cursos-gratis-1-300x158.jpg\" alt=\"\" width=\"300\" height=\"158\" \/>Aqui voc\u00ea encontrar\u00e1 diversos sites que oferecem cursos gr\u00e1tis para que voc\u00ea aprimore seus conhecimentos nas mais variadas \u00e1reas ou at\u00e9 mesmo para melhorar seu curr\u00edculo e quem sabe disputar com melhores condi\u00e7\u00f5es uma vaga no cada dia mais disputado mercado de trabalho. Se voc\u00ea conhece um site para esse se\u00e7\u00e3o contate-nos.<\/p>\n<h2 style=\"text-align: center;\"><span style=\"color: #cc3300;\">Os Preferidos de Nossa Equipe<\/span><\/h2>\n<h2><span style=\"color: #ff6600;\">Cursos 24 Horas<\/span><\/h2>\n<p style=\"text-align: justify;\"><span style=\"color: #ff6600;\">Embora n\u00e3o sejam gratuitos decidimos incluir nessa se\u00e7\u00e3o porque o valor \u00e9 irris\u00f3rio e est\u00e1 inclu\u00eddo o certificado impresso e enviado pelos correios. Pode ser uma excelente oportunidade de valorizar o seu curr\u00edculo. Cursos em diversas \u00e1reas, como administra\u00e7\u00e3o, inform\u00e1tica, hotelaria e v\u00e1rias outras.<\/span><\/p>\n<p><a title=\"Cursos Gr\u00e1tis\" href=\"http:\/\/www.cursos24horas.com.br\/parceiro.asp?cod=promocao5275\">www.cursos24horas.com.br<\/a><\/p>\n<h2>Cursos em V\u00eddeo<\/h2>\n<p style=\"text-align: justify;\">Cursos na \u00e1rea de programa\u00e7\u00e3o e inform\u00e1tica gratuitos e com certificado tamb\u00e9m gratuito. Todos os cursos s\u00e3o compostos de v\u00eddeo-aulas apresentadas pelo conhecido Gustavo Guanabara. A variedade de cursos n\u00e3o \u00e9 muito grande mas eles s\u00e3o todos muito bem elaborados.<\/p>\n<p><a title=\"Cursos Gr\u00e1tis Online\" href=\"http:\/\/www.cursoemvideo.com\/\" target=\"_blank\" rel=\"noopener noreferrer\">www.cursoemvideo.com<\/a><\/p>\n<h2>FGV Online &#8211; Cursos Gratuitos<\/h2>\n<p style=\"text-align: justify;\">A Funda\u00e7\u00e3o Get\u00falio Vargas oferece v\u00e1rios cursos online gr\u00e1tis. Ao final do curso voc\u00ea emite seu atestado de participa\u00e7\u00e3o. Para quem precisa melhorar seu curr\u00edculo \u00e9 uma oportunidade de faz\u00ea-lo gratuitamente com um curso em uma entidade de grande reputa\u00e7\u00e3o.<\/p>\n<p><a title=\"FGV Online - Cursos Gratuitos\" href=\"http:\/\/www5.fgv.br\/fgvonline\/Cursos\/Gratuitos\" target=\"_blank\" rel=\"noopener noreferrer\">http:\/\/www5.fgv.br\/fgvonline\/Cursos\/Gratuitos<\/a><\/p>\n<h2 style=\"text-align: center;\"><span style=\"color: #cc3300;\">Outras Boas Op\u00e7\u00f5es<\/span><\/h2>\n<h2>Act\u00edvate<\/h2>\n<p style=\"text-align: justify;\">Essa \u00e9 uma op\u00e7\u00e3o para quem domina o espanhol. V\u00e1rios cursos online gratuitos voltados especialmente para a \u00e1rea de marketing digital e desenvolvimento web. Todos os cursos oferecem certifica a quem obtiver 80% de aproveitamento. O certificado tamb\u00e9m \u00e9 gratuito e pode ser baixado em formato PDF.<\/p>\n<p><a title=\"Act\u00edvate\" href=\"https:\/\/www.google.es\/landing\/activate\/formate\/\">https:\/\/www.google.es\/landing\/activate\/formate\/<\/a><\/p>\n<h2>Curso de Fotografia Gr\u00e1tis<\/h2>\n<p style=\"text-align: justify;\">Aprenda fotografia de maneira simples, eficiente e gratuita com esse curso gr\u00e1tis elaborado pelo Leandro Montanari. O curso \u00e9 bastante completo e abrande conhecimentos que v\u00e3o do b\u00e1sico ao intermedi\u00e1rio. Al\u00e9m disso o site cont\u00e9m muitas dicas \u00fateis. N\u00e3o \u00e9 fornecido certificado.<\/p>\n<p><a title=\"Curso de Fotografia Gr\u00e1tis\" href=\"http:\/\/www.cursodefotografia-gratis.com\/\" target=\"_blank\" rel=\"noopener noreferrer\">www.cursodefotografia-gratis.com<\/a><\/p>\n<h2>Cursos Gr\u00e1tis Online<\/h2>\n<p style=\"text-align: justify;\">Algumas centeas de cursos gratuitos para voc\u00ea se aperfei\u00e7oar. Infelizmente s\u00f3 o curso \u00e9 gr\u00e1tis, se voc\u00ea quiser um certificado ele \u00e9 pago. O valor do certificado varia conforme o n\u00famero de horas do curso, mas o valor \u00e9 relativamente baixo. De qualquer forma se o que voc\u00ea quer \u00e9 aperfei\u00e7oar-se e n\u00e3o precisa de certificado \u00e9 uma excelente op\u00e7\u00e3o.<\/p>\n<p><a title=\"Cursos Gr\u00e1tis Online\" href=\"https:\/\/www.cursosgratisonline.com.br\/\" target=\"_blank\" rel=\"noopener noreferrer\">https:\/\/www.cursosgratisonline.com.br\/<\/a><\/p>\n<h2>Deutsche Welle &#8211; Cursos de Alem\u00e3o<\/h2>\n<p style=\"text-align: justify;\">Cursos gr\u00e1tis de alem\u00e3o online produzidos pela Deutsche Welle. \u00c1udio no formato MP3 e com a reprodu\u00e7\u00e3o dos manuais de acompanhamento no formato PDF.<\/p>\n<p><a title=\"Deutsche Welle - Cursos Gr\u00e1tis de Alem\u00e3o\" href=\"http:\/\/www.dw-world.de\/dw\/0,2142,2199,00.html\" target=\"_blank\" rel=\"noopener noreferrer\">www.dw-world.de\/dw\/0,2142,2199,00.html<\/a><\/p>\n<h2>Escola Virtual &#8211; Funda\u00e7\u00e3o Bradesco<\/h2>\n<p style=\"text-align: justify;\">Diversos cursos online gratuitos em diversas \u00e1reas, todos com certificado tamb\u00e9m gr\u00e1tis que pode ser emitido online se o aluno obtiver aprova\u00e7\u00e3o na avalia\u00e7\u00e3o final do curso. Oferece tamb\u00e9m alguns cursos semi-presenciais em algumas cidades brasileiras.<\/p>\n<p><a title=\"Escola Virtual - Funda\u00e7\u00e3o Bradesco\" href=\"http:\/\/www.ev.org.br\/\" target=\"_blank\" rel=\"noopener noreferrer\">www.ev.org.br<\/a><\/p>\n<h2>INEAD<\/h2>\n<p style=\"text-align: justify;\">Cursos online gratuitos onde voc\u00ea pode melhorar sua qualifica\u00e7\u00e3o. Os cursos s\u00e3o gr\u00e1tis mas se voc\u00ea desejar um certificado de conclus\u00e3o deve pagar uma taxa.<\/p>\n<p><a title=\"INEAD\" href=\"http:\/\/www.inead.com.br\/\" target=\"_blank\" rel=\"noopener noreferrer\">www.inead.com.br<\/a><\/p>\n<h2>iPED<\/h2>\n<p style=\"text-align: justify;\">V\u00e1rios cursos gr\u00e1tis online com certificado que pode ser emitido online tamb\u00e9m gratuitamente. O site oferece tamb\u00e9m planos pagos com acesso a mais de 300 cursos e op\u00e7\u00e3o de certificados impressos enviados pelo correio.<\/p>\n<p><a title=\"learncafe\" href=\"https:\/\/www.iped.com.br\/cursos-gratis\" target=\"_blank\" rel=\"noopener noreferrer\">www.iped.com.br\/cursos-gratis<\/a><\/p>\n<h2>learncafe<\/h2>\n<p style=\"text-align: justify;\">Cursos online gratuitos e pagos. Nos cursos gratuitos o certificado online tamb\u00e9m \u00e9 gratuito, se voc\u00ea desejar que seja impresso e enviado pelos correios deve pagar uma taxa.<\/p>\n<p><a title=\"learncafe\" href=\"https:\/\/www.learncafe.com\/\" target=\"_blank\" rel=\"noopener noreferrer\">www.learncafe.com<\/a><\/p>\n<h2>Prime Cursos<\/h2>\n<p style=\"text-align: justify;\">Oferece cursos gr\u00e1tis em diversas \u00e1reas. O certificado, que voc\u00ea n\u00e3o \u00e9 obrigado a pedir se n\u00e3o precisar, n\u00e3o \u00e9 gr\u00e1tis. Se o que voc\u00ea deseja \u00e9 melhorar seu n\u00edvel de conhecimento e n\u00e3o precisa do diploma \u00e9 uma excelente op\u00e7\u00e3o, j\u00e1 se seu interesse \u00e9 melhorar seu curr\u00edculo h\u00e1 op\u00e7\u00f5es mais baratas com certificado.<\/p>\n<p><a title=\"cursos gr\u00e1tis Prime Cursos\" href=\"http:\/\/www.primecursos.com.br\" target=\"_blank\" rel=\"noopener noreferrer\">www.primecursos.com.br<\/a><\/p>\n<h2>Udemy<\/h2>\n<p style=\"text-align: justify;\">Algumas centenas de cursos, alguns gratuitos e outros pagos. H\u00e1 cursos em portugu\u00eas, ingl\u00eas e outros idiomas. Todos os cursos d\u00e3o direito a certificado online gratuito caso voc\u00ea atinja a aprova\u00e7\u00e3o.<\/p>\n<p><a title=\"Udemy\" href=\"https:\/\/www.udemy.com\/\" target=\"_blank\" rel=\"noopener noreferrer\">www.udemy.com<\/a><\/p>\n<h2>Unieducar<\/h2>\n<p style=\"text-align: justify;\">Cursos online gr\u00e1tis e pagos nas mais diversas \u00e1reas. Os cursos gratuitos d\u00e3o direito a certificado online que pode ser impresso pelo educando assim que for aprovado na avalia\u00e7\u00e3o. \u00a0Todos os cursos gr\u00e1tis possuem carga hor\u00e1ria certificada de 4 horas.<\/p>\n<p><a title=\"Unieducar\" href=\"https:\/\/unieducar.org.br\/catalogo\/cursos-gratuitos-com-certificacao\" target=\"_blank\" rel=\"noopener noreferrer\">unieducar.org.br<\/a><\/p>\n<h2>Veduca<\/h2>\n<p style=\"text-align: justify;\">Diversos cursos online gr\u00e1tis em v\u00e1rias \u00e1reas para que voc\u00ea possa aprimorar seus conhecimentos e adquirir novas compet\u00eancias. Os cursos s\u00e3o inteiramente gr\u00e1tis mas se voc\u00ea desejar um certificado de conclus\u00e3o ap\u00f3s ser aprovado na avalia\u00e7\u00f5es final deve pagar uma pequena taxa.<\/p>\n<p><a title=\"Unieducar\" href=\"http:\/\/veduca.org\/\" target=\"_blank\" rel=\"noopener noreferrer\">veduca.org<\/a><\/p>\n<h2>WR Educacional<\/h2>\n<p style=\"text-align: justify;\">Algumas centenas de cursos gratuitos em diversas \u00e1reas. S\u00f3 os cursos s\u00e3o gr\u00e1tis, se voc\u00ea desejar ter um certificado de conclus\u00e3o \u00e9 cobrada uma taxa.<\/p>\n<p><a title=\"WR Educacional\" href=\"http:\/\/www.wreducacional.com.br\/\" target=\"_blank\" rel=\"noopener noreferrer\">www.wreducacional.com.br<\/a><\/p>\n","protected":false},"excerpt":{"rendered":"<p>Aqui voc\u00ea encontrar\u00e1 diversos sites que oferecem cursos gr\u00e1tis para que voc\u00ea aprimore seus conhecimentos nas mais variadas \u00e1reas ou at\u00e9 mesmo para melhorar seu curr\u00edculo e quem sabe disputar com melhores condi\u00e7\u00f5es uma vaga no cada dia mais disputado mercado de trabalho. Se voc\u00ea conhece um site para esse se\u00e7\u00e3o contate-nos. Os Preferidos de &hellip; <\/p>\n","protected":false},"author":2,"featured_media":4033,"parent":0,"menu_order":0,"comment_status":"closed","ping_status":"closed","template":"","meta":{"footnotes":""},"class_list":["post-3011","page","type-page","status-publish","has-post-thumbnail","hentry","entry"],"yoast_head":"<!-- This site is optimized with the Yoast SEO plugin v27.5 - https:\/\/yoast.com\/product\/yoast-seo-wordpress\/ -->\n<title>Cursos Gr\u00e1tis - Guia Gr\u00e1tis - guia de servi\u00e7os gr\u00e1tis<\/title>\n<meta name=\"description\" content=\"Aqui voc\u00ea encontra sites que oferecem cursos gr\u00e1tis para que voc\u00ea aprimore seus conhecimentos ou melhorar seu curr\u00edculo para o mercado de trabalho.\" \/>\n<meta name=\"robots\" content=\"index, follow, max-snippet:-1, max-image-preview:large, max-video-preview:-1\" \/>\n<link rel=\"canonical\" href=\"https:\/\/www.guiagratis.com.br\/index.php\/cursos-gratis\/\" \/>\n<meta property=\"og:locale\" content=\"pt_BR\" \/>\n<meta property=\"og:type\" content=\"article\" \/>\n<meta property=\"og:title\" content=\"Cursos Gr\u00e1tis - Guia Gr\u00e1tis - guia de servi\u00e7os gr\u00e1tis\" \/>\n<meta property=\"og:description\" content=\"Aqui voc\u00ea encontra sites que oferecem cursos gr\u00e1tis para que voc\u00ea aprimore seus conhecimentos ou melhorar seu curr\u00edculo para o mercado de trabalho.\" \/>\n<meta property=\"og:url\" content=\"https:\/\/www.guiagratis.com.br\/index.php\/cursos-gratis\/\" \/>\n<meta property=\"og:site_name\" content=\"Guia Gr\u00e1tis - guia de servi\u00e7os gr\u00e1tis\" \/>\n<meta property=\"article:publisher\" content=\"https:\/\/www.facebook.com\/guiagratis\" \/>\n<meta property=\"article:modified_time\" content=\"2025-07-12T20:20:46+00:00\" \/>\n<meta name=\"twitter:card\" content=\"summary_large_image\" \/>\n<meta name=\"twitter:site\" content=\"@siteguiagratis\" \/>\n<meta name=\"twitter:label1\" content=\"Est. tempo de leitura\" \/>\n\t<meta name=\"twitter:data1\" content=\"5 minutos\" \/>\n<script type=\"application\/ld+json\" class=\"yoast-schema-graph\">{\"@context\":\"https:\\\/\\\/schema.org\",\"@graph\":[{\"@type\":\"WebPage\",\"@id\":\"https:\\\/\\\/www.guiagratis.com.br\\\/index.php\\\/cursos-gratis\\\/\",\"url\":\"https:\\\/\\\/www.guiagratis.com.br\\\/index.php\\\/cursos-gratis\\\/\",\"name\":\"Cursos Gr\u00e1tis - Guia Gr\u00e1tis - guia de servi\u00e7os gr\u00e1tis\",\"isPartOf\":{\"@id\":\"https:\\\/\\\/www.guiagratis.com.br\\\/#website\"},\"primaryImageOfPage\":{\"@id\":\"https:\\\/\\\/www.guiagratis.com.br\\\/index.php\\\/cursos-gratis\\\/#primaryimage\"},\"image\":{\"@id\":\"https:\\\/\\\/www.guiagratis.com.br\\\/index.php\\\/cursos-gratis\\\/#primaryimage\"},\"thumbnailUrl\":\"\",\"datePublished\":\"2025-07-11T19:54:16+00:00\",\"dateModified\":\"2025-07-12T20:20:46+00:00\",\"description\":\"Aqui voc\u00ea encontra sites que oferecem cursos gr\u00e1tis para que voc\u00ea aprimore seus conhecimentos ou melhorar seu curr\u00edculo para o mercado de trabalho.\",\"breadcrumb\":{\"@id\":\"https:\\\/\\\/www.guiagratis.com.br\\\/index.php\\\/cursos-gratis\\\/#breadcrumb\"},\"inLanguage\":\"pt-BR\",\"potentialAction\":[{\"@type\":\"ReadAction\",\"target\":[\"https:\\\/\\\/www.guiagratis.com.br\\\/index.php\\\/cursos-gratis\\\/\"]}]},{\"@type\":\"ImageObject\",\"inLanguage\":\"pt-BR\",\"@id\":\"https:\\\/\\\/www.guiagratis.com.br\\\/index.php\\\/cursos-gratis\\\/#primaryimage\",\"url\":\"\",\"contentUrl\":\"\"},{\"@type\":\"BreadcrumbList\",\"@id\":\"https:\\\/\\\/www.guiagratis.com.br\\\/index.php\\\/cursos-gratis\\\/#breadcrumb\",\"itemListElement\":[{\"@type\":\"ListItem\",\"position\":1,\"name\":\"In\u00edcio\",\"item\":\"https:\\\/\\\/www.guiagratis.com.br\\\/\"},{\"@type\":\"ListItem\",\"position\":2,\"name\":\"Cursos Gr\u00e1tis\"}]},{\"@type\":\"WebSite\",\"@id\":\"https:\\\/\\\/www.guiagratis.com.br\\\/#website\",\"url\":\"https:\\\/\\\/www.guiagratis.com.br\\\/\",\"name\":\"Guia Gr\u00e1tis - guia de servi\u00e7os gr\u00e1tis\",\"description\":\"\",\"publisher\":{\"@id\":\"https:\\\/\\\/www.guiagratis.com.br\\\/#organization\"},\"potentialAction\":[{\"@type\":\"SearchAction\",\"target\":{\"@type\":\"EntryPoint\",\"urlTemplate\":\"https:\\\/\\\/www.guiagratis.com.br\\\/?s={search_term_string}\"},\"query-input\":{\"@type\":\"PropertyValueSpecification\",\"valueRequired\":true,\"valueName\":\"search_term_string\"}}],\"inLanguage\":\"pt-BR\"},{\"@type\":\"Organization\",\"@id\":\"https:\\\/\\\/www.guiagratis.com.br\\\/#organization\",\"name\":\"Guia Gr\u00e1tis - guia de servi\u00e7os gr\u00e1tis\",\"url\":\"https:\\\/\\\/www.guiagratis.com.br\\\/\",\"logo\":{\"@type\":\"ImageObject\",\"inLanguage\":\"pt-BR\",\"@id\":\"https:\\\/\\\/www.guiagratis.com.br\\\/#\\\/schema\\\/logo\\\/image\\\/\",\"url\":\"https:\\\/\\\/www.guiagratis.com.br\\\/wp-content\\\/uploads\\\/2025\\\/05\\\/cropped-logo.gif\",\"contentUrl\":\"https:\\\/\\\/www.guiagratis.com.br\\\/wp-content\\\/uploads\\\/2025\\\/05\\\/cropped-logo.gif\",\"width\":175,\"height\":88,\"caption\":\"Guia Gr\u00e1tis - guia de servi\u00e7os gr\u00e1tis\"},\"image\":{\"@id\":\"https:\\\/\\\/www.guiagratis.com.br\\\/#\\\/schema\\\/logo\\\/image\\\/\"},\"sameAs\":[\"https:\\\/\\\/www.facebook.com\\\/guiagratis\",\"https:\\\/\\\/x.com\\\/siteguiagratis\"]}]}<\/script>\n<!-- \/ Yoast SEO plugin. -->","yoast_head_json":{"title":"Cursos Gr\u00e1tis - Guia Gr\u00e1tis - guia de servi\u00e7os gr\u00e1tis","description":"Aqui voc\u00ea encontra sites que oferecem cursos gr\u00e1tis para que voc\u00ea aprimore seus conhecimentos ou melhorar seu curr\u00edculo para o mercado de trabalho.","robots":{"index":"index","follow":"follow","max-snippet":"max-snippet:-1","max-image-preview":"max-image-preview:large","max-video-preview":"max-video-preview:-1"},"canonical":"https:\/\/www.guiagratis.com.br\/index.php\/cursos-gratis\/","og_locale":"pt_BR","og_type":"article","og_title":"Cursos Gr\u00e1tis - Guia Gr\u00e1tis - guia de servi\u00e7os gr\u00e1tis","og_description":"Aqui voc\u00ea encontra sites que oferecem cursos gr\u00e1tis para que voc\u00ea aprimore seus conhecimentos ou melhorar seu curr\u00edculo para o mercado de trabalho.","og_url":"https:\/\/www.guiagratis.com.br\/index.php\/cursos-gratis\/","og_site_name":"Guia Gr\u00e1tis - guia de servi\u00e7os gr\u00e1tis","article_publisher":"https:\/\/www.facebook.com\/guiagratis","article_modified_time":"2025-07-12T20:20:46+00:00","twitter_card":"summary_large_image","twitter_site":"@siteguiagratis","twitter_misc":{"Est. tempo de leitura":"5 minutos"},"schema":{"@context":"https:\/\/schema.org","@graph":[{"@type":"WebPage","@id":"https:\/\/www.guiagratis.com.br\/index.php\/cursos-gratis\/","url":"https:\/\/www.guiagratis.com.br\/index.php\/cursos-gratis\/","name":"Cursos Gr\u00e1tis - Guia Gr\u00e1tis - guia de servi\u00e7os gr\u00e1tis","isPartOf":{"@id":"https:\/\/www.guiagratis.com.br\/#website"},"primaryImageOfPage":{"@id":"https:\/\/www.guiagratis.com.br\/index.php\/cursos-gratis\/#primaryimage"},"image":{"@id":"https:\/\/www.guiagratis.com.br\/index.php\/cursos-gratis\/#primaryimage"},"thumbnailUrl":"","datePublished":"2025-07-11T19:54:16+00:00","dateModified":"2025-07-12T20:20:46+00:00","description":"Aqui voc\u00ea encontra sites que oferecem cursos gr\u00e1tis para que voc\u00ea aprimore seus conhecimentos ou melhorar seu curr\u00edculo para o mercado de trabalho.","breadcrumb":{"@id":"https:\/\/www.guiagratis.com.br\/index.php\/cursos-gratis\/#breadcrumb"},"inLanguage":"pt-BR","potentialAction":[{"@type":"ReadAction","target":["https:\/\/www.guiagratis.com.br\/index.php\/cursos-gratis\/"]}]},{"@type":"ImageObject","inLanguage":"pt-BR","@id":"https:\/\/www.guiagratis.com.br\/index.php\/cursos-gratis\/#primaryimage","url":"","contentUrl":""},{"@type":"BreadcrumbList","@id":"https:\/\/www.guiagratis.com.br\/index.php\/cursos-gratis\/#breadcrumb","itemListElement":[{"@type":"ListItem","position":1,"name":"In\u00edcio","item":"https:\/\/www.guiagratis.com.br\/"},{"@type":"ListItem","position":2,"name":"Cursos Gr\u00e1tis"}]},{"@type":"WebSite","@id":"https:\/\/www.guiagratis.com.br\/#website","url":"https:\/\/www.guiagratis.com.br\/","name":"Guia Gr\u00e1tis - guia de servi\u00e7os gr\u00e1tis","description":"","publisher":{"@id":"https:\/\/www.guiagratis.com.br\/#organization"},"potentialAction":[{"@type":"SearchAction","target":{"@type":"EntryPoint","urlTemplate":"https:\/\/www.guiagratis.com.br\/?s={search_term_string}"},"query-input":{"@type":"PropertyValueSpecification","valueRequired":true,"valueName":"search_term_string"}}],"inLanguage":"pt-BR"},{"@type":"Organization","@id":"https:\/\/www.guiagratis.com.br\/#organization","name":"Guia Gr\u00e1tis - guia de servi\u00e7os gr\u00e1tis","url":"https:\/\/www.guiagratis.com.br\/","logo":{"@type":"ImageObject","inLanguage":"pt-BR","@id":"https:\/\/www.guiagratis.com.br\/#\/schema\/logo\/image\/","url":"https:\/\/www.guiagratis.com.br\/wp-content\/uploads\/2025\/05\/cropped-logo.gif","contentUrl":"https:\/\/www.guiagratis.com.br\/wp-content\/uploads\/2025\/05\/cropped-logo.gif","width":175,"height":88,"caption":"Guia Gr\u00e1tis - guia de servi\u00e7os gr\u00e1tis"},"image":{"@id":"https:\/\/www.guiagratis.com.br\/#\/schema\/logo\/image\/"},"sameAs":["https:\/\/www.facebook.com\/guiagratis","https:\/\/x.com\/siteguiagratis"]}]}},"_links":{"self":[{"href":"https:\/\/www.guiagratis.com.br\/index.php\/wp-json\/wp\/v2\/pages\/3011","targetHints":{"allow":["GET"]}}],"collection":[{"href":"https:\/\/www.guiagratis.com.br\/index.php\/wp-json\/wp\/v2\/pages"}],"about":[{"href":"https:\/\/www.guiagratis.com.br\/index.php\/wp-json\/wp\/v2\/types\/page"}],"author":[{"embeddable":true,"href":"https:\/\/www.guiagratis.com.br\/index.php\/wp-json\/wp\/v2\/users\/2"}],"replies":[{"embeddable":true,"href":"https:\/\/www.guiagratis.com.br\/index.php\/wp-json\/wp\/v2\/comments?post=3011"}],"version-history":[{"count":2,"href":"https:\/\/www.guiagratis.com.br\/index.php\/wp-json\/wp\/v2\/pages\/3011\/revisions"}],"predecessor-version":[{"id":4868,"href":"https:\/\/www.guiagratis.com.br\/index.php\/wp-json\/wp\/v2\/pages\/3011\/revisions\/4868"}],"wp:featuredmedia":[{"embeddable":true,"href":"https:\/\/www.guiagratis.com.br\/index.php\/wp-json\/"}],"wp:attachment":[{"href":"https:\/\/www.guiagratis.com.br\/index.php\/wp-json\/wp\/v2\/media?parent=3011"}],"curies":[{"name":"wp","href":"https:\/\/api.w.org\/{rel}","templated":true}]}}