{"id":3018,"date":"2025-07-11T17:25:46","date_gmt":"2025-07-11T20:25:46","guid":{"rendered":"https:\/\/www.guiagratis.com.br\/?page_id=3018"},"modified":"2025-07-12T17:21:30","modified_gmt":"2025-07-12T20:21:30","slug":"download-de-drivers","status":"publish","type":"page","link":"https:\/\/www.guiagratis.com.br\/index.php\/download-de-drivers\/","title":{"rendered":"Download de Drivers"},"content":{"rendered":"<p style=\"text-align: justify;\"><img loading=\"lazy\" decoding=\"async\" class=\"size-medium wp-image-4052 alignleft\" src=\"http:\/\/guiagratis.com.br\/wp-content\/uploads\/2018\/07\/download-de-drivers-1-300x158.jpg\" alt=\"download de drivers\" width=\"300\" height=\"158\" \/><span style=\"font-size: 14px;\">Nos sites desta se\u00e7\u00e3o voc\u00ea encontra download de drivers atualizados para instalar em seu computador os mais diversos dispositivos perif\u00e9ricos, como impressora, scanner, modem, placa de v\u00eddeo, som, rede e muitos outros. Em breve disponibilizaremos tamb\u00e9m sites para voc\u00ea buscar atualiza\u00e7\u00f5es de BIOS.<\/span><\/p>\n<p><!-------------------- CENTRAL DRIVER --------------------><\/p>\n<h3>Central Driver<\/h3>\n<p style=\"text-align: justify;\">Bom site brasileiro para download de drivers. \u00c9 preciso cadastrar-se antes de efetuar o download dos arquivos desejados, mas o cadastro \u00e9 simples e gr\u00e1tis.<\/p>\n<p><a title=\"Central Driver\" href=\"https:\/\/www.centraldriver.com.br\" target=\"_blank\" rel=\"noopener noreferrer\">https:\/\/www.centraldriver.com.br<\/a><br \/>\n<!-------------------- CREATIVE LABS --------------------><\/p>\n<h3>Creative Labs<\/h3>\n<p style=\"text-align: justify;\">Download de drivers do consagrado fabricante de placas de som, drives e kits multim\u00eddia. Al\u00e9m de drivers atualizados cont\u00e9m informa\u00e7\u00f5es, FAQs de produtos, etc.<\/p>\n<p><a title=\"download de drivers Creative Labs\" href=\"https:\/\/www.creative.com\" target=\"_blank\" rel=\"noopener noreferrer\">https:\/\/www.creative.com<\/a><br \/>\n<!-------------------- DRIVER GUIDE --------------------><\/p>\n<h3>DriverGuide<\/h3>\n<p style=\"text-align: justify;\">Site de drivers com conte\u00fado organizado e de f\u00e1cil consulta. Oferece um f\u00f3rum onde os usu\u00e1rios podem solicitar drivers de dispositivos que n\u00e3o estejam no site.<\/p>\n<p><a title=\"download de drivers - DriverGuide\" href=\"https:\/\/www.driverguide.com\" target=\"_blank\" rel=\"noopener noreferrer\">https:\/\/www.driverguide.com<\/a><br \/>\n<!-------------------- DRIVER ZONE --------------------><\/p>\n<h3>DriverZone<\/h3>\n<p style=\"text-align: justify;\">Site para baixar drivers bastante completo e organizado. Oferece uma se\u00e7\u00e3o &#8220;review&#8221; onde encontramos informa\u00e7\u00f5es postadas por outros usu\u00e1rios.<\/p>\n<p><a title=\"Driverzone.com\" href=\"https:\/\/www.driverzone.com\/\" target=\"_blank\" rel=\"noopener noreferrer\">https:\/\/www.driverzone.com<\/a><br \/>\n<!-------------------- EPSON --------------------><\/p>\n<h3>Epson<\/h3>\n<p style=\"text-align: justify;\">Download de drivers de impressoras, scanners e outros produzidos pela empresa. O site est\u00e1 dispon\u00edvel em diversos idiomas, mas a vers\u00e3o em ingl\u00eas \u00e9 a mais completa.<\/p>\n<p><a href=\"https:\/\/www.epson.com\">https:\/\/www.epson.com<\/a><br \/>\n<!-------------------- HP --------------------><\/p>\n<h3>HP<\/h3>\n<p style=\"text-align: justify;\">Download de drivers atualizados. Acesso a informa\u00e7\u00f5es de \u00a0toda a linha de produtos da empresa, est\u00e3o dispon\u00edveis inclusive drivers de produtos descontinuados.<\/p>\n<p><a title=\"download gr\u00e1tis de drivers da HP\" href=\"https:\/\/www.hp.com\" target=\"_blank\" rel=\"noopener noreferrer\">https:\/\/www.hp.com<\/a><br \/>\n<!-------------------- LG --------------------><\/p>\n<h3>LG Eletronics<\/h3>\n<p style=\"text-align: justify;\">Site voltado ao consumidor final dos produtos LG\/Goldstar. Informa\u00e7\u00f5es t\u00e9cnicas, manuais e download de drivers, manuais, documentos, etc.<\/p>\n<p><a title=\"download de drivers - LG Eletronics\" href=\"https:\/\/www.lge.com\/\" target=\"_blank\" rel=\"noopener noreferrer\">https:\/\/www.lge.com<\/a><br \/>\n<!--------------------MITSUMI --------------------><\/p>\n<h3>MinebeaMitsumi<\/h3>\n<p style=\"text-align: justify;\">Site da tradicional empresa japonesa. Oferece download de drivers atualizados e manuais de toda a linha de produtos fabricada por ela.<\/p>\n<p><a title=\"Mitsumi\" href=\"https:\/\/nmbtc.com\/\" target=\"_blank\" rel=\"noopener noreferrer\">https:\/\/nmbtc.com\/<\/a><br \/>\n<-------------------- PANASONIC -------------------><\/p>\n<h3>Panasonic<\/h3>\n<p style=\"text-align: justify;\">Suporte t\u00e9cnico, download de drivers e manuais para toda a linha de produtos Panasonic. O site inclui tamb\u00e9m uma loja virtual onde se pode adquirir produtos direto do fabricante.<\/p>\n<p><a title=\"Download de Drivers - Panasonic\" href=\"https:\/\/www.panasonic.com\" target=\"_blank\" rel=\"noopener noreferrer\">https:\/\/www.panasonic.com<\/a><br \/>\n<!--------------------QUANTUM --------------------><\/p>\n<h3>Quantum<\/h3>\n<p style=\"text-align: justify;\">Site do conhecido fabricante de dispositivos para armazenamento de dados. Drivers atualizados, manuais e consulta a informa\u00e7\u00f5es t\u00e9cnicas dos produtos da empresa.<\/p>\n<p><a title=\"Quantum\" href=\"https:\/\/www.quantum.com\" target=\"_blank\" rel=\"noopener noreferrer\">https:\/\/www.quantum.com<\/a><br \/>\n<!-------------------- SAMSUNG --------------------><\/p>\n<h3>Samsung<\/h3>\n<p style=\"text-align: justify;\">Drivers, manuais e informa\u00e7\u00f5es t\u00e9cnica sobre produtos Samsung. Um ponto negativo no site \u00e9 a dificuldade de identifica\u00e7\u00e3o dos arquivos.<\/p>\n<p><a title=\"Samsung\" href=\"https:\/\/www.samsung.com\" target=\"_blank\" rel=\"noopener noreferrer\">https:\/\/www.samsung.com<\/a><br \/>\n<!-------------------- SEAGATE --------------------><\/p>\n<h3>Seagate<\/h3>\n<p style=\"text-align: justify;\">Disponibiliza drivers, manuais e informa\u00e7\u00f5es t\u00e9cnicas. Praticamente tudo o que se possa necessitar sobre cada um dos produtos fabricados pela empresa.<\/p>\n<p><a title=\"Seagate\" href=\"https:\/\/www.seagate.com\" target=\"_blank\" rel=\"noopener noreferrer\">https:\/\/www.seagate.com<\/a><br \/>\n<!-------------------- WINDRIVERS --------------------><\/p>\n<h3>WinDrivers<\/h3>\n<p style=\"text-align: justify;\">Antigamente era um grande site para download de drivers. Atualmente\u00a0tornou-se um f\u00f3rum em ingl\u00eas para quem est\u00e1 em busca de drivers.<\/p>\n<p><a title=\"WinDrivers\" href=\"https:\/\/www.windrivers.com\" target=\"_blank\" rel=\"noopener noreferrer\">https:\/\/www.windrivers.com<\/a><\/p>\n","protected":false},"excerpt":{"rendered":"<p>Nos sites desta se\u00e7\u00e3o voc\u00ea encontra download de drivers atualizados para instalar em seu computador os mais diversos dispositivos perif\u00e9ricos, como impressora, scanner, modem, placa de v\u00eddeo, som, rede e muitos outros. Em breve disponibilizaremos tamb\u00e9m sites para voc\u00ea buscar atualiza\u00e7\u00f5es de BIOS. Central Driver Bom site brasileiro para download de drivers. \u00c9 preciso cadastrar-se &hellip; <\/p>\n","protected":false},"author":2,"featured_media":4052,"parent":0,"menu_order":0,"comment_status":"closed","ping_status":"closed","template":"","meta":{"footnotes":""},"class_list":["post-3018","page","type-page","status-publish","has-post-thumbnail","hentry","entry"],"yoast_head":"<!-- This site is optimized with the Yoast SEO plugin v27.5 - https:\/\/yoast.com\/product\/yoast-seo-wordpress\/ -->\n<title>Download de Drivers - Guia Gr\u00e1tis - guia de servi\u00e7os gr\u00e1tis<\/title>\n<meta name=\"description\" content=\"Nos sites abaixo voc\u00ea encontra download de drivers atualizados para sua impressora, scanner, modem, placa de v\u00eddeo, som, rede e outros dispositivos.\" \/>\n<meta name=\"robots\" content=\"index, follow, max-snippet:-1, max-image-preview:large, max-video-preview:-1\" \/>\n<link rel=\"canonical\" href=\"https:\/\/www.guiagratis.com.br\/index.php\/download-de-drivers\/\" \/>\n<meta property=\"og:locale\" content=\"pt_BR\" \/>\n<meta property=\"og:type\" content=\"article\" \/>\n<meta property=\"og:title\" content=\"Download de Drivers - Guia Gr\u00e1tis - guia de servi\u00e7os gr\u00e1tis\" \/>\n<meta property=\"og:description\" content=\"Nos sites abaixo voc\u00ea encontra download de drivers atualizados para sua impressora, scanner, modem, placa de v\u00eddeo, som, rede e outros dispositivos.\" \/>\n<meta property=\"og:url\" content=\"https:\/\/www.guiagratis.com.br\/index.php\/download-de-drivers\/\" \/>\n<meta property=\"og:site_name\" content=\"Guia Gr\u00e1tis - guia de servi\u00e7os gr\u00e1tis\" \/>\n<meta property=\"article:publisher\" content=\"https:\/\/www.facebook.com\/guiagratis\" \/>\n<meta property=\"article:modified_time\" content=\"2025-07-12T20:21:30+00:00\" \/>\n<meta name=\"twitter:card\" content=\"summary_large_image\" \/>\n<meta name=\"twitter:site\" content=\"@siteguiagratis\" \/>\n<meta name=\"twitter:label1\" content=\"Est. tempo de leitura\" \/>\n\t<meta name=\"twitter:data1\" content=\"3 minutos\" \/>\n<script type=\"application\/ld+json\" class=\"yoast-schema-graph\">{\"@context\":\"https:\\\/\\\/schema.org\",\"@graph\":[{\"@type\":\"WebPage\",\"@id\":\"https:\\\/\\\/www.guiagratis.com.br\\\/index.php\\\/download-de-drivers\\\/\",\"url\":\"https:\\\/\\\/www.guiagratis.com.br\\\/index.php\\\/download-de-drivers\\\/\",\"name\":\"Download de Drivers - Guia Gr\u00e1tis - guia de servi\u00e7os gr\u00e1tis\",\"isPartOf\":{\"@id\":\"https:\\\/\\\/www.guiagratis.com.br\\\/#website\"},\"primaryImageOfPage\":{\"@id\":\"https:\\\/\\\/www.guiagratis.com.br\\\/index.php\\\/download-de-drivers\\\/#primaryimage\"},\"image\":{\"@id\":\"https:\\\/\\\/www.guiagratis.com.br\\\/index.php\\\/download-de-drivers\\\/#primaryimage\"},\"thumbnailUrl\":\"\",\"datePublished\":\"2025-07-11T20:25:46+00:00\",\"dateModified\":\"2025-07-12T20:21:30+00:00\",\"description\":\"Nos sites abaixo voc\u00ea encontra download de drivers atualizados para sua impressora, scanner, modem, placa de v\u00eddeo, som, rede e outros dispositivos.\",\"breadcrumb\":{\"@id\":\"https:\\\/\\\/www.guiagratis.com.br\\\/index.php\\\/download-de-drivers\\\/#breadcrumb\"},\"inLanguage\":\"pt-BR\",\"potentialAction\":[{\"@type\":\"ReadAction\",\"target\":[\"https:\\\/\\\/www.guiagratis.com.br\\\/index.php\\\/download-de-drivers\\\/\"]}]},{\"@type\":\"ImageObject\",\"inLanguage\":\"pt-BR\",\"@id\":\"https:\\\/\\\/www.guiagratis.com.br\\\/index.php\\\/download-de-drivers\\\/#primaryimage\",\"url\":\"\",\"contentUrl\":\"\"},{\"@type\":\"BreadcrumbList\",\"@id\":\"https:\\\/\\\/www.guiagratis.com.br\\\/index.php\\\/download-de-drivers\\\/#breadcrumb\",\"itemListElement\":[{\"@type\":\"ListItem\",\"position\":1,\"name\":\"In\u00edcio\",\"item\":\"https:\\\/\\\/www.guiagratis.com.br\\\/\"},{\"@type\":\"ListItem\",\"position\":2,\"name\":\"Download de Drivers\"}]},{\"@type\":\"WebSite\",\"@id\":\"https:\\\/\\\/www.guiagratis.com.br\\\/#website\",\"url\":\"https:\\\/\\\/www.guiagratis.com.br\\\/\",\"name\":\"Guia Gr\u00e1tis - guia de servi\u00e7os gr\u00e1tis\",\"description\":\"\",\"publisher\":{\"@id\":\"https:\\\/\\\/www.guiagratis.com.br\\\/#organization\"},\"potentialAction\":[{\"@type\":\"SearchAction\",\"target\":{\"@type\":\"EntryPoint\",\"urlTemplate\":\"https:\\\/\\\/www.guiagratis.com.br\\\/?s={search_term_string}\"},\"query-input\":{\"@type\":\"PropertyValueSpecification\",\"valueRequired\":true,\"valueName\":\"search_term_string\"}}],\"inLanguage\":\"pt-BR\"},{\"@type\":\"Organization\",\"@id\":\"https:\\\/\\\/www.guiagratis.com.br\\\/#organization\",\"name\":\"Guia Gr\u00e1tis - guia de servi\u00e7os gr\u00e1tis\",\"url\":\"https:\\\/\\\/www.guiagratis.com.br\\\/\",\"logo\":{\"@type\":\"ImageObject\",\"inLanguage\":\"pt-BR\",\"@id\":\"https:\\\/\\\/www.guiagratis.com.br\\\/#\\\/schema\\\/logo\\\/image\\\/\",\"url\":\"https:\\\/\\\/www.guiagratis.com.br\\\/wp-content\\\/uploads\\\/2025\\\/05\\\/cropped-logo.gif\",\"contentUrl\":\"https:\\\/\\\/www.guiagratis.com.br\\\/wp-content\\\/uploads\\\/2025\\\/05\\\/cropped-logo.gif\",\"width\":175,\"height\":88,\"caption\":\"Guia Gr\u00e1tis - guia de servi\u00e7os gr\u00e1tis\"},\"image\":{\"@id\":\"https:\\\/\\\/www.guiagratis.com.br\\\/#\\\/schema\\\/logo\\\/image\\\/\"},\"sameAs\":[\"https:\\\/\\\/www.facebook.com\\\/guiagratis\",\"https:\\\/\\\/x.com\\\/siteguiagratis\"]}]}<\/script>\n<!-- \/ Yoast SEO plugin. -->","yoast_head_json":{"title":"Download de Drivers - Guia Gr\u00e1tis - guia de servi\u00e7os gr\u00e1tis","description":"Nos sites abaixo voc\u00ea encontra download de drivers atualizados para sua impressora, scanner, modem, placa de v\u00eddeo, som, rede e outros dispositivos.","robots":{"index":"index","follow":"follow","max-snippet":"max-snippet:-1","max-image-preview":"max-image-preview:large","max-video-preview":"max-video-preview:-1"},"canonical":"https:\/\/www.guiagratis.com.br\/index.php\/download-de-drivers\/","og_locale":"pt_BR","og_type":"article","og_title":"Download de Drivers - Guia Gr\u00e1tis - guia de servi\u00e7os gr\u00e1tis","og_description":"Nos sites abaixo voc\u00ea encontra download de drivers atualizados para sua impressora, scanner, modem, placa de v\u00eddeo, som, rede e outros dispositivos.","og_url":"https:\/\/www.guiagratis.com.br\/index.php\/download-de-drivers\/","og_site_name":"Guia Gr\u00e1tis - guia de servi\u00e7os gr\u00e1tis","article_publisher":"https:\/\/www.facebook.com\/guiagratis","article_modified_time":"2025-07-12T20:21:30+00:00","twitter_card":"summary_large_image","twitter_site":"@siteguiagratis","twitter_misc":{"Est. tempo de leitura":"3 minutos"},"schema":{"@context":"https:\/\/schema.org","@graph":[{"@type":"WebPage","@id":"https:\/\/www.guiagratis.com.br\/index.php\/download-de-drivers\/","url":"https:\/\/www.guiagratis.com.br\/index.php\/download-de-drivers\/","name":"Download de Drivers - Guia Gr\u00e1tis - guia de servi\u00e7os gr\u00e1tis","isPartOf":{"@id":"https:\/\/www.guiagratis.com.br\/#website"},"primaryImageOfPage":{"@id":"https:\/\/www.guiagratis.com.br\/index.php\/download-de-drivers\/#primaryimage"},"image":{"@id":"https:\/\/www.guiagratis.com.br\/index.php\/download-de-drivers\/#primaryimage"},"thumbnailUrl":"","datePublished":"2025-07-11T20:25:46+00:00","dateModified":"2025-07-12T20:21:30+00:00","description":"Nos sites abaixo voc\u00ea encontra download de drivers atualizados para sua impressora, scanner, modem, placa de v\u00eddeo, som, rede e outros dispositivos.","breadcrumb":{"@id":"https:\/\/www.guiagratis.com.br\/index.php\/download-de-drivers\/#breadcrumb"},"inLanguage":"pt-BR","potentialAction":[{"@type":"ReadAction","target":["https:\/\/www.guiagratis.com.br\/index.php\/download-de-drivers\/"]}]},{"@type":"ImageObject","inLanguage":"pt-BR","@id":"https:\/\/www.guiagratis.com.br\/index.php\/download-de-drivers\/#primaryimage","url":"","contentUrl":""},{"@type":"BreadcrumbList","@id":"https:\/\/www.guiagratis.com.br\/index.php\/download-de-drivers\/#breadcrumb","itemListElement":[{"@type":"ListItem","position":1,"name":"In\u00edcio","item":"https:\/\/www.guiagratis.com.br\/"},{"@type":"ListItem","position":2,"name":"Download de Drivers"}]},{"@type":"WebSite","@id":"https:\/\/www.guiagratis.com.br\/#website","url":"https:\/\/www.guiagratis.com.br\/","name":"Guia Gr\u00e1tis - guia de servi\u00e7os gr\u00e1tis","description":"","publisher":{"@id":"https:\/\/www.guiagratis.com.br\/#organization"},"potentialAction":[{"@type":"SearchAction","target":{"@type":"EntryPoint","urlTemplate":"https:\/\/www.guiagratis.com.br\/?s={search_term_string}"},"query-input":{"@type":"PropertyValueSpecification","valueRequired":true,"valueName":"search_term_string"}}],"inLanguage":"pt-BR"},{"@type":"Organization","@id":"https:\/\/www.guiagratis.com.br\/#organization","name":"Guia Gr\u00e1tis - guia de servi\u00e7os gr\u00e1tis","url":"https:\/\/www.guiagratis.com.br\/","logo":{"@type":"ImageObject","inLanguage":"pt-BR","@id":"https:\/\/www.guiagratis.com.br\/#\/schema\/logo\/image\/","url":"https:\/\/www.guiagratis.com.br\/wp-content\/uploads\/2025\/05\/cropped-logo.gif","contentUrl":"https:\/\/www.guiagratis.com.br\/wp-content\/uploads\/2025\/05\/cropped-logo.gif","width":175,"height":88,"caption":"Guia Gr\u00e1tis - guia de servi\u00e7os gr\u00e1tis"},"image":{"@id":"https:\/\/www.guiagratis.com.br\/#\/schema\/logo\/image\/"},"sameAs":["https:\/\/www.facebook.com\/guiagratis","https:\/\/x.com\/siteguiagratis"]}]}},"_links":{"self":[{"href":"https:\/\/www.guiagratis.com.br\/index.php\/wp-json\/wp\/v2\/pages\/3018","targetHints":{"allow":["GET"]}}],"collection":[{"href":"https:\/\/www.guiagratis.com.br\/index.php\/wp-json\/wp\/v2\/pages"}],"about":[{"href":"https:\/\/www.guiagratis.com.br\/index.php\/wp-json\/wp\/v2\/types\/page"}],"author":[{"embeddable":true,"href":"https:\/\/www.guiagratis.com.br\/index.php\/wp-json\/wp\/v2\/users\/2"}],"replies":[{"embeddable":true,"href":"https:\/\/www.guiagratis.com.br\/index.php\/wp-json\/wp\/v2\/comments?post=3018"}],"version-history":[{"count":3,"href":"https:\/\/www.guiagratis.com.br\/index.php\/wp-json\/wp\/v2\/pages\/3018\/revisions"}],"predecessor-version":[{"id":4874,"href":"https:\/\/www.guiagratis.com.br\/index.php\/wp-json\/wp\/v2\/pages\/3018\/revisions\/4874"}],"wp:featuredmedia":[{"embeddable":true,"href":"https:\/\/www.guiagratis.com.br\/index.php\/wp-json\/"}],"wp:attachment":[{"href":"https:\/\/www.guiagratis.com.br\/index.php\/wp-json\/wp\/v2\/media?parent=3018"}],"curies":[{"name":"wp","href":"https:\/\/api.w.org\/{rel}","templated":true}]}}