{"id":3055,"date":"2025-07-11T20:26:56","date_gmt":"2025-07-11T23:26:56","guid":{"rendered":"https:\/\/www.guiagratis.com.br\/?page_id=3055"},"modified":"2025-07-12T17:21:56","modified_gmt":"2025-07-12T20:21:56","slug":"drive-virtual-gratis","status":"publish","type":"page","link":"https:\/\/www.guiagratis.com.br\/index.php\/drive-virtual-gratis\/","title":{"rendered":"Drive Virtual Gr\u00e1tis"},"content":{"rendered":"<p style=\"text-align: justify;\"><img loading=\"lazy\" decoding=\"async\" class=\"size-medium wp-image-4079 alignleft\" src=\"http:\/\/guiagratis.com.br\/wp-content\/uploads\/2018\/07\/disco-virtual-1-300x158.jpg\" alt=\"disco virtual\" width=\"300\" height=\"158\" \/>O disco virtual ou drive virtual \u00e9 uma maneira pr\u00e1tica de manter arquivos acess\u00edveis a partir de qualquer dispositivo que voc\u00ea utilize. Aqui todos s\u00e3o gr\u00e1tis ou oferecem algum espa\u00e7o gr\u00e1tis para que voc\u00ea possa armazenar seus arquivos importantes na nuvem e tenha acesso a eles de qualquer lugar com conex\u00e3o \u00e0 Internet.<\/p>\n<p><!-------------------- PREFERIDOS --------------------><\/p>\n<h2 style=\"text-align: center;\"><span style=\"color: #cc3300;\">Os Preferidos de Nossa Equipe<\/span><\/h2>\n<p><!-------------------- GOOGLE DRIVE --------------------><\/p>\n<h2 style=\"text-align: justify;\">Google Drive<\/h2>\n<p style=\"text-align: justify;\">Servi\u00e7o de drive virtual gr\u00e1tis com armazenamento em nuvem oferecido\u00a0pelo Google e dispon\u00edvel para PC, Mac e dispositivos Android. Espa\u00e7o gratuito de 5 GB, ampli\u00e1vel atrav\u00e9s de upgrades pagos.<\/p>\n<p style=\"text-align: justify;\"><a title=\"Google Drive\" href=\"https:\/\/www.drive.google.com\" target=\"_blank\" rel=\"noopener noreferrer\">https:\/\/www.drive.google.com<\/a><\/p>\n<p><!-------------------- OUTRAS BOAS OP\u00c7\u00d5ES --------------------><\/p>\n<h2 style=\"text-align: center;\"><span style=\"color: #cc3300;\">Outras Boas Op\u00e7\u00f5es<\/span><\/h2>\n<p><!-------------------- DROPBOX --------------------><\/p>\n<h2 style=\"text-align: justify;\">DropBox<\/h2>\n<p style=\"text-align: justify;\">Drive virtual compat\u00edvel com muitas plataformas, como Windows, Mac, Linux, iOS, Android, e outras. Espa\u00e7o gr\u00e1tis oferecido inicialmente de 2 Gb, podendo ser \u00a0aumentado indicando amigos (at\u00e9 18 Gb) ou atrav\u00e9s de upgrades pagos.<\/p>\n<p style=\"text-align: justify;\"><a title=\"Dropbox\" href=\"https:\/\/www.dropbox.com\" target=\"_blank\" rel=\"noopener noreferrer\">https:\/\/www.dropbox.com<\/a><\/p>\n<p><!-------------------- ONEDRIVE --------------------><\/p>\n<h2 style=\"text-align: justify;\">Microsoft OneDrive<\/h2>\n<p style=\"text-align: justify;\">Disco virtual da Microsoft. O espa\u00e7o gr\u00e1tis oferecido \u00e9 de 7 GB e permite que o usu\u00e1rio mantenha seus dados protegidos por senha ou\u00a0crie pastas conjuntas a serem compartilhadas entre outras coisas. H\u00e1 um limite de at\u00e9 50 MB no tamanho de cada arquivo enviado.<\/p>\n<p style=\"text-align: justify;\"><a title=\"Microsoft OneDrive\" href=\"https:\/\/www.onedrive.live.com\/\" target=\"_blank\" rel=\"noopener noreferrer\">https:\/\/www.onedrive.live.com<\/a><\/p>\n","protected":false},"excerpt":{"rendered":"<p>O disco virtual ou drive virtual \u00e9 uma maneira pr\u00e1tica de manter arquivos acess\u00edveis a partir de qualquer dispositivo que voc\u00ea utilize. Aqui todos s\u00e3o gr\u00e1tis ou oferecem algum espa\u00e7o gr\u00e1tis para que voc\u00ea possa armazenar seus arquivos importantes na nuvem e tenha acesso a eles de qualquer lugar com conex\u00e3o \u00e0 Internet. Os Preferidos &hellip; <\/p>\n","protected":false},"author":2,"featured_media":4079,"parent":0,"menu_order":0,"comment_status":"closed","ping_status":"closed","template":"","meta":{"footnotes":""},"class_list":["post-3055","page","type-page","status-publish","has-post-thumbnail","hentry","entry"],"yoast_head":"<!-- This site is optimized with the Yoast SEO plugin v27.5 - https:\/\/yoast.com\/product\/yoast-seo-wordpress\/ -->\n<title>Drive Virtual Gr\u00e1tis - Guia Gr\u00e1tis - guia de servi\u00e7os gr\u00e1tis<\/title>\n<meta name=\"description\" content=\"O disco ou drive virtual \u00e9 uma maneira pr\u00e1tica de manter arquivos acess\u00edveis a partir de qualquer dispositivo que voc\u00ea utilize. Aqui todos s\u00e3o gr\u00e1tis.\" \/>\n<meta name=\"robots\" content=\"index, follow, max-snippet:-1, max-image-preview:large, max-video-preview:-1\" \/>\n<link rel=\"canonical\" href=\"https:\/\/www.guiagratis.com.br\/index.php\/drive-virtual-gratis\/\" \/>\n<meta property=\"og:locale\" content=\"pt_BR\" \/>\n<meta property=\"og:type\" content=\"article\" \/>\n<meta property=\"og:title\" content=\"Drive Virtual Gr\u00e1tis - Guia Gr\u00e1tis - guia de servi\u00e7os gr\u00e1tis\" \/>\n<meta property=\"og:description\" content=\"O disco ou drive virtual \u00e9 uma maneira pr\u00e1tica de manter arquivos acess\u00edveis a partir de qualquer dispositivo que voc\u00ea utilize. Aqui todos s\u00e3o gr\u00e1tis.\" \/>\n<meta property=\"og:url\" content=\"https:\/\/www.guiagratis.com.br\/index.php\/drive-virtual-gratis\/\" \/>\n<meta property=\"og:site_name\" content=\"Guia Gr\u00e1tis - guia de servi\u00e7os gr\u00e1tis\" \/>\n<meta property=\"article:publisher\" content=\"https:\/\/www.facebook.com\/guiagratis\" \/>\n<meta property=\"article:modified_time\" content=\"2025-07-12T20:21:56+00:00\" \/>\n<meta name=\"twitter:card\" content=\"summary_large_image\" \/>\n<meta name=\"twitter:site\" content=\"@siteguiagratis\" \/>\n<meta name=\"twitter:label1\" content=\"Est. tempo de leitura\" \/>\n\t<meta name=\"twitter:data1\" content=\"2 minutos\" \/>\n<script type=\"application\/ld+json\" class=\"yoast-schema-graph\">{\"@context\":\"https:\\\/\\\/schema.org\",\"@graph\":[{\"@type\":\"WebPage\",\"@id\":\"https:\\\/\\\/www.guiagratis.com.br\\\/index.php\\\/drive-virtual-gratis\\\/\",\"url\":\"https:\\\/\\\/www.guiagratis.com.br\\\/index.php\\\/drive-virtual-gratis\\\/\",\"name\":\"Drive Virtual Gr\u00e1tis - Guia Gr\u00e1tis - guia de servi\u00e7os gr\u00e1tis\",\"isPartOf\":{\"@id\":\"https:\\\/\\\/www.guiagratis.com.br\\\/#website\"},\"primaryImageOfPage\":{\"@id\":\"https:\\\/\\\/www.guiagratis.com.br\\\/index.php\\\/drive-virtual-gratis\\\/#primaryimage\"},\"image\":{\"@id\":\"https:\\\/\\\/www.guiagratis.com.br\\\/index.php\\\/drive-virtual-gratis\\\/#primaryimage\"},\"thumbnailUrl\":\"\",\"datePublished\":\"2025-07-11T23:26:56+00:00\",\"dateModified\":\"2025-07-12T20:21:56+00:00\",\"description\":\"O disco ou drive virtual \u00e9 uma maneira pr\u00e1tica de manter arquivos acess\u00edveis a partir de qualquer dispositivo que voc\u00ea utilize. Aqui todos s\u00e3o gr\u00e1tis.\",\"breadcrumb\":{\"@id\":\"https:\\\/\\\/www.guiagratis.com.br\\\/index.php\\\/drive-virtual-gratis\\\/#breadcrumb\"},\"inLanguage\":\"pt-BR\",\"potentialAction\":[{\"@type\":\"ReadAction\",\"target\":[\"https:\\\/\\\/www.guiagratis.com.br\\\/index.php\\\/drive-virtual-gratis\\\/\"]}]},{\"@type\":\"ImageObject\",\"inLanguage\":\"pt-BR\",\"@id\":\"https:\\\/\\\/www.guiagratis.com.br\\\/index.php\\\/drive-virtual-gratis\\\/#primaryimage\",\"url\":\"\",\"contentUrl\":\"\"},{\"@type\":\"BreadcrumbList\",\"@id\":\"https:\\\/\\\/www.guiagratis.com.br\\\/index.php\\\/drive-virtual-gratis\\\/#breadcrumb\",\"itemListElement\":[{\"@type\":\"ListItem\",\"position\":1,\"name\":\"In\u00edcio\",\"item\":\"https:\\\/\\\/www.guiagratis.com.br\\\/\"},{\"@type\":\"ListItem\",\"position\":2,\"name\":\"Drive Virtual Gr\u00e1tis\"}]},{\"@type\":\"WebSite\",\"@id\":\"https:\\\/\\\/www.guiagratis.com.br\\\/#website\",\"url\":\"https:\\\/\\\/www.guiagratis.com.br\\\/\",\"name\":\"Guia Gr\u00e1tis - guia de servi\u00e7os gr\u00e1tis\",\"description\":\"\",\"publisher\":{\"@id\":\"https:\\\/\\\/www.guiagratis.com.br\\\/#organization\"},\"potentialAction\":[{\"@type\":\"SearchAction\",\"target\":{\"@type\":\"EntryPoint\",\"urlTemplate\":\"https:\\\/\\\/www.guiagratis.com.br\\\/?s={search_term_string}\"},\"query-input\":{\"@type\":\"PropertyValueSpecification\",\"valueRequired\":true,\"valueName\":\"search_term_string\"}}],\"inLanguage\":\"pt-BR\"},{\"@type\":\"Organization\",\"@id\":\"https:\\\/\\\/www.guiagratis.com.br\\\/#organization\",\"name\":\"Guia Gr\u00e1tis - guia de servi\u00e7os gr\u00e1tis\",\"url\":\"https:\\\/\\\/www.guiagratis.com.br\\\/\",\"logo\":{\"@type\":\"ImageObject\",\"inLanguage\":\"pt-BR\",\"@id\":\"https:\\\/\\\/www.guiagratis.com.br\\\/#\\\/schema\\\/logo\\\/image\\\/\",\"url\":\"https:\\\/\\\/www.guiagratis.com.br\\\/wp-content\\\/uploads\\\/2025\\\/05\\\/cropped-logo.gif\",\"contentUrl\":\"https:\\\/\\\/www.guiagratis.com.br\\\/wp-content\\\/uploads\\\/2025\\\/05\\\/cropped-logo.gif\",\"width\":175,\"height\":88,\"caption\":\"Guia Gr\u00e1tis - guia de servi\u00e7os gr\u00e1tis\"},\"image\":{\"@id\":\"https:\\\/\\\/www.guiagratis.com.br\\\/#\\\/schema\\\/logo\\\/image\\\/\"},\"sameAs\":[\"https:\\\/\\\/www.facebook.com\\\/guiagratis\",\"https:\\\/\\\/x.com\\\/siteguiagratis\"]}]}<\/script>\n<!-- \/ Yoast SEO plugin. -->","yoast_head_json":{"title":"Drive Virtual Gr\u00e1tis - Guia Gr\u00e1tis - guia de servi\u00e7os gr\u00e1tis","description":"O disco ou drive virtual \u00e9 uma maneira pr\u00e1tica de manter arquivos acess\u00edveis a partir de qualquer dispositivo que voc\u00ea utilize. Aqui todos s\u00e3o gr\u00e1tis.","robots":{"index":"index","follow":"follow","max-snippet":"max-snippet:-1","max-image-preview":"max-image-preview:large","max-video-preview":"max-video-preview:-1"},"canonical":"https:\/\/www.guiagratis.com.br\/index.php\/drive-virtual-gratis\/","og_locale":"pt_BR","og_type":"article","og_title":"Drive Virtual Gr\u00e1tis - Guia Gr\u00e1tis - guia de servi\u00e7os gr\u00e1tis","og_description":"O disco ou drive virtual \u00e9 uma maneira pr\u00e1tica de manter arquivos acess\u00edveis a partir de qualquer dispositivo que voc\u00ea utilize. Aqui todos s\u00e3o gr\u00e1tis.","og_url":"https:\/\/www.guiagratis.com.br\/index.php\/drive-virtual-gratis\/","og_site_name":"Guia Gr\u00e1tis - guia de servi\u00e7os gr\u00e1tis","article_publisher":"https:\/\/www.facebook.com\/guiagratis","article_modified_time":"2025-07-12T20:21:56+00:00","twitter_card":"summary_large_image","twitter_site":"@siteguiagratis","twitter_misc":{"Est. tempo de leitura":"2 minutos"},"schema":{"@context":"https:\/\/schema.org","@graph":[{"@type":"WebPage","@id":"https:\/\/www.guiagratis.com.br\/index.php\/drive-virtual-gratis\/","url":"https:\/\/www.guiagratis.com.br\/index.php\/drive-virtual-gratis\/","name":"Drive Virtual Gr\u00e1tis - Guia Gr\u00e1tis - guia de servi\u00e7os gr\u00e1tis","isPartOf":{"@id":"https:\/\/www.guiagratis.com.br\/#website"},"primaryImageOfPage":{"@id":"https:\/\/www.guiagratis.com.br\/index.php\/drive-virtual-gratis\/#primaryimage"},"image":{"@id":"https:\/\/www.guiagratis.com.br\/index.php\/drive-virtual-gratis\/#primaryimage"},"thumbnailUrl":"","datePublished":"2025-07-11T23:26:56+00:00","dateModified":"2025-07-12T20:21:56+00:00","description":"O disco ou drive virtual \u00e9 uma maneira pr\u00e1tica de manter arquivos acess\u00edveis a partir de qualquer dispositivo que voc\u00ea utilize. Aqui todos s\u00e3o gr\u00e1tis.","breadcrumb":{"@id":"https:\/\/www.guiagratis.com.br\/index.php\/drive-virtual-gratis\/#breadcrumb"},"inLanguage":"pt-BR","potentialAction":[{"@type":"ReadAction","target":["https:\/\/www.guiagratis.com.br\/index.php\/drive-virtual-gratis\/"]}]},{"@type":"ImageObject","inLanguage":"pt-BR","@id":"https:\/\/www.guiagratis.com.br\/index.php\/drive-virtual-gratis\/#primaryimage","url":"","contentUrl":""},{"@type":"BreadcrumbList","@id":"https:\/\/www.guiagratis.com.br\/index.php\/drive-virtual-gratis\/#breadcrumb","itemListElement":[{"@type":"ListItem","position":1,"name":"In\u00edcio","item":"https:\/\/www.guiagratis.com.br\/"},{"@type":"ListItem","position":2,"name":"Drive Virtual Gr\u00e1tis"}]},{"@type":"WebSite","@id":"https:\/\/www.guiagratis.com.br\/#website","url":"https:\/\/www.guiagratis.com.br\/","name":"Guia Gr\u00e1tis - guia de servi\u00e7os gr\u00e1tis","description":"","publisher":{"@id":"https:\/\/www.guiagratis.com.br\/#organization"},"potentialAction":[{"@type":"SearchAction","target":{"@type":"EntryPoint","urlTemplate":"https:\/\/www.guiagratis.com.br\/?s={search_term_string}"},"query-input":{"@type":"PropertyValueSpecification","valueRequired":true,"valueName":"search_term_string"}}],"inLanguage":"pt-BR"},{"@type":"Organization","@id":"https:\/\/www.guiagratis.com.br\/#organization","name":"Guia Gr\u00e1tis - guia de servi\u00e7os gr\u00e1tis","url":"https:\/\/www.guiagratis.com.br\/","logo":{"@type":"ImageObject","inLanguage":"pt-BR","@id":"https:\/\/www.guiagratis.com.br\/#\/schema\/logo\/image\/","url":"https:\/\/www.guiagratis.com.br\/wp-content\/uploads\/2025\/05\/cropped-logo.gif","contentUrl":"https:\/\/www.guiagratis.com.br\/wp-content\/uploads\/2025\/05\/cropped-logo.gif","width":175,"height":88,"caption":"Guia Gr\u00e1tis - guia de servi\u00e7os gr\u00e1tis"},"image":{"@id":"https:\/\/www.guiagratis.com.br\/#\/schema\/logo\/image\/"},"sameAs":["https:\/\/www.facebook.com\/guiagratis","https:\/\/x.com\/siteguiagratis"]}]}},"_links":{"self":[{"href":"https:\/\/www.guiagratis.com.br\/index.php\/wp-json\/wp\/v2\/pages\/3055","targetHints":{"allow":["GET"]}}],"collection":[{"href":"https:\/\/www.guiagratis.com.br\/index.php\/wp-json\/wp\/v2\/pages"}],"about":[{"href":"https:\/\/www.guiagratis.com.br\/index.php\/wp-json\/wp\/v2\/types\/page"}],"author":[{"embeddable":true,"href":"https:\/\/www.guiagratis.com.br\/index.php\/wp-json\/wp\/v2\/users\/2"}],"replies":[{"embeddable":true,"href":"https:\/\/www.guiagratis.com.br\/index.php\/wp-json\/wp\/v2\/comments?post=3055"}],"version-history":[{"count":11,"href":"https:\/\/www.guiagratis.com.br\/index.php\/wp-json\/wp\/v2\/pages\/3055\/revisions"}],"predecessor-version":[{"id":4888,"href":"https:\/\/www.guiagratis.com.br\/index.php\/wp-json\/wp\/v2\/pages\/3055\/revisions\/4888"}],"wp:featuredmedia":[{"embeddable":true,"href":"https:\/\/www.guiagratis.com.br\/index.php\/wp-json\/"}],"wp:attachment":[{"href":"https:\/\/www.guiagratis.com.br\/index.php\/wp-json\/wp\/v2\/media?parent=3055"}],"curies":[{"name":"wp","href":"https:\/\/api.w.org\/{rel}","templated":true}]}}