{"id":3073,"date":"2025-07-11T21:53:31","date_gmt":"2025-07-12T00:53:31","guid":{"rendered":"https:\/\/www.guiagratis.com.br\/?page_id=3073"},"modified":"2025-07-12T18:43:37","modified_gmt":"2025-07-12T21:43:37","slug":"fontes-gratis","status":"publish","type":"page","link":"https:\/\/www.guiagratis.com.br\/index.php\/fontes-gratis\/","title":{"rendered":"Fontes Gr\u00e1tis"},"content":{"rendered":"<p style=\"text-align: justify;\"><img loading=\"lazy\" decoding=\"async\" class=\"size-medium wp-image-3954 alignleft\" src=\"http:\/\/guiagratis.com.br\/wp-content\/uploads\/2018\/07\/fontes-tipograficas-gratis-1-300x158.jpg\" alt=\"fontes gr\u00e1tis\" width=\"300\" height=\"158\" \/>Se voc\u00ea est\u00e1 em busca de fontes gr\u00e1tis diferentes para baixar e utilizar em um trabalho escolar, em um site ou at\u00e9 mesmo na cria\u00e7\u00e3o de uma pe\u00e7a publicit\u00e1ria ou logotipo pode encontrar o que procura em um dos sites que selecionamos. Se\u00a0voc\u00ea conhecer outros bons sites no segmento n\u00e3o esque\u00e7a de indicar para n\u00f3s.<\/p>\n<p><!--------------------FAVORITOS --------------------><\/p>\n<h2 style=\"text-align: center;\"><span style=\"color: #cc3300;\">Favoritos de Nossa Equipe<\/span><\/h2>\n<p><!-------------------- ABSTRACT FONTS --------------------><\/p>\n<h5 style=\"text-align: justify;\">Abstract Fonts<\/h5>\n<p style=\"text-align: justify;\">Cole\u00e7\u00e3o de fontes com mais de 13000 fontes gr\u00e1tis para download gratuito. O site \u00e9 bastante organizado. Tamb\u00e9m oferece a possibilidade de criadores de fontes fazerem o upload de suas cria\u00e7\u00f5es, disponibilizando-as para download dos usu\u00e1rios. Com isso o criador ganha exposi\u00e7\u00e3o para seus trabalhos. Possivelmente um dos maiores sites de fontes do mundo.<\/p>\n<p style=\"text-align: justify;\"><a title=\"Abstract Fonts\" href=\"https:\/\/www.abstractfonts.com\" target=\"_blank\" rel=\"noopener noreferrer\">https:\/\/www.abstractfonts.com<\/a><\/p>\n<p><!-------------------- DAFONT --------------------><\/p>\n<h5 style=\"text-align: justify;\">DaFont.com<\/h5>\n<p style=\"text-align: justify;\">Milhares de fontes para download gratuito em um site dispon\u00edvel em v\u00e1rios idiomas, inclusive portugu\u00eas. Al\u00e9m das fontes para Windows conta com uma grande cole\u00e7\u00e3o para MAC. A pesquisa pode ser feita por categorias ou ordem alfab\u00e9tica.<\/p>\n<p style=\"text-align: justify;\"><a title=\"DaFONT\" href=\"https:\/\/www.dafont.com\" target=\"_blank\" rel=\"noopener noreferrer\">https:\/\/www.dafont.com<\/a><\/p>\n<p><!-------------------- FONTES GR\u00c1TIS --------------------><\/p>\n<h5 style=\"text-align: justify;\">Fontes Gr\u00e1tis<\/h5>\n<p style=\"text-align: justify;\">Grande site brasileiro de fontes gratuitas\u00a0com uma grande cole\u00e7\u00e3o de fontes para download. Certamente \u00e9 uma \u00f3tima op\u00e7\u00e3o para quem busca fontes pouco convencionais e dif\u00edceis de encontrar.<\/p>\n<p style=\"text-align: justify;\"><a title=\"Fontes Gr\u00e1tis\" href=\"https:\/\/www.fontesgratis.com.br\" target=\"_blank\" rel=\"noopener noreferrer\">https:\/\/www.fontesgratis.com.br<\/a><\/p>\n<p><!--------------------OUTRAS --------------------><\/p>\n<h2 style=\"text-align: center;\"><span style=\"color: #cc3300;\">Outras Boas Op\u00e7\u00f5es<\/span><\/h2>\n<p><!-------------------- 1001 FREE FONTS --------------------><\/p>\n<h5 style=\"text-align: justify;\">1001 Free Fonts<\/h5>\n<p style=\"text-align: justify;\">Site com in\u00fameras fontes para PC e algumas para MAC. Nem todas as fontes s\u00e3o gratuitas, mas essa informa\u00e7\u00e3o consta ao lado das amostras.<\/p>\n<p style=\"text-align: justify;\"><a title=\"1001 Free Fonts\" href=\"https:\/\/www.1001freefonts.com\" target=\"_blank\" rel=\"noopener noreferrer\">https:\/\/www.1001freefonts.com<\/a><\/p>\n<p><!-------------------- BLUE VINIL FONTS --------------------><\/p>\n<h5 style=\"text-align: justify;\">Blue Vinil Fonts<\/h5>\n<p style=\"text-align: justify;\">Grande cole\u00e7\u00e3o de fontes gr\u00e1tis, embora inclua tamb\u00e9m fontes pagas. O site tamb\u00e9m possui uma mailing list que mant\u00e9m voc\u00ea informado das novidades no mercado de fontes gr\u00e1tis ou n\u00e3o.<\/p>\n<p style=\"text-align: justify;\"><a title=\"Blue Vinil Fonts\" href=\"https:\/\/www.bvfonts.com\" target=\"_blank\" rel=\"noopener noreferrer\">https:\/\/www.bvfonts.com<\/a><\/p>\n<p><!-------------------- DIVIDE BY ZERO --------------------><\/p>\n<h5 style=\"text-align: justify;\">Divide by Zero<\/h5>\n<p style=\"text-align: justify;\">Site norte-americano com uma imensa cole\u00e7\u00e3o de fontes para download inteiramente gr\u00e1tis. Todas as fontes s\u00e3o cria\u00e7\u00f5es originais do pr\u00f3prio autor do site.<\/p>\n<p style=\"text-align: justify;\"><a title=\"Divide by Zero\" href=\"http:\/\/fonts.tom7.com\" target=\"_blank\" rel=\"noopener noreferrer\">http:\/\/fonts.tom7.com<\/a><\/p>\n<p><!-------------------- EKPN FREE FONTS --------------------><\/p>\n<h5 style=\"text-align: justify;\">EKNP Free Fonts<\/h5>\n<p style=\"text-align: justify;\">Boa cole\u00e7\u00e3o de fontes gr\u00e1tis e dingbats classificados alfabeticamente e por categoria. Entre as categorias est\u00e3o 3D, alien, computer e v\u00e1rias outras.<\/p>\n<p style=\"text-align: justify;\"><a title=\"EKNP Free Fonts\" href=\"http:\/\/www.eknp.com\" target=\"_blank\" rel=\"noopener noreferrer\">http:\/\/www.eknp.com<\/a><\/p>\n<p><!-------------------- FONT CAB --------------------><\/p>\n<h5 style=\"text-align: justify;\">Font Cab<\/h5>\n<p style=\"text-align: justify;\">Apesar do design simples do site \u00e9 um \u00f3timo lugar para baixar fontes. Todas s\u00e3o gratuitas inclusive para uso comercial.<\/p>\n<p style=\"text-align: justify;\"><a title=\"Font Cab\" href=\"http:\/\/www.fontcab.com\/\" target=\"_blank\" rel=\"noopener noreferrer\">http:\/\/www.fontcab.com\/<\/a><\/p>\n<p><!-------------------- FONT FREAA --------------------><\/p>\n<h5 style=\"text-align: justify;\">Font Freak<\/h5>\n<p style=\"text-align: justify;\">A cole\u00e7\u00e3o de fontes gratuitas deste site \u00e9 grande e merece destaque a grande quantidade de fontes gr\u00e1tis para MAC. Organizado alfabeticamente e com amostras.<\/p>\n<p style=\"text-align: justify;\"><a title=\"Font Freak\" href=\"https:\/\/www.fontfreak.com\" target=\"_blank\" rel=\"noopener noreferrer\">https:\/\/www.fontfreak.com<\/a><\/p>\n<p><!-------------------- FONTLIBRARY --------------------><\/p>\n<h5 style=\"text-align: justify;\">Font Library<\/h5>\n<p style=\"text-align: justify;\">Site de fontes mantido por colaboradores independentes do mundo todo. Al\u00e9m de uma grande cole\u00e7\u00e3o de fontes gr\u00e1tis atualizada frequentemente oferece ainda suporte ao usu\u00e1rio (em ingl\u00eas).<\/p>\n<p style=\"text-align: justify;\"><a title=\"Font Freak\" href=\"https:\/\/fontlibrary.org\/\" target=\"_blank\" rel=\"noopener noreferrer\">https:\/\/fontlibrary.org<\/a><\/p>\n<p><!------------------- Fonts2u --------------------><\/p>\n<h5 style=\"text-align: justify;\">Fonts2u<\/h5>\n<p style=\"text-align: justify;\">Grande cole\u00e7\u00e3o de fontes para download gratuito, tanto para Windows como para Macintosh. Cada fontes traz informa\u00e7\u00e3o sobre o tipo de licen\u00e7a, algumas s\u00e3o gr\u00e1tis, outras s\u00f3 s\u00e3o gratuitas para uso pessoal, outras s\u00e3o para demonstra\u00e7\u00e3o, etc. O site est\u00e1 dispon\u00edvel em diversos idiomas, inclusive o portugu\u00eas.<\/p>\n<p style=\"text-align: justify;\"><a title=\"Fonts2u\" href=\"https:\/\/www.fonts2u.com\/\" target=\"_blank\" rel=\"noopener noreferrer\">https:\/\/www.fonts2u.com<\/a><\/p>\n<p><!------------------- Free Fonts --------------------><\/p>\n<h5 style=\"text-align: justify;\">Free Fonts<\/h5>\n<p style=\"text-align: justify;\">Site para busca e download de fontes nos formatos OpenType, TrueType e PostScript. Voc\u00ea informa o nome da fonte e o sistema do site busca em v\u00e1rios outros sites.<\/p>\n<p style=\"text-align: justify;\"><a title=\"Free Fonts\" href=\"https:\/\/www.free-fonts.com\/\" target=\"_blank\" rel=\"noopener noreferrer\">https:\/\/www.free-fonts.com\/<\/a><\/p>\n<p><!------------------- Fuentes Tipogr\u00e1ficas WebExperto --------------------><\/p>\n<h5 style=\"text-align: justify;\">Fuentes Tipogr\u00e1ficas WebExperto<\/h5>\n<p style=\"text-align: justify;\">Se voc\u00ea busca fontes gratuitas esse site possui uma vasta cole\u00e7\u00e3o. Como em v\u00e1rio outros sites as fontes classificadas em ordem alfab\u00e9tica, sendo que aqui a interface tem boa navegabilidade. Adicionalmente todas as fontes possuem uma pequena amostra para visualiza\u00e7\u00e3o.<\/p>\n<p style=\"text-align: justify;\"><a href=\"https:\/\/webexperto.com\/fuentes\/\" target=\"_blank\" rel=\"noopener noreferrer\">https:\/\/webexperto.com\/fuentes\/\/fuentes\/<\/a><\/p>\n<p><!------------------- Gluk Fonts --------------------><\/p>\n<h5 style=\"text-align: justify;\">Gluk Fonts<\/h5>\n<p style=\"text-align: justify;\">Um site polon\u00eas com uma boa cole\u00e7\u00e3o de fontes. Se voc\u00ea n\u00e3o sabe polon\u00eas, fique tranquilo, o site tamb\u00e9m est\u00e1 dispon\u00edvel em ingl\u00eas e alem\u00e3o.<\/p>\n<p style=\"text-align: justify;\"><a href=\"https:\/\/www.glukfonts.pl\/\" target=\"_blank\" rel=\"noopener noreferrer\">https:\/\/www.glukfonts.pl\/<\/a><\/p>\n<p><!------------------- S\u00f3 Fontes --------------------><\/p>\n<h5 style=\"text-align: justify;\">Sofontes<\/h5>\n<p style=\"text-align: justify;\">A cole\u00e7\u00e3o tem mais de \u00a025.000 fontes truetype para download gratuito. Organizado em categorias que v\u00e3o desde sistema at\u00e9 as mais raras. O site ainda ensina\u00a0a instalar as fontes nos diferentes sistemas operacionais e oferece um sistema de busca interno com pr\u00e9-visualiza\u00e7\u00e3o das fontes. Quase n\u00e3o possui publicidade excessiva nem exigir o cadastramento dos usu\u00e1rios, o que com certeza conta pontos a seu favor.<\/p>\n<p style=\"text-align: justify;\"><a title=\"Sofontes\" href=\"https:\/\/www.sofontes.com.br\/\" target=\"_blank\" rel=\"noopener noreferrer\">https:\/\/www.sofontes.com.br\/<\/a><\/p>\n<p><!------------------- urbanfonts --------------------><\/p>\n<h5 style=\"text-align: justify;\">urbanfonts<\/h5>\n<p style=\"text-align: justify;\">Excelente site para quem procura por fontes e dingbats gratuitos. E al\u00e9m das gratuitas o site tamb\u00e9m oferece fontes pagas (premium). Est\u00e1 dispon\u00edvel em diversos idiomas, inclusive portugu\u00eas.<\/p>\n<p style=\"text-align: justify;\"><a title=\"urbanfonts\" href=\"https:\/\/www.urbanfonts.com\/\" target=\"_blank\" rel=\"noopener noreferrer\">https:\/\/www.urbanfonts.com<\/a><\/p>\n","protected":false},"excerpt":{"rendered":"<p>Se voc\u00ea est\u00e1 em busca de fontes gr\u00e1tis diferentes para baixar e utilizar em um trabalho escolar, em um site ou at\u00e9 mesmo na cria\u00e7\u00e3o de uma pe\u00e7a publicit\u00e1ria ou logotipo pode encontrar o que procura em um dos sites que selecionamos. Se\u00a0voc\u00ea conhecer outros bons sites no segmento n\u00e3o esque\u00e7a de indicar para n\u00f3s. &hellip; <\/p>\n","protected":false},"author":2,"featured_media":3954,"parent":0,"menu_order":0,"comment_status":"closed","ping_status":"closed","template":"","meta":{"footnotes":""},"class_list":["post-3073","page","type-page","status-publish","has-post-thumbnail","hentry","entry"],"yoast_head":"<!-- This site is optimized with the Yoast SEO plugin v27.5 - https:\/\/yoast.com\/product\/yoast-seo-wordpress\/ -->\n<title>Fontes Gr\u00e1tis - Guia Gr\u00e1tis - guia de servi\u00e7os gr\u00e1tis<\/title>\n<meta name=\"description\" content=\"Aquelas fontes gr\u00e1tis diferentes podem estar em um dos sites que selecionamos. Se voc\u00ea conhecer outros bons sites no segmento indique para n\u00f3s.\" \/>\n<meta name=\"robots\" content=\"index, follow, max-snippet:-1, max-image-preview:large, max-video-preview:-1\" \/>\n<link rel=\"canonical\" href=\"https:\/\/www.guiagratis.com.br\/index.php\/fontes-gratis\/\" \/>\n<meta property=\"og:locale\" content=\"pt_BR\" \/>\n<meta property=\"og:type\" content=\"article\" \/>\n<meta property=\"og:title\" content=\"Fontes Gr\u00e1tis - Guia Gr\u00e1tis - guia de servi\u00e7os gr\u00e1tis\" \/>\n<meta property=\"og:description\" content=\"Aquelas fontes gr\u00e1tis diferentes podem estar em um dos sites que selecionamos. Se voc\u00ea conhecer outros bons sites no segmento indique para n\u00f3s.\" \/>\n<meta property=\"og:url\" content=\"https:\/\/www.guiagratis.com.br\/index.php\/fontes-gratis\/\" \/>\n<meta property=\"og:site_name\" content=\"Guia Gr\u00e1tis - guia de servi\u00e7os gr\u00e1tis\" \/>\n<meta property=\"article:publisher\" content=\"https:\/\/www.facebook.com\/guiagratis\" \/>\n<meta property=\"article:modified_time\" content=\"2025-07-12T21:43:37+00:00\" \/>\n<meta name=\"twitter:card\" content=\"summary_large_image\" \/>\n<meta name=\"twitter:site\" content=\"@siteguiagratis\" \/>\n<meta name=\"twitter:label1\" content=\"Est. tempo de leitura\" \/>\n\t<meta name=\"twitter:data1\" content=\"4 minutos\" \/>\n<script type=\"application\/ld+json\" class=\"yoast-schema-graph\">{\"@context\":\"https:\\\/\\\/schema.org\",\"@graph\":[{\"@type\":\"WebPage\",\"@id\":\"https:\\\/\\\/www.guiagratis.com.br\\\/index.php\\\/fontes-gratis\\\/\",\"url\":\"https:\\\/\\\/www.guiagratis.com.br\\\/index.php\\\/fontes-gratis\\\/\",\"name\":\"Fontes Gr\u00e1tis - Guia Gr\u00e1tis - guia de servi\u00e7os gr\u00e1tis\",\"isPartOf\":{\"@id\":\"https:\\\/\\\/www.guiagratis.com.br\\\/#website\"},\"primaryImageOfPage\":{\"@id\":\"https:\\\/\\\/www.guiagratis.com.br\\\/index.php\\\/fontes-gratis\\\/#primaryimage\"},\"image\":{\"@id\":\"https:\\\/\\\/www.guiagratis.com.br\\\/index.php\\\/fontes-gratis\\\/#primaryimage\"},\"thumbnailUrl\":\"\",\"datePublished\":\"2025-07-12T00:53:31+00:00\",\"dateModified\":\"2025-07-12T21:43:37+00:00\",\"description\":\"Aquelas fontes gr\u00e1tis diferentes podem estar em um dos sites que selecionamos. Se voc\u00ea conhecer outros bons sites no segmento indique para n\u00f3s.\",\"breadcrumb\":{\"@id\":\"https:\\\/\\\/www.guiagratis.com.br\\\/index.php\\\/fontes-gratis\\\/#breadcrumb\"},\"inLanguage\":\"pt-BR\",\"potentialAction\":[{\"@type\":\"ReadAction\",\"target\":[\"https:\\\/\\\/www.guiagratis.com.br\\\/index.php\\\/fontes-gratis\\\/\"]}]},{\"@type\":\"ImageObject\",\"inLanguage\":\"pt-BR\",\"@id\":\"https:\\\/\\\/www.guiagratis.com.br\\\/index.php\\\/fontes-gratis\\\/#primaryimage\",\"url\":\"\",\"contentUrl\":\"\"},{\"@type\":\"BreadcrumbList\",\"@id\":\"https:\\\/\\\/www.guiagratis.com.br\\\/index.php\\\/fontes-gratis\\\/#breadcrumb\",\"itemListElement\":[{\"@type\":\"ListItem\",\"position\":1,\"name\":\"In\u00edcio\",\"item\":\"https:\\\/\\\/www.guiagratis.com.br\\\/\"},{\"@type\":\"ListItem\",\"position\":2,\"name\":\"Fontes Gr\u00e1tis\"}]},{\"@type\":\"WebSite\",\"@id\":\"https:\\\/\\\/www.guiagratis.com.br\\\/#website\",\"url\":\"https:\\\/\\\/www.guiagratis.com.br\\\/\",\"name\":\"Guia Gr\u00e1tis - guia de servi\u00e7os gr\u00e1tis\",\"description\":\"\",\"publisher\":{\"@id\":\"https:\\\/\\\/www.guiagratis.com.br\\\/#organization\"},\"potentialAction\":[{\"@type\":\"SearchAction\",\"target\":{\"@type\":\"EntryPoint\",\"urlTemplate\":\"https:\\\/\\\/www.guiagratis.com.br\\\/?s={search_term_string}\"},\"query-input\":{\"@type\":\"PropertyValueSpecification\",\"valueRequired\":true,\"valueName\":\"search_term_string\"}}],\"inLanguage\":\"pt-BR\"},{\"@type\":\"Organization\",\"@id\":\"https:\\\/\\\/www.guiagratis.com.br\\\/#organization\",\"name\":\"Guia Gr\u00e1tis - guia de servi\u00e7os gr\u00e1tis\",\"url\":\"https:\\\/\\\/www.guiagratis.com.br\\\/\",\"logo\":{\"@type\":\"ImageObject\",\"inLanguage\":\"pt-BR\",\"@id\":\"https:\\\/\\\/www.guiagratis.com.br\\\/#\\\/schema\\\/logo\\\/image\\\/\",\"url\":\"https:\\\/\\\/www.guiagratis.com.br\\\/wp-content\\\/uploads\\\/2025\\\/05\\\/cropped-logo.gif\",\"contentUrl\":\"https:\\\/\\\/www.guiagratis.com.br\\\/wp-content\\\/uploads\\\/2025\\\/05\\\/cropped-logo.gif\",\"width\":175,\"height\":88,\"caption\":\"Guia Gr\u00e1tis - guia de servi\u00e7os gr\u00e1tis\"},\"image\":{\"@id\":\"https:\\\/\\\/www.guiagratis.com.br\\\/#\\\/schema\\\/logo\\\/image\\\/\"},\"sameAs\":[\"https:\\\/\\\/www.facebook.com\\\/guiagratis\",\"https:\\\/\\\/x.com\\\/siteguiagratis\"]}]}<\/script>\n<!-- \/ Yoast SEO plugin. -->","yoast_head_json":{"title":"Fontes Gr\u00e1tis - Guia Gr\u00e1tis - guia de servi\u00e7os gr\u00e1tis","description":"Aquelas fontes gr\u00e1tis diferentes podem estar em um dos sites que selecionamos. Se voc\u00ea conhecer outros bons sites no segmento indique para n\u00f3s.","robots":{"index":"index","follow":"follow","max-snippet":"max-snippet:-1","max-image-preview":"max-image-preview:large","max-video-preview":"max-video-preview:-1"},"canonical":"https:\/\/www.guiagratis.com.br\/index.php\/fontes-gratis\/","og_locale":"pt_BR","og_type":"article","og_title":"Fontes Gr\u00e1tis - Guia Gr\u00e1tis - guia de servi\u00e7os gr\u00e1tis","og_description":"Aquelas fontes gr\u00e1tis diferentes podem estar em um dos sites que selecionamos. Se voc\u00ea conhecer outros bons sites no segmento indique para n\u00f3s.","og_url":"https:\/\/www.guiagratis.com.br\/index.php\/fontes-gratis\/","og_site_name":"Guia Gr\u00e1tis - guia de servi\u00e7os gr\u00e1tis","article_publisher":"https:\/\/www.facebook.com\/guiagratis","article_modified_time":"2025-07-12T21:43:37+00:00","twitter_card":"summary_large_image","twitter_site":"@siteguiagratis","twitter_misc":{"Est. tempo de leitura":"4 minutos"},"schema":{"@context":"https:\/\/schema.org","@graph":[{"@type":"WebPage","@id":"https:\/\/www.guiagratis.com.br\/index.php\/fontes-gratis\/","url":"https:\/\/www.guiagratis.com.br\/index.php\/fontes-gratis\/","name":"Fontes Gr\u00e1tis - Guia Gr\u00e1tis - guia de servi\u00e7os gr\u00e1tis","isPartOf":{"@id":"https:\/\/www.guiagratis.com.br\/#website"},"primaryImageOfPage":{"@id":"https:\/\/www.guiagratis.com.br\/index.php\/fontes-gratis\/#primaryimage"},"image":{"@id":"https:\/\/www.guiagratis.com.br\/index.php\/fontes-gratis\/#primaryimage"},"thumbnailUrl":"","datePublished":"2025-07-12T00:53:31+00:00","dateModified":"2025-07-12T21:43:37+00:00","description":"Aquelas fontes gr\u00e1tis diferentes podem estar em um dos sites que selecionamos. Se voc\u00ea conhecer outros bons sites no segmento indique para n\u00f3s.","breadcrumb":{"@id":"https:\/\/www.guiagratis.com.br\/index.php\/fontes-gratis\/#breadcrumb"},"inLanguage":"pt-BR","potentialAction":[{"@type":"ReadAction","target":["https:\/\/www.guiagratis.com.br\/index.php\/fontes-gratis\/"]}]},{"@type":"ImageObject","inLanguage":"pt-BR","@id":"https:\/\/www.guiagratis.com.br\/index.php\/fontes-gratis\/#primaryimage","url":"","contentUrl":""},{"@type":"BreadcrumbList","@id":"https:\/\/www.guiagratis.com.br\/index.php\/fontes-gratis\/#breadcrumb","itemListElement":[{"@type":"ListItem","position":1,"name":"In\u00edcio","item":"https:\/\/www.guiagratis.com.br\/"},{"@type":"ListItem","position":2,"name":"Fontes Gr\u00e1tis"}]},{"@type":"WebSite","@id":"https:\/\/www.guiagratis.com.br\/#website","url":"https:\/\/www.guiagratis.com.br\/","name":"Guia Gr\u00e1tis - guia de servi\u00e7os gr\u00e1tis","description":"","publisher":{"@id":"https:\/\/www.guiagratis.com.br\/#organization"},"potentialAction":[{"@type":"SearchAction","target":{"@type":"EntryPoint","urlTemplate":"https:\/\/www.guiagratis.com.br\/?s={search_term_string}"},"query-input":{"@type":"PropertyValueSpecification","valueRequired":true,"valueName":"search_term_string"}}],"inLanguage":"pt-BR"},{"@type":"Organization","@id":"https:\/\/www.guiagratis.com.br\/#organization","name":"Guia Gr\u00e1tis - guia de servi\u00e7os gr\u00e1tis","url":"https:\/\/www.guiagratis.com.br\/","logo":{"@type":"ImageObject","inLanguage":"pt-BR","@id":"https:\/\/www.guiagratis.com.br\/#\/schema\/logo\/image\/","url":"https:\/\/www.guiagratis.com.br\/wp-content\/uploads\/2025\/05\/cropped-logo.gif","contentUrl":"https:\/\/www.guiagratis.com.br\/wp-content\/uploads\/2025\/05\/cropped-logo.gif","width":175,"height":88,"caption":"Guia Gr\u00e1tis - guia de servi\u00e7os gr\u00e1tis"},"image":{"@id":"https:\/\/www.guiagratis.com.br\/#\/schema\/logo\/image\/"},"sameAs":["https:\/\/www.facebook.com\/guiagratis","https:\/\/x.com\/siteguiagratis"]}]}},"_links":{"self":[{"href":"https:\/\/www.guiagratis.com.br\/index.php\/wp-json\/wp\/v2\/pages\/3073","targetHints":{"allow":["GET"]}}],"collection":[{"href":"https:\/\/www.guiagratis.com.br\/index.php\/wp-json\/wp\/v2\/pages"}],"about":[{"href":"https:\/\/www.guiagratis.com.br\/index.php\/wp-json\/wp\/v2\/types\/page"}],"author":[{"embeddable":true,"href":"https:\/\/www.guiagratis.com.br\/index.php\/wp-json\/wp\/v2\/users\/2"}],"replies":[{"embeddable":true,"href":"https:\/\/www.guiagratis.com.br\/index.php\/wp-json\/wp\/v2\/comments?post=3073"}],"version-history":[{"count":7,"href":"https:\/\/www.guiagratis.com.br\/index.php\/wp-json\/wp\/v2\/pages\/3073\/revisions"}],"predecessor-version":[{"id":4909,"href":"https:\/\/www.guiagratis.com.br\/index.php\/wp-json\/wp\/v2\/pages\/3073\/revisions\/4909"}],"wp:featuredmedia":[{"embeddable":true,"href":"https:\/\/www.guiagratis.com.br\/index.php\/wp-json\/"}],"wp:attachment":[{"href":"https:\/\/www.guiagratis.com.br\/index.php\/wp-json\/wp\/v2\/media?parent=3073"}],"curies":[{"name":"wp","href":"https:\/\/api.w.org\/{rel}","templated":true}]}}