{"id":3093,"date":"2025-07-11T04:00:05","date_gmt":"2025-07-11T07:00:05","guid":{"rendered":"https:\/\/www.guiagratis.com.br\/?page_id=3093"},"modified":"2025-07-12T19:29:35","modified_gmt":"2025-07-12T22:29:35","slug":"grupos-de-discussao","status":"publish","type":"page","link":"https:\/\/www.guiagratis.com.br\/index.php\/grupos-de-discussao\/","title":{"rendered":"Grupos de Discuss\u00e3o"},"content":{"rendered":"<p style=\"text-align: justify;\"><img loading=\"lazy\" decoding=\"async\" class=\"size-medium wp-image-4144 alignleft\" src=\"http:\/\/guiagratis.com.br\/wp-content\/uploads\/2018\/08\/grupos-de-discussao-1-300x158.jpg\" alt=\"grupos de discussao\" width=\"300\" height=\"158\" \/>Os grupos de discuss\u00e3o s\u00e3o mais antigos que a pr\u00f3pria Internet. Conhe\u00e7a aqui alguns sites que oferecem este servi\u00e7o gratuitamente. Alguns grupos funcionam via web como f\u00f3runs, em outros os usu\u00e1rios interagem atrav\u00e9s do e-mail, h\u00e1 ainda alguns que funcionam de ambas as maneiras e o usu\u00e1rio escolhe de que maneira prefere utilizar..<\/p>\n<p><!--------------------FAVORITOS --------------------><\/p>\n<h2 style=\"text-align: center;\"><span style=\"color: #cc3300;\">Favoritos de Nossa Equipe<\/span><\/h2>\n<h2 style=\"text-align: justify;\">Google Grupos<\/h2>\n<p style=\"text-align: justify;\">Excelente servi\u00e7o de grupos de discuss\u00e3o oferecido pelo Google. Permite que o usu\u00e1rio participe dos grupos por e-mail ou via web. Recomenda-se Google Chrome para usar via web.<\/p>\n<p style=\"text-align: justify;\"><a title=\"Google Grupos\" href=\"http:\/\/groups.google.com\" target=\"_blank\" rel=\"noopener noreferrer\">http:\/\/groups.google.com<\/a><\/p>\n","protected":false},"excerpt":{"rendered":"<p>Os grupos de discuss\u00e3o s\u00e3o mais antigos que a pr\u00f3pria Internet. Conhe\u00e7a aqui alguns sites que oferecem este servi\u00e7o gratuitamente. Alguns grupos funcionam via web como f\u00f3runs, em outros os usu\u00e1rios interagem atrav\u00e9s do e-mail, h\u00e1 ainda alguns que funcionam de ambas as maneiras e o usu\u00e1rio escolhe de que maneira prefere utilizar.. Favoritos de &hellip; <\/p>\n","protected":false},"author":2,"featured_media":4144,"parent":0,"menu_order":0,"comment_status":"closed","ping_status":"closed","template":"","meta":{"footnotes":""},"class_list":["post-3093","page","type-page","status-publish","has-post-thumbnail","hentry","entry"],"yoast_head":"<!-- This site is optimized with the Yoast SEO plugin v27.5 - https:\/\/yoast.com\/product\/yoast-seo-wordpress\/ -->\n<title>Grupos de Discuss\u00e3o - Guia Gr\u00e1tis - guia de servi\u00e7os gr\u00e1tis<\/title>\n<meta name=\"description\" content=\"Os grupos de discuss\u00e3o s\u00e3o mais antigos que a pr\u00f3pria Internet. Conhe\u00e7a aqui alguns sites que oferecem este servi\u00e7o gratuitamente.\" \/>\n<meta name=\"robots\" content=\"index, follow, max-snippet:-1, max-image-preview:large, max-video-preview:-1\" \/>\n<link rel=\"canonical\" href=\"https:\/\/www.guiagratis.com.br\/index.php\/grupos-de-discussao\/\" \/>\n<meta property=\"og:locale\" content=\"pt_BR\" \/>\n<meta property=\"og:type\" content=\"article\" \/>\n<meta property=\"og:title\" content=\"Grupos de Discuss\u00e3o - Guia Gr\u00e1tis - guia de servi\u00e7os gr\u00e1tis\" \/>\n<meta property=\"og:description\" content=\"Os grupos de discuss\u00e3o s\u00e3o mais antigos que a pr\u00f3pria Internet. Conhe\u00e7a aqui alguns sites que oferecem este servi\u00e7o gratuitamente.\" \/>\n<meta property=\"og:url\" content=\"https:\/\/www.guiagratis.com.br\/index.php\/grupos-de-discussao\/\" \/>\n<meta property=\"og:site_name\" content=\"Guia Gr\u00e1tis - guia de servi\u00e7os gr\u00e1tis\" \/>\n<meta property=\"article:publisher\" content=\"https:\/\/www.facebook.com\/guiagratis\" \/>\n<meta property=\"article:modified_time\" content=\"2025-07-12T22:29:35+00:00\" \/>\n<meta name=\"twitter:card\" content=\"summary_large_image\" \/>\n<meta name=\"twitter:site\" content=\"@siteguiagratis\" \/>\n<meta name=\"twitter:label1\" content=\"Est. tempo de leitura\" \/>\n\t<meta name=\"twitter:data1\" content=\"1 minuto\" \/>\n<script type=\"application\/ld+json\" class=\"yoast-schema-graph\">{\"@context\":\"https:\\\/\\\/schema.org\",\"@graph\":[{\"@type\":\"WebPage\",\"@id\":\"https:\\\/\\\/www.guiagratis.com.br\\\/index.php\\\/grupos-de-discussao\\\/\",\"url\":\"https:\\\/\\\/www.guiagratis.com.br\\\/index.php\\\/grupos-de-discussao\\\/\",\"name\":\"Grupos de Discuss\u00e3o - Guia Gr\u00e1tis - guia de servi\u00e7os gr\u00e1tis\",\"isPartOf\":{\"@id\":\"https:\\\/\\\/www.guiagratis.com.br\\\/#website\"},\"primaryImageOfPage\":{\"@id\":\"https:\\\/\\\/www.guiagratis.com.br\\\/index.php\\\/grupos-de-discussao\\\/#primaryimage\"},\"image\":{\"@id\":\"https:\\\/\\\/www.guiagratis.com.br\\\/index.php\\\/grupos-de-discussao\\\/#primaryimage\"},\"thumbnailUrl\":\"\",\"datePublished\":\"2025-07-11T07:00:05+00:00\",\"dateModified\":\"2025-07-12T22:29:35+00:00\",\"description\":\"Os grupos de discuss\u00e3o s\u00e3o mais antigos que a pr\u00f3pria Internet. Conhe\u00e7a aqui alguns sites que oferecem este servi\u00e7o gratuitamente.\",\"breadcrumb\":{\"@id\":\"https:\\\/\\\/www.guiagratis.com.br\\\/index.php\\\/grupos-de-discussao\\\/#breadcrumb\"},\"inLanguage\":\"pt-BR\",\"potentialAction\":[{\"@type\":\"ReadAction\",\"target\":[\"https:\\\/\\\/www.guiagratis.com.br\\\/index.php\\\/grupos-de-discussao\\\/\"]}]},{\"@type\":\"ImageObject\",\"inLanguage\":\"pt-BR\",\"@id\":\"https:\\\/\\\/www.guiagratis.com.br\\\/index.php\\\/grupos-de-discussao\\\/#primaryimage\",\"url\":\"\",\"contentUrl\":\"\"},{\"@type\":\"BreadcrumbList\",\"@id\":\"https:\\\/\\\/www.guiagratis.com.br\\\/index.php\\\/grupos-de-discussao\\\/#breadcrumb\",\"itemListElement\":[{\"@type\":\"ListItem\",\"position\":1,\"name\":\"In\u00edcio\",\"item\":\"https:\\\/\\\/www.guiagratis.com.br\\\/\"},{\"@type\":\"ListItem\",\"position\":2,\"name\":\"Grupos de Discuss\u00e3o\"}]},{\"@type\":\"WebSite\",\"@id\":\"https:\\\/\\\/www.guiagratis.com.br\\\/#website\",\"url\":\"https:\\\/\\\/www.guiagratis.com.br\\\/\",\"name\":\"Guia Gr\u00e1tis - guia de servi\u00e7os gr\u00e1tis\",\"description\":\"\",\"publisher\":{\"@id\":\"https:\\\/\\\/www.guiagratis.com.br\\\/#organization\"},\"potentialAction\":[{\"@type\":\"SearchAction\",\"target\":{\"@type\":\"EntryPoint\",\"urlTemplate\":\"https:\\\/\\\/www.guiagratis.com.br\\\/?s={search_term_string}\"},\"query-input\":{\"@type\":\"PropertyValueSpecification\",\"valueRequired\":true,\"valueName\":\"search_term_string\"}}],\"inLanguage\":\"pt-BR\"},{\"@type\":\"Organization\",\"@id\":\"https:\\\/\\\/www.guiagratis.com.br\\\/#organization\",\"name\":\"Guia Gr\u00e1tis - guia de servi\u00e7os gr\u00e1tis\",\"url\":\"https:\\\/\\\/www.guiagratis.com.br\\\/\",\"logo\":{\"@type\":\"ImageObject\",\"inLanguage\":\"pt-BR\",\"@id\":\"https:\\\/\\\/www.guiagratis.com.br\\\/#\\\/schema\\\/logo\\\/image\\\/\",\"url\":\"https:\\\/\\\/www.guiagratis.com.br\\\/wp-content\\\/uploads\\\/2025\\\/05\\\/cropped-logo.gif\",\"contentUrl\":\"https:\\\/\\\/www.guiagratis.com.br\\\/wp-content\\\/uploads\\\/2025\\\/05\\\/cropped-logo.gif\",\"width\":175,\"height\":88,\"caption\":\"Guia Gr\u00e1tis - guia de servi\u00e7os gr\u00e1tis\"},\"image\":{\"@id\":\"https:\\\/\\\/www.guiagratis.com.br\\\/#\\\/schema\\\/logo\\\/image\\\/\"},\"sameAs\":[\"https:\\\/\\\/www.facebook.com\\\/guiagratis\",\"https:\\\/\\\/x.com\\\/siteguiagratis\"]}]}<\/script>\n<!-- \/ Yoast SEO plugin. -->","yoast_head_json":{"title":"Grupos de Discuss\u00e3o - Guia Gr\u00e1tis - guia de servi\u00e7os gr\u00e1tis","description":"Os grupos de discuss\u00e3o s\u00e3o mais antigos que a pr\u00f3pria Internet. Conhe\u00e7a aqui alguns sites que oferecem este servi\u00e7o gratuitamente.","robots":{"index":"index","follow":"follow","max-snippet":"max-snippet:-1","max-image-preview":"max-image-preview:large","max-video-preview":"max-video-preview:-1"},"canonical":"https:\/\/www.guiagratis.com.br\/index.php\/grupos-de-discussao\/","og_locale":"pt_BR","og_type":"article","og_title":"Grupos de Discuss\u00e3o - Guia Gr\u00e1tis - guia de servi\u00e7os gr\u00e1tis","og_description":"Os grupos de discuss\u00e3o s\u00e3o mais antigos que a pr\u00f3pria Internet. Conhe\u00e7a aqui alguns sites que oferecem este servi\u00e7o gratuitamente.","og_url":"https:\/\/www.guiagratis.com.br\/index.php\/grupos-de-discussao\/","og_site_name":"Guia Gr\u00e1tis - guia de servi\u00e7os gr\u00e1tis","article_publisher":"https:\/\/www.facebook.com\/guiagratis","article_modified_time":"2025-07-12T22:29:35+00:00","twitter_card":"summary_large_image","twitter_site":"@siteguiagratis","twitter_misc":{"Est. tempo de leitura":"1 minuto"},"schema":{"@context":"https:\/\/schema.org","@graph":[{"@type":"WebPage","@id":"https:\/\/www.guiagratis.com.br\/index.php\/grupos-de-discussao\/","url":"https:\/\/www.guiagratis.com.br\/index.php\/grupos-de-discussao\/","name":"Grupos de Discuss\u00e3o - Guia Gr\u00e1tis - guia de servi\u00e7os gr\u00e1tis","isPartOf":{"@id":"https:\/\/www.guiagratis.com.br\/#website"},"primaryImageOfPage":{"@id":"https:\/\/www.guiagratis.com.br\/index.php\/grupos-de-discussao\/#primaryimage"},"image":{"@id":"https:\/\/www.guiagratis.com.br\/index.php\/grupos-de-discussao\/#primaryimage"},"thumbnailUrl":"","datePublished":"2025-07-11T07:00:05+00:00","dateModified":"2025-07-12T22:29:35+00:00","description":"Os grupos de discuss\u00e3o s\u00e3o mais antigos que a pr\u00f3pria Internet. Conhe\u00e7a aqui alguns sites que oferecem este servi\u00e7o gratuitamente.","breadcrumb":{"@id":"https:\/\/www.guiagratis.com.br\/index.php\/grupos-de-discussao\/#breadcrumb"},"inLanguage":"pt-BR","potentialAction":[{"@type":"ReadAction","target":["https:\/\/www.guiagratis.com.br\/index.php\/grupos-de-discussao\/"]}]},{"@type":"ImageObject","inLanguage":"pt-BR","@id":"https:\/\/www.guiagratis.com.br\/index.php\/grupos-de-discussao\/#primaryimage","url":"","contentUrl":""},{"@type":"BreadcrumbList","@id":"https:\/\/www.guiagratis.com.br\/index.php\/grupos-de-discussao\/#breadcrumb","itemListElement":[{"@type":"ListItem","position":1,"name":"In\u00edcio","item":"https:\/\/www.guiagratis.com.br\/"},{"@type":"ListItem","position":2,"name":"Grupos de Discuss\u00e3o"}]},{"@type":"WebSite","@id":"https:\/\/www.guiagratis.com.br\/#website","url":"https:\/\/www.guiagratis.com.br\/","name":"Guia Gr\u00e1tis - guia de servi\u00e7os gr\u00e1tis","description":"","publisher":{"@id":"https:\/\/www.guiagratis.com.br\/#organization"},"potentialAction":[{"@type":"SearchAction","target":{"@type":"EntryPoint","urlTemplate":"https:\/\/www.guiagratis.com.br\/?s={search_term_string}"},"query-input":{"@type":"PropertyValueSpecification","valueRequired":true,"valueName":"search_term_string"}}],"inLanguage":"pt-BR"},{"@type":"Organization","@id":"https:\/\/www.guiagratis.com.br\/#organization","name":"Guia Gr\u00e1tis - guia de servi\u00e7os gr\u00e1tis","url":"https:\/\/www.guiagratis.com.br\/","logo":{"@type":"ImageObject","inLanguage":"pt-BR","@id":"https:\/\/www.guiagratis.com.br\/#\/schema\/logo\/image\/","url":"https:\/\/www.guiagratis.com.br\/wp-content\/uploads\/2025\/05\/cropped-logo.gif","contentUrl":"https:\/\/www.guiagratis.com.br\/wp-content\/uploads\/2025\/05\/cropped-logo.gif","width":175,"height":88,"caption":"Guia Gr\u00e1tis - guia de servi\u00e7os gr\u00e1tis"},"image":{"@id":"https:\/\/www.guiagratis.com.br\/#\/schema\/logo\/image\/"},"sameAs":["https:\/\/www.facebook.com\/guiagratis","https:\/\/x.com\/siteguiagratis"]}]}},"_links":{"self":[{"href":"https:\/\/www.guiagratis.com.br\/index.php\/wp-json\/wp\/v2\/pages\/3093","targetHints":{"allow":["GET"]}}],"collection":[{"href":"https:\/\/www.guiagratis.com.br\/index.php\/wp-json\/wp\/v2\/pages"}],"about":[{"href":"https:\/\/www.guiagratis.com.br\/index.php\/wp-json\/wp\/v2\/types\/page"}],"author":[{"embeddable":true,"href":"https:\/\/www.guiagratis.com.br\/index.php\/wp-json\/wp\/v2\/users\/2"}],"replies":[{"embeddable":true,"href":"https:\/\/www.guiagratis.com.br\/index.php\/wp-json\/wp\/v2\/comments?post=3093"}],"version-history":[{"count":2,"href":"https:\/\/www.guiagratis.com.br\/index.php\/wp-json\/wp\/v2\/pages\/3093\/revisions"}],"predecessor-version":[{"id":4926,"href":"https:\/\/www.guiagratis.com.br\/index.php\/wp-json\/wp\/v2\/pages\/3093\/revisions\/4926"}],"wp:featuredmedia":[{"embeddable":true,"href":"https:\/\/www.guiagratis.com.br\/index.php\/wp-json\/"}],"wp:attachment":[{"href":"https:\/\/www.guiagratis.com.br\/index.php\/wp-json\/wp\/v2\/media?parent=3093"}],"curies":[{"name":"wp","href":"https:\/\/api.w.org\/{rel}","templated":true}]}}