{"id":3099,"date":"2025-07-11T04:29:04","date_gmt":"2025-07-11T07:29:04","guid":{"rendered":"https:\/\/www.guiagratis.com.br\/?page_id=3099"},"modified":"2025-07-13T16:05:45","modified_gmt":"2025-07-13T19:05:45","slug":"imagens-vetoriais-gratis","status":"publish","type":"page","link":"https:\/\/www.guiagratis.com.br\/index.php\/imagens-vetoriais-gratis\/","title":{"rendered":"Imagens Vetoriais Gr\u00e1tis"},"content":{"rendered":"<p style=\"text-align: justify;\"><img loading=\"lazy\" decoding=\"async\" class=\"size-medium wp-image-4263 alignleft\" src=\"http:\/\/guiagratis.com.br\/wp-content\/uploads\/2018\/09\/imagens-vetoriais-1-300x158.jpg\" alt=\"imagens vetoriais\" width=\"300\" height=\"158\" \/>Procurando arquivos de imagens vetoriais gratuitos para usar em algum projeto seu? Nos sites que selecionados que listamos nesta se\u00e7\u00e3o voc\u00ea\u00a0vai encontrar muitos vetores gr\u00e1tis para download sobre os mais variados temas. Alguns dos sites oferecem arquivos .ai, outros .eps e ainda h\u00e1 alguns com arquivos .cdr.<\/p>\n<p><!-------------------- PREFERIDOS --------------------><\/p>\n<h2 style=\"text-align: center;\"><span style=\"color: #cc3300;\">Os Preferidos de Nossa Equipe<\/span><\/h2>\n<p><!--------------------123FREEVECTORS --------------------><\/p>\n<h2 style=\"text-align: justify;\">123FreeVectors<\/h2>\n<p style=\"text-align: justify;\">Grande cole\u00e7\u00e3o de imagens vetoriais para download gr\u00e1tis. Vector Art, gr\u00e1ficos, ilustra\u00e7\u00f5es, wallpapers e v\u00e1rias outras categorias.<\/p>\n<p style=\"text-align: justify;\"><a title=\"123FreeVectors\" href=\"https:\/\/www.123freevectors.com\/\" target=\"_blank\" rel=\"noopener noreferrer\">https:\/\/www.123freevectors.com\/<\/a><\/p>\n<p><!-------------------- FREEPIK --------------------><\/p>\n<h2 style=\"text-align: justify;\">FreePik<\/h2>\n<p style=\"text-align: justify;\">Um dos mais populares sites para download de imagens vetoriais gr\u00e1tis e n\u00e3o \u00e9 por acaso, o volume de imagens oferecido pelo site \u00e9 imenso, s\u00e3o mais de 1 milh\u00e3o de arquivos gratuitos.<\/p>\n<p style=\"text-align: justify;\"><a title=\"FreePik\" href=\"https:\/\/freepik.com\/\" target=\"_blank\" rel=\"noopener noreferrer\">https:\/\/freepik.com<\/a><\/p>\n<p><!-------------------- STOCKIO --------------------><\/p>\n<h2 style=\"text-align: justify;\">Stockio<\/h2>\n<p style=\"text-align: justify;\">Imagens vetoriais edit\u00e1veis de alta qualidade al\u00e9m de fotos, \u00edcones e v\u00eddeos. Criando uma conta no site voc\u00ea ainda pode manter seu portfolio de downloads.<\/p>\n<p style=\"text-align: justify;\"><a title=\"Stockio\" href=\"https:\/\/www.stockio.com\/free-vectors\/\">https:\/\/www.stockio.com\/free-vectors\/<\/a><\/p>\n<p><!-------------------- OUTRAS BOAS OP\u00c7\u00d5ES --------------------><\/p>\n<h2 style=\"text-align: center;\"><span style=\"color: #cc3300;\">Outras Boas Op\u00e7\u00f5es<\/span><\/h2>\n<p><!-------------------- VECTOR4FREE --------------------><\/p>\n<h2 style=\"text-align: justify;\">Vector4Free<\/h2>\n<p style=\"text-align: justify;\">Grande cole\u00e7\u00e3o de gr\u00e1ficos e imagens vetoriais art\u00edsticas para usar como base em suas cria\u00e7\u00f5es. Voc\u00ea pode usar os arquivos em seus projetos na web, em impressos ou mesmo para criar uma camiseta exclusiva. \u00c9 s\u00f3 fazer o download e aproveitar.<\/p>\n<p style=\"text-align: justify;\"><a title=\"Vectors4Free\" href=\"https:\/\/vector4free.com\/\">https:\/\/vector4free.com<\/a><\/p>\n<p><!-------------------- VECTORSTOCK --------------------><\/p>\n<h2 style=\"text-align: justify;\">VectorStock<\/h2>\n<p style=\"text-align: justify;\">Fa\u00e7a download gratuito de imagens vetoriais nas mais diversas categorias, como gr\u00e1ficos, s\u00edmbolos, silhuetas e muitas outras.<\/p>\n<p style=\"text-align: justify;\"><a title=\"VectorStock\" href=\"https:\/\/www.vectorstock.com\/free-vectors\">https:\/\/www.vectorstock.com\/free-vectors<\/a><\/p>\n","protected":false},"excerpt":{"rendered":"<p>Procurando arquivos de imagens vetoriais gratuitos para usar em algum projeto seu? Nos sites que selecionados que listamos nesta se\u00e7\u00e3o voc\u00ea\u00a0vai encontrar muitos vetores gr\u00e1tis para download sobre os mais variados temas. Alguns dos sites oferecem arquivos .ai, outros .eps e ainda h\u00e1 alguns com arquivos .cdr. Os Preferidos de Nossa Equipe 123FreeVectors Grande cole\u00e7\u00e3o &hellip; <\/p>\n","protected":false},"author":2,"featured_media":4263,"parent":0,"menu_order":0,"comment_status":"closed","ping_status":"closed","template":"","meta":{"footnotes":""},"class_list":["post-3099","page","type-page","status-publish","has-post-thumbnail","hentry","entry"],"yoast_head":"<!-- This site is optimized with the Yoast SEO plugin v27.5 - https:\/\/yoast.com\/product\/yoast-seo-wordpress\/ -->\n<title>Imagens Vetoriais Gr\u00e1tis - Guia Gr\u00e1tis - guia de servi\u00e7os gr\u00e1tis<\/title>\n<meta name=\"description\" content=\"Procurando imagens vetoriais gr\u00e1tis para usar em algum projeto seu? Nos sites desta se\u00e7\u00e3o voc\u00ea encontra muitos vetores para download gratuito.\" \/>\n<meta name=\"robots\" content=\"index, follow, max-snippet:-1, max-image-preview:large, max-video-preview:-1\" \/>\n<link rel=\"canonical\" href=\"https:\/\/www.guiagratis.com.br\/index.php\/imagens-vetoriais-gratis\/\" \/>\n<meta property=\"og:locale\" content=\"pt_BR\" \/>\n<meta property=\"og:type\" content=\"article\" \/>\n<meta property=\"og:title\" content=\"Imagens Vetoriais Gr\u00e1tis - Guia Gr\u00e1tis - guia de servi\u00e7os gr\u00e1tis\" \/>\n<meta property=\"og:description\" content=\"Procurando imagens vetoriais gr\u00e1tis para usar em algum projeto seu? Nos sites desta se\u00e7\u00e3o voc\u00ea encontra muitos vetores para download gratuito.\" \/>\n<meta property=\"og:url\" content=\"https:\/\/www.guiagratis.com.br\/index.php\/imagens-vetoriais-gratis\/\" \/>\n<meta property=\"og:site_name\" content=\"Guia Gr\u00e1tis - guia de servi\u00e7os gr\u00e1tis\" \/>\n<meta property=\"article:publisher\" content=\"https:\/\/www.facebook.com\/guiagratis\" \/>\n<meta property=\"article:modified_time\" content=\"2025-07-13T19:05:45+00:00\" \/>\n<meta name=\"twitter:card\" content=\"summary_large_image\" \/>\n<meta name=\"twitter:site\" content=\"@siteguiagratis\" \/>\n<meta name=\"twitter:label1\" content=\"Est. tempo de leitura\" \/>\n\t<meta name=\"twitter:data1\" content=\"2 minutos\" \/>\n<script type=\"application\/ld+json\" class=\"yoast-schema-graph\">{\"@context\":\"https:\\\/\\\/schema.org\",\"@graph\":[{\"@type\":\"WebPage\",\"@id\":\"https:\\\/\\\/www.guiagratis.com.br\\\/index.php\\\/imagens-vetoriais-gratis\\\/\",\"url\":\"https:\\\/\\\/www.guiagratis.com.br\\\/index.php\\\/imagens-vetoriais-gratis\\\/\",\"name\":\"Imagens Vetoriais Gr\u00e1tis - Guia Gr\u00e1tis - guia de servi\u00e7os gr\u00e1tis\",\"isPartOf\":{\"@id\":\"https:\\\/\\\/www.guiagratis.com.br\\\/#website\"},\"primaryImageOfPage\":{\"@id\":\"https:\\\/\\\/www.guiagratis.com.br\\\/index.php\\\/imagens-vetoriais-gratis\\\/#primaryimage\"},\"image\":{\"@id\":\"https:\\\/\\\/www.guiagratis.com.br\\\/index.php\\\/imagens-vetoriais-gratis\\\/#primaryimage\"},\"thumbnailUrl\":\"\",\"datePublished\":\"2025-07-11T07:29:04+00:00\",\"dateModified\":\"2025-07-13T19:05:45+00:00\",\"description\":\"Procurando imagens vetoriais gr\u00e1tis para usar em algum projeto seu? Nos sites desta se\u00e7\u00e3o voc\u00ea encontra muitos vetores para download gratuito.\",\"breadcrumb\":{\"@id\":\"https:\\\/\\\/www.guiagratis.com.br\\\/index.php\\\/imagens-vetoriais-gratis\\\/#breadcrumb\"},\"inLanguage\":\"pt-BR\",\"potentialAction\":[{\"@type\":\"ReadAction\",\"target\":[\"https:\\\/\\\/www.guiagratis.com.br\\\/index.php\\\/imagens-vetoriais-gratis\\\/\"]}]},{\"@type\":\"ImageObject\",\"inLanguage\":\"pt-BR\",\"@id\":\"https:\\\/\\\/www.guiagratis.com.br\\\/index.php\\\/imagens-vetoriais-gratis\\\/#primaryimage\",\"url\":\"\",\"contentUrl\":\"\"},{\"@type\":\"BreadcrumbList\",\"@id\":\"https:\\\/\\\/www.guiagratis.com.br\\\/index.php\\\/imagens-vetoriais-gratis\\\/#breadcrumb\",\"itemListElement\":[{\"@type\":\"ListItem\",\"position\":1,\"name\":\"In\u00edcio\",\"item\":\"https:\\\/\\\/www.guiagratis.com.br\\\/\"},{\"@type\":\"ListItem\",\"position\":2,\"name\":\"Imagens Vetoriais Gr\u00e1tis\"}]},{\"@type\":\"WebSite\",\"@id\":\"https:\\\/\\\/www.guiagratis.com.br\\\/#website\",\"url\":\"https:\\\/\\\/www.guiagratis.com.br\\\/\",\"name\":\"Guia Gr\u00e1tis - guia de servi\u00e7os gr\u00e1tis\",\"description\":\"\",\"publisher\":{\"@id\":\"https:\\\/\\\/www.guiagratis.com.br\\\/#organization\"},\"potentialAction\":[{\"@type\":\"SearchAction\",\"target\":{\"@type\":\"EntryPoint\",\"urlTemplate\":\"https:\\\/\\\/www.guiagratis.com.br\\\/?s={search_term_string}\"},\"query-input\":{\"@type\":\"PropertyValueSpecification\",\"valueRequired\":true,\"valueName\":\"search_term_string\"}}],\"inLanguage\":\"pt-BR\"},{\"@type\":\"Organization\",\"@id\":\"https:\\\/\\\/www.guiagratis.com.br\\\/#organization\",\"name\":\"Guia Gr\u00e1tis - guia de servi\u00e7os gr\u00e1tis\",\"url\":\"https:\\\/\\\/www.guiagratis.com.br\\\/\",\"logo\":{\"@type\":\"ImageObject\",\"inLanguage\":\"pt-BR\",\"@id\":\"https:\\\/\\\/www.guiagratis.com.br\\\/#\\\/schema\\\/logo\\\/image\\\/\",\"url\":\"https:\\\/\\\/www.guiagratis.com.br\\\/wp-content\\\/uploads\\\/2025\\\/05\\\/cropped-logo.gif\",\"contentUrl\":\"https:\\\/\\\/www.guiagratis.com.br\\\/wp-content\\\/uploads\\\/2025\\\/05\\\/cropped-logo.gif\",\"width\":175,\"height\":88,\"caption\":\"Guia Gr\u00e1tis - guia de servi\u00e7os gr\u00e1tis\"},\"image\":{\"@id\":\"https:\\\/\\\/www.guiagratis.com.br\\\/#\\\/schema\\\/logo\\\/image\\\/\"},\"sameAs\":[\"https:\\\/\\\/www.facebook.com\\\/guiagratis\",\"https:\\\/\\\/x.com\\\/siteguiagratis\"]}]}<\/script>\n<!-- \/ Yoast SEO plugin. -->","yoast_head_json":{"title":"Imagens Vetoriais Gr\u00e1tis - Guia Gr\u00e1tis - guia de servi\u00e7os gr\u00e1tis","description":"Procurando imagens vetoriais gr\u00e1tis para usar em algum projeto seu? Nos sites desta se\u00e7\u00e3o voc\u00ea encontra muitos vetores para download gratuito.","robots":{"index":"index","follow":"follow","max-snippet":"max-snippet:-1","max-image-preview":"max-image-preview:large","max-video-preview":"max-video-preview:-1"},"canonical":"https:\/\/www.guiagratis.com.br\/index.php\/imagens-vetoriais-gratis\/","og_locale":"pt_BR","og_type":"article","og_title":"Imagens Vetoriais Gr\u00e1tis - Guia Gr\u00e1tis - guia de servi\u00e7os gr\u00e1tis","og_description":"Procurando imagens vetoriais gr\u00e1tis para usar em algum projeto seu? Nos sites desta se\u00e7\u00e3o voc\u00ea encontra muitos vetores para download gratuito.","og_url":"https:\/\/www.guiagratis.com.br\/index.php\/imagens-vetoriais-gratis\/","og_site_name":"Guia Gr\u00e1tis - guia de servi\u00e7os gr\u00e1tis","article_publisher":"https:\/\/www.facebook.com\/guiagratis","article_modified_time":"2025-07-13T19:05:45+00:00","twitter_card":"summary_large_image","twitter_site":"@siteguiagratis","twitter_misc":{"Est. tempo de leitura":"2 minutos"},"schema":{"@context":"https:\/\/schema.org","@graph":[{"@type":"WebPage","@id":"https:\/\/www.guiagratis.com.br\/index.php\/imagens-vetoriais-gratis\/","url":"https:\/\/www.guiagratis.com.br\/index.php\/imagens-vetoriais-gratis\/","name":"Imagens Vetoriais Gr\u00e1tis - Guia Gr\u00e1tis - guia de servi\u00e7os gr\u00e1tis","isPartOf":{"@id":"https:\/\/www.guiagratis.com.br\/#website"},"primaryImageOfPage":{"@id":"https:\/\/www.guiagratis.com.br\/index.php\/imagens-vetoriais-gratis\/#primaryimage"},"image":{"@id":"https:\/\/www.guiagratis.com.br\/index.php\/imagens-vetoriais-gratis\/#primaryimage"},"thumbnailUrl":"","datePublished":"2025-07-11T07:29:04+00:00","dateModified":"2025-07-13T19:05:45+00:00","description":"Procurando imagens vetoriais gr\u00e1tis para usar em algum projeto seu? Nos sites desta se\u00e7\u00e3o voc\u00ea encontra muitos vetores para download gratuito.","breadcrumb":{"@id":"https:\/\/www.guiagratis.com.br\/index.php\/imagens-vetoriais-gratis\/#breadcrumb"},"inLanguage":"pt-BR","potentialAction":[{"@type":"ReadAction","target":["https:\/\/www.guiagratis.com.br\/index.php\/imagens-vetoriais-gratis\/"]}]},{"@type":"ImageObject","inLanguage":"pt-BR","@id":"https:\/\/www.guiagratis.com.br\/index.php\/imagens-vetoriais-gratis\/#primaryimage","url":"","contentUrl":""},{"@type":"BreadcrumbList","@id":"https:\/\/www.guiagratis.com.br\/index.php\/imagens-vetoriais-gratis\/#breadcrumb","itemListElement":[{"@type":"ListItem","position":1,"name":"In\u00edcio","item":"https:\/\/www.guiagratis.com.br\/"},{"@type":"ListItem","position":2,"name":"Imagens Vetoriais Gr\u00e1tis"}]},{"@type":"WebSite","@id":"https:\/\/www.guiagratis.com.br\/#website","url":"https:\/\/www.guiagratis.com.br\/","name":"Guia Gr\u00e1tis - guia de servi\u00e7os gr\u00e1tis","description":"","publisher":{"@id":"https:\/\/www.guiagratis.com.br\/#organization"},"potentialAction":[{"@type":"SearchAction","target":{"@type":"EntryPoint","urlTemplate":"https:\/\/www.guiagratis.com.br\/?s={search_term_string}"},"query-input":{"@type":"PropertyValueSpecification","valueRequired":true,"valueName":"search_term_string"}}],"inLanguage":"pt-BR"},{"@type":"Organization","@id":"https:\/\/www.guiagratis.com.br\/#organization","name":"Guia Gr\u00e1tis - guia de servi\u00e7os gr\u00e1tis","url":"https:\/\/www.guiagratis.com.br\/","logo":{"@type":"ImageObject","inLanguage":"pt-BR","@id":"https:\/\/www.guiagratis.com.br\/#\/schema\/logo\/image\/","url":"https:\/\/www.guiagratis.com.br\/wp-content\/uploads\/2025\/05\/cropped-logo.gif","contentUrl":"https:\/\/www.guiagratis.com.br\/wp-content\/uploads\/2025\/05\/cropped-logo.gif","width":175,"height":88,"caption":"Guia Gr\u00e1tis - guia de servi\u00e7os gr\u00e1tis"},"image":{"@id":"https:\/\/www.guiagratis.com.br\/#\/schema\/logo\/image\/"},"sameAs":["https:\/\/www.facebook.com\/guiagratis","https:\/\/x.com\/siteguiagratis"]}]}},"_links":{"self":[{"href":"https:\/\/www.guiagratis.com.br\/index.php\/wp-json\/wp\/v2\/pages\/3099","targetHints":{"allow":["GET"]}}],"collection":[{"href":"https:\/\/www.guiagratis.com.br\/index.php\/wp-json\/wp\/v2\/pages"}],"about":[{"href":"https:\/\/www.guiagratis.com.br\/index.php\/wp-json\/wp\/v2\/types\/page"}],"author":[{"embeddable":true,"href":"https:\/\/www.guiagratis.com.br\/index.php\/wp-json\/wp\/v2\/users\/2"}],"replies":[{"embeddable":true,"href":"https:\/\/www.guiagratis.com.br\/index.php\/wp-json\/wp\/v2\/comments?post=3099"}],"version-history":[{"count":2,"href":"https:\/\/www.guiagratis.com.br\/index.php\/wp-json\/wp\/v2\/pages\/3099\/revisions"}],"predecessor-version":[{"id":4940,"href":"https:\/\/www.guiagratis.com.br\/index.php\/wp-json\/wp\/v2\/pages\/3099\/revisions\/4940"}],"wp:featuredmedia":[{"embeddable":true,"href":"https:\/\/www.guiagratis.com.br\/index.php\/wp-json\/"}],"wp:attachment":[{"href":"https:\/\/www.guiagratis.com.br\/index.php\/wp-json\/wp\/v2\/media?parent=3099"}],"curies":[{"name":"wp","href":"https:\/\/api.w.org\/{rel}","templated":true}]}}