{"id":3110,"date":"2025-07-11T04:50:21","date_gmt":"2025-07-11T07:50:21","guid":{"rendered":"https:\/\/www.guiagratis.com.br\/?page_id=3110"},"modified":"2025-07-13T00:07:30","modified_gmt":"2025-07-13T03:07:30","slug":"humor-e-charges","status":"publish","type":"page","link":"https:\/\/www.guiagratis.com.br\/index.php\/humor-e-charges\/","title":{"rendered":"Humor e Charges"},"content":{"rendered":"<p><img loading=\"lazy\" decoding=\"async\" class=\"size-medium wp-image-4246 alignleft\" src=\"http:\/\/guiagratis.com.br\/wp-content\/uploads\/2018\/09\/humor-1-300x158.jpg\" alt=\"humor e charges\" width=\"300\" height=\"158\" \/><\/p>\n<p style=\"text-align: justify;\">Existem aqueles momentos em que todos precisam &#8220;esfriar a cabe\u00e7a&#8221; e relaxar um pouco. Foi pensando nessas horas que criamos esta se\u00e7\u00e3o com diversos sites e canais de v\u00eddeos de humor especialmente selecionados. Nossa equipe pesquisa constantemente e sempre temos novidades por aqui, n\u00e3o deixe de conferir.<\/p>\n<p><!-------------------- FAVORITOS --------------------><\/p>\n<h2 style=\"text-align: center;\"><span style=\"color: #cc3300;\">Favoritos de Nossa Equipe<\/span><\/h2>\n<p><!-------------------- HIP\u00d3CRITAS --------------------><\/p>\n<h2 style=\"text-align: justify;\">Hip\u00f3critas<\/h2>\n<p style=\"text-align: justify;\">Canal humor\u00edstico com uma proposta de humor limpo e excelentes sacadas sobre pol\u00edtica. Esteve um tempo sem publicar v\u00eddeos por problemas com censura mas voltou recentemente a publicar v\u00eddeos novos sempre que poss\u00edvel..<\/p>\n<p style=\"text-align: justify;\"><a title=\"Canal Hip\u00f3critas\" href=\"https:\/\/www.youtube.com\/user\/canalhipocritas\" target=\"_blank\" rel=\"noopener noreferrer\">https:\/\/www.youtube.com\/user\/canalhipocritas<\/a><\/p>\n<p><!------------------- JANSEN SERRA --------------------><\/p>\n<h2 style=\"text-align: justify;\">Jansen Serra<\/h2>\n<p style=\"text-align: justify;\">Canal de v\u00eddeos de humor mantido pelo humorista de standup Jansen Serra. O canal tem relativamente poucos incritos, o que n\u00e3o conseguimos entender, pois \u00e9 \u00f3timo.<\/p>\n<p style=\"text-align: justify;\"><a title=\"Jansen Serra\" href=\"https:\/\/www.youtube.com\/jansenserra\" target=\"_blank\" rel=\"noopener noreferrer\">https:\/\/www.youtube.com\/jansenserra\/<\/a><\/p>\n<p><!-------------------- FAVORITOS --------------------><\/p>\n<h2 style=\"text-align: center;\"><span style=\"color: #cc3300;\">Outras Boas Op\u00e7\u00f5es<\/span><\/h2>\n<p><!-------------------- DIOGO PORTUGAL --------------------><\/p>\n<h2 style=\"text-align: justify;\">Diogo Portugal<\/h2>\n<p style=\"text-align: justify;\">Canal de humor do humorista de standup Diogo Portugal que apresenta textos de autoria pr\u00f3pria e interpreta diversos personagens.<\/p>\n<p style=\"text-align: justify;\"><a title=\"Diogo Portugal\" href=\"https:\/\/www.youtube.com\/channel\/UCdoXcL2QB124DhaXBZgDFvw\" target=\"_blank\" rel=\"noopener noreferrer\">https:\/\/www.youtube.com\/channel\/UCdoXcL2QB124DhaXBZgDFvw<\/a><\/p>\n<p><!-------------------- EMERSON CEAR\u00c1 --------------------><\/p>\n<h2 style=\"text-align: justify;\">Emerson Cear\u00e1<\/h2>\n<p style=\"text-align: justify;\">Canal de v\u00eddeos de humor mantido pelo humorista de standup Emerson Cear\u00e1. Atualizado frequentemente. Vale a pena conferir.<\/p>\n<p style=\"text-align: justify;\"><a title=\"Emerson Cear\u00e1\" href=\"https:\/\/www.youtube.com\/channel\/UCrR4CWbaNgtDCh1EoNdgp-g\/\" target=\"_blank\" rel=\"noopener noreferrer\">https:\/\/www.youtube.com\/channel\/UCrR4CWbaNgtDCh1EoNdgp-g\/<\/a><\/p>\n<p><!-------------------- S\u00d3 RISOS --------------------><\/p>\n<h2 style=\"text-align: justify;\">S\u00f3 Risos<\/h2>\n<p style=\"text-align: justify;\">Canal paraibano de humor com v\u00eddeos baseados em piadas de dom\u00ednio p\u00fablico. Publica v\u00e1rios novos v\u00eddeos por semana.<\/p>\n<p style=\"text-align: justify;\"><a title=\"Canal S\u00f3 Risos\" href=\"https:\/\/www.youtube.com\/user\/canalsorisoshumor\/\" target=\"_blank\" rel=\"noopener noreferrer\">https:\/\/www.youtube.com\/user\/canalsorisoshumor\/<\/a><\/p>\n","protected":false},"excerpt":{"rendered":"<p>Existem aqueles momentos em que todos precisam &#8220;esfriar a cabe\u00e7a&#8221; e relaxar um pouco. Foi pensando nessas horas que criamos esta se\u00e7\u00e3o com diversos sites e canais de v\u00eddeos de humor especialmente selecionados. Nossa equipe pesquisa constantemente e sempre temos novidades por aqui, n\u00e3o deixe de conferir. Favoritos de Nossa Equipe Hip\u00f3critas Canal humor\u00edstico com &hellip; <\/p>\n","protected":false},"author":2,"featured_media":4246,"parent":0,"menu_order":0,"comment_status":"closed","ping_status":"closed","template":"","meta":{"footnotes":""},"class_list":["post-3110","page","type-page","status-publish","has-post-thumbnail","hentry","entry"],"yoast_head":"<!-- This site is optimized with the Yoast SEO plugin v27.5 - https:\/\/yoast.com\/product\/yoast-seo-wordpress\/ -->\n<title>Humor e Charges - Guia Gr\u00e1tis - guia de servi\u00e7os gr\u00e1tis<\/title>\n<meta name=\"description\" content=\"Confira os sites de humor que selecionamos para aqueles momentos em que voc\u00ea precisa relaxar e \u201cesfriar a cabe\u00e7a\u201d. Novos sites ser\u00e3o adicionados em breve.\" \/>\n<meta name=\"robots\" content=\"index, follow, max-snippet:-1, max-image-preview:large, max-video-preview:-1\" \/>\n<link rel=\"canonical\" href=\"https:\/\/www.guiagratis.com.br\/index.php\/humor-e-charges\/\" \/>\n<meta property=\"og:locale\" content=\"pt_BR\" \/>\n<meta property=\"og:type\" content=\"article\" \/>\n<meta property=\"og:title\" content=\"Humor e Charges - Guia Gr\u00e1tis - guia de servi\u00e7os gr\u00e1tis\" \/>\n<meta property=\"og:description\" content=\"Confira os sites de humor que selecionamos para aqueles momentos em que voc\u00ea precisa relaxar e \u201cesfriar a cabe\u00e7a\u201d. Novos sites ser\u00e3o adicionados em breve.\" \/>\n<meta property=\"og:url\" content=\"https:\/\/www.guiagratis.com.br\/index.php\/humor-e-charges\/\" \/>\n<meta property=\"og:site_name\" content=\"Guia Gr\u00e1tis - guia de servi\u00e7os gr\u00e1tis\" \/>\n<meta property=\"article:publisher\" content=\"https:\/\/www.facebook.com\/guiagratis\" \/>\n<meta property=\"article:modified_time\" content=\"2025-07-13T03:07:30+00:00\" \/>\n<meta name=\"twitter:card\" content=\"summary_large_image\" \/>\n<meta name=\"twitter:site\" content=\"@siteguiagratis\" \/>\n<meta name=\"twitter:label1\" content=\"Est. tempo de leitura\" \/>\n\t<meta name=\"twitter:data1\" content=\"2 minutos\" \/>\n<script type=\"application\/ld+json\" class=\"yoast-schema-graph\">{\"@context\":\"https:\\\/\\\/schema.org\",\"@graph\":[{\"@type\":\"WebPage\",\"@id\":\"https:\\\/\\\/www.guiagratis.com.br\\\/index.php\\\/humor-e-charges\\\/\",\"url\":\"https:\\\/\\\/www.guiagratis.com.br\\\/index.php\\\/humor-e-charges\\\/\",\"name\":\"Humor e Charges - Guia Gr\u00e1tis - guia de servi\u00e7os gr\u00e1tis\",\"isPartOf\":{\"@id\":\"https:\\\/\\\/www.guiagratis.com.br\\\/#website\"},\"primaryImageOfPage\":{\"@id\":\"https:\\\/\\\/www.guiagratis.com.br\\\/index.php\\\/humor-e-charges\\\/#primaryimage\"},\"image\":{\"@id\":\"https:\\\/\\\/www.guiagratis.com.br\\\/index.php\\\/humor-e-charges\\\/#primaryimage\"},\"thumbnailUrl\":\"\",\"datePublished\":\"2025-07-11T07:50:21+00:00\",\"dateModified\":\"2025-07-13T03:07:30+00:00\",\"description\":\"Confira os sites de humor que selecionamos para aqueles momentos em que voc\u00ea precisa relaxar e \u201cesfriar a cabe\u00e7a\u201d. Novos sites ser\u00e3o adicionados em breve.\",\"breadcrumb\":{\"@id\":\"https:\\\/\\\/www.guiagratis.com.br\\\/index.php\\\/humor-e-charges\\\/#breadcrumb\"},\"inLanguage\":\"pt-BR\",\"potentialAction\":[{\"@type\":\"ReadAction\",\"target\":[\"https:\\\/\\\/www.guiagratis.com.br\\\/index.php\\\/humor-e-charges\\\/\"]}]},{\"@type\":\"ImageObject\",\"inLanguage\":\"pt-BR\",\"@id\":\"https:\\\/\\\/www.guiagratis.com.br\\\/index.php\\\/humor-e-charges\\\/#primaryimage\",\"url\":\"\",\"contentUrl\":\"\"},{\"@type\":\"BreadcrumbList\",\"@id\":\"https:\\\/\\\/www.guiagratis.com.br\\\/index.php\\\/humor-e-charges\\\/#breadcrumb\",\"itemListElement\":[{\"@type\":\"ListItem\",\"position\":1,\"name\":\"In\u00edcio\",\"item\":\"https:\\\/\\\/www.guiagratis.com.br\\\/\"},{\"@type\":\"ListItem\",\"position\":2,\"name\":\"Humor e Charges\"}]},{\"@type\":\"WebSite\",\"@id\":\"https:\\\/\\\/www.guiagratis.com.br\\\/#website\",\"url\":\"https:\\\/\\\/www.guiagratis.com.br\\\/\",\"name\":\"Guia Gr\u00e1tis - guia de servi\u00e7os gr\u00e1tis\",\"description\":\"\",\"publisher\":{\"@id\":\"https:\\\/\\\/www.guiagratis.com.br\\\/#organization\"},\"potentialAction\":[{\"@type\":\"SearchAction\",\"target\":{\"@type\":\"EntryPoint\",\"urlTemplate\":\"https:\\\/\\\/www.guiagratis.com.br\\\/?s={search_term_string}\"},\"query-input\":{\"@type\":\"PropertyValueSpecification\",\"valueRequired\":true,\"valueName\":\"search_term_string\"}}],\"inLanguage\":\"pt-BR\"},{\"@type\":\"Organization\",\"@id\":\"https:\\\/\\\/www.guiagratis.com.br\\\/#organization\",\"name\":\"Guia Gr\u00e1tis - guia de servi\u00e7os gr\u00e1tis\",\"url\":\"https:\\\/\\\/www.guiagratis.com.br\\\/\",\"logo\":{\"@type\":\"ImageObject\",\"inLanguage\":\"pt-BR\",\"@id\":\"https:\\\/\\\/www.guiagratis.com.br\\\/#\\\/schema\\\/logo\\\/image\\\/\",\"url\":\"https:\\\/\\\/www.guiagratis.com.br\\\/wp-content\\\/uploads\\\/2025\\\/05\\\/cropped-logo.gif\",\"contentUrl\":\"https:\\\/\\\/www.guiagratis.com.br\\\/wp-content\\\/uploads\\\/2025\\\/05\\\/cropped-logo.gif\",\"width\":175,\"height\":88,\"caption\":\"Guia Gr\u00e1tis - guia de servi\u00e7os gr\u00e1tis\"},\"image\":{\"@id\":\"https:\\\/\\\/www.guiagratis.com.br\\\/#\\\/schema\\\/logo\\\/image\\\/\"},\"sameAs\":[\"https:\\\/\\\/www.facebook.com\\\/guiagratis\",\"https:\\\/\\\/x.com\\\/siteguiagratis\"]}]}<\/script>\n<!-- \/ Yoast SEO plugin. -->","yoast_head_json":{"title":"Humor e Charges - Guia Gr\u00e1tis - guia de servi\u00e7os gr\u00e1tis","description":"Confira os sites de humor que selecionamos para aqueles momentos em que voc\u00ea precisa relaxar e \u201cesfriar a cabe\u00e7a\u201d. Novos sites ser\u00e3o adicionados em breve.","robots":{"index":"index","follow":"follow","max-snippet":"max-snippet:-1","max-image-preview":"max-image-preview:large","max-video-preview":"max-video-preview:-1"},"canonical":"https:\/\/www.guiagratis.com.br\/index.php\/humor-e-charges\/","og_locale":"pt_BR","og_type":"article","og_title":"Humor e Charges - Guia Gr\u00e1tis - guia de servi\u00e7os gr\u00e1tis","og_description":"Confira os sites de humor que selecionamos para aqueles momentos em que voc\u00ea precisa relaxar e \u201cesfriar a cabe\u00e7a\u201d. Novos sites ser\u00e3o adicionados em breve.","og_url":"https:\/\/www.guiagratis.com.br\/index.php\/humor-e-charges\/","og_site_name":"Guia Gr\u00e1tis - guia de servi\u00e7os gr\u00e1tis","article_publisher":"https:\/\/www.facebook.com\/guiagratis","article_modified_time":"2025-07-13T03:07:30+00:00","twitter_card":"summary_large_image","twitter_site":"@siteguiagratis","twitter_misc":{"Est. tempo de leitura":"2 minutos"},"schema":{"@context":"https:\/\/schema.org","@graph":[{"@type":"WebPage","@id":"https:\/\/www.guiagratis.com.br\/index.php\/humor-e-charges\/","url":"https:\/\/www.guiagratis.com.br\/index.php\/humor-e-charges\/","name":"Humor e Charges - Guia Gr\u00e1tis - guia de servi\u00e7os gr\u00e1tis","isPartOf":{"@id":"https:\/\/www.guiagratis.com.br\/#website"},"primaryImageOfPage":{"@id":"https:\/\/www.guiagratis.com.br\/index.php\/humor-e-charges\/#primaryimage"},"image":{"@id":"https:\/\/www.guiagratis.com.br\/index.php\/humor-e-charges\/#primaryimage"},"thumbnailUrl":"","datePublished":"2025-07-11T07:50:21+00:00","dateModified":"2025-07-13T03:07:30+00:00","description":"Confira os sites de humor que selecionamos para aqueles momentos em que voc\u00ea precisa relaxar e \u201cesfriar a cabe\u00e7a\u201d. Novos sites ser\u00e3o adicionados em breve.","breadcrumb":{"@id":"https:\/\/www.guiagratis.com.br\/index.php\/humor-e-charges\/#breadcrumb"},"inLanguage":"pt-BR","potentialAction":[{"@type":"ReadAction","target":["https:\/\/www.guiagratis.com.br\/index.php\/humor-e-charges\/"]}]},{"@type":"ImageObject","inLanguage":"pt-BR","@id":"https:\/\/www.guiagratis.com.br\/index.php\/humor-e-charges\/#primaryimage","url":"","contentUrl":""},{"@type":"BreadcrumbList","@id":"https:\/\/www.guiagratis.com.br\/index.php\/humor-e-charges\/#breadcrumb","itemListElement":[{"@type":"ListItem","position":1,"name":"In\u00edcio","item":"https:\/\/www.guiagratis.com.br\/"},{"@type":"ListItem","position":2,"name":"Humor e Charges"}]},{"@type":"WebSite","@id":"https:\/\/www.guiagratis.com.br\/#website","url":"https:\/\/www.guiagratis.com.br\/","name":"Guia Gr\u00e1tis - guia de servi\u00e7os gr\u00e1tis","description":"","publisher":{"@id":"https:\/\/www.guiagratis.com.br\/#organization"},"potentialAction":[{"@type":"SearchAction","target":{"@type":"EntryPoint","urlTemplate":"https:\/\/www.guiagratis.com.br\/?s={search_term_string}"},"query-input":{"@type":"PropertyValueSpecification","valueRequired":true,"valueName":"search_term_string"}}],"inLanguage":"pt-BR"},{"@type":"Organization","@id":"https:\/\/www.guiagratis.com.br\/#organization","name":"Guia Gr\u00e1tis - guia de servi\u00e7os gr\u00e1tis","url":"https:\/\/www.guiagratis.com.br\/","logo":{"@type":"ImageObject","inLanguage":"pt-BR","@id":"https:\/\/www.guiagratis.com.br\/#\/schema\/logo\/image\/","url":"https:\/\/www.guiagratis.com.br\/wp-content\/uploads\/2025\/05\/cropped-logo.gif","contentUrl":"https:\/\/www.guiagratis.com.br\/wp-content\/uploads\/2025\/05\/cropped-logo.gif","width":175,"height":88,"caption":"Guia Gr\u00e1tis - guia de servi\u00e7os gr\u00e1tis"},"image":{"@id":"https:\/\/www.guiagratis.com.br\/#\/schema\/logo\/image\/"},"sameAs":["https:\/\/www.facebook.com\/guiagratis","https:\/\/x.com\/siteguiagratis"]}]}},"_links":{"self":[{"href":"https:\/\/www.guiagratis.com.br\/index.php\/wp-json\/wp\/v2\/pages\/3110","targetHints":{"allow":["GET"]}}],"collection":[{"href":"https:\/\/www.guiagratis.com.br\/index.php\/wp-json\/wp\/v2\/pages"}],"about":[{"href":"https:\/\/www.guiagratis.com.br\/index.php\/wp-json\/wp\/v2\/types\/page"}],"author":[{"embeddable":true,"href":"https:\/\/www.guiagratis.com.br\/index.php\/wp-json\/wp\/v2\/users\/2"}],"replies":[{"embeddable":true,"href":"https:\/\/www.guiagratis.com.br\/index.php\/wp-json\/wp\/v2\/comments?post=3110"}],"version-history":[{"count":6,"href":"https:\/\/www.guiagratis.com.br\/index.php\/wp-json\/wp\/v2\/pages\/3110\/revisions"}],"predecessor-version":[{"id":4935,"href":"https:\/\/www.guiagratis.com.br\/index.php\/wp-json\/wp\/v2\/pages\/3110\/revisions\/4935"}],"wp:featuredmedia":[{"embeddable":true,"href":"https:\/\/www.guiagratis.com.br\/index.php\/wp-json\/"}],"wp:attachment":[{"href":"https:\/\/www.guiagratis.com.br\/index.php\/wp-json\/wp\/v2\/media?parent=3110"}],"curies":[{"name":"wp","href":"https:\/\/api.w.org\/{rel}","templated":true}]}}