{"id":3118,"date":"2025-07-11T22:50:20","date_gmt":"2025-07-12T01:50:20","guid":{"rendered":"https:\/\/www.guiagratis.com.br\/?page_id=3118"},"modified":"2025-07-13T19:46:08","modified_gmt":"2025-07-13T22:46:08","slug":"jogos-online-gratis","status":"publish","type":"page","link":"https:\/\/www.guiagratis.com.br\/index.php\/jogos-online-gratis\/","title":{"rendered":"Jogos Online Gr\u00e1tis"},"content":{"rendered":"<p style=\"text-align: justify;\"><img loading=\"lazy\" decoding=\"async\" class=\"size-medium wp-image-4279 alignleft\" src=\"http:\/\/guiagratis.com.br\/wp-content\/uploads\/2018\/09\/jogos-online-1-300x158.jpg\" alt=\"jogos online\" width=\"300\" height=\"158\" \/>Aqui voc\u00ea encontra uma pequena sele\u00e7\u00e3o de sites de jogos online gr\u00e1tis para aqueles momentos em que deseja divertir-se com um bom site de games. Estamos sempre pesquisando novos links, ent\u00e3o volte sempre pois voc\u00ea sempre encontrar\u00e1 novidades. Se quiser voc\u00ea tamb\u00e9m pode <a href=\"https:\/\/www.guiagratis.com.br\/indicar-um-site\/\">sugerir<\/a> um site para esta se\u00e7\u00e3o.<\/p>\n<p><!-------------------- FAVORITOS --------------------><\/p>\n<h2 style=\"text-align: center;\"><span style=\"color: #cc3300;\">Favoritos de Nossa Equipe<\/span><\/h2>\n<p><!-------------------- GAME SHEEP --------------------><\/p>\n<h2 style=\"text-align: justify;\">Game Sheep<\/h2>\n<p style=\"text-align: justify;\">Um dos grandes sites norte-americanos de jogos online gr\u00e1tis. S\u00e3o in\u00fameros games nas mais variadas categorias e atualizados com frequ\u00eancia.<\/p>\n<p style=\"text-align: justify;\"><a title=\"GameSheep.com\" href=\"https:\/\/www.gamesheep.com\" target=\"_blank\" rel=\"noopener noreferrer\">https:\/\/www.gamesheep.com<\/a><\/p>\n<p><!-------------------- GAMES.CO.UK --------------------><\/p>\n<h2 style=\"text-align: justify;\">Games.co.uk\/<\/h2>\n<p style=\"text-align: justify;\">Jogos gr\u00e1tis online como Bubble Shooter, Mahjong e muitos outros.<\/p>\n<p style=\"text-align: justify;\"><a title=\"GamesOn\" href=\"https:\/\/www.games.co.uk\/\" target=\"_blank\" rel=\"noopener noreferrer\">https:\/\/www.games.co.uk\/<\/a><\/p>\n<p><!-------------------- GO JOGOS --------------------><\/p>\n<h2 style=\"text-align: justify;\">Go Jogos<\/h2>\n<p style=\"text-align: justify;\">Jogos online gr\u00e1tis. Reviva suas antigas experi\u00eancias ao jogar novamente cl\u00e1ssicos dos videogames, fliperama e outros. Novos games adicionados frequentemente.<\/p>\n<p style=\"text-align: justify;\"><a title=\"Go Jogos\" href=\"https:\/\/www.gojogos.com\" target=\"_blank\" rel=\"noopener noreferrer\">https:\/\/www.gojogos.com<\/a><\/p>\n<p><!-------------------- MATCH 3 GAMES --------------------><\/p>\n<h2 style=\"text-align: justify;\">Match 3 Games<\/h2>\n<p style=\"text-align: justify;\">Games online gratuitos como Match 3, Bejeweled, Bubble Shooter, Collapse, Zuma e outros. Todos os jogos funcionam em desktop, tablet e mobile. Use a caixa de pesquisa do site para encontrar o game desejado.<\/p>\n<p style=\"text-align: justify;\"><a title=\"Match 3 Games\" href=\"https:\/\/www.match3games.com\/\" target=\"_blank\" rel=\"noopener noreferrer\">https:\/\/www.match3games.com\/<\/a><\/p>\n<p><!-------------------- POKI --------------------><\/p>\n<h2 style=\"text-align: justify;\">Poki<\/h2>\n<p style=\"text-align: justify;\">Um grande plataforma de games online gr\u00e1tis com mais de 30 milh\u00f5es de usu\u00e1rios espalhados pelo mundo. Oferece milhares de jogos selecionados para jogar no desktop, mobile ou tablet.<\/p>\n<p style=\"text-align: justify;\"><a title=\"Poki\" href=\"https:\/\/poki.com\/\" target=\"_blank\" rel=\"noopener noreferrer\">https:\/\/poki.com\/<\/a><\/p>\n","protected":false},"excerpt":{"rendered":"<p>Aqui voc\u00ea encontra uma pequena sele\u00e7\u00e3o de sites de jogos online gr\u00e1tis para aqueles momentos em que deseja divertir-se com um bom site de games. Estamos sempre pesquisando novos links, ent\u00e3o volte sempre pois voc\u00ea sempre encontrar\u00e1 novidades. Se quiser voc\u00ea tamb\u00e9m pode sugerir um site para esta se\u00e7\u00e3o. Favoritos de Nossa Equipe Game Sheep &hellip; <\/p>\n","protected":false},"author":2,"featured_media":4279,"parent":0,"menu_order":0,"comment_status":"closed","ping_status":"closed","template":"","meta":{"footnotes":""},"class_list":["post-3118","page","type-page","status-publish","has-post-thumbnail","hentry","entry"],"yoast_head":"<!-- This site is optimized with the Yoast SEO plugin v27.5 - https:\/\/yoast.com\/product\/yoast-seo-wordpress\/ -->\n<title>Jogos Online Gr\u00e1tis - Guia Gr\u00e1tis - guia de servi\u00e7os gr\u00e1tis<\/title>\n<meta name=\"description\" content=\"Aqui voc\u00ea encontra sites de jogos online gr\u00e1tis para aqueles momentos em que deseja divertir-se com um bom site de games.\" \/>\n<meta name=\"robots\" content=\"index, follow, max-snippet:-1, max-image-preview:large, max-video-preview:-1\" \/>\n<link rel=\"canonical\" href=\"https:\/\/www.guiagratis.com.br\/index.php\/jogos-online-gratis\/\" \/>\n<meta property=\"og:locale\" content=\"pt_BR\" \/>\n<meta property=\"og:type\" content=\"article\" \/>\n<meta property=\"og:title\" content=\"Jogos Online Gr\u00e1tis - Guia Gr\u00e1tis - guia de servi\u00e7os gr\u00e1tis\" \/>\n<meta property=\"og:description\" content=\"Aqui voc\u00ea encontra sites de jogos online gr\u00e1tis para aqueles momentos em que deseja divertir-se com um bom site de games.\" \/>\n<meta property=\"og:url\" content=\"https:\/\/www.guiagratis.com.br\/index.php\/jogos-online-gratis\/\" \/>\n<meta property=\"og:site_name\" content=\"Guia Gr\u00e1tis - guia de servi\u00e7os gr\u00e1tis\" \/>\n<meta property=\"article:publisher\" content=\"https:\/\/www.facebook.com\/guiagratis\" \/>\n<meta property=\"article:modified_time\" content=\"2025-07-13T22:46:08+00:00\" \/>\n<meta name=\"twitter:card\" content=\"summary_large_image\" \/>\n<meta name=\"twitter:site\" content=\"@siteguiagratis\" \/>\n<meta name=\"twitter:label1\" content=\"Est. tempo de leitura\" \/>\n\t<meta name=\"twitter:data1\" content=\"2 minutos\" \/>\n<script type=\"application\/ld+json\" class=\"yoast-schema-graph\">{\"@context\":\"https:\\\/\\\/schema.org\",\"@graph\":[{\"@type\":\"WebPage\",\"@id\":\"https:\\\/\\\/www.guiagratis.com.br\\\/index.php\\\/jogos-online-gratis\\\/\",\"url\":\"https:\\\/\\\/www.guiagratis.com.br\\\/index.php\\\/jogos-online-gratis\\\/\",\"name\":\"Jogos Online Gr\u00e1tis - Guia Gr\u00e1tis - guia de servi\u00e7os gr\u00e1tis\",\"isPartOf\":{\"@id\":\"https:\\\/\\\/www.guiagratis.com.br\\\/#website\"},\"primaryImageOfPage\":{\"@id\":\"https:\\\/\\\/www.guiagratis.com.br\\\/index.php\\\/jogos-online-gratis\\\/#primaryimage\"},\"image\":{\"@id\":\"https:\\\/\\\/www.guiagratis.com.br\\\/index.php\\\/jogos-online-gratis\\\/#primaryimage\"},\"thumbnailUrl\":\"\",\"datePublished\":\"2025-07-12T01:50:20+00:00\",\"dateModified\":\"2025-07-13T22:46:08+00:00\",\"description\":\"Aqui voc\u00ea encontra sites de jogos online gr\u00e1tis para aqueles momentos em que deseja divertir-se com um bom site de games.\",\"breadcrumb\":{\"@id\":\"https:\\\/\\\/www.guiagratis.com.br\\\/index.php\\\/jogos-online-gratis\\\/#breadcrumb\"},\"inLanguage\":\"pt-BR\",\"potentialAction\":[{\"@type\":\"ReadAction\",\"target\":[\"https:\\\/\\\/www.guiagratis.com.br\\\/index.php\\\/jogos-online-gratis\\\/\"]}]},{\"@type\":\"ImageObject\",\"inLanguage\":\"pt-BR\",\"@id\":\"https:\\\/\\\/www.guiagratis.com.br\\\/index.php\\\/jogos-online-gratis\\\/#primaryimage\",\"url\":\"\",\"contentUrl\":\"\"},{\"@type\":\"BreadcrumbList\",\"@id\":\"https:\\\/\\\/www.guiagratis.com.br\\\/index.php\\\/jogos-online-gratis\\\/#breadcrumb\",\"itemListElement\":[{\"@type\":\"ListItem\",\"position\":1,\"name\":\"In\u00edcio\",\"item\":\"https:\\\/\\\/www.guiagratis.com.br\\\/\"},{\"@type\":\"ListItem\",\"position\":2,\"name\":\"Jogos Online Gr\u00e1tis\"}]},{\"@type\":\"WebSite\",\"@id\":\"https:\\\/\\\/www.guiagratis.com.br\\\/#website\",\"url\":\"https:\\\/\\\/www.guiagratis.com.br\\\/\",\"name\":\"Guia Gr\u00e1tis - guia de servi\u00e7os gr\u00e1tis\",\"description\":\"\",\"publisher\":{\"@id\":\"https:\\\/\\\/www.guiagratis.com.br\\\/#organization\"},\"potentialAction\":[{\"@type\":\"SearchAction\",\"target\":{\"@type\":\"EntryPoint\",\"urlTemplate\":\"https:\\\/\\\/www.guiagratis.com.br\\\/?s={search_term_string}\"},\"query-input\":{\"@type\":\"PropertyValueSpecification\",\"valueRequired\":true,\"valueName\":\"search_term_string\"}}],\"inLanguage\":\"pt-BR\"},{\"@type\":\"Organization\",\"@id\":\"https:\\\/\\\/www.guiagratis.com.br\\\/#organization\",\"name\":\"Guia Gr\u00e1tis - guia de servi\u00e7os gr\u00e1tis\",\"url\":\"https:\\\/\\\/www.guiagratis.com.br\\\/\",\"logo\":{\"@type\":\"ImageObject\",\"inLanguage\":\"pt-BR\",\"@id\":\"https:\\\/\\\/www.guiagratis.com.br\\\/#\\\/schema\\\/logo\\\/image\\\/\",\"url\":\"https:\\\/\\\/www.guiagratis.com.br\\\/wp-content\\\/uploads\\\/2025\\\/05\\\/cropped-logo.gif\",\"contentUrl\":\"https:\\\/\\\/www.guiagratis.com.br\\\/wp-content\\\/uploads\\\/2025\\\/05\\\/cropped-logo.gif\",\"width\":175,\"height\":88,\"caption\":\"Guia Gr\u00e1tis - guia de servi\u00e7os gr\u00e1tis\"},\"image\":{\"@id\":\"https:\\\/\\\/www.guiagratis.com.br\\\/#\\\/schema\\\/logo\\\/image\\\/\"},\"sameAs\":[\"https:\\\/\\\/www.facebook.com\\\/guiagratis\",\"https:\\\/\\\/x.com\\\/siteguiagratis\"]}]}<\/script>\n<!-- \/ Yoast SEO plugin. -->","yoast_head_json":{"title":"Jogos Online Gr\u00e1tis - Guia Gr\u00e1tis - guia de servi\u00e7os gr\u00e1tis","description":"Aqui voc\u00ea encontra sites de jogos online gr\u00e1tis para aqueles momentos em que deseja divertir-se com um bom site de games.","robots":{"index":"index","follow":"follow","max-snippet":"max-snippet:-1","max-image-preview":"max-image-preview:large","max-video-preview":"max-video-preview:-1"},"canonical":"https:\/\/www.guiagratis.com.br\/index.php\/jogos-online-gratis\/","og_locale":"pt_BR","og_type":"article","og_title":"Jogos Online Gr\u00e1tis - Guia Gr\u00e1tis - guia de servi\u00e7os gr\u00e1tis","og_description":"Aqui voc\u00ea encontra sites de jogos online gr\u00e1tis para aqueles momentos em que deseja divertir-se com um bom site de games.","og_url":"https:\/\/www.guiagratis.com.br\/index.php\/jogos-online-gratis\/","og_site_name":"Guia Gr\u00e1tis - guia de servi\u00e7os gr\u00e1tis","article_publisher":"https:\/\/www.facebook.com\/guiagratis","article_modified_time":"2025-07-13T22:46:08+00:00","twitter_card":"summary_large_image","twitter_site":"@siteguiagratis","twitter_misc":{"Est. tempo de leitura":"2 minutos"},"schema":{"@context":"https:\/\/schema.org","@graph":[{"@type":"WebPage","@id":"https:\/\/www.guiagratis.com.br\/index.php\/jogos-online-gratis\/","url":"https:\/\/www.guiagratis.com.br\/index.php\/jogos-online-gratis\/","name":"Jogos Online Gr\u00e1tis - Guia Gr\u00e1tis - guia de servi\u00e7os gr\u00e1tis","isPartOf":{"@id":"https:\/\/www.guiagratis.com.br\/#website"},"primaryImageOfPage":{"@id":"https:\/\/www.guiagratis.com.br\/index.php\/jogos-online-gratis\/#primaryimage"},"image":{"@id":"https:\/\/www.guiagratis.com.br\/index.php\/jogos-online-gratis\/#primaryimage"},"thumbnailUrl":"","datePublished":"2025-07-12T01:50:20+00:00","dateModified":"2025-07-13T22:46:08+00:00","description":"Aqui voc\u00ea encontra sites de jogos online gr\u00e1tis para aqueles momentos em que deseja divertir-se com um bom site de games.","breadcrumb":{"@id":"https:\/\/www.guiagratis.com.br\/index.php\/jogos-online-gratis\/#breadcrumb"},"inLanguage":"pt-BR","potentialAction":[{"@type":"ReadAction","target":["https:\/\/www.guiagratis.com.br\/index.php\/jogos-online-gratis\/"]}]},{"@type":"ImageObject","inLanguage":"pt-BR","@id":"https:\/\/www.guiagratis.com.br\/index.php\/jogos-online-gratis\/#primaryimage","url":"","contentUrl":""},{"@type":"BreadcrumbList","@id":"https:\/\/www.guiagratis.com.br\/index.php\/jogos-online-gratis\/#breadcrumb","itemListElement":[{"@type":"ListItem","position":1,"name":"In\u00edcio","item":"https:\/\/www.guiagratis.com.br\/"},{"@type":"ListItem","position":2,"name":"Jogos Online Gr\u00e1tis"}]},{"@type":"WebSite","@id":"https:\/\/www.guiagratis.com.br\/#website","url":"https:\/\/www.guiagratis.com.br\/","name":"Guia Gr\u00e1tis - guia de servi\u00e7os gr\u00e1tis","description":"","publisher":{"@id":"https:\/\/www.guiagratis.com.br\/#organization"},"potentialAction":[{"@type":"SearchAction","target":{"@type":"EntryPoint","urlTemplate":"https:\/\/www.guiagratis.com.br\/?s={search_term_string}"},"query-input":{"@type":"PropertyValueSpecification","valueRequired":true,"valueName":"search_term_string"}}],"inLanguage":"pt-BR"},{"@type":"Organization","@id":"https:\/\/www.guiagratis.com.br\/#organization","name":"Guia Gr\u00e1tis - guia de servi\u00e7os gr\u00e1tis","url":"https:\/\/www.guiagratis.com.br\/","logo":{"@type":"ImageObject","inLanguage":"pt-BR","@id":"https:\/\/www.guiagratis.com.br\/#\/schema\/logo\/image\/","url":"https:\/\/www.guiagratis.com.br\/wp-content\/uploads\/2025\/05\/cropped-logo.gif","contentUrl":"https:\/\/www.guiagratis.com.br\/wp-content\/uploads\/2025\/05\/cropped-logo.gif","width":175,"height":88,"caption":"Guia Gr\u00e1tis - guia de servi\u00e7os gr\u00e1tis"},"image":{"@id":"https:\/\/www.guiagratis.com.br\/#\/schema\/logo\/image\/"},"sameAs":["https:\/\/www.facebook.com\/guiagratis","https:\/\/x.com\/siteguiagratis"]}]}},"_links":{"self":[{"href":"https:\/\/www.guiagratis.com.br\/index.php\/wp-json\/wp\/v2\/pages\/3118","targetHints":{"allow":["GET"]}}],"collection":[{"href":"https:\/\/www.guiagratis.com.br\/index.php\/wp-json\/wp\/v2\/pages"}],"about":[{"href":"https:\/\/www.guiagratis.com.br\/index.php\/wp-json\/wp\/v2\/types\/page"}],"author":[{"embeddable":true,"href":"https:\/\/www.guiagratis.com.br\/index.php\/wp-json\/wp\/v2\/users\/2"}],"replies":[{"embeddable":true,"href":"https:\/\/www.guiagratis.com.br\/index.php\/wp-json\/wp\/v2\/comments?post=3118"}],"version-history":[{"count":4,"href":"https:\/\/www.guiagratis.com.br\/index.php\/wp-json\/wp\/v2\/pages\/3118\/revisions"}],"predecessor-version":[{"id":4941,"href":"https:\/\/www.guiagratis.com.br\/index.php\/wp-json\/wp\/v2\/pages\/3118\/revisions\/4941"}],"wp:featuredmedia":[{"embeddable":true,"href":"https:\/\/www.guiagratis.com.br\/index.php\/wp-json\/"}],"wp:attachment":[{"href":"https:\/\/www.guiagratis.com.br\/index.php\/wp-json\/wp\/v2\/media?parent=3118"}],"curies":[{"name":"wp","href":"https:\/\/api.w.org\/{rel}","templated":true}]}}