{"id":3126,"date":"2025-07-11T05:00:48","date_gmt":"2025-07-11T08:00:48","guid":{"rendered":"https:\/\/www.guiagratis.com.br\/?page_id=3126"},"modified":"2025-07-13T19:45:38","modified_gmt":"2025-07-13T22:45:38","slug":"messengers-mensageiros-instantaneos","status":"publish","type":"page","link":"https:\/\/www.guiagratis.com.br\/index.php\/messengers-mensageiros-instantaneos\/","title":{"rendered":"Messengers (Mensageiros Instant\u00e2neos)"},"content":{"rendered":"<p style=\"text-align: justify;\"><img loading=\"lazy\" decoding=\"async\" class=\"size-medium wp-image-3734 alignleft\" src=\"https:\/\/guiagratis.com.br\/wp-content\/uploads\/2016\/11\/whatsapp-destaque-1-1-300x158.jpg\" alt=\"whatsapp\" width=\"300\" height=\"158\" \/>As mensagens instant\u00e2neas s\u00e3o uma importante utiliza\u00e7\u00e3o da Internet. Com a populariza\u00e7\u00e3o dos smartphones surgiram\u00a0 tamb\u00e9m aplicativos para comunica\u00e7\u00e3o usando o acesso \u00e0 Internet fornecido pelos aparelhos, sem gastar em liga\u00e7\u00f5es ou SMSs. Aqui voc\u00ea encontra v\u00e1rias op\u00e7\u00f5es de aplicativos para facilitar sua comunica\u00e7\u00e3o.<\/p>\n<p><!-------------------- PREFERIDOS --------------------><\/p>\n<h2 style=\"text-align: center;\"><span style=\"color: #cc3300;\">Os Preferidos de Nossa Equipe<\/span><\/h2>\n<p><!-------------------- SIGNAL --------------------><\/p>\n<h2 style=\"text-align: justify;\">Signal<\/h2>\n<p style=\"text-align: justify;\">Focado em privacidade, usa criptografia de ponta a ponta estabelecida com um protocolo pr\u00f3prio de c\u00f3digo aberto e \u00e9 totalmente gratuito.Est\u00e1 dispon\u00edvel para smartphones Android, iOS, Windows Phone e computadores com Windows, MacOS ou distribui\u00e7\u00f5es Linux baseadas no Debian.<\/p>\n<p style=\"text-align: justify;\"><a title=\"Signal\" href=\"https:\/\/signal.org\/\" target=\"_blank\" rel=\"noopener noreferrer\">https:\/\/signal.org\/<\/a><\/p>\n<p><!-------------------- TELEGRAM --------------------><\/p>\n<h2 style=\"text-align: justify;\">Telegram<\/h2>\n<p style=\"text-align: justify;\">Com praticamente as mesmas funcionalidades do WhatsApp, ganhou popularidade no Brasil quando a justi\u00e7a brasileira bloqueou o acesso ao seu concorrente direto algumas vezes. Est\u00e1 dispon\u00edvel para smartphones Android, iOS, Windows Phone e computadores com Windows, MacOS ou Linux.<\/p>\n<p style=\"text-align: justify;\"><a title=\"Telegram\" href=\"https:\/\/telegram.org\/\" target=\"_blank\" rel=\"noopener noreferrer\">https:\/\/telegram.org\/<\/a><\/p>\n<p><!-------------------- WHATSAPP --------------------><\/p>\n<h2 style=\"text-align: justify;\">WhatsApp<\/h2>\n<p style=\"text-align: justify;\">Com certeza o mais popular na atualidade, permite troca de mensagens de texto, de voz e chamadas de voz. Est\u00e1 dispon\u00edvel para celulares Android, iOS, Windows Phone, vers\u00e3o desktop para uso em computadores com Windows al\u00e9m de uma vers\u00e3o web.<\/p>\n<p style=\"text-align: justify;\"><a title=\"WhatsApp\" href=\"https:\/\/www.whatsapp.com\/\" target=\"_blank\" rel=\"noopener noreferrer\">https:\/\/www.whatsapp.com\/<\/a><\/p>\n<h2 style=\"text-align: center;\"><span style=\"color: #cc3300;\">Outras Boas Op\u00e7\u00f5es<\/span><\/h2>\n<h2 style=\"text-align: justify;\">Connecta 2000<\/h2>\n<p style=\"text-align: justify;\">Mensageiro instant\u00e2neo\u00a0espanhol que possibilita comunica\u00e7\u00e3o direta entre usu\u00e1rios e permite chat de voz e webcam. \u00c9 pouco conhecido pelos brasileiros e at\u00e9 pelos espanh\u00f3is. Seu desenvolvimento parece ter sido abandonado h\u00e1 alguns anos.<\/p>\n<p style=\"text-align: justify;\"><a title=\"Connecta 2000\" href=\"http:\/\/www.connecta2000.com\" target=\"_blank\" rel=\"noopener noreferrer\">www.connecta2000.com<\/a><\/p>\n<h2 style=\"text-align: justify;\">kik<\/h2>\n<p style=\"text-align: justify;\">Ao contr\u00e1rio da maior parte dos apps do g\u00eanero esse n\u00e3o usa n\u00fameros, apenas nomes de usu\u00e1rio. Tem mais de 200 milh\u00f5es de usu\u00e1rios no mundo, apesar disso \u00e9 pouco conhecido no Brasil. Permite a cria\u00e7\u00e3o de grupos privados e oferece grupos p\u00fablicos onde voc\u00ea pode comunicar-se com at\u00e9 50 pessoas usando uma hashtag. Oferece ferramentas de desenvolvimento para programadores que facilitam a otimiza\u00e7\u00e3o da distribui\u00e7\u00e3o de conte\u00fado. Dispon\u00edvel para Android e iOS.<\/p>\n<p style=\"text-align: justify;\"><a title=\"kik\" href=\"http:\/\/www.kik.com\" target=\"_blank\" rel=\"noopener noreferrer\">www.kik.com<\/a><\/p>\n<h2 style=\"text-align: justify;\">LINE<\/h2>\n<p style=\"text-align: justify;\">Com popularidade crescente no Brasil, especialmente entre os jovens, o LINE tem como diferencial os &#8220;stickers&#8221;, que s\u00e3o semelhantes a emoticons grandes e bem elaborados. Tem algumas caracter\u00edsticas de uma rede social, possibilitando criar um perfil e acompanhar a timeline de seus contatos. Como os demais aplicativos do g\u00eanero, ele permite trocar mensagens e efetuar chamadas de voz. Est\u00e1 dispon\u00edvel para smartphones Android e iOS e para computadores com sistema operacional Windows.<\/p>\n<p style=\"text-align: justify;\"><a title=\"Line\" href=\"https:\/\/line.me\" target=\"_blank\" rel=\"noopener noreferrer\">https:\/\/line.me<\/a><\/p>\n<h2 style=\"text-align: justify;\">PalTalk<\/h2>\n<p style=\"text-align: justify;\">Messenger que permite chat de voz e v\u00eddeo. Dispon\u00edvel para Windows, Mac, iOS e Android, al\u00e9m de possuir uma vers\u00e3o web que dispensa instala\u00e7\u00e3o.<\/p>\n<p style=\"text-align: justify;\"><a title=\"PalTalk\" href=\"http:\/\/www.paltalk.com\" target=\"_blank\" rel=\"noopener noreferrer\">www.paltalk.com<\/a><\/p>\n<h2 style=\"text-align: justify;\">Skype<\/h2>\n<p style=\"text-align: justify;\">Al\u00e9m de telefonia por IP o Skype tamb\u00e9m \u00e9 o mais popular mensageiro instant\u00e2neo da atualidade. Possibilita conversas de voz e v\u00eddeo inclusive permitindo comunica\u00e7\u00e3o com usu\u00e1rios de telefonia convencional (op\u00e7\u00e3o paga). Possui vers\u00f5es para os mais diversos sistemas operacionais, inclusive para smartphones.<\/p>\n<p style=\"text-align: justify;\"><a title=\"Skype\" href=\"http:\/\/www.skype.com\" target=\"_blank\" rel=\"noopener noreferrer\">www.skype.com<\/a><\/p>\n<h2 style=\"text-align: justify;\">Viber<\/h2>\n<p style=\"text-align: justify;\">Outro aplicativo que ganhou popularidade no Brasil quando o WhatsApp foi bloqueado. Bastante pr\u00e1tico, est\u00e1 dispon\u00edvel para smartphones Android e iOS e para computadores com sistemas operacionais Windows ou MacOS.<\/p>\n<p style=\"text-align: justify;\"><a title=\"Viber\" href=\"https:\/\/www.viber.com\/\" target=\"_blank\" rel=\"noopener noreferrer\">https:\/\/www.viber.com\/<\/a><\/p>\n<h2 style=\"text-align: justify;\">WeChat<\/h2>\n<p style=\"text-align: justify;\">Mais uma op\u00e7\u00e3o para quem deseja se comunicar pela Internet usando o smartphone. Permite troca de mensagens de voz e v\u00eddeo al\u00e9m de texto e imagens. Dependendo do pa\u00eds do usu\u00e1rio oferece acesso a alguns servi\u00e7os locais. Dispon\u00edvel em 20 idiomas com vers\u00f5es para smartphones Android e iOS e para computadores com sistemas operacionais Windows e MacOS.<\/p>\n<p style=\"text-align: justify;\"><a title=\"WeChat\" href=\"http:\/\/www.wechat.com\/\" target=\"_blank\" rel=\"noopener noreferrer\">http:\/\/www.wechat.com\/<\/a><\/p>\n","protected":false},"excerpt":{"rendered":"<p>As mensagens instant\u00e2neas s\u00e3o uma importante utiliza\u00e7\u00e3o da Internet. Com a populariza\u00e7\u00e3o dos smartphones surgiram\u00a0 tamb\u00e9m aplicativos para comunica\u00e7\u00e3o usando o acesso \u00e0 Internet fornecido pelos aparelhos, sem gastar em liga\u00e7\u00f5es ou SMSs. Aqui voc\u00ea encontra v\u00e1rias op\u00e7\u00f5es de aplicativos para facilitar sua comunica\u00e7\u00e3o. Os Preferidos de Nossa Equipe Signal Focado em privacidade, usa criptografia &hellip; <\/p>\n","protected":false},"author":2,"featured_media":3734,"parent":0,"menu_order":0,"comment_status":"closed","ping_status":"closed","template":"","meta":{"footnotes":""},"class_list":["post-3126","page","type-page","status-publish","has-post-thumbnail","hentry","entry"],"yoast_head":"<!-- This site is optimized with the Yoast SEO plugin v27.5 - https:\/\/yoast.com\/product\/yoast-seo-wordpress\/ -->\n<title>Messengers (Mensageiros Instant\u00e2neos) - Guia Gr\u00e1tis - guia de servi\u00e7os gr\u00e1tis<\/title>\n<meta name=\"description\" content=\"A troca de mensagens instant\u00e2neas \u00e9 uma importante utiliza\u00e7\u00e3o da Internet. Aqui voc\u00ea encontra messengers para auxiliar a comunica\u00e7\u00e3o com seus contatos.\" \/>\n<meta name=\"robots\" content=\"index, follow, max-snippet:-1, max-image-preview:large, max-video-preview:-1\" \/>\n<link rel=\"canonical\" href=\"https:\/\/www.guiagratis.com.br\/index.php\/messengers-mensageiros-instantaneos\/\" \/>\n<meta property=\"og:locale\" content=\"pt_BR\" \/>\n<meta property=\"og:type\" content=\"article\" \/>\n<meta property=\"og:title\" content=\"Messengers (Mensageiros Instant\u00e2neos) - Guia Gr\u00e1tis - guia de servi\u00e7os gr\u00e1tis\" \/>\n<meta property=\"og:description\" content=\"A troca de mensagens instant\u00e2neas \u00e9 uma importante utiliza\u00e7\u00e3o da Internet. Aqui voc\u00ea encontra messengers para auxiliar a comunica\u00e7\u00e3o com seus contatos.\" \/>\n<meta property=\"og:url\" content=\"https:\/\/www.guiagratis.com.br\/index.php\/messengers-mensageiros-instantaneos\/\" \/>\n<meta property=\"og:site_name\" content=\"Guia Gr\u00e1tis - guia de servi\u00e7os gr\u00e1tis\" \/>\n<meta property=\"article:publisher\" content=\"https:\/\/www.facebook.com\/guiagratis\" \/>\n<meta property=\"article:modified_time\" content=\"2025-07-13T22:45:38+00:00\" \/>\n<meta name=\"twitter:card\" content=\"summary_large_image\" \/>\n<meta name=\"twitter:site\" content=\"@siteguiagratis\" \/>\n<meta name=\"twitter:label1\" content=\"Est. tempo de leitura\" \/>\n\t<meta name=\"twitter:data1\" content=\"4 minutos\" \/>\n<script type=\"application\/ld+json\" class=\"yoast-schema-graph\">{\"@context\":\"https:\\\/\\\/schema.org\",\"@graph\":[{\"@type\":\"WebPage\",\"@id\":\"https:\\\/\\\/www.guiagratis.com.br\\\/index.php\\\/messengers-mensageiros-instantaneos\\\/\",\"url\":\"https:\\\/\\\/www.guiagratis.com.br\\\/index.php\\\/messengers-mensageiros-instantaneos\\\/\",\"name\":\"Messengers (Mensageiros Instant\u00e2neos) - Guia Gr\u00e1tis - guia de servi\u00e7os gr\u00e1tis\",\"isPartOf\":{\"@id\":\"https:\\\/\\\/www.guiagratis.com.br\\\/#website\"},\"primaryImageOfPage\":{\"@id\":\"https:\\\/\\\/www.guiagratis.com.br\\\/index.php\\\/messengers-mensageiros-instantaneos\\\/#primaryimage\"},\"image\":{\"@id\":\"https:\\\/\\\/www.guiagratis.com.br\\\/index.php\\\/messengers-mensageiros-instantaneos\\\/#primaryimage\"},\"thumbnailUrl\":\"\",\"datePublished\":\"2025-07-11T08:00:48+00:00\",\"dateModified\":\"2025-07-13T22:45:38+00:00\",\"description\":\"A troca de mensagens instant\u00e2neas \u00e9 uma importante utiliza\u00e7\u00e3o da Internet. Aqui voc\u00ea encontra messengers para auxiliar a comunica\u00e7\u00e3o com seus contatos.\",\"breadcrumb\":{\"@id\":\"https:\\\/\\\/www.guiagratis.com.br\\\/index.php\\\/messengers-mensageiros-instantaneos\\\/#breadcrumb\"},\"inLanguage\":\"pt-BR\",\"potentialAction\":[{\"@type\":\"ReadAction\",\"target\":[\"https:\\\/\\\/www.guiagratis.com.br\\\/index.php\\\/messengers-mensageiros-instantaneos\\\/\"]}]},{\"@type\":\"ImageObject\",\"inLanguage\":\"pt-BR\",\"@id\":\"https:\\\/\\\/www.guiagratis.com.br\\\/index.php\\\/messengers-mensageiros-instantaneos\\\/#primaryimage\",\"url\":\"\",\"contentUrl\":\"\"},{\"@type\":\"BreadcrumbList\",\"@id\":\"https:\\\/\\\/www.guiagratis.com.br\\\/index.php\\\/messengers-mensageiros-instantaneos\\\/#breadcrumb\",\"itemListElement\":[{\"@type\":\"ListItem\",\"position\":1,\"name\":\"In\u00edcio\",\"item\":\"https:\\\/\\\/www.guiagratis.com.br\\\/\"},{\"@type\":\"ListItem\",\"position\":2,\"name\":\"Messengers (Mensageiros Instant\u00e2neos)\"}]},{\"@type\":\"WebSite\",\"@id\":\"https:\\\/\\\/www.guiagratis.com.br\\\/#website\",\"url\":\"https:\\\/\\\/www.guiagratis.com.br\\\/\",\"name\":\"Guia Gr\u00e1tis - guia de servi\u00e7os gr\u00e1tis\",\"description\":\"\",\"publisher\":{\"@id\":\"https:\\\/\\\/www.guiagratis.com.br\\\/#organization\"},\"potentialAction\":[{\"@type\":\"SearchAction\",\"target\":{\"@type\":\"EntryPoint\",\"urlTemplate\":\"https:\\\/\\\/www.guiagratis.com.br\\\/?s={search_term_string}\"},\"query-input\":{\"@type\":\"PropertyValueSpecification\",\"valueRequired\":true,\"valueName\":\"search_term_string\"}}],\"inLanguage\":\"pt-BR\"},{\"@type\":\"Organization\",\"@id\":\"https:\\\/\\\/www.guiagratis.com.br\\\/#organization\",\"name\":\"Guia Gr\u00e1tis - guia de servi\u00e7os gr\u00e1tis\",\"url\":\"https:\\\/\\\/www.guiagratis.com.br\\\/\",\"logo\":{\"@type\":\"ImageObject\",\"inLanguage\":\"pt-BR\",\"@id\":\"https:\\\/\\\/www.guiagratis.com.br\\\/#\\\/schema\\\/logo\\\/image\\\/\",\"url\":\"https:\\\/\\\/www.guiagratis.com.br\\\/wp-content\\\/uploads\\\/2025\\\/05\\\/cropped-logo.gif\",\"contentUrl\":\"https:\\\/\\\/www.guiagratis.com.br\\\/wp-content\\\/uploads\\\/2025\\\/05\\\/cropped-logo.gif\",\"width\":175,\"height\":88,\"caption\":\"Guia Gr\u00e1tis - guia de servi\u00e7os gr\u00e1tis\"},\"image\":{\"@id\":\"https:\\\/\\\/www.guiagratis.com.br\\\/#\\\/schema\\\/logo\\\/image\\\/\"},\"sameAs\":[\"https:\\\/\\\/www.facebook.com\\\/guiagratis\",\"https:\\\/\\\/x.com\\\/siteguiagratis\"]}]}<\/script>\n<!-- \/ Yoast SEO plugin. -->","yoast_head_json":{"title":"Messengers (Mensageiros Instant\u00e2neos) - Guia Gr\u00e1tis - guia de servi\u00e7os gr\u00e1tis","description":"A troca de mensagens instant\u00e2neas \u00e9 uma importante utiliza\u00e7\u00e3o da Internet. Aqui voc\u00ea encontra messengers para auxiliar a comunica\u00e7\u00e3o com seus contatos.","robots":{"index":"index","follow":"follow","max-snippet":"max-snippet:-1","max-image-preview":"max-image-preview:large","max-video-preview":"max-video-preview:-1"},"canonical":"https:\/\/www.guiagratis.com.br\/index.php\/messengers-mensageiros-instantaneos\/","og_locale":"pt_BR","og_type":"article","og_title":"Messengers (Mensageiros Instant\u00e2neos) - Guia Gr\u00e1tis - guia de servi\u00e7os gr\u00e1tis","og_description":"A troca de mensagens instant\u00e2neas \u00e9 uma importante utiliza\u00e7\u00e3o da Internet. Aqui voc\u00ea encontra messengers para auxiliar a comunica\u00e7\u00e3o com seus contatos.","og_url":"https:\/\/www.guiagratis.com.br\/index.php\/messengers-mensageiros-instantaneos\/","og_site_name":"Guia Gr\u00e1tis - guia de servi\u00e7os gr\u00e1tis","article_publisher":"https:\/\/www.facebook.com\/guiagratis","article_modified_time":"2025-07-13T22:45:38+00:00","twitter_card":"summary_large_image","twitter_site":"@siteguiagratis","twitter_misc":{"Est. tempo de leitura":"4 minutos"},"schema":{"@context":"https:\/\/schema.org","@graph":[{"@type":"WebPage","@id":"https:\/\/www.guiagratis.com.br\/index.php\/messengers-mensageiros-instantaneos\/","url":"https:\/\/www.guiagratis.com.br\/index.php\/messengers-mensageiros-instantaneos\/","name":"Messengers (Mensageiros Instant\u00e2neos) - Guia Gr\u00e1tis - guia de servi\u00e7os gr\u00e1tis","isPartOf":{"@id":"https:\/\/www.guiagratis.com.br\/#website"},"primaryImageOfPage":{"@id":"https:\/\/www.guiagratis.com.br\/index.php\/messengers-mensageiros-instantaneos\/#primaryimage"},"image":{"@id":"https:\/\/www.guiagratis.com.br\/index.php\/messengers-mensageiros-instantaneos\/#primaryimage"},"thumbnailUrl":"","datePublished":"2025-07-11T08:00:48+00:00","dateModified":"2025-07-13T22:45:38+00:00","description":"A troca de mensagens instant\u00e2neas \u00e9 uma importante utiliza\u00e7\u00e3o da Internet. Aqui voc\u00ea encontra messengers para auxiliar a comunica\u00e7\u00e3o com seus contatos.","breadcrumb":{"@id":"https:\/\/www.guiagratis.com.br\/index.php\/messengers-mensageiros-instantaneos\/#breadcrumb"},"inLanguage":"pt-BR","potentialAction":[{"@type":"ReadAction","target":["https:\/\/www.guiagratis.com.br\/index.php\/messengers-mensageiros-instantaneos\/"]}]},{"@type":"ImageObject","inLanguage":"pt-BR","@id":"https:\/\/www.guiagratis.com.br\/index.php\/messengers-mensageiros-instantaneos\/#primaryimage","url":"","contentUrl":""},{"@type":"BreadcrumbList","@id":"https:\/\/www.guiagratis.com.br\/index.php\/messengers-mensageiros-instantaneos\/#breadcrumb","itemListElement":[{"@type":"ListItem","position":1,"name":"In\u00edcio","item":"https:\/\/www.guiagratis.com.br\/"},{"@type":"ListItem","position":2,"name":"Messengers (Mensageiros Instant\u00e2neos)"}]},{"@type":"WebSite","@id":"https:\/\/www.guiagratis.com.br\/#website","url":"https:\/\/www.guiagratis.com.br\/","name":"Guia Gr\u00e1tis - guia de servi\u00e7os gr\u00e1tis","description":"","publisher":{"@id":"https:\/\/www.guiagratis.com.br\/#organization"},"potentialAction":[{"@type":"SearchAction","target":{"@type":"EntryPoint","urlTemplate":"https:\/\/www.guiagratis.com.br\/?s={search_term_string}"},"query-input":{"@type":"PropertyValueSpecification","valueRequired":true,"valueName":"search_term_string"}}],"inLanguage":"pt-BR"},{"@type":"Organization","@id":"https:\/\/www.guiagratis.com.br\/#organization","name":"Guia Gr\u00e1tis - guia de servi\u00e7os gr\u00e1tis","url":"https:\/\/www.guiagratis.com.br\/","logo":{"@type":"ImageObject","inLanguage":"pt-BR","@id":"https:\/\/www.guiagratis.com.br\/#\/schema\/logo\/image\/","url":"https:\/\/www.guiagratis.com.br\/wp-content\/uploads\/2025\/05\/cropped-logo.gif","contentUrl":"https:\/\/www.guiagratis.com.br\/wp-content\/uploads\/2025\/05\/cropped-logo.gif","width":175,"height":88,"caption":"Guia Gr\u00e1tis - guia de servi\u00e7os gr\u00e1tis"},"image":{"@id":"https:\/\/www.guiagratis.com.br\/#\/schema\/logo\/image\/"},"sameAs":["https:\/\/www.facebook.com\/guiagratis","https:\/\/x.com\/siteguiagratis"]}]}},"_links":{"self":[{"href":"https:\/\/www.guiagratis.com.br\/index.php\/wp-json\/wp\/v2\/pages\/3126","targetHints":{"allow":["GET"]}}],"collection":[{"href":"https:\/\/www.guiagratis.com.br\/index.php\/wp-json\/wp\/v2\/pages"}],"about":[{"href":"https:\/\/www.guiagratis.com.br\/index.php\/wp-json\/wp\/v2\/types\/page"}],"author":[{"embeddable":true,"href":"https:\/\/www.guiagratis.com.br\/index.php\/wp-json\/wp\/v2\/users\/2"}],"replies":[{"embeddable":true,"href":"https:\/\/www.guiagratis.com.br\/index.php\/wp-json\/wp\/v2\/comments?post=3126"}],"version-history":[{"count":4,"href":"https:\/\/www.guiagratis.com.br\/index.php\/wp-json\/wp\/v2\/pages\/3126\/revisions"}],"predecessor-version":[{"id":4835,"href":"https:\/\/www.guiagratis.com.br\/index.php\/wp-json\/wp\/v2\/pages\/3126\/revisions\/4835"}],"wp:featuredmedia":[{"embeddable":true,"href":"https:\/\/www.guiagratis.com.br\/index.php\/wp-json\/"}],"wp:attachment":[{"href":"https:\/\/www.guiagratis.com.br\/index.php\/wp-json\/wp\/v2\/media?parent=3126"}],"curies":[{"name":"wp","href":"https:\/\/api.w.org\/{rel}","templated":true}]}}