{"id":3232,"date":"2018-09-30T03:15:46","date_gmt":"2018-09-30T06:15:46","guid":{"rendered":"https:\/\/www.guiagratis.com.br\/?page_id=3232"},"modified":"2025-07-14T21:46:16","modified_gmt":"2025-07-15T00:46:16","slug":"vagas-de-emprego","status":"publish","type":"page","link":"https:\/\/www.guiagratis.com.br\/index.php\/vagas-de-emprego\/","title":{"rendered":"Vagas de Emprego"},"content":{"rendered":"<p style=\"text-align: justify;\"><img loading=\"lazy\" decoding=\"async\" class=\"size-medium wp-image-4335 alignleft\" src=\"https:\/\/guiagratis.com.br\/wp-content\/uploads\/2018\/09\/vagas-de-emprego-1-300x158.jpg\" alt=\"vagas de emprego\" width=\"300\" height=\"158\" \/>Com a crise econ\u00f4mica brasileira o que mais falta atualmente \u00e9 emprego. Aqui est\u00e3o sites s\u00e9rios e confi\u00e1veis para quem est\u00e1 em busca de vagas de emprego e est\u00e1gio, assim como sites para quem busca recoloca\u00e7\u00e3o no mercado de trabalho mas precisa de alguma ajuda para elaborar ou atualizar seu curr\u00edculo.<\/p>\n<h2 style=\"text-align: justify;\">Vagas DF<\/h2>\n<p style=\"text-align: justify;\">Site onde voc\u00ea fica sabendo das \u00faltimas vagas de emprego em Bras\u00edlia &#8211; DF. Diariamente de segunda a sexta s\u00e3o inclu\u00eddas novas vagas de emprego.<\/p>\n<p style=\"text-align: justify;\"><a title=\"Vagas DF\" href=\"https:\/\/www.vagasdf.com.br\" target=\"_blank\" rel=\"nofollow noopener noreferrer\">https:\/\/www.vagasdf.com.br<\/a><\/p>\n<h2 style=\"text-align: justify;\">Vagas Emprego Nordeste<\/h2>\n<p style=\"text-align: justify;\">Site onde voc\u00ea fica sabendo das \u00faltimas vagas de emprego nos estados da regi\u00e3o Nordeste do Brasil. Diariamente de segunda a sexta s\u00e3o inclu\u00eddas novas vagas de emprego.<\/p>\n<p style=\"text-align: justify;\"><a title=\"Vagas Emprego Nordeste\" href=\"https:\/\/www.vagasempregonordeste.com.br\" target=\"_blank\" rel=\"nofollow noopener noreferrer\">https:\/\/www.vagasempregonordeste.com.br<\/a><\/p>\n<h2 style=\"text-align: justify;\">Vagas Emprego SC<\/h2>\n<p style=\"text-align: justify;\">Site onde voc\u00ea fica sabendo das \u00faltimas vagas de emprego no estado de Santa Catarina. Diariamente de segunda a sexta s\u00e3o inclu\u00eddas novas vagas de emprego.<\/p>\n<p style=\"text-align: justify;\"><a title=\"Vagas Emprego SC\" href=\"https:\/\/www.vagasempregosc.com.br\" target=\"_blank\" rel=\"nofollow noopener noreferrer\">https:\/\/www.vagasempregosc.com.br<\/a><\/p>\n<h2 style=\"text-align: justify;\">Vagas Emprego SP<\/h2>\n<p style=\"text-align: justify;\">Site onde voc\u00ea fica sabendo das \u00faltimas ofertas\u00a0de emprego no estado de S\u00e3o Paulo (SP). Diariamente de segunda a sexta s\u00e3o publicadas no site novas oportunidades\u00a0de emprego ou est\u00e1gio. \u00c9 Gr\u00e1tis para o candidato e para a empresa.<\/p>\n<p style=\"text-align: justify;\"><a title=\"Vagas de Emprego - Vagas Emprego SP\" href=\"https:\/\/www.vagasempregosp.com.br\" target=\"_blank\" rel=\"noopener noreferrer\">https:\/\/www.vagasempregosp.com.br<\/a><\/p>\n<h2 style=\"text-align: justify;\">Vagas Paran\u00e1<\/h2>\n<p style=\"text-align: justify;\">Site que divulga diariamente de segunda a sexta as \u00faltimas ofertas de emprego e est\u00e1gio no estado do Paran\u00e1. Gr\u00e1tis tanto para a empresa quanto para o candidato.<\/p>\n<p style=\"text-align: justify;\"><a title=\"Vagas Paran\u00e1\" href=\"https:\/\/www.vagasparana.com.br\" target=\"_blank\" rel=\"noopener noreferrer\">https:\/\/www.vagasparana.com.br<\/a><\/p>\n<h2 style=\"text-align: justify;\">Vagas POA<\/h2>\n<p style=\"text-align: justify;\">Divulga\u00e7\u00e3o de vagas de emprego e est\u00e1gio em Porto Alegre e em todo o estado do RS. Atualizado diariamente de segunda a domingo. Site l\u00edder do segmento no RS. \u00c9 gr\u00e1tis para o candidato e para a empresa.<\/p>\n<p style=\"text-align: justify;\"><a title=\"Vagas POA\" href=\"https:\/\/www.vagaspoa.com.br\" target=\"_blank\" rel=\"nofollow noopener noreferrer\">https:\/\/www.vagaspoa.com.br<\/a><\/p>\n<h2 style=\"text-align: justify;\">Vagas Rio<\/h2>\n<p style=\"text-align: justify;\">Divulga\u00e7\u00e3o di\u00e1ria de segunda a sexta de oportunidades de emprego e est\u00e1gio no estado do Rio de Janeiro. Gratuito para o\u00a0candidato e para\u00a0o empregador.<\/p>\n<p style=\"text-align: justify;\"><a title=\"Vagas Rio\" href=\"https:\/\/www.vagasrio.com.br\" target=\"_blank\" rel=\"noopener noreferrer\">https:\/\/www.vagasrio.com.br<\/a><\/p>\n","protected":false},"excerpt":{"rendered":"<p>Com a crise econ\u00f4mica brasileira o que mais falta atualmente \u00e9 emprego. Aqui est\u00e3o sites s\u00e9rios e confi\u00e1veis para quem est\u00e1 em busca de vagas de emprego e est\u00e1gio, assim como sites para quem busca recoloca\u00e7\u00e3o no mercado de trabalho mas precisa de alguma ajuda para elaborar ou atualizar seu curr\u00edculo. Vagas DF Site onde &hellip; <\/p>\n","protected":false},"author":2,"featured_media":4335,"parent":0,"menu_order":0,"comment_status":"closed","ping_status":"closed","template":"","meta":{"footnotes":""},"class_list":["post-3232","page","type-page","status-publish","has-post-thumbnail","hentry","entry"],"yoast_head":"<!-- This site is optimized with the Yoast SEO plugin v27.5 - https:\/\/yoast.com\/product\/yoast-seo-wordpress\/ -->\n<title>Vagas de Emprego - Guia Gr\u00e1tis - guia de servi\u00e7os gr\u00e1tis<\/title>\n<meta name=\"description\" content=\"Aqui est\u00e3o sites para quem est\u00e1 em busca de vagas de emprego e est\u00e1gio, assim como sites para quem precisa de ajuda para elaborar seu curr\u00edculo.\" \/>\n<meta name=\"robots\" content=\"index, follow, max-snippet:-1, max-image-preview:large, max-video-preview:-1\" \/>\n<link rel=\"canonical\" href=\"https:\/\/www.guiagratis.com.br\/index.php\/vagas-de-emprego\/\" \/>\n<meta property=\"og:locale\" content=\"pt_BR\" \/>\n<meta property=\"og:type\" content=\"article\" \/>\n<meta property=\"og:title\" content=\"Vagas de Emprego - Guia Gr\u00e1tis - guia de servi\u00e7os gr\u00e1tis\" \/>\n<meta property=\"og:description\" content=\"Aqui est\u00e3o sites para quem est\u00e1 em busca de vagas de emprego e est\u00e1gio, assim como sites para quem precisa de ajuda para elaborar seu curr\u00edculo.\" \/>\n<meta property=\"og:url\" content=\"https:\/\/www.guiagratis.com.br\/index.php\/vagas-de-emprego\/\" \/>\n<meta property=\"og:site_name\" content=\"Guia Gr\u00e1tis - guia de servi\u00e7os gr\u00e1tis\" \/>\n<meta property=\"article:publisher\" content=\"https:\/\/www.facebook.com\/guiagratis\" \/>\n<meta property=\"article:modified_time\" content=\"2025-07-15T00:46:16+00:00\" \/>\n<meta name=\"twitter:card\" content=\"summary_large_image\" \/>\n<meta name=\"twitter:site\" content=\"@siteguiagratis\" \/>\n<meta name=\"twitter:label1\" content=\"Est. tempo de leitura\" \/>\n\t<meta name=\"twitter:data1\" content=\"2 minutos\" \/>\n<script type=\"application\/ld+json\" class=\"yoast-schema-graph\">{\"@context\":\"https:\\\/\\\/schema.org\",\"@graph\":[{\"@type\":\"WebPage\",\"@id\":\"https:\\\/\\\/www.guiagratis.com.br\\\/index.php\\\/vagas-de-emprego\\\/\",\"url\":\"https:\\\/\\\/www.guiagratis.com.br\\\/index.php\\\/vagas-de-emprego\\\/\",\"name\":\"Vagas de Emprego - Guia Gr\u00e1tis - guia de servi\u00e7os gr\u00e1tis\",\"isPartOf\":{\"@id\":\"https:\\\/\\\/www.guiagratis.com.br\\\/#website\"},\"primaryImageOfPage\":{\"@id\":\"https:\\\/\\\/www.guiagratis.com.br\\\/index.php\\\/vagas-de-emprego\\\/#primaryimage\"},\"image\":{\"@id\":\"https:\\\/\\\/www.guiagratis.com.br\\\/index.php\\\/vagas-de-emprego\\\/#primaryimage\"},\"thumbnailUrl\":\"\",\"datePublished\":\"2018-09-30T06:15:46+00:00\",\"dateModified\":\"2025-07-15T00:46:16+00:00\",\"description\":\"Aqui est\u00e3o sites para quem est\u00e1 em busca de vagas de emprego e est\u00e1gio, assim como sites para quem precisa de ajuda para elaborar seu curr\u00edculo.\",\"breadcrumb\":{\"@id\":\"https:\\\/\\\/www.guiagratis.com.br\\\/index.php\\\/vagas-de-emprego\\\/#breadcrumb\"},\"inLanguage\":\"pt-BR\",\"potentialAction\":[{\"@type\":\"ReadAction\",\"target\":[\"https:\\\/\\\/www.guiagratis.com.br\\\/index.php\\\/vagas-de-emprego\\\/\"]}]},{\"@type\":\"ImageObject\",\"inLanguage\":\"pt-BR\",\"@id\":\"https:\\\/\\\/www.guiagratis.com.br\\\/index.php\\\/vagas-de-emprego\\\/#primaryimage\",\"url\":\"\",\"contentUrl\":\"\"},{\"@type\":\"BreadcrumbList\",\"@id\":\"https:\\\/\\\/www.guiagratis.com.br\\\/index.php\\\/vagas-de-emprego\\\/#breadcrumb\",\"itemListElement\":[{\"@type\":\"ListItem\",\"position\":1,\"name\":\"In\u00edcio\",\"item\":\"https:\\\/\\\/www.guiagratis.com.br\\\/\"},{\"@type\":\"ListItem\",\"position\":2,\"name\":\"Vagas de Emprego\"}]},{\"@type\":\"WebSite\",\"@id\":\"https:\\\/\\\/www.guiagratis.com.br\\\/#website\",\"url\":\"https:\\\/\\\/www.guiagratis.com.br\\\/\",\"name\":\"Guia Gr\u00e1tis - guia de servi\u00e7os gr\u00e1tis\",\"description\":\"\",\"publisher\":{\"@id\":\"https:\\\/\\\/www.guiagratis.com.br\\\/#organization\"},\"potentialAction\":[{\"@type\":\"SearchAction\",\"target\":{\"@type\":\"EntryPoint\",\"urlTemplate\":\"https:\\\/\\\/www.guiagratis.com.br\\\/?s={search_term_string}\"},\"query-input\":{\"@type\":\"PropertyValueSpecification\",\"valueRequired\":true,\"valueName\":\"search_term_string\"}}],\"inLanguage\":\"pt-BR\"},{\"@type\":\"Organization\",\"@id\":\"https:\\\/\\\/www.guiagratis.com.br\\\/#organization\",\"name\":\"Guia Gr\u00e1tis - guia de servi\u00e7os gr\u00e1tis\",\"url\":\"https:\\\/\\\/www.guiagratis.com.br\\\/\",\"logo\":{\"@type\":\"ImageObject\",\"inLanguage\":\"pt-BR\",\"@id\":\"https:\\\/\\\/www.guiagratis.com.br\\\/#\\\/schema\\\/logo\\\/image\\\/\",\"url\":\"https:\\\/\\\/www.guiagratis.com.br\\\/wp-content\\\/uploads\\\/2025\\\/05\\\/cropped-logo.gif\",\"contentUrl\":\"https:\\\/\\\/www.guiagratis.com.br\\\/wp-content\\\/uploads\\\/2025\\\/05\\\/cropped-logo.gif\",\"width\":175,\"height\":88,\"caption\":\"Guia Gr\u00e1tis - guia de servi\u00e7os gr\u00e1tis\"},\"image\":{\"@id\":\"https:\\\/\\\/www.guiagratis.com.br\\\/#\\\/schema\\\/logo\\\/image\\\/\"},\"sameAs\":[\"https:\\\/\\\/www.facebook.com\\\/guiagratis\",\"https:\\\/\\\/x.com\\\/siteguiagratis\"]}]}<\/script>\n<!-- \/ Yoast SEO plugin. -->","yoast_head_json":{"title":"Vagas de Emprego - Guia Gr\u00e1tis - guia de servi\u00e7os gr\u00e1tis","description":"Aqui est\u00e3o sites para quem est\u00e1 em busca de vagas de emprego e est\u00e1gio, assim como sites para quem precisa de ajuda para elaborar seu curr\u00edculo.","robots":{"index":"index","follow":"follow","max-snippet":"max-snippet:-1","max-image-preview":"max-image-preview:large","max-video-preview":"max-video-preview:-1"},"canonical":"https:\/\/www.guiagratis.com.br\/index.php\/vagas-de-emprego\/","og_locale":"pt_BR","og_type":"article","og_title":"Vagas de Emprego - Guia Gr\u00e1tis - guia de servi\u00e7os gr\u00e1tis","og_description":"Aqui est\u00e3o sites para quem est\u00e1 em busca de vagas de emprego e est\u00e1gio, assim como sites para quem precisa de ajuda para elaborar seu curr\u00edculo.","og_url":"https:\/\/www.guiagratis.com.br\/index.php\/vagas-de-emprego\/","og_site_name":"Guia Gr\u00e1tis - guia de servi\u00e7os gr\u00e1tis","article_publisher":"https:\/\/www.facebook.com\/guiagratis","article_modified_time":"2025-07-15T00:46:16+00:00","twitter_card":"summary_large_image","twitter_site":"@siteguiagratis","twitter_misc":{"Est. tempo de leitura":"2 minutos"},"schema":{"@context":"https:\/\/schema.org","@graph":[{"@type":"WebPage","@id":"https:\/\/www.guiagratis.com.br\/index.php\/vagas-de-emprego\/","url":"https:\/\/www.guiagratis.com.br\/index.php\/vagas-de-emprego\/","name":"Vagas de Emprego - Guia Gr\u00e1tis - guia de servi\u00e7os gr\u00e1tis","isPartOf":{"@id":"https:\/\/www.guiagratis.com.br\/#website"},"primaryImageOfPage":{"@id":"https:\/\/www.guiagratis.com.br\/index.php\/vagas-de-emprego\/#primaryimage"},"image":{"@id":"https:\/\/www.guiagratis.com.br\/index.php\/vagas-de-emprego\/#primaryimage"},"thumbnailUrl":"","datePublished":"2018-09-30T06:15:46+00:00","dateModified":"2025-07-15T00:46:16+00:00","description":"Aqui est\u00e3o sites para quem est\u00e1 em busca de vagas de emprego e est\u00e1gio, assim como sites para quem precisa de ajuda para elaborar seu curr\u00edculo.","breadcrumb":{"@id":"https:\/\/www.guiagratis.com.br\/index.php\/vagas-de-emprego\/#breadcrumb"},"inLanguage":"pt-BR","potentialAction":[{"@type":"ReadAction","target":["https:\/\/www.guiagratis.com.br\/index.php\/vagas-de-emprego\/"]}]},{"@type":"ImageObject","inLanguage":"pt-BR","@id":"https:\/\/www.guiagratis.com.br\/index.php\/vagas-de-emprego\/#primaryimage","url":"","contentUrl":""},{"@type":"BreadcrumbList","@id":"https:\/\/www.guiagratis.com.br\/index.php\/vagas-de-emprego\/#breadcrumb","itemListElement":[{"@type":"ListItem","position":1,"name":"In\u00edcio","item":"https:\/\/www.guiagratis.com.br\/"},{"@type":"ListItem","position":2,"name":"Vagas de Emprego"}]},{"@type":"WebSite","@id":"https:\/\/www.guiagratis.com.br\/#website","url":"https:\/\/www.guiagratis.com.br\/","name":"Guia Gr\u00e1tis - guia de servi\u00e7os gr\u00e1tis","description":"","publisher":{"@id":"https:\/\/www.guiagratis.com.br\/#organization"},"potentialAction":[{"@type":"SearchAction","target":{"@type":"EntryPoint","urlTemplate":"https:\/\/www.guiagratis.com.br\/?s={search_term_string}"},"query-input":{"@type":"PropertyValueSpecification","valueRequired":true,"valueName":"search_term_string"}}],"inLanguage":"pt-BR"},{"@type":"Organization","@id":"https:\/\/www.guiagratis.com.br\/#organization","name":"Guia Gr\u00e1tis - guia de servi\u00e7os gr\u00e1tis","url":"https:\/\/www.guiagratis.com.br\/","logo":{"@type":"ImageObject","inLanguage":"pt-BR","@id":"https:\/\/www.guiagratis.com.br\/#\/schema\/logo\/image\/","url":"https:\/\/www.guiagratis.com.br\/wp-content\/uploads\/2025\/05\/cropped-logo.gif","contentUrl":"https:\/\/www.guiagratis.com.br\/wp-content\/uploads\/2025\/05\/cropped-logo.gif","width":175,"height":88,"caption":"Guia Gr\u00e1tis - guia de servi\u00e7os gr\u00e1tis"},"image":{"@id":"https:\/\/www.guiagratis.com.br\/#\/schema\/logo\/image\/"},"sameAs":["https:\/\/www.facebook.com\/guiagratis","https:\/\/x.com\/siteguiagratis"]}]}},"_links":{"self":[{"href":"https:\/\/www.guiagratis.com.br\/index.php\/wp-json\/wp\/v2\/pages\/3232","targetHints":{"allow":["GET"]}}],"collection":[{"href":"https:\/\/www.guiagratis.com.br\/index.php\/wp-json\/wp\/v2\/pages"}],"about":[{"href":"https:\/\/www.guiagratis.com.br\/index.php\/wp-json\/wp\/v2\/types\/page"}],"author":[{"embeddable":true,"href":"https:\/\/www.guiagratis.com.br\/index.php\/wp-json\/wp\/v2\/users\/2"}],"replies":[{"embeddable":true,"href":"https:\/\/www.guiagratis.com.br\/index.php\/wp-json\/wp\/v2\/comments?post=3232"}],"version-history":[{"count":1,"href":"https:\/\/www.guiagratis.com.br\/index.php\/wp-json\/wp\/v2\/pages\/3232\/revisions"}],"predecessor-version":[{"id":4969,"href":"https:\/\/www.guiagratis.com.br\/index.php\/wp-json\/wp\/v2\/pages\/3232\/revisions\/4969"}],"wp:featuredmedia":[{"embeddable":true,"href":"https:\/\/www.guiagratis.com.br\/index.php\/wp-json\/"}],"wp:attachment":[{"href":"https:\/\/www.guiagratis.com.br\/index.php\/wp-json\/wp\/v2\/media?parent=3232"}],"curies":[{"name":"wp","href":"https:\/\/api.w.org\/{rel}","templated":true}]}}