{"id":3267,"date":"2018-09-30T20:30:47","date_gmt":"2018-09-30T23:30:47","guid":{"rendered":"https:\/\/www.guiagratis.com.br\/?page_id=3267"},"modified":"2018-09-30T20:30:47","modified_gmt":"2018-09-30T23:30:47","slug":"tutorias-e-apostilas","status":"publish","type":"page","link":"https:\/\/www.guiagratis.com.br\/index.php\/tutorias-e-apostilas\/","title":{"rendered":"Tutorias e Apostilas"},"content":{"rendered":"<p style=\"text-align: justify;\"><img loading=\"lazy\" decoding=\"async\" class=\"size-medium wp-image-4325 alignleft\" src=\"http:\/\/guiagratis.com.br\/wp-content\/uploads\/2018\/09\/tutoriais-e-apostilas-1-300x158.jpg\" alt=\"tutoriais e apostilas\" width=\"300\" height=\"158\" \/>Precisa adquirir novos conhecimentos mas n\u00e3o tem tempo para fazer um curso ? Veja os sites de tutoriais e apostilas que selecionamos especialmente para voc\u00ea. <span style=\"color: #ff6600;\">Esta se\u00e7\u00e3o inclu\u00eda tamb\u00e9m apostilas e tutorias sobre programa\u00e7\u00e3o e desenvolvimento web, atualmente esse material encontra-se no menu &#8220;para desenvolvedores&#8221;.<\/span><\/p>\n<h3 style=\"text-align: justify;\">A Casa do Concurseiro<\/h3>\n<p style=\"text-align: justify;\">Apostilas gr\u00e1tis para os mais diversos concursos p\u00fablicos ocorrendo no territ\u00f3rio brasileiro. O site ainda traz muitas informa\u00e7\u00f5es adicionais \u00fateis sobre concursos p\u00fablicos.<\/p>\n<p style=\"text-align: justify;\"><a href=\"https:\/\/acasadoconcurseiro.com.br\/apostilas-gratis\" target=\"_blank\" rel=\"noopener noreferrer\">https:\/\/acasadoconcurseiro.com.br\/apostilas-gratis<\/a><\/p>\n<h3 style=\"text-align: justify;\">ABCdatos Tutoriales<\/h3>\n<p style=\"text-align: justify;\">Diret\u00f3rio com um grande n\u00famero de tutoriais e apostilas em espanhol sobre software, Internet, programa\u00e7\u00e3o e etc.<\/p>\n<p style=\"text-align: justify;\"><a title=\"ABCdatos Tutoriales\" href=\"http:\/\/www.abcdatos.com\/tutoriales\/\" target=\"_blank\" rel=\"noopener noreferrer\">www.abcdatos.com\/tutoriales\/<\/a><\/p>\n<h3 style=\"text-align: justify;\">AlfaM\u00eddia &#8211; Apostilas Gr\u00e1tis<\/h3>\n<p style=\"text-align: justify;\">Apostilas desenvolvidas pelos instrutores dos cursos da Alfam\u00eddia atuais ou antigos e que s\u00e3o disponibilizadas gratuitamente pela empresa.<\/p>\n<p style=\"text-align: justify;\"><a href=\"http:\/\/www.alfamidia.com.br\/apostilas\/\" target=\"_blank\" rel=\"noopener noreferrer\">www.alfamidia.com.br\/apostilas\/<\/a><\/p>\n<h3 style=\"text-align: justify;\">Apostilando<\/h3>\n<p style=\"text-align: justify;\">Centenas de apostilas e tutoriais de inform\u00e1tica, incluindo webdesign, Office, programa\u00e7\u00e3o, sistemas operacionais, redes, hardware, Linux e mais.<\/p>\n<p style=\"text-align: justify;\"><a title=\"Apostilando\" href=\"http:\/\/www.apostilando.com\" target=\"_blank\" rel=\"noopener noreferrer\">www.apostilando.com<\/a><\/p>\n<h3 style=\"text-align: justify;\">Concursos P\u00fablicos &#8211; Inform\u00e1tica<\/h3>\n<p style=\"text-align: justify;\">Blog contendo muitas quest\u00f5es comuns sobre inform\u00e1tica em concursos p\u00fablicos, especialmente sobre Windows, Linus, Office, Internet e redes.<\/p>\n<p style=\"text-align: justify;\"><a href=\"http:\/\/informatica-concursos.blogspot.com\/\" target=\"_blank\" rel=\"noopener noreferrer\">http:\/\/informatica-concursos.blogspot.com\/<\/a><\/p>\n<h3 style=\"text-align: justify;\">Guia do Hardware<\/h3>\n<p style=\"text-align: justify;\">Grande quantidade de apostilas e tutorias sobre os mais variados temas relacionados a hardware.<\/p>\n<p style=\"text-align: justify;\"><a title=\"Guia do Hardware\" href=\"http:\/\/www.hardware.com.br\" target=\"_blank\" rel=\"noopener noreferrer\">www.hardware.com.br<\/a><\/p>\n<h3 style=\"text-align: justify;\">JurisWay<\/h3>\n<p style=\"text-align: justify;\">Videoaulas, entrevistas e debates sobre temas jur\u00eddicos e outras \u00e1reas relacionadas a concursos p\u00fablicos, como l\u00edngua portuguesa, l\u00edngua inglesa, racioc\u00ednio l\u00f3gico e etc.<\/p>\n<p style=\"text-align: justify;\"><a href=\"http:\/\/www.jurisway.org.br\/videos\/\" target=\"_blank\" rel=\"noopener noreferrer\">http:\/\/www.jurisway.org.br\/videos\/<\/a><\/p>\n<h3 style=\"text-align: justify;\">OK Concursos<\/h3>\n<p style=\"text-align: justify;\">Um dos mais completos sites para quem busca apostilas das mais diversas disciplinas para concursos p\u00fablicos.<\/p>\n<p style=\"text-align: justify;\"><a href=\"http:\/\/www.okconcursos.com.br\/\" target=\"_blank\" rel=\"noopener noreferrer\">http:\/\/www.okconcursos.com.br\/<\/a><\/p>\n<h3 style=\"text-align: justify;\">Quest\u00f5es de Concursos<\/h3>\n<p style=\"text-align: justify;\">Alguns milhares de quest\u00f5es de concursos das mais variadas disciplinas para voc\u00ea praticar. Para fazer download do material \u00e9 necess\u00e1rio cadastrar-se no site gratuitamente.<\/p>\n<p style=\"text-align: justify;\"><a href=\"https:\/\/www.qconcursos.com\/\" target=\"_blank\" rel=\"noopener noreferrer\">https:\/\/www.qconcursos.com\/<\/a><\/p>\n<h3 style=\"text-align: justify;\">Resultado! Concursos<\/h3>\n<p style=\"text-align: justify;\">Muitas v\u00eddeo aulas gr\u00e1tis sobre concursos p\u00fablicos, especialmente na \u00e1rea do Direito mas tamb\u00e9m matem\u00e1tica, l\u00edngua portuguesa, racioc\u00ednio l\u00f3gico e outras.<\/p>\n<p style=\"text-align: justify;\"><a href=\"http:\/\/www.resultadoconcursos.net\/video-aulas-gratuitas-sobre-concursos\/\" target=\"_blank\" rel=\"noopener noreferrer\">http:\/\/www.resultadoconcursos.net\/video-aulas-gratuitas-sobre-concursos\/<\/a><\/p>\n<h3 style=\"text-align: justify;\">S\u00f3 Tutorial<\/h3>\n<p style=\"text-align: justify;\">Tutoriais gratuitos de Autocad, 3D Max, Renderiza\u00e7\u00e3o, Photoshop, Excel e Teoria Musical.<\/p>\n<p style=\"text-align: justify;\"><a href=\"http:\/\/www.sotutorial.com\/\" target=\"_blank\" rel=\"noopener noreferrer\">www.sotutorial.com<\/a><\/p>\n<h3 style=\"text-align: justify;\">TutoriaisWeb<\/h3>\n<p style=\"text-align: justify;\">Est\u00e1 procurando tutoriais na internet mas n\u00e3o encontra? Conhe\u00e7a o TutoriaisWeb, s\u00e3o milhares de tutoriais e apostilas gr\u00e1tis para voc\u00ea!<\/p>\n<p style=\"text-align: justify;\"><a title=\"TutoriaisWeb\" href=\"http:\/\/www.tutoriaisweb.com\" target=\"_blank\" rel=\"noopener noreferrer\">www.tutoriaisweb.com<\/a><\/p>\n","protected":false},"excerpt":{"rendered":"<p>Precisa adquirir novos conhecimentos mas n\u00e3o tem tempo para fazer um curso ? Veja os sites de tutoriais e apostilas que selecionamos especialmente para voc\u00ea. Esta se\u00e7\u00e3o inclu\u00eda tamb\u00e9m apostilas e tutorias sobre programa\u00e7\u00e3o e desenvolvimento web, atualmente esse material encontra-se no menu &#8220;para desenvolvedores&#8221;. A Casa do Concurseiro Apostilas gr\u00e1tis para os mais diversos &hellip; <\/p>\n","protected":false},"author":2,"featured_media":0,"parent":0,"menu_order":0,"comment_status":"closed","ping_status":"closed","template":"","meta":{"footnotes":""},"class_list":["post-3267","page","type-page","status-publish","hentry","entry"],"yoast_head":"<!-- This site is optimized with the Yoast SEO plugin v27.5 - https:\/\/yoast.com\/product\/yoast-seo-wordpress\/ -->\n<title>Tutorias e Apostilas - Guia Gr\u00e1tis - guia de servi\u00e7os gr\u00e1tis<\/title>\n<meta name=\"description\" content=\"Precisa adquirir novos conhecimentos mas n\u00e3o tem tempo para fazer um curso ? Veja os sites de tutoriais e apostilas que selecionamos para voc\u00ea.\" \/>\n<meta name=\"robots\" content=\"index, follow, max-snippet:-1, max-image-preview:large, max-video-preview:-1\" \/>\n<link rel=\"canonical\" href=\"https:\/\/www.guiagratis.com.br\/index.php\/tutorias-e-apostilas\/\" \/>\n<meta property=\"og:locale\" content=\"pt_BR\" \/>\n<meta property=\"og:type\" content=\"article\" \/>\n<meta property=\"og:title\" content=\"Tutorias e Apostilas - Guia Gr\u00e1tis - guia de servi\u00e7os gr\u00e1tis\" \/>\n<meta property=\"og:description\" content=\"Precisa adquirir novos conhecimentos mas n\u00e3o tem tempo para fazer um curso ? Veja os sites de tutoriais e apostilas que selecionamos para voc\u00ea.\" \/>\n<meta property=\"og:url\" content=\"https:\/\/www.guiagratis.com.br\/index.php\/tutorias-e-apostilas\/\" \/>\n<meta property=\"og:site_name\" content=\"Guia Gr\u00e1tis - guia de servi\u00e7os gr\u00e1tis\" \/>\n<meta property=\"article:publisher\" content=\"https:\/\/www.facebook.com\/guiagratis\" \/>\n<meta property=\"og:image\" content=\"http:\/\/guiagratis.com.br\/wp-content\/uploads\/2018\/09\/tutoriais-e-apostilas-1-300x158.jpg\" \/>\n<meta name=\"twitter:card\" content=\"summary_large_image\" \/>\n<meta name=\"twitter:site\" content=\"@siteguiagratis\" \/>\n<meta name=\"twitter:label1\" content=\"Est. tempo de leitura\" \/>\n\t<meta name=\"twitter:data1\" content=\"2 minutos\" \/>\n<script type=\"application\/ld+json\" class=\"yoast-schema-graph\">{\"@context\":\"https:\\\/\\\/schema.org\",\"@graph\":[{\"@type\":\"WebPage\",\"@id\":\"https:\\\/\\\/www.guiagratis.com.br\\\/index.php\\\/tutorias-e-apostilas\\\/\",\"url\":\"https:\\\/\\\/www.guiagratis.com.br\\\/index.php\\\/tutorias-e-apostilas\\\/\",\"name\":\"Tutorias e Apostilas - Guia Gr\u00e1tis - guia de servi\u00e7os gr\u00e1tis\",\"isPartOf\":{\"@id\":\"https:\\\/\\\/www.guiagratis.com.br\\\/#website\"},\"primaryImageOfPage\":{\"@id\":\"https:\\\/\\\/www.guiagratis.com.br\\\/index.php\\\/tutorias-e-apostilas\\\/#primaryimage\"},\"image\":{\"@id\":\"https:\\\/\\\/www.guiagratis.com.br\\\/index.php\\\/tutorias-e-apostilas\\\/#primaryimage\"},\"thumbnailUrl\":\"http:\\\/\\\/guiagratis.com.br\\\/wp-content\\\/uploads\\\/2018\\\/09\\\/tutoriais-e-apostilas-1-300x158.jpg\",\"datePublished\":\"2018-09-30T23:30:47+00:00\",\"description\":\"Precisa adquirir novos conhecimentos mas n\u00e3o tem tempo para fazer um curso ? Veja os sites de tutoriais e apostilas que selecionamos para voc\u00ea.\",\"breadcrumb\":{\"@id\":\"https:\\\/\\\/www.guiagratis.com.br\\\/index.php\\\/tutorias-e-apostilas\\\/#breadcrumb\"},\"inLanguage\":\"pt-BR\",\"potentialAction\":[{\"@type\":\"ReadAction\",\"target\":[\"https:\\\/\\\/www.guiagratis.com.br\\\/index.php\\\/tutorias-e-apostilas\\\/\"]}]},{\"@type\":\"ImageObject\",\"inLanguage\":\"pt-BR\",\"@id\":\"https:\\\/\\\/www.guiagratis.com.br\\\/index.php\\\/tutorias-e-apostilas\\\/#primaryimage\",\"url\":\"http:\\\/\\\/guiagratis.com.br\\\/wp-content\\\/uploads\\\/2018\\\/09\\\/tutoriais-e-apostilas-1-300x158.jpg\",\"contentUrl\":\"http:\\\/\\\/guiagratis.com.br\\\/wp-content\\\/uploads\\\/2018\\\/09\\\/tutoriais-e-apostilas-1-300x158.jpg\"},{\"@type\":\"BreadcrumbList\",\"@id\":\"https:\\\/\\\/www.guiagratis.com.br\\\/index.php\\\/tutorias-e-apostilas\\\/#breadcrumb\",\"itemListElement\":[{\"@type\":\"ListItem\",\"position\":1,\"name\":\"In\u00edcio\",\"item\":\"https:\\\/\\\/www.guiagratis.com.br\\\/\"},{\"@type\":\"ListItem\",\"position\":2,\"name\":\"Tutorias e Apostilas\"}]},{\"@type\":\"WebSite\",\"@id\":\"https:\\\/\\\/www.guiagratis.com.br\\\/#website\",\"url\":\"https:\\\/\\\/www.guiagratis.com.br\\\/\",\"name\":\"Guia Gr\u00e1tis - guia de servi\u00e7os gr\u00e1tis\",\"description\":\"\",\"publisher\":{\"@id\":\"https:\\\/\\\/www.guiagratis.com.br\\\/#organization\"},\"potentialAction\":[{\"@type\":\"SearchAction\",\"target\":{\"@type\":\"EntryPoint\",\"urlTemplate\":\"https:\\\/\\\/www.guiagratis.com.br\\\/?s={search_term_string}\"},\"query-input\":{\"@type\":\"PropertyValueSpecification\",\"valueRequired\":true,\"valueName\":\"search_term_string\"}}],\"inLanguage\":\"pt-BR\"},{\"@type\":\"Organization\",\"@id\":\"https:\\\/\\\/www.guiagratis.com.br\\\/#organization\",\"name\":\"Guia Gr\u00e1tis - guia de servi\u00e7os gr\u00e1tis\",\"url\":\"https:\\\/\\\/www.guiagratis.com.br\\\/\",\"logo\":{\"@type\":\"ImageObject\",\"inLanguage\":\"pt-BR\",\"@id\":\"https:\\\/\\\/www.guiagratis.com.br\\\/#\\\/schema\\\/logo\\\/image\\\/\",\"url\":\"https:\\\/\\\/www.guiagratis.com.br\\\/wp-content\\\/uploads\\\/2025\\\/05\\\/cropped-logo.gif\",\"contentUrl\":\"https:\\\/\\\/www.guiagratis.com.br\\\/wp-content\\\/uploads\\\/2025\\\/05\\\/cropped-logo.gif\",\"width\":175,\"height\":88,\"caption\":\"Guia Gr\u00e1tis - guia de servi\u00e7os gr\u00e1tis\"},\"image\":{\"@id\":\"https:\\\/\\\/www.guiagratis.com.br\\\/#\\\/schema\\\/logo\\\/image\\\/\"},\"sameAs\":[\"https:\\\/\\\/www.facebook.com\\\/guiagratis\",\"https:\\\/\\\/x.com\\\/siteguiagratis\"]}]}<\/script>\n<!-- \/ Yoast SEO plugin. -->","yoast_head_json":{"title":"Tutorias e Apostilas - Guia Gr\u00e1tis - guia de servi\u00e7os gr\u00e1tis","description":"Precisa adquirir novos conhecimentos mas n\u00e3o tem tempo para fazer um curso ? Veja os sites de tutoriais e apostilas que selecionamos para voc\u00ea.","robots":{"index":"index","follow":"follow","max-snippet":"max-snippet:-1","max-image-preview":"max-image-preview:large","max-video-preview":"max-video-preview:-1"},"canonical":"https:\/\/www.guiagratis.com.br\/index.php\/tutorias-e-apostilas\/","og_locale":"pt_BR","og_type":"article","og_title":"Tutorias e Apostilas - Guia Gr\u00e1tis - guia de servi\u00e7os gr\u00e1tis","og_description":"Precisa adquirir novos conhecimentos mas n\u00e3o tem tempo para fazer um curso ? Veja os sites de tutoriais e apostilas que selecionamos para voc\u00ea.","og_url":"https:\/\/www.guiagratis.com.br\/index.php\/tutorias-e-apostilas\/","og_site_name":"Guia Gr\u00e1tis - guia de servi\u00e7os gr\u00e1tis","article_publisher":"https:\/\/www.facebook.com\/guiagratis","og_image":[{"url":"http:\/\/guiagratis.com.br\/wp-content\/uploads\/2018\/09\/tutoriais-e-apostilas-1-300x158.jpg","type":"","width":"","height":""}],"twitter_card":"summary_large_image","twitter_site":"@siteguiagratis","twitter_misc":{"Est. tempo de leitura":"2 minutos"},"schema":{"@context":"https:\/\/schema.org","@graph":[{"@type":"WebPage","@id":"https:\/\/www.guiagratis.com.br\/index.php\/tutorias-e-apostilas\/","url":"https:\/\/www.guiagratis.com.br\/index.php\/tutorias-e-apostilas\/","name":"Tutorias e Apostilas - Guia Gr\u00e1tis - guia de servi\u00e7os gr\u00e1tis","isPartOf":{"@id":"https:\/\/www.guiagratis.com.br\/#website"},"primaryImageOfPage":{"@id":"https:\/\/www.guiagratis.com.br\/index.php\/tutorias-e-apostilas\/#primaryimage"},"image":{"@id":"https:\/\/www.guiagratis.com.br\/index.php\/tutorias-e-apostilas\/#primaryimage"},"thumbnailUrl":"http:\/\/guiagratis.com.br\/wp-content\/uploads\/2018\/09\/tutoriais-e-apostilas-1-300x158.jpg","datePublished":"2018-09-30T23:30:47+00:00","description":"Precisa adquirir novos conhecimentos mas n\u00e3o tem tempo para fazer um curso ? Veja os sites de tutoriais e apostilas que selecionamos para voc\u00ea.","breadcrumb":{"@id":"https:\/\/www.guiagratis.com.br\/index.php\/tutorias-e-apostilas\/#breadcrumb"},"inLanguage":"pt-BR","potentialAction":[{"@type":"ReadAction","target":["https:\/\/www.guiagratis.com.br\/index.php\/tutorias-e-apostilas\/"]}]},{"@type":"ImageObject","inLanguage":"pt-BR","@id":"https:\/\/www.guiagratis.com.br\/index.php\/tutorias-e-apostilas\/#primaryimage","url":"http:\/\/guiagratis.com.br\/wp-content\/uploads\/2018\/09\/tutoriais-e-apostilas-1-300x158.jpg","contentUrl":"http:\/\/guiagratis.com.br\/wp-content\/uploads\/2018\/09\/tutoriais-e-apostilas-1-300x158.jpg"},{"@type":"BreadcrumbList","@id":"https:\/\/www.guiagratis.com.br\/index.php\/tutorias-e-apostilas\/#breadcrumb","itemListElement":[{"@type":"ListItem","position":1,"name":"In\u00edcio","item":"https:\/\/www.guiagratis.com.br\/"},{"@type":"ListItem","position":2,"name":"Tutorias e Apostilas"}]},{"@type":"WebSite","@id":"https:\/\/www.guiagratis.com.br\/#website","url":"https:\/\/www.guiagratis.com.br\/","name":"Guia Gr\u00e1tis - guia de servi\u00e7os gr\u00e1tis","description":"","publisher":{"@id":"https:\/\/www.guiagratis.com.br\/#organization"},"potentialAction":[{"@type":"SearchAction","target":{"@type":"EntryPoint","urlTemplate":"https:\/\/www.guiagratis.com.br\/?s={search_term_string}"},"query-input":{"@type":"PropertyValueSpecification","valueRequired":true,"valueName":"search_term_string"}}],"inLanguage":"pt-BR"},{"@type":"Organization","@id":"https:\/\/www.guiagratis.com.br\/#organization","name":"Guia Gr\u00e1tis - guia de servi\u00e7os gr\u00e1tis","url":"https:\/\/www.guiagratis.com.br\/","logo":{"@type":"ImageObject","inLanguage":"pt-BR","@id":"https:\/\/www.guiagratis.com.br\/#\/schema\/logo\/image\/","url":"https:\/\/www.guiagratis.com.br\/wp-content\/uploads\/2025\/05\/cropped-logo.gif","contentUrl":"https:\/\/www.guiagratis.com.br\/wp-content\/uploads\/2025\/05\/cropped-logo.gif","width":175,"height":88,"caption":"Guia Gr\u00e1tis - guia de servi\u00e7os gr\u00e1tis"},"image":{"@id":"https:\/\/www.guiagratis.com.br\/#\/schema\/logo\/image\/"},"sameAs":["https:\/\/www.facebook.com\/guiagratis","https:\/\/x.com\/siteguiagratis"]}]}},"_links":{"self":[{"href":"https:\/\/www.guiagratis.com.br\/index.php\/wp-json\/wp\/v2\/pages\/3267","targetHints":{"allow":["GET"]}}],"collection":[{"href":"https:\/\/www.guiagratis.com.br\/index.php\/wp-json\/wp\/v2\/pages"}],"about":[{"href":"https:\/\/www.guiagratis.com.br\/index.php\/wp-json\/wp\/v2\/types\/page"}],"author":[{"embeddable":true,"href":"https:\/\/www.guiagratis.com.br\/index.php\/wp-json\/wp\/v2\/users\/2"}],"replies":[{"embeddable":true,"href":"https:\/\/www.guiagratis.com.br\/index.php\/wp-json\/wp\/v2\/comments?post=3267"}],"version-history":[{"count":0,"href":"https:\/\/www.guiagratis.com.br\/index.php\/wp-json\/wp\/v2\/pages\/3267\/revisions"}],"wp:attachment":[{"href":"https:\/\/www.guiagratis.com.br\/index.php\/wp-json\/wp\/v2\/media?parent=3267"}],"curies":[{"name":"wp","href":"https:\/\/api.w.org\/{rel}","templated":true}]}}