{"id":3301,"date":"2018-10-03T21:18:10","date_gmt":"2018-10-04T00:18:10","guid":{"rendered":"https:\/\/www.guiagratis.com.br\/?page_id=3301"},"modified":"2018-10-03T21:18:10","modified_gmt":"2018-10-04T00:18:10","slug":"templates-para-blogger","status":"publish","type":"page","link":"https:\/\/www.guiagratis.com.br\/index.php\/templates-para-blogger\/","title":{"rendered":"Templates para Blogger"},"content":{"rendered":"<p style=\"text-align: justify;\"><img loading=\"lazy\" decoding=\"async\" class=\"size-medium wp-image-4392 alignleft\" src=\"http:\/\/guiagratis.com.br\/wp-content\/uploads\/2018\/10\/templates-blogger-1-300x158.jpg\" alt=\"templates para blogger\" width=\"300\" height=\"158\" \/>Aqui listamos sites que oferecem templates para blogger gratuitamente. Se voc\u00ea quer dar um visual diferenciado ao seu Blogger basta escolher.<\/p>\n<h2 style=\"text-align: justify;\">B Templates<\/h2>\n<p style=\"text-align: justify;\">Site especializado em templates para Blogger. Templates com v\u00e1rias op\u00e7\u00f5es de colunas e estilos para deixar seu blog com uma apar\u00eancia mais &#8216;profissional&#8217;.<\/p>\n<p style=\"text-align: justify;\"><a title=\"Blogger Templates\" href=\"http:\/\/btemplates.com\" target=\"_blank\" rel=\"noopener noreferrer\">http:\/\/btemplates.com<\/a><\/p>\n<h2 style=\"text-align: justify;\">B Templates4U<\/h2>\n<p style=\"text-align: justify;\">Outro site especializado em templates para Blogger com layout variados nos mais diversos g\u00eaneros, incluindo galeria, magazine, clean, elagante e v\u00e1rios outros. Os temas em sua absoluta maioria trazem links para os sites de seus criadores no rodap\u00e9.<\/p>\n<p style=\"text-align: justify;\"><a title=\"B Templates4U\" href=\"http:\/\/www.btemplates4u.com\/\" target=\"_blank\" rel=\"noopener noreferrer\">www.btemplates4u.com<\/a><\/p>\n<h2 style=\"text-align: justify;\">Best Theme<\/h2>\n<p style=\"text-align: justify;\">Oferece templates para a plataforma Blogger e Temas para WordPress. A cole\u00e7\u00e3o n\u00e3o \u00e9 muito grande e a maioria dos templates e temas \u00e9 bastante simples. De qualquer forma \u00e9 mais uma op\u00e7\u00e3o e vale a visita.<\/p>\n<p style=\"text-align: justify;\"><a title=\"Best Theme\" href=\"http:\/\/besttheme.net\/\" target=\"_blank\" rel=\"noopener noreferrer\">http:\/\/besttheme.net<\/a><\/p>\n<h2 style=\"text-align: justify;\">Blogger Templates 20<\/h2>\n<p style=\"text-align: justify;\">Templates para blog na plataforma Blogger templates com html5, css3 e xml. Download gratuito. Todos com live demo e instru\u00e7\u00f5es de instala\u00e7\u00e3o.<\/p>\n<p style=\"text-align: justify;\"><a title=\"Blogger Templates 20\" href=\"http:\/\/bloggertemplates20.com\/\" target=\"_blank\" rel=\"noopener noreferrer\">http:\/\/bloggertemplates20.com<\/a><\/p>\n<h2 style=\"text-align: justify;\">Deluxe Templates<\/h2>\n<p style=\"text-align: justify;\">Conhecid\u00edssimo pelos seus templates para Blogger, embora tamb\u00e9m disponibilize temas gratuitos para WordPress. Todos os templates s\u00e3o gr\u00e1tis para uso comercial ou pessoal e com licen\u00e7a creative commons.<\/p>\n<p style=\"text-align: justify;\"><a title=\"Deluxe Templates\" href=\"http:\/\/www.deluxetemplates.net\" target=\"_blank\" rel=\"noopener noreferrer\">www.deluxetemplates.net<\/a><\/p>\n<h2 style=\"text-align: justify;\">DheTemplates<\/h2>\n<p style=\"text-align: justify;\">Grande cole\u00e7\u00e3o de templates gratuitos para Blogger. Voc\u00ea pode procurar templates por estilo, n\u00famero de colunas e v\u00e1rias outras op\u00e7\u00f5es. Tamb\u00e9m oferece templates para Joomla e temas para WordPress.<\/p>\n<p style=\"text-align: justify;\"><a title=\"Deluxe Templates\" href=\"http:\/\/www.dhetemplate.com\/\" target=\"_blank\" rel=\"noopener noreferrer\">www.dhetemplate.com<\/a><\/p>\n<h2 style=\"text-align: justify;\">Dicas Blogger<\/h2>\n<p style=\"text-align: justify;\">Al\u00e9m de ser uma das maiores fontes de informa\u00e7\u00f5es e dicas sobre Blogger em l\u00edngua portuguesa tamb\u00e9m oferece uma boa cole\u00e7\u00e3o de templates gr\u00e1tis para seu Blogger.<\/p>\n<p style=\"text-align: justify;\"><a title=\"Dicas Blogger\" href=\"http:\/\/www.dicasblogger.com.br\/search\/label\/Templates%20Gratuitos\" target=\"_blank\" rel=\"noopener noreferrer\">www.dicasblogger.com.br\/search\/label\/Templates%20Gratuitos<\/a><\/p>\n<h2 style=\"text-align: justify;\">eBlog Templates<\/h2>\n<p style=\"text-align: justify;\">Diversos temas e templates gr\u00e1tis e pagos para Blogger e para WordPress. Uma excelente op\u00e7\u00e3o para quem deseja deixar seu blog com um aspecto mais &#8216;profissional&#8217;.<\/p>\n<p style=\"text-align: justify;\"><a title=\"eBlog Templates\" href=\"http:\/\/www.eblogtemplates.com\" target=\"_blank\" rel=\"noopener noreferrer\">www.eblogtemplates.com<\/a><\/p>\n<h2 style=\"text-align: justify;\">Free Website Templates<\/h2>\n<p style=\"text-align: justify;\">Boa op\u00e7\u00e3o para quem procura template gratuitos. Oferece ainda outros recursos \u00fateis, inclusive um f\u00f3rum onde os usu\u00e1rios podem esclarecer d\u00favidas.<\/p>\n<p style=\"text-align: justify;\"><a title=\"Free Website Templates\" href=\"https:\/\/freewebsitetemplates.com\/\" target=\"_blank\" rel=\"noopener noreferrer\">https:\/\/freewebsitetemplates.com<\/a><\/p>\n<h2 style=\"text-align: justify;\">Lovely Templates<\/h2>\n<p style=\"text-align: justify;\">O site n\u00e3o \u00e9 dedicado exclusivamente \u00e0 plataforma Blogger, mas possui uma boa cole\u00e7\u00e3o de templates gratuitos para os usu\u00e1rios do Blogspot..<\/p>\n<p style=\"text-align: justify;\"><a title=\"Lovely Templates\" href=\"http:\/\/www.lovelytemplates.com\/\" target=\"_blank\" rel=\"noopener noreferrer\">www.lovelytemplates.com<\/a><\/p>\n<h2 style=\"text-align: justify;\">Mas Template<\/h2>\n<p style=\"text-align: justify;\">Grande site para quem busca templates gratuitos para Blogger. Todos os templates s\u00e3o responsivos e de instala\u00e7\u00e3o bastante simples. Templates nas categorias News\/Magazine, Photo Gallery e diversas outras al\u00e9m de haver op\u00e7\u00f5es para layouts com 1,2 ou 3 colunas.<\/p>\n<p style=\"text-align: justify;\"><a title=\"Mas Template\" href=\"http:\/\/www.mastemplate.com\/\" target=\"_blank\" rel=\"noopener noreferrer\">www.mastemplate.com<\/a><\/p>\n<h2 style=\"text-align: justify;\">MyBloggerThemes<\/h2>\n<p style=\"text-align: justify;\">Algumas centenas de templates gratuitos para a plataforma Blogger, classificados por g\u00eanero, n\u00famero de colunas e outras op\u00e7\u00f5es.<\/p>\n<p style=\"text-align: justify;\"><a title=\"MyBloggerThemes\" href=\"http:\/\/www.mybloggerthemes.com\/\" target=\"_blank\" rel=\"noopener noreferrer\">www.mybloggerthemes.com<\/a><\/p>\n<h2 style=\"text-align: justify;\">MyTemplatez<\/h2>\n<p style=\"text-align: justify;\">Templates gratuitos para Blogger e temas para WordPress al\u00e9m de layouts em CSS. N\u00e3o oferece apenas templates gratuitos, tamb\u00e9m h\u00e1 itens que s\u00e3o pagos, mas todos claramente identificados.<\/p>\n<p style=\"text-align: justify;\"><a title=\"MyTemplatez\" href=\"http:\/\/www.mytemplatez.com\/\" target=\"_blank\" rel=\"noopener noreferrer\">www.mytemplatez.com<\/a><\/p>\n<h2 style=\"text-align: justify;\">New Blogger Themes<\/h2>\n<p style=\"text-align: justify;\">Algumas centenas de templates gr\u00e1tis para Blogger, todos com demo online, al\u00e9m links para temas premium (pagos). Disponibiliza um guia de instala\u00e7\u00e3o explicando ao usu\u00e1rio como proceder para instalar os temas.<\/p>\n<p style=\"text-align: justify;\"><a title=\"eBlog Templates\" href=\"http:\/\/newbloggerthemes.com\/&quot;\" target=\"_blank\" rel=\"noopener noreferrer\">http:\/\/newbloggerthemes.com<\/a><\/p>\n<h2 style=\"text-align: justify;\">Template para Blogspot<\/h2>\n<p style=\"text-align: justify;\">Site brasileiro onde se pode encontrar templates e acess\u00f3rios gratuitos para blogs na plataforma Blogger. Permite que voc\u00ea personalize e crie gratuitamente seu site ou blog.<\/p>\n<p style=\"text-align: justify;\"><a title=\"Template para Blogspot\" href=\"http:\/\/www.templateparablogspot.com\" target=\"_blank\" rel=\"noopener noreferrer\">www.templateparablogspot.com<\/a><\/p>\n<h2 style=\"text-align: justify;\">Templates Gr\u00e1tis<\/h2>\n<p style=\"text-align: justify;\">Templates gr\u00e1tis para diversas plataformas, inclusive Blogger. O site \u00e9 colaborativo e muitos dos templates s\u00e3o otimizados para motores de busca pelos pr\u00f3prios usu\u00e1rios.<\/p>\n<p style=\"text-align: justify;\"><a title=\"Templates Gr\u00e1tis\" href=\"http:\/\/www.templatesgratis.org\/\" target=\"_blank\" rel=\"noopener noreferrer\">www.templatesgratis.org<\/a><\/p>\n<h2 style=\"text-align: justify;\">Templates para Voc\u00ea<\/h2>\n<p style=\"text-align: justify;\">Excelente op\u00e7\u00e3o para quem estiver procurando templates para Blogger. Vale a pena a visita. Al\u00e9m dois templates tr\u00e1s muitas dicas, tutoriais e informa\u00e7\u00f5es \u00fateis e em portugu\u00eas para quem tem ou pretende ter um blog na plataforma Blogger.<\/p>\n<p style=\"text-align: justify;\"><a title=\"Templates para Voc\u00ea\" href=\"http:\/\/templatesparavoce.com\" target=\"_blank\" rel=\"noopener noreferrer\">http:\/\/templatesparavoce.com<\/a><\/p>\n<h2 style=\"text-align: justify;\">ThemeXpose<\/h2>\n<p style=\"text-align: justify;\">Site especializado em templates minimalistas para a plataforma Blogger. Boa cole\u00e7\u00e3o de templates para download gratuito, todos responsivos e bastante otimizados para motores de busca.<\/p>\n<p style=\"text-align: justify;\"><a title=\"Templates para Voc\u00ea\" href=\"http:\/\/www.themexpose.com\/\" target=\"_blank\" rel=\"noopener noreferrer\">www.themexpose.com<\/a><\/p>\n<h2 style=\"text-align: justify;\">ZoomTemplate<\/h2>\n<p style=\"text-align: justify;\">Procurar um template para seu blog por ser uma tarefa \u00e1rdua n\u00e3o s\u00f3 devido \u00e0 grande variedade de op\u00e7\u00f5es. Com a falta de tempo muitas vezes o usu\u00e1rio acaba optando por um template med\u00edocre que n\u00e3o reflete sua personalidade. Nesse site voc\u00ea encontra somente templates de excelente n\u00edvel t\u00e9cnico al\u00e9m de muitos tutorias e informa\u00e7\u00f5es \u00fateis.<\/p>\n<p style=\"text-align: justify;\"><a title=\"Templates para Voc\u00ea\" href=\"http:\/\/www.zoomtemplate.com\/\" target=\"_blank\" rel=\"noopener noreferrer\">www.zoomtemplate.com<\/a><\/p>\n<div style=\"background-color: #ffffff; border: 2px solid #cc3300; color: #000000; padding: 15px;\">\n<p align=\"justify\">Voc\u00ea gostaria de receber por e-mail as \u00faltimas novidades de nosso site? Ent\u00e3o clique no link abaixo, informe seu e-mail na janela que vai abrir-se e voc\u00ea passar\u00e1 a receber por e-mail o nosso feed! O servi\u00e7o oferecido pelo <a href=\"https:\/\/feedburner.google.com\" target=\"_blank\" rel=\"noopener noreferrer\">FeedBurner<\/a> \u00e9 inteiramente gratuito e pode ser cancelado a qualquer momento.<\/p>\n<p align=\"center\"><a href=\"https:\/\/feedburner.google.com\/fb\/a\/mailverify?uri=siteguiagratis&amp;loc=pt_BR\"><strong>Receber Feed por E-Mail<\/strong><\/a><\/p>\n<p align=\"justify\">Em cada e-mail que receber com nosso feed estar\u00e1 presente o link para descadastrar-se quando desejar. O processo \u00e9 inteiramente automatizado e n\u00e3o permite nem exige interfer\u00eancia nossa. N\u00f3s n\u00e3o enviamos spam e somos inteiramente contr\u00e1rios a essa pr\u00e1tica.<\/p>\n<\/div>\n","protected":false},"excerpt":{"rendered":"<p>Aqui listamos sites que oferecem templates para blogger gratuitamente. Se voc\u00ea quer dar um visual diferenciado ao seu Blogger basta escolher. B Templates Site especializado em templates para Blogger. Templates com v\u00e1rias op\u00e7\u00f5es de colunas e estilos para deixar seu blog com uma apar\u00eancia mais &#8216;profissional&#8217;. http:\/\/btemplates.com B Templates4U Outro site especializado em templates para &hellip; <\/p>\n","protected":false},"author":2,"featured_media":4392,"parent":0,"menu_order":0,"comment_status":"closed","ping_status":"closed","template":"","meta":{"footnotes":""},"class_list":["post-3301","page","type-page","status-publish","has-post-thumbnail","hentry","entry"],"yoast_head":"<!-- This site is optimized with the Yoast SEO plugin v27.5 - https:\/\/yoast.com\/product\/yoast-seo-wordpress\/ -->\n<title>Templates para Blogger - Guia Gr\u00e1tis - guia de servi\u00e7os gr\u00e1tis<\/title>\n<meta name=\"description\" content=\"Aqui listamos sites que oferecem templates para blogger gratuitamente. Se voc\u00ea quer dar um visual diferenciado ao seu Blogger basta escolher.\" \/>\n<meta name=\"robots\" content=\"index, follow, max-snippet:-1, max-image-preview:large, max-video-preview:-1\" \/>\n<link rel=\"canonical\" href=\"https:\/\/www.guiagratis.com.br\/index.php\/templates-para-blogger\/\" \/>\n<meta property=\"og:locale\" content=\"pt_BR\" \/>\n<meta property=\"og:type\" content=\"article\" \/>\n<meta property=\"og:title\" content=\"Templates para Blogger - Guia Gr\u00e1tis - guia de servi\u00e7os gr\u00e1tis\" \/>\n<meta property=\"og:description\" content=\"Aqui listamos sites que oferecem templates para blogger gratuitamente. Se voc\u00ea quer dar um visual diferenciado ao seu Blogger basta escolher.\" \/>\n<meta property=\"og:url\" content=\"https:\/\/www.guiagratis.com.br\/index.php\/templates-para-blogger\/\" \/>\n<meta property=\"og:site_name\" content=\"Guia Gr\u00e1tis - guia de servi\u00e7os gr\u00e1tis\" \/>\n<meta property=\"article:publisher\" content=\"https:\/\/www.facebook.com\/guiagratis\" \/>\n<meta name=\"twitter:card\" content=\"summary_large_image\" \/>\n<meta name=\"twitter:site\" content=\"@siteguiagratis\" \/>\n<meta name=\"twitter:label1\" content=\"Est. tempo de leitura\" \/>\n\t<meta name=\"twitter:data1\" content=\"4 minutos\" \/>\n<script type=\"application\/ld+json\" class=\"yoast-schema-graph\">{\"@context\":\"https:\\\/\\\/schema.org\",\"@graph\":[{\"@type\":\"WebPage\",\"@id\":\"https:\\\/\\\/www.guiagratis.com.br\\\/index.php\\\/templates-para-blogger\\\/\",\"url\":\"https:\\\/\\\/www.guiagratis.com.br\\\/index.php\\\/templates-para-blogger\\\/\",\"name\":\"Templates para Blogger - Guia Gr\u00e1tis - guia de servi\u00e7os gr\u00e1tis\",\"isPartOf\":{\"@id\":\"https:\\\/\\\/www.guiagratis.com.br\\\/#website\"},\"primaryImageOfPage\":{\"@id\":\"https:\\\/\\\/www.guiagratis.com.br\\\/index.php\\\/templates-para-blogger\\\/#primaryimage\"},\"image\":{\"@id\":\"https:\\\/\\\/www.guiagratis.com.br\\\/index.php\\\/templates-para-blogger\\\/#primaryimage\"},\"thumbnailUrl\":\"\",\"datePublished\":\"2018-10-04T00:18:10+00:00\",\"description\":\"Aqui listamos sites que oferecem templates para blogger gratuitamente. Se voc\u00ea quer dar um visual diferenciado ao seu Blogger basta escolher.\",\"breadcrumb\":{\"@id\":\"https:\\\/\\\/www.guiagratis.com.br\\\/index.php\\\/templates-para-blogger\\\/#breadcrumb\"},\"inLanguage\":\"pt-BR\",\"potentialAction\":[{\"@type\":\"ReadAction\",\"target\":[\"https:\\\/\\\/www.guiagratis.com.br\\\/index.php\\\/templates-para-blogger\\\/\"]}]},{\"@type\":\"ImageObject\",\"inLanguage\":\"pt-BR\",\"@id\":\"https:\\\/\\\/www.guiagratis.com.br\\\/index.php\\\/templates-para-blogger\\\/#primaryimage\",\"url\":\"\",\"contentUrl\":\"\"},{\"@type\":\"BreadcrumbList\",\"@id\":\"https:\\\/\\\/www.guiagratis.com.br\\\/index.php\\\/templates-para-blogger\\\/#breadcrumb\",\"itemListElement\":[{\"@type\":\"ListItem\",\"position\":1,\"name\":\"In\u00edcio\",\"item\":\"https:\\\/\\\/www.guiagratis.com.br\\\/\"},{\"@type\":\"ListItem\",\"position\":2,\"name\":\"Templates para Blogger\"}]},{\"@type\":\"WebSite\",\"@id\":\"https:\\\/\\\/www.guiagratis.com.br\\\/#website\",\"url\":\"https:\\\/\\\/www.guiagratis.com.br\\\/\",\"name\":\"Guia Gr\u00e1tis - guia de servi\u00e7os gr\u00e1tis\",\"description\":\"\",\"publisher\":{\"@id\":\"https:\\\/\\\/www.guiagratis.com.br\\\/#organization\"},\"potentialAction\":[{\"@type\":\"SearchAction\",\"target\":{\"@type\":\"EntryPoint\",\"urlTemplate\":\"https:\\\/\\\/www.guiagratis.com.br\\\/?s={search_term_string}\"},\"query-input\":{\"@type\":\"PropertyValueSpecification\",\"valueRequired\":true,\"valueName\":\"search_term_string\"}}],\"inLanguage\":\"pt-BR\"},{\"@type\":\"Organization\",\"@id\":\"https:\\\/\\\/www.guiagratis.com.br\\\/#organization\",\"name\":\"Guia Gr\u00e1tis - guia de servi\u00e7os gr\u00e1tis\",\"url\":\"https:\\\/\\\/www.guiagratis.com.br\\\/\",\"logo\":{\"@type\":\"ImageObject\",\"inLanguage\":\"pt-BR\",\"@id\":\"https:\\\/\\\/www.guiagratis.com.br\\\/#\\\/schema\\\/logo\\\/image\\\/\",\"url\":\"https:\\\/\\\/www.guiagratis.com.br\\\/wp-content\\\/uploads\\\/2025\\\/05\\\/cropped-logo.gif\",\"contentUrl\":\"https:\\\/\\\/www.guiagratis.com.br\\\/wp-content\\\/uploads\\\/2025\\\/05\\\/cropped-logo.gif\",\"width\":175,\"height\":88,\"caption\":\"Guia Gr\u00e1tis - guia de servi\u00e7os gr\u00e1tis\"},\"image\":{\"@id\":\"https:\\\/\\\/www.guiagratis.com.br\\\/#\\\/schema\\\/logo\\\/image\\\/\"},\"sameAs\":[\"https:\\\/\\\/www.facebook.com\\\/guiagratis\",\"https:\\\/\\\/x.com\\\/siteguiagratis\"]}]}<\/script>\n<!-- \/ Yoast SEO plugin. -->","yoast_head_json":{"title":"Templates para Blogger - Guia Gr\u00e1tis - guia de servi\u00e7os gr\u00e1tis","description":"Aqui listamos sites que oferecem templates para blogger gratuitamente. Se voc\u00ea quer dar um visual diferenciado ao seu Blogger basta escolher.","robots":{"index":"index","follow":"follow","max-snippet":"max-snippet:-1","max-image-preview":"max-image-preview:large","max-video-preview":"max-video-preview:-1"},"canonical":"https:\/\/www.guiagratis.com.br\/index.php\/templates-para-blogger\/","og_locale":"pt_BR","og_type":"article","og_title":"Templates para Blogger - Guia Gr\u00e1tis - guia de servi\u00e7os gr\u00e1tis","og_description":"Aqui listamos sites que oferecem templates para blogger gratuitamente. Se voc\u00ea quer dar um visual diferenciado ao seu Blogger basta escolher.","og_url":"https:\/\/www.guiagratis.com.br\/index.php\/templates-para-blogger\/","og_site_name":"Guia Gr\u00e1tis - guia de servi\u00e7os gr\u00e1tis","article_publisher":"https:\/\/www.facebook.com\/guiagratis","twitter_card":"summary_large_image","twitter_site":"@siteguiagratis","twitter_misc":{"Est. tempo de leitura":"4 minutos"},"schema":{"@context":"https:\/\/schema.org","@graph":[{"@type":"WebPage","@id":"https:\/\/www.guiagratis.com.br\/index.php\/templates-para-blogger\/","url":"https:\/\/www.guiagratis.com.br\/index.php\/templates-para-blogger\/","name":"Templates para Blogger - Guia Gr\u00e1tis - guia de servi\u00e7os gr\u00e1tis","isPartOf":{"@id":"https:\/\/www.guiagratis.com.br\/#website"},"primaryImageOfPage":{"@id":"https:\/\/www.guiagratis.com.br\/index.php\/templates-para-blogger\/#primaryimage"},"image":{"@id":"https:\/\/www.guiagratis.com.br\/index.php\/templates-para-blogger\/#primaryimage"},"thumbnailUrl":"","datePublished":"2018-10-04T00:18:10+00:00","description":"Aqui listamos sites que oferecem templates para blogger gratuitamente. Se voc\u00ea quer dar um visual diferenciado ao seu Blogger basta escolher.","breadcrumb":{"@id":"https:\/\/www.guiagratis.com.br\/index.php\/templates-para-blogger\/#breadcrumb"},"inLanguage":"pt-BR","potentialAction":[{"@type":"ReadAction","target":["https:\/\/www.guiagratis.com.br\/index.php\/templates-para-blogger\/"]}]},{"@type":"ImageObject","inLanguage":"pt-BR","@id":"https:\/\/www.guiagratis.com.br\/index.php\/templates-para-blogger\/#primaryimage","url":"","contentUrl":""},{"@type":"BreadcrumbList","@id":"https:\/\/www.guiagratis.com.br\/index.php\/templates-para-blogger\/#breadcrumb","itemListElement":[{"@type":"ListItem","position":1,"name":"In\u00edcio","item":"https:\/\/www.guiagratis.com.br\/"},{"@type":"ListItem","position":2,"name":"Templates para Blogger"}]},{"@type":"WebSite","@id":"https:\/\/www.guiagratis.com.br\/#website","url":"https:\/\/www.guiagratis.com.br\/","name":"Guia Gr\u00e1tis - guia de servi\u00e7os gr\u00e1tis","description":"","publisher":{"@id":"https:\/\/www.guiagratis.com.br\/#organization"},"potentialAction":[{"@type":"SearchAction","target":{"@type":"EntryPoint","urlTemplate":"https:\/\/www.guiagratis.com.br\/?s={search_term_string}"},"query-input":{"@type":"PropertyValueSpecification","valueRequired":true,"valueName":"search_term_string"}}],"inLanguage":"pt-BR"},{"@type":"Organization","@id":"https:\/\/www.guiagratis.com.br\/#organization","name":"Guia Gr\u00e1tis - guia de servi\u00e7os gr\u00e1tis","url":"https:\/\/www.guiagratis.com.br\/","logo":{"@type":"ImageObject","inLanguage":"pt-BR","@id":"https:\/\/www.guiagratis.com.br\/#\/schema\/logo\/image\/","url":"https:\/\/www.guiagratis.com.br\/wp-content\/uploads\/2025\/05\/cropped-logo.gif","contentUrl":"https:\/\/www.guiagratis.com.br\/wp-content\/uploads\/2025\/05\/cropped-logo.gif","width":175,"height":88,"caption":"Guia Gr\u00e1tis - guia de servi\u00e7os gr\u00e1tis"},"image":{"@id":"https:\/\/www.guiagratis.com.br\/#\/schema\/logo\/image\/"},"sameAs":["https:\/\/www.facebook.com\/guiagratis","https:\/\/x.com\/siteguiagratis"]}]}},"_links":{"self":[{"href":"https:\/\/www.guiagratis.com.br\/index.php\/wp-json\/wp\/v2\/pages\/3301","targetHints":{"allow":["GET"]}}],"collection":[{"href":"https:\/\/www.guiagratis.com.br\/index.php\/wp-json\/wp\/v2\/pages"}],"about":[{"href":"https:\/\/www.guiagratis.com.br\/index.php\/wp-json\/wp\/v2\/types\/page"}],"author":[{"embeddable":true,"href":"https:\/\/www.guiagratis.com.br\/index.php\/wp-json\/wp\/v2\/users\/2"}],"replies":[{"embeddable":true,"href":"https:\/\/www.guiagratis.com.br\/index.php\/wp-json\/wp\/v2\/comments?post=3301"}],"version-history":[{"count":0,"href":"https:\/\/www.guiagratis.com.br\/index.php\/wp-json\/wp\/v2\/pages\/3301\/revisions"}],"wp:featuredmedia":[{"embeddable":true,"href":"https:\/\/www.guiagratis.com.br\/index.php\/wp-json\/"}],"wp:attachment":[{"href":"https:\/\/www.guiagratis.com.br\/index.php\/wp-json\/wp\/v2\/media?parent=3301"}],"curies":[{"name":"wp","href":"https:\/\/api.w.org\/{rel}","templated":true}]}}