{"id":3351,"date":"2025-07-12T02:14:21","date_gmt":"2025-07-12T05:14:21","guid":{"rendered":"https:\/\/www.guiagratis.com.br\/?page_id=3351"},"modified":"2025-07-14T21:28:31","modified_gmt":"2025-07-15T00:28:31","slug":"programacao-ajax","status":"publish","type":"page","link":"https:\/\/www.guiagratis.com.br\/index.php\/programacao-ajax\/","title":{"rendered":"Programa\u00e7\u00e3o AJAX"},"content":{"rendered":"<p style=\"text-align: justify;\"><img loading=\"lazy\" decoding=\"async\" class=\"size-medium wp-image-4184 alignleft\" src=\"https:\/\/guiagratis.com.br\/wp-content\/uploads\/2018\/08\/programacao-ajax-1-300x158.jpg\" alt=\"programacao ajax\" width=\"300\" height=\"158\" \/>AJAX n\u00e3o pode ser descrito como uma linguagem de programa\u00e7\u00e3o, \u00e9 uma metodologia. A programa\u00e7\u00e3o AJAX permite usar o Javascript e XML oferecidos pelos browsers para tornar as p\u00e1ginas web mais interativas de forma bastante simples. Nos sites que listamos nesta p\u00e1gina voc\u00ea contra muita informa\u00e7\u00e3o sobre essa tecnologia.<\/p>\n<p><!-------------------- PREFERIDOS -------------------><\/p>\n<h2 style=\"text-align: center;\"><span style=\"color: #cc3300;\">Os Preferidos de Nossa Equipe<\/span><\/h2>\n<p><!-------------------- DESAROLLO WEB -------------------><\/p>\n<h2 style=\"text-align: justify;\">Desarollo Web<\/h2>\n<p style=\"text-align: justify;\">Site em espanho, boa op\u00e7\u00e3o para quem n\u00e3o tem conhecimento em ingl\u00eas. Cont\u00e9m c\u00f3digos, tutoriais e muitos artigos sobre Ajax e v\u00e1rias outras linguagens de programa\u00e7\u00e3o.<\/p>\n<p><a title=\"DesarolloWeb\" href=\"https:\/\/www.desarrolloweb.com\" target=\"_blank\" rel=\"noopener noreferrer\">https:\/\/www.desarrolloweb.com<\/a><br \/>\n<!-------------------- MOZILLA DEVELOPER CENTER -------------------><\/p>\n<h2>Mozilla Developer Center (AJAX)<\/h2>\n<p style=\"text-align: justify;\">O site da Mozilla para desenvolvedores traz uma se\u00e7\u00e3o sobre AJAX que \u00e9 uma \u00f3tima op\u00e7\u00e3o tanto para desenvolvedores iniciantes como para os mais experientes.<\/p>\n<p><a href=\"https:\/\/developer.mozilla.org\/en\/AJAX\" target=\"_blank\" rel=\"noopener noreferrer\">https:\/\/developer.mozilla.org\/en\/AJAX<\/a><br \/>\n<!-------------------- PHP GR\u00c1TIS -------------------><\/p>\n<h2>PHP Gr\u00e1tis<\/h2>\n<p style=\"text-align: justify;\">Embora o nome do site sugira que ele aborda apenas PHP ele tamb\u00e9m traz informa\u00e7\u00f5es sobre AJAX e outras tecnologias. Muitas dicas \u00fateis para iniciantes e para desenvolvedores experientes.<\/p>\n<p><a href=\"https:\/\/www.phpgratis.com.br\/\" target=\"_blank\" rel=\"noopener noreferrer\">https:\/\/www.phpgratis.com.br<\/a><\/p>\n","protected":false},"excerpt":{"rendered":"<p>AJAX n\u00e3o pode ser descrito como uma linguagem de programa\u00e7\u00e3o, \u00e9 uma metodologia. A programa\u00e7\u00e3o AJAX permite usar o Javascript e XML oferecidos pelos browsers para tornar as p\u00e1ginas web mais interativas de forma bastante simples. Nos sites que listamos nesta p\u00e1gina voc\u00ea contra muita informa\u00e7\u00e3o sobre essa tecnologia. Os Preferidos de Nossa Equipe Desarollo &hellip; <\/p>\n","protected":false},"author":2,"featured_media":4184,"parent":0,"menu_order":0,"comment_status":"closed","ping_status":"closed","template":"","meta":{"footnotes":""},"class_list":["post-3351","page","type-page","status-publish","has-post-thumbnail","hentry","entry"],"yoast_head":"<!-- This site is optimized with the Yoast SEO plugin v27.5 - https:\/\/yoast.com\/product\/yoast-seo-wordpress\/ -->\n<title>Programa\u00e7\u00e3o AJAX - Guia Gr\u00e1tis - guia de servi\u00e7os gr\u00e1tis<\/title>\n<meta name=\"description\" content=\"Selecionamos sites para voc\u00ea aprender sobre programa\u00e7\u00e3o AJAX, uma metodologia de uso do Javascript e XML para tornar p\u00e1ginas web mais interativas.\" \/>\n<meta name=\"robots\" content=\"index, follow, max-snippet:-1, max-image-preview:large, max-video-preview:-1\" \/>\n<link rel=\"canonical\" href=\"https:\/\/www.guiagratis.com.br\/index.php\/programacao-ajax\/\" \/>\n<meta property=\"og:locale\" content=\"pt_BR\" \/>\n<meta property=\"og:type\" content=\"article\" \/>\n<meta property=\"og:title\" content=\"Programa\u00e7\u00e3o AJAX - Guia Gr\u00e1tis - guia de servi\u00e7os gr\u00e1tis\" \/>\n<meta property=\"og:description\" content=\"Selecionamos sites para voc\u00ea aprender sobre programa\u00e7\u00e3o AJAX, uma metodologia de uso do Javascript e XML para tornar p\u00e1ginas web mais interativas.\" \/>\n<meta property=\"og:url\" content=\"https:\/\/www.guiagratis.com.br\/index.php\/programacao-ajax\/\" \/>\n<meta property=\"og:site_name\" content=\"Guia Gr\u00e1tis - guia de servi\u00e7os gr\u00e1tis\" \/>\n<meta property=\"article:publisher\" content=\"https:\/\/www.facebook.com\/guiagratis\" \/>\n<meta property=\"article:modified_time\" content=\"2025-07-15T00:28:31+00:00\" \/>\n<meta name=\"twitter:card\" content=\"summary_large_image\" \/>\n<meta name=\"twitter:site\" content=\"@siteguiagratis\" \/>\n<meta name=\"twitter:label1\" content=\"Est. tempo de leitura\" \/>\n\t<meta name=\"twitter:data1\" content=\"2 minutos\" \/>\n<script type=\"application\/ld+json\" class=\"yoast-schema-graph\">{\"@context\":\"https:\\\/\\\/schema.org\",\"@graph\":[{\"@type\":\"WebPage\",\"@id\":\"https:\\\/\\\/www.guiagratis.com.br\\\/index.php\\\/programacao-ajax\\\/\",\"url\":\"https:\\\/\\\/www.guiagratis.com.br\\\/index.php\\\/programacao-ajax\\\/\",\"name\":\"Programa\u00e7\u00e3o AJAX - Guia Gr\u00e1tis - guia de servi\u00e7os gr\u00e1tis\",\"isPartOf\":{\"@id\":\"https:\\\/\\\/www.guiagratis.com.br\\\/#website\"},\"primaryImageOfPage\":{\"@id\":\"https:\\\/\\\/www.guiagratis.com.br\\\/index.php\\\/programacao-ajax\\\/#primaryimage\"},\"image\":{\"@id\":\"https:\\\/\\\/www.guiagratis.com.br\\\/index.php\\\/programacao-ajax\\\/#primaryimage\"},\"thumbnailUrl\":\"\",\"datePublished\":\"2025-07-12T05:14:21+00:00\",\"dateModified\":\"2025-07-15T00:28:31+00:00\",\"description\":\"Selecionamos sites para voc\u00ea aprender sobre programa\u00e7\u00e3o AJAX, uma metodologia de uso do Javascript e XML para tornar p\u00e1ginas web mais interativas.\",\"breadcrumb\":{\"@id\":\"https:\\\/\\\/www.guiagratis.com.br\\\/index.php\\\/programacao-ajax\\\/#breadcrumb\"},\"inLanguage\":\"pt-BR\",\"potentialAction\":[{\"@type\":\"ReadAction\",\"target\":[\"https:\\\/\\\/www.guiagratis.com.br\\\/index.php\\\/programacao-ajax\\\/\"]}]},{\"@type\":\"ImageObject\",\"inLanguage\":\"pt-BR\",\"@id\":\"https:\\\/\\\/www.guiagratis.com.br\\\/index.php\\\/programacao-ajax\\\/#primaryimage\",\"url\":\"\",\"contentUrl\":\"\"},{\"@type\":\"BreadcrumbList\",\"@id\":\"https:\\\/\\\/www.guiagratis.com.br\\\/index.php\\\/programacao-ajax\\\/#breadcrumb\",\"itemListElement\":[{\"@type\":\"ListItem\",\"position\":1,\"name\":\"In\u00edcio\",\"item\":\"https:\\\/\\\/www.guiagratis.com.br\\\/\"},{\"@type\":\"ListItem\",\"position\":2,\"name\":\"Programa\u00e7\u00e3o AJAX\"}]},{\"@type\":\"WebSite\",\"@id\":\"https:\\\/\\\/www.guiagratis.com.br\\\/#website\",\"url\":\"https:\\\/\\\/www.guiagratis.com.br\\\/\",\"name\":\"Guia Gr\u00e1tis - guia de servi\u00e7os gr\u00e1tis\",\"description\":\"\",\"publisher\":{\"@id\":\"https:\\\/\\\/www.guiagratis.com.br\\\/#organization\"},\"potentialAction\":[{\"@type\":\"SearchAction\",\"target\":{\"@type\":\"EntryPoint\",\"urlTemplate\":\"https:\\\/\\\/www.guiagratis.com.br\\\/?s={search_term_string}\"},\"query-input\":{\"@type\":\"PropertyValueSpecification\",\"valueRequired\":true,\"valueName\":\"search_term_string\"}}],\"inLanguage\":\"pt-BR\"},{\"@type\":\"Organization\",\"@id\":\"https:\\\/\\\/www.guiagratis.com.br\\\/#organization\",\"name\":\"Guia Gr\u00e1tis - guia de servi\u00e7os gr\u00e1tis\",\"url\":\"https:\\\/\\\/www.guiagratis.com.br\\\/\",\"logo\":{\"@type\":\"ImageObject\",\"inLanguage\":\"pt-BR\",\"@id\":\"https:\\\/\\\/www.guiagratis.com.br\\\/#\\\/schema\\\/logo\\\/image\\\/\",\"url\":\"https:\\\/\\\/www.guiagratis.com.br\\\/wp-content\\\/uploads\\\/2025\\\/05\\\/cropped-logo.gif\",\"contentUrl\":\"https:\\\/\\\/www.guiagratis.com.br\\\/wp-content\\\/uploads\\\/2025\\\/05\\\/cropped-logo.gif\",\"width\":175,\"height\":88,\"caption\":\"Guia Gr\u00e1tis - guia de servi\u00e7os gr\u00e1tis\"},\"image\":{\"@id\":\"https:\\\/\\\/www.guiagratis.com.br\\\/#\\\/schema\\\/logo\\\/image\\\/\"},\"sameAs\":[\"https:\\\/\\\/www.facebook.com\\\/guiagratis\",\"https:\\\/\\\/x.com\\\/siteguiagratis\"]}]}<\/script>\n<!-- \/ Yoast SEO plugin. -->","yoast_head_json":{"title":"Programa\u00e7\u00e3o AJAX - Guia Gr\u00e1tis - guia de servi\u00e7os gr\u00e1tis","description":"Selecionamos sites para voc\u00ea aprender sobre programa\u00e7\u00e3o AJAX, uma metodologia de uso do Javascript e XML para tornar p\u00e1ginas web mais interativas.","robots":{"index":"index","follow":"follow","max-snippet":"max-snippet:-1","max-image-preview":"max-image-preview:large","max-video-preview":"max-video-preview:-1"},"canonical":"https:\/\/www.guiagratis.com.br\/index.php\/programacao-ajax\/","og_locale":"pt_BR","og_type":"article","og_title":"Programa\u00e7\u00e3o AJAX - Guia Gr\u00e1tis - guia de servi\u00e7os gr\u00e1tis","og_description":"Selecionamos sites para voc\u00ea aprender sobre programa\u00e7\u00e3o AJAX, uma metodologia de uso do Javascript e XML para tornar p\u00e1ginas web mais interativas.","og_url":"https:\/\/www.guiagratis.com.br\/index.php\/programacao-ajax\/","og_site_name":"Guia Gr\u00e1tis - guia de servi\u00e7os gr\u00e1tis","article_publisher":"https:\/\/www.facebook.com\/guiagratis","article_modified_time":"2025-07-15T00:28:31+00:00","twitter_card":"summary_large_image","twitter_site":"@siteguiagratis","twitter_misc":{"Est. tempo de leitura":"2 minutos"},"schema":{"@context":"https:\/\/schema.org","@graph":[{"@type":"WebPage","@id":"https:\/\/www.guiagratis.com.br\/index.php\/programacao-ajax\/","url":"https:\/\/www.guiagratis.com.br\/index.php\/programacao-ajax\/","name":"Programa\u00e7\u00e3o AJAX - Guia Gr\u00e1tis - guia de servi\u00e7os gr\u00e1tis","isPartOf":{"@id":"https:\/\/www.guiagratis.com.br\/#website"},"primaryImageOfPage":{"@id":"https:\/\/www.guiagratis.com.br\/index.php\/programacao-ajax\/#primaryimage"},"image":{"@id":"https:\/\/www.guiagratis.com.br\/index.php\/programacao-ajax\/#primaryimage"},"thumbnailUrl":"","datePublished":"2025-07-12T05:14:21+00:00","dateModified":"2025-07-15T00:28:31+00:00","description":"Selecionamos sites para voc\u00ea aprender sobre programa\u00e7\u00e3o AJAX, uma metodologia de uso do Javascript e XML para tornar p\u00e1ginas web mais interativas.","breadcrumb":{"@id":"https:\/\/www.guiagratis.com.br\/index.php\/programacao-ajax\/#breadcrumb"},"inLanguage":"pt-BR","potentialAction":[{"@type":"ReadAction","target":["https:\/\/www.guiagratis.com.br\/index.php\/programacao-ajax\/"]}]},{"@type":"ImageObject","inLanguage":"pt-BR","@id":"https:\/\/www.guiagratis.com.br\/index.php\/programacao-ajax\/#primaryimage","url":"","contentUrl":""},{"@type":"BreadcrumbList","@id":"https:\/\/www.guiagratis.com.br\/index.php\/programacao-ajax\/#breadcrumb","itemListElement":[{"@type":"ListItem","position":1,"name":"In\u00edcio","item":"https:\/\/www.guiagratis.com.br\/"},{"@type":"ListItem","position":2,"name":"Programa\u00e7\u00e3o AJAX"}]},{"@type":"WebSite","@id":"https:\/\/www.guiagratis.com.br\/#website","url":"https:\/\/www.guiagratis.com.br\/","name":"Guia Gr\u00e1tis - guia de servi\u00e7os gr\u00e1tis","description":"","publisher":{"@id":"https:\/\/www.guiagratis.com.br\/#organization"},"potentialAction":[{"@type":"SearchAction","target":{"@type":"EntryPoint","urlTemplate":"https:\/\/www.guiagratis.com.br\/?s={search_term_string}"},"query-input":{"@type":"PropertyValueSpecification","valueRequired":true,"valueName":"search_term_string"}}],"inLanguage":"pt-BR"},{"@type":"Organization","@id":"https:\/\/www.guiagratis.com.br\/#organization","name":"Guia Gr\u00e1tis - guia de servi\u00e7os gr\u00e1tis","url":"https:\/\/www.guiagratis.com.br\/","logo":{"@type":"ImageObject","inLanguage":"pt-BR","@id":"https:\/\/www.guiagratis.com.br\/#\/schema\/logo\/image\/","url":"https:\/\/www.guiagratis.com.br\/wp-content\/uploads\/2025\/05\/cropped-logo.gif","contentUrl":"https:\/\/www.guiagratis.com.br\/wp-content\/uploads\/2025\/05\/cropped-logo.gif","width":175,"height":88,"caption":"Guia Gr\u00e1tis - guia de servi\u00e7os gr\u00e1tis"},"image":{"@id":"https:\/\/www.guiagratis.com.br\/#\/schema\/logo\/image\/"},"sameAs":["https:\/\/www.facebook.com\/guiagratis","https:\/\/x.com\/siteguiagratis"]}]}},"_links":{"self":[{"href":"https:\/\/www.guiagratis.com.br\/index.php\/wp-json\/wp\/v2\/pages\/3351","targetHints":{"allow":["GET"]}}],"collection":[{"href":"https:\/\/www.guiagratis.com.br\/index.php\/wp-json\/wp\/v2\/pages"}],"about":[{"href":"https:\/\/www.guiagratis.com.br\/index.php\/wp-json\/wp\/v2\/types\/page"}],"author":[{"embeddable":true,"href":"https:\/\/www.guiagratis.com.br\/index.php\/wp-json\/wp\/v2\/users\/2"}],"replies":[{"embeddable":true,"href":"https:\/\/www.guiagratis.com.br\/index.php\/wp-json\/wp\/v2\/comments?post=3351"}],"version-history":[{"count":3,"href":"https:\/\/www.guiagratis.com.br\/index.php\/wp-json\/wp\/v2\/pages\/3351\/revisions"}],"predecessor-version":[{"id":4963,"href":"https:\/\/www.guiagratis.com.br\/index.php\/wp-json\/wp\/v2\/pages\/3351\/revisions\/4963"}],"wp:featuredmedia":[{"embeddable":true,"href":"https:\/\/www.guiagratis.com.br\/index.php\/wp-json\/"}],"wp:attachment":[{"href":"https:\/\/www.guiagratis.com.br\/index.php\/wp-json\/wp\/v2\/media?parent=3351"}],"curies":[{"name":"wp","href":"https:\/\/api.w.org\/{rel}","templated":true}]}}