{"id":3357,"date":"2025-07-12T03:46:20","date_gmt":"2025-07-12T06:46:20","guid":{"rendered":"https:\/\/www.guiagratis.com.br\/?page_id=3357"},"modified":"2025-07-15T14:20:43","modified_gmt":"2025-07-15T17:20:43","slug":"programacao-javascript-e-jsp","status":"publish","type":"page","link":"https:\/\/www.guiagratis.com.br\/index.php\/programacao-javascript-e-jsp\/","title":{"rendered":"Programa\u00e7\u00e3o JavaScript e JSP"},"content":{"rendered":"<p style=\"text-align: justify;\"><img loading=\"lazy\" decoding=\"async\" class=\"size-medium wp-image-4176 alignleft\" src=\"http:\/\/guiagratis.com.br\/wp-content\/uploads\/2018\/08\/programacao-java-1-300x158.jpg\" alt=\"programacao java\" width=\"300\" height=\"158\" \/>Tecnologia surgida nos anos 90, o Java oferece muitas possibilidades. Nos sites abaixo, que selecionamos especialmente para voc\u00ea, existe muita informa\u00e7\u00e3o sobre programa\u00e7\u00e3o JavaScript, JavaServerPages e scripts prontos para diversas aplica\u00e7\u00f5es mais comuns. Al\u00e9m disso h\u00e1 tamb\u00e9m comunidades de desenvolvedores.<\/p>\n<p><!--------------------FAVORITOS --------------------><\/p>\n<h2 style=\"text-align: center;\"><span style=\"color: #cc3300;\">Favoritos de Nosso Editor<\/span><\/h2>\n<p><!-------------------- JS Classes Repository --------------------><\/p>\n<h3 style=\"text-align: justify;\">JS Classes Repository<\/h3>\n<p style=\"text-align: justify;\">Classes JavaScript gr\u00e1tis, tutoriais, scripts para download, artigos, empregos para desenvolvedores JavaScript, reviews de livros e muito mais material para o desenvolvedor JavaScript. Como o pr\u00f3prio nome indica, \u00e9 um grande reposit\u00f3rio sobre JavaScript.<\/p>\n<p style=\"text-align: justify;\"><a href=\"https:\/\/www.jsclasses.org\/\" target=\"_blank\" rel=\"noopener noreferrer\">https:\/\/www.jsclasses.org<\/a><\/p>\n<p><!-------------------- Codango --------------------><\/p>\n<h3 style=\"text-align: justify;\">Codango<\/h3>\n<p style=\"text-align: justify;\">Diret\u00f3rio sobre programa\u00e7\u00e3o com conte\u00fado para os mais variados n\u00edveis de conhecimento. Abordando a programa\u00e7\u00e3o JSP e v\u00e1rias outras tecnologias. Cont\u00e9m tutoriais, aplicativos, scripts, componentes e artigos.<\/p>\n<p style=\"text-align: justify;\"><a title=\"Codango\" href=\"https:\/\/www.codango.com\" target=\"_blank\" rel=\"noopener noreferrer\">https:\/\/www.codango.com<\/a><\/p>\n<p><!--------------------OUTRAS BOAS OP\u00c7\u00d5ES --------------------><\/p>\n<h2 style=\"text-align: center;\"><span style=\"color: #cc3300;\">Outras Boas Op\u00e7\u00f5es<\/span><\/h2>\n<p><!-------------------- Brewing Java --------------------><\/p>\n<h3 style=\"text-align: justify;\">Brewing Java: A Tutorial<\/h3>\n<p style=\"text-align: justify;\">Um bastante completo tutorial sobre programa\u00e7\u00e3o em Java, que inclusive j\u00e1 originou um livro chamado &#8220;The Java Developer&#8217;s Resource&#8221;.<\/p>\n<p style=\"text-align: justify;\"><a title=\"Brewing Java: A Tutorial\" href=\"https:\/\/metalab.unc.edu\/javafaq\/javatutorial.html\" target=\"_blank\" rel=\"noopener noreferrer\">https:\/\/metalab.unc.edu\/javafaq\/javatutorial.html<\/a><\/p>\n<p><!-------------------- Bytes IT Community --------------------><\/p>\n<h3 style=\"text-align: justify;\">Bytes IT Community<\/h3>\n<p style=\"text-align: justify;\">F\u00f3rum internacional de desenvolvedores. Excelente lugar para esclarecer suas d\u00favidas sobre programa\u00e7\u00e3o JavaScript e muitas outras tecnologias.<\/p>\n<p style=\"text-align: justify;\"><a title=\"Bytes IT Community\" href=\"https:\/\/bytes.com\" target=\"_blank\" rel=\"noopener noreferrer\">https:\/\/bytes.com<\/a><\/p>\n<p><!-------------------- Code Toad --------------------><\/p>\n<h3 style=\"text-align: justify;\">Code Toad<\/h3>\n<p style=\"text-align: justify;\">Muita informa\u00e7\u00e3o sobre programa\u00e7\u00e3o Java e JavasScript entre outras tecnologias. Oferece c\u00f3digos prontos, tutoriais e v\u00e1rios outros recursos \u00fateis.<\/p>\n<p style=\"text-align: justify;\"><a href=\"https:\/\/www.codetoad.com\/\" target=\"_blank\" rel=\"noopener noreferrer\">https:\/\/www.codetoad.com<\/a><\/p>\n<p><!-------------------- DesarrolloWeb --------------------><\/p>\n<h3 style=\"text-align: justify;\">DesarrolloWeb<\/h3>\n<p style=\"text-align: justify;\">C\u00f3digos, tutoriais e muitos artigos sobre Ajax, ASP, JavaScript, PHP e outras tecnologias de programa\u00e7\u00e3o. Para quem n\u00e3o domina o ingl\u00eas \u00e9 uma boa alternativa, pois o site \u00e9 em espanhol.<\/p>\n<p style=\"text-align: justify;\"><a title=\"DesarolloWeb\" href=\"https:\/\/www.desarrolloweb.com\" target=\"_blank\" rel=\"noopener noreferrer\">https:\/\/www.desarrolloweb.com<\/a><\/p>\n<p><!-------------------- Freeware Java --------------------><\/p>\n<h3 style=\"text-align: justify;\">Freeware Java<\/h3>\n<p style=\"text-align: justify;\">Scripts, applets gratuitos, tutoriais sobre programa\u00e7\u00e3o, e-zines, f\u00f3runs e recursos diversos como slideshows, ticker de not\u00edcias e manipula\u00e7\u00e3o de imagens.<\/p>\n<p style=\"text-align: justify;\"><a title=\"Freeware Java\" href=\"https:\/\/www.freewarejava.com\" target=\"_blank\" rel=\"noopener noreferrer\">https:\/\/www.freewarejava.com<\/a><\/p>\n<p><!-------------------- Page Resource --------------------><\/p>\n<h3 style=\"text-align: justify;\">Page Resource<\/h3>\n<p style=\"text-align: justify;\">Informa\u00e7\u00f5es e tutoriais sobre JavaScript e outras tecnologias de desenvolvimento web. Oferece tamb\u00e9m c\u00f3digos prontos que voc\u00ea pode copiar e colar para uso em seu site.<\/p>\n<p style=\"text-align: justify;\"><a title=\"Page Resource\" href=\"https:\/\/www.pageresource.com\" target=\"_blank\" rel=\"noopener noreferrer\">https:\/\/www.pageresource.com<\/a><\/p>\n<p><!-------------------- Script Brasil --------------------><\/p>\n<h3 style=\"text-align: justify;\">Script Brasil<\/h3>\n<p style=\"text-align: justify;\">Site brasileiro com grande n\u00famero de scripts e apostilas sobre Java, JavaScript, JSP e muitas outras linguagens de programa\u00e7\u00e3o.<\/p>\n<p style=\"text-align: justify;\"><a href=\"https:\/\/www.scriptbrasil.com.br\/\" target=\"_blank\" rel=\"noopener noreferrer\">https:\/\/www.scriptbrasil.com.br<\/a><\/p>\n<p><!-------------------- SimplytheBest Scripts --------------------><\/p>\n<h3 style=\"text-align: justify;\">SimplytheBest Scripts<\/h3>\n<p style=\"text-align: justify;\">Grande cole\u00e7\u00e3o de scripts Java e outras linguagens que voc\u00ea pode utilizar para aprendizado da linguagem al\u00e9m de v\u00e1rios tutoriais.<\/p>\n<p style=\"text-align: justify;\"><a title=\"SimplytheBest Scripts\" href=\"https:\/\/simplythebest.net\/scripts\/\" target=\"_blank\" rel=\"noopener noreferrer\">https:\/\/simplythebest.net\/scripts<\/a><\/p>\n<p><!-------------------- SitePoint --------------------><\/p>\n<h3 style=\"text-align: justify;\">SitePoint<\/h3>\n<p style=\"text-align: justify;\">Muita informa\u00e7\u00e3o sobre JavaScript e diversas outras linguagens al\u00e9m de material de interesse geral do desenvolvedor web.<\/p>\n<p style=\"text-align: justify;\"><a href=\"https:\/\/www.sitepoint.com\/\" target=\"_blank\" rel=\"noopener noreferrer\">https:\/\/www.sitepoint.com<\/a><\/p>\n","protected":false},"excerpt":{"rendered":"<p>Tecnologia surgida nos anos 90, o Java oferece muitas possibilidades. Nos sites abaixo, que selecionamos especialmente para voc\u00ea, existe muita informa\u00e7\u00e3o sobre programa\u00e7\u00e3o JavaScript, JavaServerPages e scripts prontos para diversas aplica\u00e7\u00f5es mais comuns. Al\u00e9m disso h\u00e1 tamb\u00e9m comunidades de desenvolvedores. Favoritos de Nosso Editor JS Classes Repository Classes JavaScript gr\u00e1tis, tutoriais, scripts para download, artigos, &hellip; <\/p>\n","protected":false},"author":2,"featured_media":4176,"parent":0,"menu_order":0,"comment_status":"closed","ping_status":"closed","template":"","meta":{"footnotes":""},"class_list":["post-3357","page","type-page","status-publish","has-post-thumbnail","hentry","entry"],"yoast_head":"<!-- This site is optimized with the Yoast SEO plugin v27.5 - https:\/\/yoast.com\/product\/yoast-seo-wordpress\/ -->\n<title>Programa\u00e7\u00e3o JavaScript e JSP - Guia Gr\u00e1tis - guia de servi\u00e7os gr\u00e1tis<\/title>\n<meta name=\"description\" content=\"O Java oferece muitas possibilidades. Busque aqui informa\u00e7\u00f5es sobre programa\u00e7\u00e3o JavaScript, JavaServerPages e scripts prontos.\" \/>\n<meta name=\"robots\" content=\"index, follow, max-snippet:-1, max-image-preview:large, max-video-preview:-1\" \/>\n<link rel=\"canonical\" href=\"https:\/\/www.guiagratis.com.br\/index.php\/programacao-javascript-e-jsp\/\" \/>\n<meta property=\"og:locale\" content=\"pt_BR\" \/>\n<meta property=\"og:type\" content=\"article\" \/>\n<meta property=\"og:title\" content=\"Programa\u00e7\u00e3o JavaScript e JSP - Guia Gr\u00e1tis - guia de servi\u00e7os gr\u00e1tis\" \/>\n<meta property=\"og:description\" content=\"O Java oferece muitas possibilidades. Busque aqui informa\u00e7\u00f5es sobre programa\u00e7\u00e3o JavaScript, JavaServerPages e scripts prontos.\" \/>\n<meta property=\"og:url\" content=\"https:\/\/www.guiagratis.com.br\/index.php\/programacao-javascript-e-jsp\/\" \/>\n<meta property=\"og:site_name\" content=\"Guia Gr\u00e1tis - guia de servi\u00e7os gr\u00e1tis\" \/>\n<meta property=\"article:publisher\" content=\"https:\/\/www.facebook.com\/guiagratis\" \/>\n<meta property=\"article:modified_time\" content=\"2025-07-15T17:20:43+00:00\" \/>\n<meta name=\"twitter:card\" content=\"summary_large_image\" \/>\n<meta name=\"twitter:site\" content=\"@siteguiagratis\" \/>\n<meta name=\"twitter:label1\" content=\"Est. tempo de leitura\" \/>\n\t<meta name=\"twitter:data1\" content=\"3 minutos\" \/>\n<script type=\"application\/ld+json\" class=\"yoast-schema-graph\">{\"@context\":\"https:\\\/\\\/schema.org\",\"@graph\":[{\"@type\":\"WebPage\",\"@id\":\"https:\\\/\\\/www.guiagratis.com.br\\\/index.php\\\/programacao-javascript-e-jsp\\\/\",\"url\":\"https:\\\/\\\/www.guiagratis.com.br\\\/index.php\\\/programacao-javascript-e-jsp\\\/\",\"name\":\"Programa\u00e7\u00e3o JavaScript e JSP - Guia Gr\u00e1tis - guia de servi\u00e7os gr\u00e1tis\",\"isPartOf\":{\"@id\":\"https:\\\/\\\/www.guiagratis.com.br\\\/#website\"},\"primaryImageOfPage\":{\"@id\":\"https:\\\/\\\/www.guiagratis.com.br\\\/index.php\\\/programacao-javascript-e-jsp\\\/#primaryimage\"},\"image\":{\"@id\":\"https:\\\/\\\/www.guiagratis.com.br\\\/index.php\\\/programacao-javascript-e-jsp\\\/#primaryimage\"},\"thumbnailUrl\":\"\",\"datePublished\":\"2025-07-12T06:46:20+00:00\",\"dateModified\":\"2025-07-15T17:20:43+00:00\",\"description\":\"O Java oferece muitas possibilidades. Busque aqui informa\u00e7\u00f5es sobre programa\u00e7\u00e3o JavaScript, JavaServerPages e scripts prontos.\",\"breadcrumb\":{\"@id\":\"https:\\\/\\\/www.guiagratis.com.br\\\/index.php\\\/programacao-javascript-e-jsp\\\/#breadcrumb\"},\"inLanguage\":\"pt-BR\",\"potentialAction\":[{\"@type\":\"ReadAction\",\"target\":[\"https:\\\/\\\/www.guiagratis.com.br\\\/index.php\\\/programacao-javascript-e-jsp\\\/\"]}]},{\"@type\":\"ImageObject\",\"inLanguage\":\"pt-BR\",\"@id\":\"https:\\\/\\\/www.guiagratis.com.br\\\/index.php\\\/programacao-javascript-e-jsp\\\/#primaryimage\",\"url\":\"\",\"contentUrl\":\"\"},{\"@type\":\"BreadcrumbList\",\"@id\":\"https:\\\/\\\/www.guiagratis.com.br\\\/index.php\\\/programacao-javascript-e-jsp\\\/#breadcrumb\",\"itemListElement\":[{\"@type\":\"ListItem\",\"position\":1,\"name\":\"In\u00edcio\",\"item\":\"https:\\\/\\\/www.guiagratis.com.br\\\/\"},{\"@type\":\"ListItem\",\"position\":2,\"name\":\"Programa\u00e7\u00e3o JavaScript e JSP\"}]},{\"@type\":\"WebSite\",\"@id\":\"https:\\\/\\\/www.guiagratis.com.br\\\/#website\",\"url\":\"https:\\\/\\\/www.guiagratis.com.br\\\/\",\"name\":\"Guia Gr\u00e1tis - guia de servi\u00e7os gr\u00e1tis\",\"description\":\"\",\"publisher\":{\"@id\":\"https:\\\/\\\/www.guiagratis.com.br\\\/#organization\"},\"potentialAction\":[{\"@type\":\"SearchAction\",\"target\":{\"@type\":\"EntryPoint\",\"urlTemplate\":\"https:\\\/\\\/www.guiagratis.com.br\\\/?s={search_term_string}\"},\"query-input\":{\"@type\":\"PropertyValueSpecification\",\"valueRequired\":true,\"valueName\":\"search_term_string\"}}],\"inLanguage\":\"pt-BR\"},{\"@type\":\"Organization\",\"@id\":\"https:\\\/\\\/www.guiagratis.com.br\\\/#organization\",\"name\":\"Guia Gr\u00e1tis - guia de servi\u00e7os gr\u00e1tis\",\"url\":\"https:\\\/\\\/www.guiagratis.com.br\\\/\",\"logo\":{\"@type\":\"ImageObject\",\"inLanguage\":\"pt-BR\",\"@id\":\"https:\\\/\\\/www.guiagratis.com.br\\\/#\\\/schema\\\/logo\\\/image\\\/\",\"url\":\"https:\\\/\\\/www.guiagratis.com.br\\\/wp-content\\\/uploads\\\/2025\\\/05\\\/cropped-logo.gif\",\"contentUrl\":\"https:\\\/\\\/www.guiagratis.com.br\\\/wp-content\\\/uploads\\\/2025\\\/05\\\/cropped-logo.gif\",\"width\":175,\"height\":88,\"caption\":\"Guia Gr\u00e1tis - guia de servi\u00e7os gr\u00e1tis\"},\"image\":{\"@id\":\"https:\\\/\\\/www.guiagratis.com.br\\\/#\\\/schema\\\/logo\\\/image\\\/\"},\"sameAs\":[\"https:\\\/\\\/www.facebook.com\\\/guiagratis\",\"https:\\\/\\\/x.com\\\/siteguiagratis\"]}]}<\/script>\n<!-- \/ Yoast SEO plugin. -->","yoast_head_json":{"title":"Programa\u00e7\u00e3o JavaScript e JSP - Guia Gr\u00e1tis - guia de servi\u00e7os gr\u00e1tis","description":"O Java oferece muitas possibilidades. Busque aqui informa\u00e7\u00f5es sobre programa\u00e7\u00e3o JavaScript, JavaServerPages e scripts prontos.","robots":{"index":"index","follow":"follow","max-snippet":"max-snippet:-1","max-image-preview":"max-image-preview:large","max-video-preview":"max-video-preview:-1"},"canonical":"https:\/\/www.guiagratis.com.br\/index.php\/programacao-javascript-e-jsp\/","og_locale":"pt_BR","og_type":"article","og_title":"Programa\u00e7\u00e3o JavaScript e JSP - Guia Gr\u00e1tis - guia de servi\u00e7os gr\u00e1tis","og_description":"O Java oferece muitas possibilidades. Busque aqui informa\u00e7\u00f5es sobre programa\u00e7\u00e3o JavaScript, JavaServerPages e scripts prontos.","og_url":"https:\/\/www.guiagratis.com.br\/index.php\/programacao-javascript-e-jsp\/","og_site_name":"Guia Gr\u00e1tis - guia de servi\u00e7os gr\u00e1tis","article_publisher":"https:\/\/www.facebook.com\/guiagratis","article_modified_time":"2025-07-15T17:20:43+00:00","twitter_card":"summary_large_image","twitter_site":"@siteguiagratis","twitter_misc":{"Est. tempo de leitura":"3 minutos"},"schema":{"@context":"https:\/\/schema.org","@graph":[{"@type":"WebPage","@id":"https:\/\/www.guiagratis.com.br\/index.php\/programacao-javascript-e-jsp\/","url":"https:\/\/www.guiagratis.com.br\/index.php\/programacao-javascript-e-jsp\/","name":"Programa\u00e7\u00e3o JavaScript e JSP - Guia Gr\u00e1tis - guia de servi\u00e7os gr\u00e1tis","isPartOf":{"@id":"https:\/\/www.guiagratis.com.br\/#website"},"primaryImageOfPage":{"@id":"https:\/\/www.guiagratis.com.br\/index.php\/programacao-javascript-e-jsp\/#primaryimage"},"image":{"@id":"https:\/\/www.guiagratis.com.br\/index.php\/programacao-javascript-e-jsp\/#primaryimage"},"thumbnailUrl":"","datePublished":"2025-07-12T06:46:20+00:00","dateModified":"2025-07-15T17:20:43+00:00","description":"O Java oferece muitas possibilidades. Busque aqui informa\u00e7\u00f5es sobre programa\u00e7\u00e3o JavaScript, JavaServerPages e scripts prontos.","breadcrumb":{"@id":"https:\/\/www.guiagratis.com.br\/index.php\/programacao-javascript-e-jsp\/#breadcrumb"},"inLanguage":"pt-BR","potentialAction":[{"@type":"ReadAction","target":["https:\/\/www.guiagratis.com.br\/index.php\/programacao-javascript-e-jsp\/"]}]},{"@type":"ImageObject","inLanguage":"pt-BR","@id":"https:\/\/www.guiagratis.com.br\/index.php\/programacao-javascript-e-jsp\/#primaryimage","url":"","contentUrl":""},{"@type":"BreadcrumbList","@id":"https:\/\/www.guiagratis.com.br\/index.php\/programacao-javascript-e-jsp\/#breadcrumb","itemListElement":[{"@type":"ListItem","position":1,"name":"In\u00edcio","item":"https:\/\/www.guiagratis.com.br\/"},{"@type":"ListItem","position":2,"name":"Programa\u00e7\u00e3o JavaScript e JSP"}]},{"@type":"WebSite","@id":"https:\/\/www.guiagratis.com.br\/#website","url":"https:\/\/www.guiagratis.com.br\/","name":"Guia Gr\u00e1tis - guia de servi\u00e7os gr\u00e1tis","description":"","publisher":{"@id":"https:\/\/www.guiagratis.com.br\/#organization"},"potentialAction":[{"@type":"SearchAction","target":{"@type":"EntryPoint","urlTemplate":"https:\/\/www.guiagratis.com.br\/?s={search_term_string}"},"query-input":{"@type":"PropertyValueSpecification","valueRequired":true,"valueName":"search_term_string"}}],"inLanguage":"pt-BR"},{"@type":"Organization","@id":"https:\/\/www.guiagratis.com.br\/#organization","name":"Guia Gr\u00e1tis - guia de servi\u00e7os gr\u00e1tis","url":"https:\/\/www.guiagratis.com.br\/","logo":{"@type":"ImageObject","inLanguage":"pt-BR","@id":"https:\/\/www.guiagratis.com.br\/#\/schema\/logo\/image\/","url":"https:\/\/www.guiagratis.com.br\/wp-content\/uploads\/2025\/05\/cropped-logo.gif","contentUrl":"https:\/\/www.guiagratis.com.br\/wp-content\/uploads\/2025\/05\/cropped-logo.gif","width":175,"height":88,"caption":"Guia Gr\u00e1tis - guia de servi\u00e7os gr\u00e1tis"},"image":{"@id":"https:\/\/www.guiagratis.com.br\/#\/schema\/logo\/image\/"},"sameAs":["https:\/\/www.facebook.com\/guiagratis","https:\/\/x.com\/siteguiagratis"]}]}},"_links":{"self":[{"href":"https:\/\/www.guiagratis.com.br\/index.php\/wp-json\/wp\/v2\/pages\/3357","targetHints":{"allow":["GET"]}}],"collection":[{"href":"https:\/\/www.guiagratis.com.br\/index.php\/wp-json\/wp\/v2\/pages"}],"about":[{"href":"https:\/\/www.guiagratis.com.br\/index.php\/wp-json\/wp\/v2\/types\/page"}],"author":[{"embeddable":true,"href":"https:\/\/www.guiagratis.com.br\/index.php\/wp-json\/wp\/v2\/users\/2"}],"replies":[{"embeddable":true,"href":"https:\/\/www.guiagratis.com.br\/index.php\/wp-json\/wp\/v2\/comments?post=3357"}],"version-history":[{"count":7,"href":"https:\/\/www.guiagratis.com.br\/index.php\/wp-json\/wp\/v2\/pages\/3357\/revisions"}],"predecessor-version":[{"id":4976,"href":"https:\/\/www.guiagratis.com.br\/index.php\/wp-json\/wp\/v2\/pages\/3357\/revisions\/4976"}],"wp:featuredmedia":[{"embeddable":true,"href":"https:\/\/www.guiagratis.com.br\/index.php\/wp-json\/"}],"wp:attachment":[{"href":"https:\/\/www.guiagratis.com.br\/index.php\/wp-json\/wp\/v2\/media?parent=3357"}],"curies":[{"name":"wp","href":"https:\/\/api.w.org\/{rel}","templated":true}]}}