{"id":3372,"date":"2025-07-12T04:42:36","date_gmt":"2025-07-12T07:42:36","guid":{"rendered":"https:\/\/www.guiagratis.com.br\/?page_id=3372"},"modified":"2025-07-15T16:06:46","modified_gmt":"2025-07-15T19:06:46","slug":"programacao-php","status":"publish","type":"page","link":"https:\/\/www.guiagratis.com.br\/index.php\/programacao-php\/","title":{"rendered":"Programa\u00e7\u00e3o PHP"},"content":{"rendered":"<p style=\"text-align: justify;\"><img loading=\"lazy\" decoding=\"async\" class=\"size-medium wp-image-4199 alignleft\" src=\"http:\/\/guiagratis.com.br\/wp-content\/uploads\/2018\/08\/programacao-php-1-300x158.jpg\" alt=\"programacao php\" width=\"300\" height=\"158\" \/>O PHP \u00e9 uma tecnologia de desenvolvimento que est\u00e1 ao alcance de praticamente qualquer pessoa e integra-se com facilidade a bancos de dados. Se voc\u00ea j\u00e1 desenvolve ou pensa em desenvolver usando a linguagem PHP n\u00e3o pode deixar de conhecer os sites que n\u00f3s selecionamos sobre esse assunto.<\/p>\n<p><!-------------------- FAVORITOS --------------------><\/p>\n<h2 style=\"text-align: center;\"><span style=\"color: #cc3300;\">Favoritos de Nosso Editor<\/span><\/h2>\n<p><!--------------------PHP Classes Repository --------------------><\/p>\n<h2 style=\"text-align: justify;\">PHP Classes Repository<\/h2>\n<p style=\"text-align: justify;\">Um dos maiores sites sobre programa\u00e7\u00e3o PHP\u00a0no mundo. Classes PHP, tutoriais, download de scripts, artigos, empregos, reviews de livros e muito mais material sobre a linguagem.<\/p>\n<p style=\"text-align: justify;\"><a title=\"PHP Classes Repository\" href=\"https:\/\/www.phpclasses.org\/\" target=\"_blank\" rel=\"noopener noreferrer\">https:\/\/www.phpclasses.org\/<\/a><\/p>\n<p><!-------------------- OUTRAS BOAS OPCOES --------------------><\/p>\n<h2 style=\"text-align: center;\"><span style=\"color: #cc3300;\">Outras Boas Op\u00e7\u00f5es<\/span><\/h2>\n<h2 style=\"text-align: justify;\">Bytes IT Community<\/h2>\n<p style=\"text-align: justify;\">Movimentado f\u00f3rum internacional de desenvolvedores para troca de informa\u00e7\u00f5es e esclkarecimento de d\u00favidas sobre programa\u00e7\u00e3o PHP e outras linguagens de programa\u00e7\u00e3o.<\/p>\n<p style=\"text-align: justify;\"><a title=\"Bytes IT Community\" href=\"https:\/\/bytes.com\" target=\"_blank\" rel=\"noopener noreferrer\">https:\/\/bytes.com<\/a><\/p>\n<h2 style=\"text-align: justify;\">Codango<\/h2>\n<p style=\"text-align: justify;\">Grande diret\u00f3rio dedicado aos desenvolvedores em PHP e em diversas outras linguagenes. Inclui v\u00e1rios aplicativos, muitos scripts, componentes, tutoriais e artigos para o desenvolvedor experiente ou iniciante.<\/p>\n<p style=\"text-align: justify;\"><a title=\"Codango\" href=\"https:\/\/www.codango.com\" target=\"_blank\" rel=\"noopener noreferrer\">https:\/\/www.codango.com<\/a><\/p>\n<h2 style=\"text-align: justify;\">DesarrolloWeb<\/h2>\n<p style=\"text-align: justify;\">Muitos artigos, c\u00f3digos e tutoriais sobre PHP e v\u00e1rias outras linguagens de programa\u00e7\u00e3o. Por ser em espanhol o site \u00e9 uma excelente op\u00e7\u00e3o para quem tem dificuldades com o ingl\u00eas.<\/p>\n<p style=\"text-align: justify;\"><a title=\"DesarolloWeb\" href=\"https:\/\/www.desarrolloweb.com\" target=\"_blank\" rel=\"noopener noreferrer\">https:\/\/www.desarrolloweb.com<\/a><\/p>\n<h2 style=\"text-align: justify;\">PHP Brasil<\/h2>\n<p style=\"text-align: justify;\">Um dos mais antigos sites brasileiros sobre PHP. Funciona de forma colaborativa, oferecendo v\u00e1rios tutoriais, muitos scripts comentados e artigos. Oferece tamb\u00e9m um f\u00f3rum para troca de informa\u00e7\u00f5es entre desenvolvedores.<\/p>\n<p style=\"text-align: justify;\"><a title=\"PHP Brasil\" href=\"https:\/\/www.phpbrasil.com\" target=\"_blank\" rel=\"noopener noreferrer\">https:\/\/www.phpbrasil.com<\/a><\/p>\n<h2 style=\"text-align: justify;\">Programaci\u00f3n.net<\/h2>\n<p style=\"text-align: justify;\">Outra excelente op\u00e7\u00e3o para quem busca informa\u00e7\u00f5es sobre PHP e n\u00e3o tem bons conhecimentos em ingl\u00eas, pois o site \u00e9 em espanhol. Not\u00edcias, tutoriais e muitos recursos \u00fateis para o desenvolvedor web. Al\u00e9m do PHP tamb\u00e9m trata de outras linguagens e temas de interesse de desenvolvedores.<\/p>\n<p style=\"text-align: justify;\"><a href=\"https:\/\/programacion.net\/\" target=\"_blank\" rel=\"noopener noreferrer\">https:\/\/programacion.net<\/a><\/p>\n<h2 style=\"text-align: justify;\">Script Brasil<\/h2>\n<p style=\"text-align: justify;\">Site brasileiro com grande quantidade de apostilas sobre PHP e scripts, abordando ainda muitas outras linguagens e tecnologias<\/p>\n<p style=\"text-align: justify;\"><a href=\"https:\/\/www.scriptbrasil.com.br\/\" target=\"_blank\" rel=\"noopener noreferrer\">https:\/\/www.scriptbrasil.com.br<\/a><\/p>\n<h2 style=\"text-align: justify;\">SimplytheBest Scripts<\/h2>\n<p style=\"text-align: justify;\">Boa quantidade de scripts PHP que voc\u00ea copiar para usar no aprendizado da linguagem al\u00e9m de v\u00e1rios tutoriais. Tamb\u00e9m aborda diversas outras linguagens de programa\u00e7\u00e3o.<\/p>\n<p style=\"text-align: justify;\"><a title=\"SimplytheBest Scripts\" href=\"https:\/\/simplythebest.net\/scripts\/\" target=\"_blank\" rel=\"noopener noreferrer\">https:\/\/simplythebest.net\/scripts<\/a><\/p>\n<h2 style=\"text-align: justify;\">SitePoint<\/h2>\n<p style=\"text-align: justify;\">Muitas informa\u00e7\u00f5es sobre PHP e v\u00e1rias outras linguagens. Traz tamb\u00e9m material n\u00e3o ligado especificamente \u00e0 programa\u00e7\u00e3o mas dedicado ao aprimoramento profissional dos desenvolvedores.<\/p>\n<p style=\"text-align: justify;\"><a href=\"https:\/\/www.sitepoint.com\/\" target=\"_blank\" rel=\"noopener noreferrer\">https:\/\/www.sitepoint.com<\/a><\/p>\n","protected":false},"excerpt":{"rendered":"<p>O PHP \u00e9 uma tecnologia de desenvolvimento que est\u00e1 ao alcance de praticamente qualquer pessoa e integra-se com facilidade a bancos de dados. Se voc\u00ea j\u00e1 desenvolve ou pensa em desenvolver usando a linguagem PHP n\u00e3o pode deixar de conhecer os sites que n\u00f3s selecionamos sobre esse assunto. Favoritos de Nosso Editor PHP Classes Repository &hellip; <\/p>\n","protected":false},"author":2,"featured_media":4199,"parent":0,"menu_order":0,"comment_status":"closed","ping_status":"closed","template":"","meta":{"footnotes":""},"class_list":["post-3372","page","type-page","status-publish","has-post-thumbnail","hentry","entry"],"yoast_head":"<!-- This site is optimized with the Yoast SEO plugin v27.5 - https:\/\/yoast.com\/product\/yoast-seo-wordpress\/ -->\n<title>Programa\u00e7\u00e3o PHP - Guia Gr\u00e1tis - guia de servi\u00e7os gr\u00e1tis<\/title>\n<meta name=\"description\" content=\"A programa\u00e7\u00e3o PHP est\u00e1 ao alcance de praticamente qualquer pessoa. Saiba mais sobre esta linguagem nos sites que selecionamos.\" \/>\n<meta name=\"robots\" content=\"index, follow, max-snippet:-1, max-image-preview:large, max-video-preview:-1\" \/>\n<link rel=\"canonical\" href=\"https:\/\/www.guiagratis.com.br\/index.php\/programacao-php\/\" \/>\n<meta property=\"og:locale\" content=\"pt_BR\" \/>\n<meta property=\"og:type\" content=\"article\" \/>\n<meta property=\"og:title\" content=\"Programa\u00e7\u00e3o PHP - Guia Gr\u00e1tis - guia de servi\u00e7os gr\u00e1tis\" \/>\n<meta property=\"og:description\" content=\"A programa\u00e7\u00e3o PHP est\u00e1 ao alcance de praticamente qualquer pessoa. Saiba mais sobre esta linguagem nos sites que selecionamos.\" \/>\n<meta property=\"og:url\" content=\"https:\/\/www.guiagratis.com.br\/index.php\/programacao-php\/\" \/>\n<meta property=\"og:site_name\" content=\"Guia Gr\u00e1tis - guia de servi\u00e7os gr\u00e1tis\" \/>\n<meta property=\"article:publisher\" content=\"https:\/\/www.facebook.com\/guiagratis\" \/>\n<meta property=\"article:modified_time\" content=\"2025-07-15T19:06:46+00:00\" \/>\n<meta name=\"twitter:card\" content=\"summary_large_image\" \/>\n<meta name=\"twitter:site\" content=\"@siteguiagratis\" \/>\n<meta name=\"twitter:label1\" content=\"Est. tempo de leitura\" \/>\n\t<meta name=\"twitter:data1\" content=\"3 minutos\" \/>\n<script type=\"application\/ld+json\" class=\"yoast-schema-graph\">{\"@context\":\"https:\\\/\\\/schema.org\",\"@graph\":[{\"@type\":\"WebPage\",\"@id\":\"https:\\\/\\\/www.guiagratis.com.br\\\/index.php\\\/programacao-php\\\/\",\"url\":\"https:\\\/\\\/www.guiagratis.com.br\\\/index.php\\\/programacao-php\\\/\",\"name\":\"Programa\u00e7\u00e3o PHP - Guia Gr\u00e1tis - guia de servi\u00e7os gr\u00e1tis\",\"isPartOf\":{\"@id\":\"https:\\\/\\\/www.guiagratis.com.br\\\/#website\"},\"primaryImageOfPage\":{\"@id\":\"https:\\\/\\\/www.guiagratis.com.br\\\/index.php\\\/programacao-php\\\/#primaryimage\"},\"image\":{\"@id\":\"https:\\\/\\\/www.guiagratis.com.br\\\/index.php\\\/programacao-php\\\/#primaryimage\"},\"thumbnailUrl\":\"\",\"datePublished\":\"2025-07-12T07:42:36+00:00\",\"dateModified\":\"2025-07-15T19:06:46+00:00\",\"description\":\"A programa\u00e7\u00e3o PHP est\u00e1 ao alcance de praticamente qualquer pessoa. Saiba mais sobre esta linguagem nos sites que selecionamos.\",\"breadcrumb\":{\"@id\":\"https:\\\/\\\/www.guiagratis.com.br\\\/index.php\\\/programacao-php\\\/#breadcrumb\"},\"inLanguage\":\"pt-BR\",\"potentialAction\":[{\"@type\":\"ReadAction\",\"target\":[\"https:\\\/\\\/www.guiagratis.com.br\\\/index.php\\\/programacao-php\\\/\"]}]},{\"@type\":\"ImageObject\",\"inLanguage\":\"pt-BR\",\"@id\":\"https:\\\/\\\/www.guiagratis.com.br\\\/index.php\\\/programacao-php\\\/#primaryimage\",\"url\":\"\",\"contentUrl\":\"\"},{\"@type\":\"BreadcrumbList\",\"@id\":\"https:\\\/\\\/www.guiagratis.com.br\\\/index.php\\\/programacao-php\\\/#breadcrumb\",\"itemListElement\":[{\"@type\":\"ListItem\",\"position\":1,\"name\":\"In\u00edcio\",\"item\":\"https:\\\/\\\/www.guiagratis.com.br\\\/\"},{\"@type\":\"ListItem\",\"position\":2,\"name\":\"Programa\u00e7\u00e3o PHP\"}]},{\"@type\":\"WebSite\",\"@id\":\"https:\\\/\\\/www.guiagratis.com.br\\\/#website\",\"url\":\"https:\\\/\\\/www.guiagratis.com.br\\\/\",\"name\":\"Guia Gr\u00e1tis - guia de servi\u00e7os gr\u00e1tis\",\"description\":\"\",\"publisher\":{\"@id\":\"https:\\\/\\\/www.guiagratis.com.br\\\/#organization\"},\"potentialAction\":[{\"@type\":\"SearchAction\",\"target\":{\"@type\":\"EntryPoint\",\"urlTemplate\":\"https:\\\/\\\/www.guiagratis.com.br\\\/?s={search_term_string}\"},\"query-input\":{\"@type\":\"PropertyValueSpecification\",\"valueRequired\":true,\"valueName\":\"search_term_string\"}}],\"inLanguage\":\"pt-BR\"},{\"@type\":\"Organization\",\"@id\":\"https:\\\/\\\/www.guiagratis.com.br\\\/#organization\",\"name\":\"Guia Gr\u00e1tis - guia de servi\u00e7os gr\u00e1tis\",\"url\":\"https:\\\/\\\/www.guiagratis.com.br\\\/\",\"logo\":{\"@type\":\"ImageObject\",\"inLanguage\":\"pt-BR\",\"@id\":\"https:\\\/\\\/www.guiagratis.com.br\\\/#\\\/schema\\\/logo\\\/image\\\/\",\"url\":\"https:\\\/\\\/www.guiagratis.com.br\\\/wp-content\\\/uploads\\\/2025\\\/05\\\/cropped-logo.gif\",\"contentUrl\":\"https:\\\/\\\/www.guiagratis.com.br\\\/wp-content\\\/uploads\\\/2025\\\/05\\\/cropped-logo.gif\",\"width\":175,\"height\":88,\"caption\":\"Guia Gr\u00e1tis - guia de servi\u00e7os gr\u00e1tis\"},\"image\":{\"@id\":\"https:\\\/\\\/www.guiagratis.com.br\\\/#\\\/schema\\\/logo\\\/image\\\/\"},\"sameAs\":[\"https:\\\/\\\/www.facebook.com\\\/guiagratis\",\"https:\\\/\\\/x.com\\\/siteguiagratis\"]}]}<\/script>\n<!-- \/ Yoast SEO plugin. -->","yoast_head_json":{"title":"Programa\u00e7\u00e3o PHP - Guia Gr\u00e1tis - guia de servi\u00e7os gr\u00e1tis","description":"A programa\u00e7\u00e3o PHP est\u00e1 ao alcance de praticamente qualquer pessoa. Saiba mais sobre esta linguagem nos sites que selecionamos.","robots":{"index":"index","follow":"follow","max-snippet":"max-snippet:-1","max-image-preview":"max-image-preview:large","max-video-preview":"max-video-preview:-1"},"canonical":"https:\/\/www.guiagratis.com.br\/index.php\/programacao-php\/","og_locale":"pt_BR","og_type":"article","og_title":"Programa\u00e7\u00e3o PHP - Guia Gr\u00e1tis - guia de servi\u00e7os gr\u00e1tis","og_description":"A programa\u00e7\u00e3o PHP est\u00e1 ao alcance de praticamente qualquer pessoa. Saiba mais sobre esta linguagem nos sites que selecionamos.","og_url":"https:\/\/www.guiagratis.com.br\/index.php\/programacao-php\/","og_site_name":"Guia Gr\u00e1tis - guia de servi\u00e7os gr\u00e1tis","article_publisher":"https:\/\/www.facebook.com\/guiagratis","article_modified_time":"2025-07-15T19:06:46+00:00","twitter_card":"summary_large_image","twitter_site":"@siteguiagratis","twitter_misc":{"Est. tempo de leitura":"3 minutos"},"schema":{"@context":"https:\/\/schema.org","@graph":[{"@type":"WebPage","@id":"https:\/\/www.guiagratis.com.br\/index.php\/programacao-php\/","url":"https:\/\/www.guiagratis.com.br\/index.php\/programacao-php\/","name":"Programa\u00e7\u00e3o PHP - Guia Gr\u00e1tis - guia de servi\u00e7os gr\u00e1tis","isPartOf":{"@id":"https:\/\/www.guiagratis.com.br\/#website"},"primaryImageOfPage":{"@id":"https:\/\/www.guiagratis.com.br\/index.php\/programacao-php\/#primaryimage"},"image":{"@id":"https:\/\/www.guiagratis.com.br\/index.php\/programacao-php\/#primaryimage"},"thumbnailUrl":"","datePublished":"2025-07-12T07:42:36+00:00","dateModified":"2025-07-15T19:06:46+00:00","description":"A programa\u00e7\u00e3o PHP est\u00e1 ao alcance de praticamente qualquer pessoa. Saiba mais sobre esta linguagem nos sites que selecionamos.","breadcrumb":{"@id":"https:\/\/www.guiagratis.com.br\/index.php\/programacao-php\/#breadcrumb"},"inLanguage":"pt-BR","potentialAction":[{"@type":"ReadAction","target":["https:\/\/www.guiagratis.com.br\/index.php\/programacao-php\/"]}]},{"@type":"ImageObject","inLanguage":"pt-BR","@id":"https:\/\/www.guiagratis.com.br\/index.php\/programacao-php\/#primaryimage","url":"","contentUrl":""},{"@type":"BreadcrumbList","@id":"https:\/\/www.guiagratis.com.br\/index.php\/programacao-php\/#breadcrumb","itemListElement":[{"@type":"ListItem","position":1,"name":"In\u00edcio","item":"https:\/\/www.guiagratis.com.br\/"},{"@type":"ListItem","position":2,"name":"Programa\u00e7\u00e3o PHP"}]},{"@type":"WebSite","@id":"https:\/\/www.guiagratis.com.br\/#website","url":"https:\/\/www.guiagratis.com.br\/","name":"Guia Gr\u00e1tis - guia de servi\u00e7os gr\u00e1tis","description":"","publisher":{"@id":"https:\/\/www.guiagratis.com.br\/#organization"},"potentialAction":[{"@type":"SearchAction","target":{"@type":"EntryPoint","urlTemplate":"https:\/\/www.guiagratis.com.br\/?s={search_term_string}"},"query-input":{"@type":"PropertyValueSpecification","valueRequired":true,"valueName":"search_term_string"}}],"inLanguage":"pt-BR"},{"@type":"Organization","@id":"https:\/\/www.guiagratis.com.br\/#organization","name":"Guia Gr\u00e1tis - guia de servi\u00e7os gr\u00e1tis","url":"https:\/\/www.guiagratis.com.br\/","logo":{"@type":"ImageObject","inLanguage":"pt-BR","@id":"https:\/\/www.guiagratis.com.br\/#\/schema\/logo\/image\/","url":"https:\/\/www.guiagratis.com.br\/wp-content\/uploads\/2025\/05\/cropped-logo.gif","contentUrl":"https:\/\/www.guiagratis.com.br\/wp-content\/uploads\/2025\/05\/cropped-logo.gif","width":175,"height":88,"caption":"Guia Gr\u00e1tis - guia de servi\u00e7os gr\u00e1tis"},"image":{"@id":"https:\/\/www.guiagratis.com.br\/#\/schema\/logo\/image\/"},"sameAs":["https:\/\/www.facebook.com\/guiagratis","https:\/\/x.com\/siteguiagratis"]}]}},"_links":{"self":[{"href":"https:\/\/www.guiagratis.com.br\/index.php\/wp-json\/wp\/v2\/pages\/3372","targetHints":{"allow":["GET"]}}],"collection":[{"href":"https:\/\/www.guiagratis.com.br\/index.php\/wp-json\/wp\/v2\/pages"}],"about":[{"href":"https:\/\/www.guiagratis.com.br\/index.php\/wp-json\/wp\/v2\/types\/page"}],"author":[{"embeddable":true,"href":"https:\/\/www.guiagratis.com.br\/index.php\/wp-json\/wp\/v2\/users\/2"}],"replies":[{"embeddable":true,"href":"https:\/\/www.guiagratis.com.br\/index.php\/wp-json\/wp\/v2\/comments?post=3372"}],"version-history":[{"count":6,"href":"https:\/\/www.guiagratis.com.br\/index.php\/wp-json\/wp\/v2\/pages\/3372\/revisions"}],"predecessor-version":[{"id":4984,"href":"https:\/\/www.guiagratis.com.br\/index.php\/wp-json\/wp\/v2\/pages\/3372\/revisions\/4984"}],"wp:featuredmedia":[{"embeddable":true,"href":"https:\/\/www.guiagratis.com.br\/index.php\/wp-json\/"}],"wp:attachment":[{"href":"https:\/\/www.guiagratis.com.br\/index.php\/wp-json\/wp\/v2\/media?parent=3372"}],"curies":[{"name":"wp","href":"https:\/\/api.w.org\/{rel}","templated":true}]}}