{"id":3427,"date":"2025-07-11T01:02:43","date_gmt":"2025-07-11T04:02:43","guid":{"rendered":"https:\/\/www.guiagratis.com.br\/?page_id=3427"},"modified":"2025-07-12T19:29:05","modified_gmt":"2025-07-12T22:29:05","slug":"geradores-de-sitemaps","status":"publish","type":"page","link":"https:\/\/www.guiagratis.com.br\/index.php\/geradores-de-sitemaps\/","title":{"rendered":"Geradores de Sitemaps"},"content":{"rendered":"<p style=\"text-align: justify;\"><img loading=\"lazy\" decoding=\"async\" class=\"size-medium wp-image-4123 alignleft\" src=\"https:\/\/guiagratis.com.br\/wp-content\/uploads\/2018\/07\/sitemaps.-1-300x158.jpg\" alt=\"sitemaps\" width=\"300\" height=\"158\" \/>Se a plataforma que roda seu site n\u00e3o permite gerar sitemaps XML de forma din\u00e2mica voc\u00ea pode recorrer a um geradores de sitemaps listados aqui. Note que se voc\u00ea usa algum CMS \u00e9 prov\u00e1vel que n\u00e3o precise usar essas ferramentas, a maioria dos CMS possui recursos para gerar os sitemaps em tempo real.<\/p>\n<p><!-------------------- FAVORITOS --------------------><\/p>\n<h2 style=\"text-align: center;\"><span style=\"color: #cc3300;\">Favoritos de Nossa Equipe<\/span><\/h2>\n<p><!-------------------- Free Sitemap Generator --------------------><\/p>\n<h2 style=\"text-align: justify;\">Free Sitemap Generator<\/h2>\n<p style=\"text-align: justify;\">Voc\u00ea precisa criar uma conta antes de cadastrar seus sites. Contas gr\u00e1tis permitem cadastramento de no m\u00e1ximo 3 sites, as contas premium permitem sites ilimitados e t\u00eam prioridade maior na hora de gerar o sitemap, al\u00e9m de algumas funcionalidades e facilidades adicionais.<\/p>\n<p style=\"text-align: justify;\"><a href=\"https:\/\/www.freesitemapgenerator.com\/\" target=\"_blank\" rel=\"noopener noreferrer\">https:\/\/www.freesitemapgenerator.com<\/a><\/p>\n<p><!-------------------- XML Sitemaps --------------------><\/p>\n<h2 style=\"text-align: justify;\">XML-Sitemaps.com<\/h2>\n<p style=\"text-align: justify;\">N\u00e3o \u00e9 necess\u00e1rio criar conta, basta informar a URL e o sistema gera automaticamente sitemaps em XML, HTML, TXT e ROR. M\u00e1ximo de 500 URL por sitemap.<\/p>\n<p style=\"text-align: justify;\"><a href=\"https:\/\/www.xml-sitemaps.com\/\" target=\"_blank\" rel=\"noopener noreferrer\">https:\/\/www.xml-sitemaps.com<\/a><\/p>\n<p><!--------------------OUTRAS --------------------><\/p>\n<h2 style=\"text-align: center;\"><span style=\"color: #cc3300;\">Outras Boas Op\u00e7\u00f5es<\/span><\/h2>\n<p><!-------------------- Free XML sitemap --------------------><\/p>\n<h2 style=\"text-align: justify;\">Free XML sitemap generator<\/h2>\n<p style=\"text-align: justify;\">Gera gratuitamente sitemaps em HTML, RSS e XML. Compat\u00edvel com Google, Bing, Baidu, Yandex e outros search engines.<\/p>\n<p style=\"text-align: justify;\"><a href=\"https:\/\/xmlsitemapgenerator.org\/\" target=\"_blank\" rel=\"noopener noreferrer\">https:\/\/xmlsitemapgenerator.org<\/a><\/p>\n<p><!-------------------- Online XML Sitemap --------------------><\/p>\n<h2 style=\"text-align: justify;\">Online XML Sitemap Generator<\/h2>\n<p style=\"text-align: justify;\">Gera sitemap XML gratuitamente com at\u00e9 3500 URL. Processa bem redirecionamentos e CMSs. Oferece ferramenta de valida\u00e7\u00e3o do sitemap gerado e fornece um relat\u00f3rio dos links quebrados encontrados durante a varredura.<\/p>\n<p><a href=\"https:\/\/www.web-site-map.com\/\" target=\"_blank\" rel=\"noopener noreferrer\">https:\/\/www.web-site-map.com<\/a><\/p>\n","protected":false},"excerpt":{"rendered":"<p>Se a plataforma que roda seu site n\u00e3o permite gerar sitemaps XML de forma din\u00e2mica voc\u00ea pode recorrer a um geradores de sitemaps listados aqui. Note que se voc\u00ea usa algum CMS \u00e9 prov\u00e1vel que n\u00e3o precise usar essas ferramentas, a maioria dos CMS possui recursos para gerar os sitemaps em tempo real. Favoritos de &hellip; <\/p>\n","protected":false},"author":2,"featured_media":4123,"parent":0,"menu_order":0,"comment_status":"closed","ping_status":"closed","template":"","meta":{"footnotes":""},"class_list":["post-3427","page","type-page","status-publish","has-post-thumbnail","hentry","entry"],"yoast_head":"<!-- This site is optimized with the Yoast SEO plugin v27.5 - https:\/\/yoast.com\/product\/yoast-seo-wordpress\/ -->\n<title>Geradores de Sitemaps - Guia Gr\u00e1tis - guia de servi\u00e7os gr\u00e1tis<\/title>\n<meta name=\"description\" content=\"Se a plataforma que roda seu site n\u00e3o permite gerar sitemaps XML de forma din\u00e2mica voc\u00ea pode recorrer a um geradores de sitemaps listados aqui.\" \/>\n<meta name=\"robots\" content=\"index, follow, max-snippet:-1, max-image-preview:large, max-video-preview:-1\" \/>\n<link rel=\"canonical\" href=\"https:\/\/www.guiagratis.com.br\/index.php\/geradores-de-sitemaps\/\" \/>\n<meta property=\"og:locale\" content=\"pt_BR\" \/>\n<meta property=\"og:type\" content=\"article\" \/>\n<meta property=\"og:title\" content=\"Geradores de Sitemaps - Guia Gr\u00e1tis - guia de servi\u00e7os gr\u00e1tis\" \/>\n<meta property=\"og:description\" content=\"Se a plataforma que roda seu site n\u00e3o permite gerar sitemaps XML de forma din\u00e2mica voc\u00ea pode recorrer a um geradores de sitemaps listados aqui.\" \/>\n<meta property=\"og:url\" content=\"https:\/\/www.guiagratis.com.br\/index.php\/geradores-de-sitemaps\/\" \/>\n<meta property=\"og:site_name\" content=\"Guia Gr\u00e1tis - guia de servi\u00e7os gr\u00e1tis\" \/>\n<meta property=\"article:publisher\" content=\"https:\/\/www.facebook.com\/guiagratis\" \/>\n<meta property=\"article:modified_time\" content=\"2025-07-12T22:29:05+00:00\" \/>\n<meta name=\"twitter:card\" content=\"summary_large_image\" \/>\n<meta name=\"twitter:site\" content=\"@siteguiagratis\" \/>\n<meta name=\"twitter:label1\" content=\"Est. tempo de leitura\" \/>\n\t<meta name=\"twitter:data1\" content=\"2 minutos\" \/>\n<script type=\"application\/ld+json\" class=\"yoast-schema-graph\">{\"@context\":\"https:\\\/\\\/schema.org\",\"@graph\":[{\"@type\":\"WebPage\",\"@id\":\"https:\\\/\\\/www.guiagratis.com.br\\\/index.php\\\/geradores-de-sitemaps\\\/\",\"url\":\"https:\\\/\\\/www.guiagratis.com.br\\\/index.php\\\/geradores-de-sitemaps\\\/\",\"name\":\"Geradores de Sitemaps - Guia Gr\u00e1tis - guia de servi\u00e7os gr\u00e1tis\",\"isPartOf\":{\"@id\":\"https:\\\/\\\/www.guiagratis.com.br\\\/#website\"},\"primaryImageOfPage\":{\"@id\":\"https:\\\/\\\/www.guiagratis.com.br\\\/index.php\\\/geradores-de-sitemaps\\\/#primaryimage\"},\"image\":{\"@id\":\"https:\\\/\\\/www.guiagratis.com.br\\\/index.php\\\/geradores-de-sitemaps\\\/#primaryimage\"},\"thumbnailUrl\":\"\",\"datePublished\":\"2025-07-11T04:02:43+00:00\",\"dateModified\":\"2025-07-12T22:29:05+00:00\",\"description\":\"Se a plataforma que roda seu site n\u00e3o permite gerar sitemaps XML de forma din\u00e2mica voc\u00ea pode recorrer a um geradores de sitemaps listados aqui.\",\"breadcrumb\":{\"@id\":\"https:\\\/\\\/www.guiagratis.com.br\\\/index.php\\\/geradores-de-sitemaps\\\/#breadcrumb\"},\"inLanguage\":\"pt-BR\",\"potentialAction\":[{\"@type\":\"ReadAction\",\"target\":[\"https:\\\/\\\/www.guiagratis.com.br\\\/index.php\\\/geradores-de-sitemaps\\\/\"]}]},{\"@type\":\"ImageObject\",\"inLanguage\":\"pt-BR\",\"@id\":\"https:\\\/\\\/www.guiagratis.com.br\\\/index.php\\\/geradores-de-sitemaps\\\/#primaryimage\",\"url\":\"\",\"contentUrl\":\"\"},{\"@type\":\"BreadcrumbList\",\"@id\":\"https:\\\/\\\/www.guiagratis.com.br\\\/index.php\\\/geradores-de-sitemaps\\\/#breadcrumb\",\"itemListElement\":[{\"@type\":\"ListItem\",\"position\":1,\"name\":\"In\u00edcio\",\"item\":\"https:\\\/\\\/www.guiagratis.com.br\\\/\"},{\"@type\":\"ListItem\",\"position\":2,\"name\":\"Geradores de Sitemaps\"}]},{\"@type\":\"WebSite\",\"@id\":\"https:\\\/\\\/www.guiagratis.com.br\\\/#website\",\"url\":\"https:\\\/\\\/www.guiagratis.com.br\\\/\",\"name\":\"Guia Gr\u00e1tis - guia de servi\u00e7os gr\u00e1tis\",\"description\":\"\",\"publisher\":{\"@id\":\"https:\\\/\\\/www.guiagratis.com.br\\\/#organization\"},\"potentialAction\":[{\"@type\":\"SearchAction\",\"target\":{\"@type\":\"EntryPoint\",\"urlTemplate\":\"https:\\\/\\\/www.guiagratis.com.br\\\/?s={search_term_string}\"},\"query-input\":{\"@type\":\"PropertyValueSpecification\",\"valueRequired\":true,\"valueName\":\"search_term_string\"}}],\"inLanguage\":\"pt-BR\"},{\"@type\":\"Organization\",\"@id\":\"https:\\\/\\\/www.guiagratis.com.br\\\/#organization\",\"name\":\"Guia Gr\u00e1tis - guia de servi\u00e7os gr\u00e1tis\",\"url\":\"https:\\\/\\\/www.guiagratis.com.br\\\/\",\"logo\":{\"@type\":\"ImageObject\",\"inLanguage\":\"pt-BR\",\"@id\":\"https:\\\/\\\/www.guiagratis.com.br\\\/#\\\/schema\\\/logo\\\/image\\\/\",\"url\":\"https:\\\/\\\/www.guiagratis.com.br\\\/wp-content\\\/uploads\\\/2025\\\/05\\\/cropped-logo.gif\",\"contentUrl\":\"https:\\\/\\\/www.guiagratis.com.br\\\/wp-content\\\/uploads\\\/2025\\\/05\\\/cropped-logo.gif\",\"width\":175,\"height\":88,\"caption\":\"Guia Gr\u00e1tis - guia de servi\u00e7os gr\u00e1tis\"},\"image\":{\"@id\":\"https:\\\/\\\/www.guiagratis.com.br\\\/#\\\/schema\\\/logo\\\/image\\\/\"},\"sameAs\":[\"https:\\\/\\\/www.facebook.com\\\/guiagratis\",\"https:\\\/\\\/x.com\\\/siteguiagratis\"]}]}<\/script>\n<!-- \/ Yoast SEO plugin. -->","yoast_head_json":{"title":"Geradores de Sitemaps - Guia Gr\u00e1tis - guia de servi\u00e7os gr\u00e1tis","description":"Se a plataforma que roda seu site n\u00e3o permite gerar sitemaps XML de forma din\u00e2mica voc\u00ea pode recorrer a um geradores de sitemaps listados aqui.","robots":{"index":"index","follow":"follow","max-snippet":"max-snippet:-1","max-image-preview":"max-image-preview:large","max-video-preview":"max-video-preview:-1"},"canonical":"https:\/\/www.guiagratis.com.br\/index.php\/geradores-de-sitemaps\/","og_locale":"pt_BR","og_type":"article","og_title":"Geradores de Sitemaps - Guia Gr\u00e1tis - guia de servi\u00e7os gr\u00e1tis","og_description":"Se a plataforma que roda seu site n\u00e3o permite gerar sitemaps XML de forma din\u00e2mica voc\u00ea pode recorrer a um geradores de sitemaps listados aqui.","og_url":"https:\/\/www.guiagratis.com.br\/index.php\/geradores-de-sitemaps\/","og_site_name":"Guia Gr\u00e1tis - guia de servi\u00e7os gr\u00e1tis","article_publisher":"https:\/\/www.facebook.com\/guiagratis","article_modified_time":"2025-07-12T22:29:05+00:00","twitter_card":"summary_large_image","twitter_site":"@siteguiagratis","twitter_misc":{"Est. tempo de leitura":"2 minutos"},"schema":{"@context":"https:\/\/schema.org","@graph":[{"@type":"WebPage","@id":"https:\/\/www.guiagratis.com.br\/index.php\/geradores-de-sitemaps\/","url":"https:\/\/www.guiagratis.com.br\/index.php\/geradores-de-sitemaps\/","name":"Geradores de Sitemaps - Guia Gr\u00e1tis - guia de servi\u00e7os gr\u00e1tis","isPartOf":{"@id":"https:\/\/www.guiagratis.com.br\/#website"},"primaryImageOfPage":{"@id":"https:\/\/www.guiagratis.com.br\/index.php\/geradores-de-sitemaps\/#primaryimage"},"image":{"@id":"https:\/\/www.guiagratis.com.br\/index.php\/geradores-de-sitemaps\/#primaryimage"},"thumbnailUrl":"","datePublished":"2025-07-11T04:02:43+00:00","dateModified":"2025-07-12T22:29:05+00:00","description":"Se a plataforma que roda seu site n\u00e3o permite gerar sitemaps XML de forma din\u00e2mica voc\u00ea pode recorrer a um geradores de sitemaps listados aqui.","breadcrumb":{"@id":"https:\/\/www.guiagratis.com.br\/index.php\/geradores-de-sitemaps\/#breadcrumb"},"inLanguage":"pt-BR","potentialAction":[{"@type":"ReadAction","target":["https:\/\/www.guiagratis.com.br\/index.php\/geradores-de-sitemaps\/"]}]},{"@type":"ImageObject","inLanguage":"pt-BR","@id":"https:\/\/www.guiagratis.com.br\/index.php\/geradores-de-sitemaps\/#primaryimage","url":"","contentUrl":""},{"@type":"BreadcrumbList","@id":"https:\/\/www.guiagratis.com.br\/index.php\/geradores-de-sitemaps\/#breadcrumb","itemListElement":[{"@type":"ListItem","position":1,"name":"In\u00edcio","item":"https:\/\/www.guiagratis.com.br\/"},{"@type":"ListItem","position":2,"name":"Geradores de Sitemaps"}]},{"@type":"WebSite","@id":"https:\/\/www.guiagratis.com.br\/#website","url":"https:\/\/www.guiagratis.com.br\/","name":"Guia Gr\u00e1tis - guia de servi\u00e7os gr\u00e1tis","description":"","publisher":{"@id":"https:\/\/www.guiagratis.com.br\/#organization"},"potentialAction":[{"@type":"SearchAction","target":{"@type":"EntryPoint","urlTemplate":"https:\/\/www.guiagratis.com.br\/?s={search_term_string}"},"query-input":{"@type":"PropertyValueSpecification","valueRequired":true,"valueName":"search_term_string"}}],"inLanguage":"pt-BR"},{"@type":"Organization","@id":"https:\/\/www.guiagratis.com.br\/#organization","name":"Guia Gr\u00e1tis - guia de servi\u00e7os gr\u00e1tis","url":"https:\/\/www.guiagratis.com.br\/","logo":{"@type":"ImageObject","inLanguage":"pt-BR","@id":"https:\/\/www.guiagratis.com.br\/#\/schema\/logo\/image\/","url":"https:\/\/www.guiagratis.com.br\/wp-content\/uploads\/2025\/05\/cropped-logo.gif","contentUrl":"https:\/\/www.guiagratis.com.br\/wp-content\/uploads\/2025\/05\/cropped-logo.gif","width":175,"height":88,"caption":"Guia Gr\u00e1tis - guia de servi\u00e7os gr\u00e1tis"},"image":{"@id":"https:\/\/www.guiagratis.com.br\/#\/schema\/logo\/image\/"},"sameAs":["https:\/\/www.facebook.com\/guiagratis","https:\/\/x.com\/siteguiagratis"]}]}},"_links":{"self":[{"href":"https:\/\/www.guiagratis.com.br\/index.php\/wp-json\/wp\/v2\/pages\/3427","targetHints":{"allow":["GET"]}}],"collection":[{"href":"https:\/\/www.guiagratis.com.br\/index.php\/wp-json\/wp\/v2\/pages"}],"about":[{"href":"https:\/\/www.guiagratis.com.br\/index.php\/wp-json\/wp\/v2\/types\/page"}],"author":[{"embeddable":true,"href":"https:\/\/www.guiagratis.com.br\/index.php\/wp-json\/wp\/v2\/users\/2"}],"replies":[{"embeddable":true,"href":"https:\/\/www.guiagratis.com.br\/index.php\/wp-json\/wp\/v2\/comments?post=3427"}],"version-history":[{"count":7,"href":"https:\/\/www.guiagratis.com.br\/index.php\/wp-json\/wp\/v2\/pages\/3427\/revisions"}],"predecessor-version":[{"id":4924,"href":"https:\/\/www.guiagratis.com.br\/index.php\/wp-json\/wp\/v2\/pages\/3427\/revisions\/4924"}],"wp:featuredmedia":[{"embeddable":true,"href":"https:\/\/www.guiagratis.com.br\/index.php\/wp-json\/"}],"wp:attachment":[{"href":"https:\/\/www.guiagratis.com.br\/index.php\/wp-json\/wp\/v2\/media?parent=3427"}],"curies":[{"name":"wp","href":"https:\/\/api.w.org\/{rel}","templated":true}]}}