{"id":3453,"date":"2025-07-11T02:46:38","date_gmt":"2025-07-11T05:46:38","guid":{"rendered":"https:\/\/www.guiagratis.com.br\/?page_id=3453"},"modified":"2025-07-12T19:48:23","modified_gmt":"2025-07-12T22:48:23","slug":"guestbooks-gratis","status":"publish","type":"page","link":"https:\/\/www.guiagratis.com.br\/index.php\/guestbooks-gratis\/","title":{"rendered":"Guestbooks Gr\u00e1tis"},"content":{"rendered":"<p style=\"text-align: justify;\"><img loading=\"lazy\" decoding=\"async\" class=\"size-medium wp-image-4147 alignleft\" src=\"http:\/\/guiagratis.com.br\/wp-content\/uploads\/2018\/08\/guestbooks-1-300x158.jpg\" alt=\"guestbooks\" width=\"300\" height=\"158\" \/>Os guestbooks gr\u00e1tis (e mesmo os pagos) s\u00e3o pouqu\u00edssimo usados atualmente, mas ainda s\u00e3o boas op\u00e7\u00f5es de intera\u00e7\u00e3o com o usu\u00e1rio. S\u00e3o a vers\u00e3o online dos antigos livros de visitantes usados em alguns eventos e exposi\u00e7\u00f5es de arte. Confira aqui alguns servi\u00e7os de g\u00eanero que\u00a0 n\u00f3s testamos e selecionamos.<\/p>\n<p><!--------------------FAVORITOS --------------------><\/p>\n<h2 style=\"text-align: center;\"><span style=\"color: #cc3300;\">Favoritos de Nossa Equipe<\/span><\/h2>\n<p><!----------Bravenet Guestbook ----------><\/p>\n<h2 style=\"text-align: justify;\">Bravenet Guestbooks Gr\u00e1tis<\/h2>\n<p style=\"text-align: justify;\">Boa op\u00e7\u00e3o de livro de visitas gratuito para comunicar-se com os visitantes de seu site. Layouts m\u00faltiplos, design customiz\u00e1vel, permite imagens, permite banimento por IP e oferece v\u00e1rios outros recursos \u00fateis.<\/p>\n<p style=\"text-align: justify;\"><a href=\"https:\/\/www.bravenet.com\/webtools\/guestbook\/\">www.bravenet.com\/webtools\/guestbook\/<\/a><\/p>\n<p><!---------- Smart Guestbook ----------><\/p>\n<h2 style=\"text-align: justify;\">Smart Guestbook<\/h2>\n<p style=\"text-align: justify;\">Guestbook gratuito de configura\u00e7\u00e3o bastante simples. Design customiz\u00e1vel para adaptar-se melhor \u00e0 identidade visual de seu site. Permite deletar e editar postagens. Algumas se\u00e7\u00f5es do site est\u00e3o dispon\u00edveis em portugu\u00eas.<\/p>\n<p style=\"text-align: justify;\"><a href=\"https:\/\/www.smartgb.com\/\" target=\"_blank\" rel=\"noopener noreferrer\">www.smartgb.com<\/a><\/p>\n<p><!--------------------OUTRAS --------------------><\/p>\n<h2 style=\"text-align: center;\"><span style=\"color: #cc3300;\">Outras Boas Op\u00e7\u00f5es<\/span><\/h2>\n<p><!----------123 Guestbook ----------><\/p>\n<h2 style=\"text-align: justify;\">123 Guestbook<\/h2>\n<p style=\"text-align: justify;\">Outro bom servi\u00e7o de guestbook gr\u00e1tis. Bastante vers\u00e1til e customiz\u00e1vel pode ser usado inclusive como um f\u00f3rum ou newsgroup. Permite moderar as mensagens postadas antes que elas se tornem p\u00fablicas e pode ser configurado para enviar um e-mail de agradecimento ao usu\u00e1rio que postou. Tamb\u00e9m pode ser configurado para enviar uma mensagem ao dono do livro cada vez que algu\u00e9m deixa coment\u00e1rio. Possui um interessante filtro de palavras que pode ser usado para evitar linguagem impr\u00f3pria e at\u00e9 para evitar um pouco do spam.<\/p>\n<p style=\"text-align: justify;\"><a href=\"https:\/\/www.123guestbook.com\/\" target=\"_blank\" rel=\"noopener noreferrer\">www.123guestbook.com<\/a><\/p>\n","protected":false},"excerpt":{"rendered":"<p>Os guestbooks gr\u00e1tis (e mesmo os pagos) s\u00e3o pouqu\u00edssimo usados atualmente, mas ainda s\u00e3o boas op\u00e7\u00f5es de intera\u00e7\u00e3o com o usu\u00e1rio. S\u00e3o a vers\u00e3o online dos antigos livros de visitantes usados em alguns eventos e exposi\u00e7\u00f5es de arte. Confira aqui alguns servi\u00e7os de g\u00eanero que\u00a0 n\u00f3s testamos e selecionamos. Favoritos de Nossa Equipe Bravenet Guestbooks &hellip; <\/p>\n","protected":false},"author":2,"featured_media":4147,"parent":0,"menu_order":0,"comment_status":"closed","ping_status":"closed","template":"","meta":{"footnotes":""},"class_list":["post-3453","page","type-page","status-publish","has-post-thumbnail","hentry","entry"],"yoast_head":"<!-- This site is optimized with the Yoast SEO plugin v27.5 - https:\/\/yoast.com\/product\/yoast-seo-wordpress\/ -->\n<title>Guestbooks Gr\u00e1tis - Guia Gr\u00e1tis - guia de servi\u00e7os gr\u00e1tis<\/title>\n<meta name=\"description\" content=\"Os guestbooks gr\u00e1tis pouqu\u00edssimo usados atualmente, mas ainda s\u00e3o boas op\u00e7\u00f5es de intera\u00e7\u00e3o com o usu\u00e1rio. Confira alguns que selecionamos.\" \/>\n<meta name=\"robots\" content=\"index, follow, max-snippet:-1, max-image-preview:large, max-video-preview:-1\" \/>\n<link rel=\"canonical\" href=\"https:\/\/www.guiagratis.com.br\/index.php\/guestbooks-gratis\/\" \/>\n<meta property=\"og:locale\" content=\"pt_BR\" \/>\n<meta property=\"og:type\" content=\"article\" \/>\n<meta property=\"og:title\" content=\"Guestbooks Gr\u00e1tis - Guia Gr\u00e1tis - guia de servi\u00e7os gr\u00e1tis\" \/>\n<meta property=\"og:description\" content=\"Os guestbooks gr\u00e1tis pouqu\u00edssimo usados atualmente, mas ainda s\u00e3o boas op\u00e7\u00f5es de intera\u00e7\u00e3o com o usu\u00e1rio. Confira alguns que selecionamos.\" \/>\n<meta property=\"og:url\" content=\"https:\/\/www.guiagratis.com.br\/index.php\/guestbooks-gratis\/\" \/>\n<meta property=\"og:site_name\" content=\"Guia Gr\u00e1tis - guia de servi\u00e7os gr\u00e1tis\" \/>\n<meta property=\"article:publisher\" content=\"https:\/\/www.facebook.com\/guiagratis\" \/>\n<meta property=\"article:modified_time\" content=\"2025-07-12T22:48:23+00:00\" \/>\n<meta name=\"twitter:card\" content=\"summary_large_image\" \/>\n<meta name=\"twitter:site\" content=\"@siteguiagratis\" \/>\n<meta name=\"twitter:label1\" content=\"Est. tempo de leitura\" \/>\n\t<meta name=\"twitter:data1\" content=\"2 minutos\" \/>\n<script type=\"application\/ld+json\" class=\"yoast-schema-graph\">{\"@context\":\"https:\\\/\\\/schema.org\",\"@graph\":[{\"@type\":\"WebPage\",\"@id\":\"https:\\\/\\\/www.guiagratis.com.br\\\/index.php\\\/guestbooks-gratis\\\/\",\"url\":\"https:\\\/\\\/www.guiagratis.com.br\\\/index.php\\\/guestbooks-gratis\\\/\",\"name\":\"Guestbooks Gr\u00e1tis - Guia Gr\u00e1tis - guia de servi\u00e7os gr\u00e1tis\",\"isPartOf\":{\"@id\":\"https:\\\/\\\/www.guiagratis.com.br\\\/#website\"},\"primaryImageOfPage\":{\"@id\":\"https:\\\/\\\/www.guiagratis.com.br\\\/index.php\\\/guestbooks-gratis\\\/#primaryimage\"},\"image\":{\"@id\":\"https:\\\/\\\/www.guiagratis.com.br\\\/index.php\\\/guestbooks-gratis\\\/#primaryimage\"},\"thumbnailUrl\":\"\",\"datePublished\":\"2025-07-11T05:46:38+00:00\",\"dateModified\":\"2025-07-12T22:48:23+00:00\",\"description\":\"Os guestbooks gr\u00e1tis pouqu\u00edssimo usados atualmente, mas ainda s\u00e3o boas op\u00e7\u00f5es de intera\u00e7\u00e3o com o usu\u00e1rio. Confira alguns que selecionamos.\",\"breadcrumb\":{\"@id\":\"https:\\\/\\\/www.guiagratis.com.br\\\/index.php\\\/guestbooks-gratis\\\/#breadcrumb\"},\"inLanguage\":\"pt-BR\",\"potentialAction\":[{\"@type\":\"ReadAction\",\"target\":[\"https:\\\/\\\/www.guiagratis.com.br\\\/index.php\\\/guestbooks-gratis\\\/\"]}]},{\"@type\":\"ImageObject\",\"inLanguage\":\"pt-BR\",\"@id\":\"https:\\\/\\\/www.guiagratis.com.br\\\/index.php\\\/guestbooks-gratis\\\/#primaryimage\",\"url\":\"\",\"contentUrl\":\"\"},{\"@type\":\"BreadcrumbList\",\"@id\":\"https:\\\/\\\/www.guiagratis.com.br\\\/index.php\\\/guestbooks-gratis\\\/#breadcrumb\",\"itemListElement\":[{\"@type\":\"ListItem\",\"position\":1,\"name\":\"In\u00edcio\",\"item\":\"https:\\\/\\\/www.guiagratis.com.br\\\/\"},{\"@type\":\"ListItem\",\"position\":2,\"name\":\"Guestbooks Gr\u00e1tis\"}]},{\"@type\":\"WebSite\",\"@id\":\"https:\\\/\\\/www.guiagratis.com.br\\\/#website\",\"url\":\"https:\\\/\\\/www.guiagratis.com.br\\\/\",\"name\":\"Guia Gr\u00e1tis - guia de servi\u00e7os gr\u00e1tis\",\"description\":\"\",\"publisher\":{\"@id\":\"https:\\\/\\\/www.guiagratis.com.br\\\/#organization\"},\"potentialAction\":[{\"@type\":\"SearchAction\",\"target\":{\"@type\":\"EntryPoint\",\"urlTemplate\":\"https:\\\/\\\/www.guiagratis.com.br\\\/?s={search_term_string}\"},\"query-input\":{\"@type\":\"PropertyValueSpecification\",\"valueRequired\":true,\"valueName\":\"search_term_string\"}}],\"inLanguage\":\"pt-BR\"},{\"@type\":\"Organization\",\"@id\":\"https:\\\/\\\/www.guiagratis.com.br\\\/#organization\",\"name\":\"Guia Gr\u00e1tis - guia de servi\u00e7os gr\u00e1tis\",\"url\":\"https:\\\/\\\/www.guiagratis.com.br\\\/\",\"logo\":{\"@type\":\"ImageObject\",\"inLanguage\":\"pt-BR\",\"@id\":\"https:\\\/\\\/www.guiagratis.com.br\\\/#\\\/schema\\\/logo\\\/image\\\/\",\"url\":\"https:\\\/\\\/www.guiagratis.com.br\\\/wp-content\\\/uploads\\\/2025\\\/05\\\/cropped-logo.gif\",\"contentUrl\":\"https:\\\/\\\/www.guiagratis.com.br\\\/wp-content\\\/uploads\\\/2025\\\/05\\\/cropped-logo.gif\",\"width\":175,\"height\":88,\"caption\":\"Guia Gr\u00e1tis - guia de servi\u00e7os gr\u00e1tis\"},\"image\":{\"@id\":\"https:\\\/\\\/www.guiagratis.com.br\\\/#\\\/schema\\\/logo\\\/image\\\/\"},\"sameAs\":[\"https:\\\/\\\/www.facebook.com\\\/guiagratis\",\"https:\\\/\\\/x.com\\\/siteguiagratis\"]}]}<\/script>\n<!-- \/ Yoast SEO plugin. -->","yoast_head_json":{"title":"Guestbooks Gr\u00e1tis - Guia Gr\u00e1tis - guia de servi\u00e7os gr\u00e1tis","description":"Os guestbooks gr\u00e1tis pouqu\u00edssimo usados atualmente, mas ainda s\u00e3o boas op\u00e7\u00f5es de intera\u00e7\u00e3o com o usu\u00e1rio. Confira alguns que selecionamos.","robots":{"index":"index","follow":"follow","max-snippet":"max-snippet:-1","max-image-preview":"max-image-preview:large","max-video-preview":"max-video-preview:-1"},"canonical":"https:\/\/www.guiagratis.com.br\/index.php\/guestbooks-gratis\/","og_locale":"pt_BR","og_type":"article","og_title":"Guestbooks Gr\u00e1tis - Guia Gr\u00e1tis - guia de servi\u00e7os gr\u00e1tis","og_description":"Os guestbooks gr\u00e1tis pouqu\u00edssimo usados atualmente, mas ainda s\u00e3o boas op\u00e7\u00f5es de intera\u00e7\u00e3o com o usu\u00e1rio. Confira alguns que selecionamos.","og_url":"https:\/\/www.guiagratis.com.br\/index.php\/guestbooks-gratis\/","og_site_name":"Guia Gr\u00e1tis - guia de servi\u00e7os gr\u00e1tis","article_publisher":"https:\/\/www.facebook.com\/guiagratis","article_modified_time":"2025-07-12T22:48:23+00:00","twitter_card":"summary_large_image","twitter_site":"@siteguiagratis","twitter_misc":{"Est. tempo de leitura":"2 minutos"},"schema":{"@context":"https:\/\/schema.org","@graph":[{"@type":"WebPage","@id":"https:\/\/www.guiagratis.com.br\/index.php\/guestbooks-gratis\/","url":"https:\/\/www.guiagratis.com.br\/index.php\/guestbooks-gratis\/","name":"Guestbooks Gr\u00e1tis - Guia Gr\u00e1tis - guia de servi\u00e7os gr\u00e1tis","isPartOf":{"@id":"https:\/\/www.guiagratis.com.br\/#website"},"primaryImageOfPage":{"@id":"https:\/\/www.guiagratis.com.br\/index.php\/guestbooks-gratis\/#primaryimage"},"image":{"@id":"https:\/\/www.guiagratis.com.br\/index.php\/guestbooks-gratis\/#primaryimage"},"thumbnailUrl":"","datePublished":"2025-07-11T05:46:38+00:00","dateModified":"2025-07-12T22:48:23+00:00","description":"Os guestbooks gr\u00e1tis pouqu\u00edssimo usados atualmente, mas ainda s\u00e3o boas op\u00e7\u00f5es de intera\u00e7\u00e3o com o usu\u00e1rio. Confira alguns que selecionamos.","breadcrumb":{"@id":"https:\/\/www.guiagratis.com.br\/index.php\/guestbooks-gratis\/#breadcrumb"},"inLanguage":"pt-BR","potentialAction":[{"@type":"ReadAction","target":["https:\/\/www.guiagratis.com.br\/index.php\/guestbooks-gratis\/"]}]},{"@type":"ImageObject","inLanguage":"pt-BR","@id":"https:\/\/www.guiagratis.com.br\/index.php\/guestbooks-gratis\/#primaryimage","url":"","contentUrl":""},{"@type":"BreadcrumbList","@id":"https:\/\/www.guiagratis.com.br\/index.php\/guestbooks-gratis\/#breadcrumb","itemListElement":[{"@type":"ListItem","position":1,"name":"In\u00edcio","item":"https:\/\/www.guiagratis.com.br\/"},{"@type":"ListItem","position":2,"name":"Guestbooks Gr\u00e1tis"}]},{"@type":"WebSite","@id":"https:\/\/www.guiagratis.com.br\/#website","url":"https:\/\/www.guiagratis.com.br\/","name":"Guia Gr\u00e1tis - guia de servi\u00e7os gr\u00e1tis","description":"","publisher":{"@id":"https:\/\/www.guiagratis.com.br\/#organization"},"potentialAction":[{"@type":"SearchAction","target":{"@type":"EntryPoint","urlTemplate":"https:\/\/www.guiagratis.com.br\/?s={search_term_string}"},"query-input":{"@type":"PropertyValueSpecification","valueRequired":true,"valueName":"search_term_string"}}],"inLanguage":"pt-BR"},{"@type":"Organization","@id":"https:\/\/www.guiagratis.com.br\/#organization","name":"Guia Gr\u00e1tis - guia de servi\u00e7os gr\u00e1tis","url":"https:\/\/www.guiagratis.com.br\/","logo":{"@type":"ImageObject","inLanguage":"pt-BR","@id":"https:\/\/www.guiagratis.com.br\/#\/schema\/logo\/image\/","url":"https:\/\/www.guiagratis.com.br\/wp-content\/uploads\/2025\/05\/cropped-logo.gif","contentUrl":"https:\/\/www.guiagratis.com.br\/wp-content\/uploads\/2025\/05\/cropped-logo.gif","width":175,"height":88,"caption":"Guia Gr\u00e1tis - guia de servi\u00e7os gr\u00e1tis"},"image":{"@id":"https:\/\/www.guiagratis.com.br\/#\/schema\/logo\/image\/"},"sameAs":["https:\/\/www.facebook.com\/guiagratis","https:\/\/x.com\/siteguiagratis"]}]}},"_links":{"self":[{"href":"https:\/\/www.guiagratis.com.br\/index.php\/wp-json\/wp\/v2\/pages\/3453","targetHints":{"allow":["GET"]}}],"collection":[{"href":"https:\/\/www.guiagratis.com.br\/index.php\/wp-json\/wp\/v2\/pages"}],"about":[{"href":"https:\/\/www.guiagratis.com.br\/index.php\/wp-json\/wp\/v2\/types\/page"}],"author":[{"embeddable":true,"href":"https:\/\/www.guiagratis.com.br\/index.php\/wp-json\/wp\/v2\/users\/2"}],"replies":[{"embeddable":true,"href":"https:\/\/www.guiagratis.com.br\/index.php\/wp-json\/wp\/v2\/comments?post=3453"}],"version-history":[{"count":4,"href":"https:\/\/www.guiagratis.com.br\/index.php\/wp-json\/wp\/v2\/pages\/3453\/revisions"}],"predecessor-version":[{"id":4928,"href":"https:\/\/www.guiagratis.com.br\/index.php\/wp-json\/wp\/v2\/pages\/3453\/revisions\/4928"}],"wp:featuredmedia":[{"embeddable":true,"href":"https:\/\/www.guiagratis.com.br\/index.php\/wp-json\/"}],"wp:attachment":[{"href":"https:\/\/www.guiagratis.com.br\/index.php\/wp-json\/wp\/v2\/media?parent=3453"}],"curies":[{"name":"wp","href":"https:\/\/api.w.org\/{rel}","templated":true}]}}