{"id":3458,"date":"2025-07-11T03:00:20","date_gmt":"2025-07-11T06:00:20","guid":{"rendered":"https:\/\/www.guiagratis.com.br\/?page_id=3458"},"modified":"2025-07-13T19:44:27","modified_gmt":"2025-07-13T22:44:27","slug":"metablogs-de-referencia","status":"publish","type":"page","link":"https:\/\/www.guiagratis.com.br\/index.php\/metablogs-de-referencia\/","title":{"rendered":"Metablogs de Refer\u00eancia"},"content":{"rendered":"<p style=\"text-align: justify;\"><img loading=\"lazy\" decoding=\"async\" class=\"size-medium wp-image-4344 alignleft\" src=\"http:\/\/guiagratis.com.br\/wp-content\/uploads\/2018\/10\/metablogs-de-referencia-1-300x158.jpg\" alt=\"metablogs de referencia\" width=\"300\" height=\"158\" \/>Aqui voc\u00ea vai encontrar uma sele\u00e7\u00e3o de diversos metablogs de refer\u00eancia extremamente \u00fateis para blogueiros e para desenvolvedores web que estejam em busca de informa\u00e7\u00f5es,\u00a0dicas de ferramentas, estrat\u00e9gias de promo\u00e7\u00e3o e SEO, tutoriais\u00a0 e muitas outras informa\u00e7\u00f5es de grande relev\u00e2ncia e utilidade.<\/p>\n<h2 style=\"text-align: justify;\">Dicas Blogger<\/h2>\n<p style=\"text-align: justify;\">A maior fonte de informa\u00e7\u00f5es sobre Blogger em l\u00edngua portuguesa. Oferece\u00a0templates, temas, tutoriais, gadgets e ferramentas para Blogger. Dicas sobre Twitter, Facebook e WordPress. Cria\u00e7\u00e3o e personaliza\u00e7\u00e3o de blogs pessoais e profissionais.<\/p>\n<p style=\"text-align: justify;\"><a title=\"Dicas Blogger\" href=\"http:\/\/www.dicasblogger.com.br\" target=\"_blank\" rel=\"noopener noreferrer\">https:\/\/www.dicasblogger.com.br<\/a><\/p>\n<h2 style=\"text-align: justify;\">Mundo Blogger<\/h2>\n<p style=\"text-align: justify;\">Dicas sobre como criar e personalizar seu blog no Blogger, templates, tutoriais e muito mais. Curiosamente o blog roda em WordPress.<\/p>\n<p style=\"text-align: justify;\"><a title=\"Mundo Blogger\" href=\"http:\/\/www.mundoblogger.com.br\" target=\"_blank\" rel=\"noopener noreferrer\">https:\/\/www.mundoblogger.com.br<\/a><\/p>\n","protected":false},"excerpt":{"rendered":"<p>Aqui voc\u00ea vai encontrar uma sele\u00e7\u00e3o de diversos metablogs de refer\u00eancia extremamente \u00fateis para blogueiros e para desenvolvedores web que estejam em busca de informa\u00e7\u00f5es,\u00a0dicas de ferramentas, estrat\u00e9gias de promo\u00e7\u00e3o e SEO, tutoriais\u00a0 e muitas outras informa\u00e7\u00f5es de grande relev\u00e2ncia e utilidade. Dicas Blogger A maior fonte de informa\u00e7\u00f5es sobre Blogger em l\u00edngua portuguesa. Oferece\u00a0templates, &hellip; <\/p>\n","protected":false},"author":2,"featured_media":4344,"parent":0,"menu_order":0,"comment_status":"closed","ping_status":"closed","template":"","meta":{"footnotes":""},"class_list":["post-3458","page","type-page","status-publish","has-post-thumbnail","hentry","entry"],"yoast_head":"<!-- This site is optimized with the Yoast SEO plugin v27.5 - https:\/\/yoast.com\/product\/yoast-seo-wordpress\/ -->\n<title>Metablogs de Refer\u00eancia - Guia Gr\u00e1tis - guia de servi\u00e7os gr\u00e1tis<\/title>\n<meta name=\"description\" content=\"Aqui voc\u00ea encontra v\u00e1rios metablogs de refer\u00eancia extremamente \u00fateis para blogueiros, contendo dicas de ferramentas, tutoriais e muitas outras informa\u00e7\u00f5es.\" \/>\n<meta name=\"robots\" content=\"index, follow, max-snippet:-1, max-image-preview:large, max-video-preview:-1\" \/>\n<link rel=\"canonical\" href=\"https:\/\/www.guiagratis.com.br\/index.php\/metablogs-de-referencia\/\" \/>\n<meta property=\"og:locale\" content=\"pt_BR\" \/>\n<meta property=\"og:type\" content=\"article\" \/>\n<meta property=\"og:title\" content=\"Metablogs de Refer\u00eancia - Guia Gr\u00e1tis - guia de servi\u00e7os gr\u00e1tis\" \/>\n<meta property=\"og:description\" content=\"Aqui voc\u00ea encontra v\u00e1rios metablogs de refer\u00eancia extremamente \u00fateis para blogueiros, contendo dicas de ferramentas, tutoriais e muitas outras informa\u00e7\u00f5es.\" \/>\n<meta property=\"og:url\" content=\"https:\/\/www.guiagratis.com.br\/index.php\/metablogs-de-referencia\/\" \/>\n<meta property=\"og:site_name\" content=\"Guia Gr\u00e1tis - guia de servi\u00e7os gr\u00e1tis\" \/>\n<meta property=\"article:publisher\" content=\"https:\/\/www.facebook.com\/guiagratis\" \/>\n<meta property=\"article:modified_time\" content=\"2025-07-13T22:44:27+00:00\" \/>\n<meta name=\"twitter:card\" content=\"summary_large_image\" \/>\n<meta name=\"twitter:site\" content=\"@siteguiagratis\" \/>\n<meta name=\"twitter:label1\" content=\"Est. tempo de leitura\" \/>\n\t<meta name=\"twitter:data1\" content=\"1 minuto\" \/>\n<script type=\"application\/ld+json\" class=\"yoast-schema-graph\">{\"@context\":\"https:\\\/\\\/schema.org\",\"@graph\":[{\"@type\":\"WebPage\",\"@id\":\"https:\\\/\\\/www.guiagratis.com.br\\\/index.php\\\/metablogs-de-referencia\\\/\",\"url\":\"https:\\\/\\\/www.guiagratis.com.br\\\/index.php\\\/metablogs-de-referencia\\\/\",\"name\":\"Metablogs de Refer\u00eancia - Guia Gr\u00e1tis - guia de servi\u00e7os gr\u00e1tis\",\"isPartOf\":{\"@id\":\"https:\\\/\\\/www.guiagratis.com.br\\\/#website\"},\"primaryImageOfPage\":{\"@id\":\"https:\\\/\\\/www.guiagratis.com.br\\\/index.php\\\/metablogs-de-referencia\\\/#primaryimage\"},\"image\":{\"@id\":\"https:\\\/\\\/www.guiagratis.com.br\\\/index.php\\\/metablogs-de-referencia\\\/#primaryimage\"},\"thumbnailUrl\":\"\",\"datePublished\":\"2025-07-11T06:00:20+00:00\",\"dateModified\":\"2025-07-13T22:44:27+00:00\",\"description\":\"Aqui voc\u00ea encontra v\u00e1rios metablogs de refer\u00eancia extremamente \u00fateis para blogueiros, contendo dicas de ferramentas, tutoriais e muitas outras informa\u00e7\u00f5es.\",\"breadcrumb\":{\"@id\":\"https:\\\/\\\/www.guiagratis.com.br\\\/index.php\\\/metablogs-de-referencia\\\/#breadcrumb\"},\"inLanguage\":\"pt-BR\",\"potentialAction\":[{\"@type\":\"ReadAction\",\"target\":[\"https:\\\/\\\/www.guiagratis.com.br\\\/index.php\\\/metablogs-de-referencia\\\/\"]}]},{\"@type\":\"ImageObject\",\"inLanguage\":\"pt-BR\",\"@id\":\"https:\\\/\\\/www.guiagratis.com.br\\\/index.php\\\/metablogs-de-referencia\\\/#primaryimage\",\"url\":\"\",\"contentUrl\":\"\"},{\"@type\":\"BreadcrumbList\",\"@id\":\"https:\\\/\\\/www.guiagratis.com.br\\\/index.php\\\/metablogs-de-referencia\\\/#breadcrumb\",\"itemListElement\":[{\"@type\":\"ListItem\",\"position\":1,\"name\":\"In\u00edcio\",\"item\":\"https:\\\/\\\/www.guiagratis.com.br\\\/\"},{\"@type\":\"ListItem\",\"position\":2,\"name\":\"Metablogs de Refer\u00eancia\"}]},{\"@type\":\"WebSite\",\"@id\":\"https:\\\/\\\/www.guiagratis.com.br\\\/#website\",\"url\":\"https:\\\/\\\/www.guiagratis.com.br\\\/\",\"name\":\"Guia Gr\u00e1tis - guia de servi\u00e7os gr\u00e1tis\",\"description\":\"\",\"publisher\":{\"@id\":\"https:\\\/\\\/www.guiagratis.com.br\\\/#organization\"},\"potentialAction\":[{\"@type\":\"SearchAction\",\"target\":{\"@type\":\"EntryPoint\",\"urlTemplate\":\"https:\\\/\\\/www.guiagratis.com.br\\\/?s={search_term_string}\"},\"query-input\":{\"@type\":\"PropertyValueSpecification\",\"valueRequired\":true,\"valueName\":\"search_term_string\"}}],\"inLanguage\":\"pt-BR\"},{\"@type\":\"Organization\",\"@id\":\"https:\\\/\\\/www.guiagratis.com.br\\\/#organization\",\"name\":\"Guia Gr\u00e1tis - guia de servi\u00e7os gr\u00e1tis\",\"url\":\"https:\\\/\\\/www.guiagratis.com.br\\\/\",\"logo\":{\"@type\":\"ImageObject\",\"inLanguage\":\"pt-BR\",\"@id\":\"https:\\\/\\\/www.guiagratis.com.br\\\/#\\\/schema\\\/logo\\\/image\\\/\",\"url\":\"https:\\\/\\\/www.guiagratis.com.br\\\/wp-content\\\/uploads\\\/2025\\\/05\\\/cropped-logo.gif\",\"contentUrl\":\"https:\\\/\\\/www.guiagratis.com.br\\\/wp-content\\\/uploads\\\/2025\\\/05\\\/cropped-logo.gif\",\"width\":175,\"height\":88,\"caption\":\"Guia Gr\u00e1tis - guia de servi\u00e7os gr\u00e1tis\"},\"image\":{\"@id\":\"https:\\\/\\\/www.guiagratis.com.br\\\/#\\\/schema\\\/logo\\\/image\\\/\"},\"sameAs\":[\"https:\\\/\\\/www.facebook.com\\\/guiagratis\",\"https:\\\/\\\/x.com\\\/siteguiagratis\"]}]}<\/script>\n<!-- \/ Yoast SEO plugin. -->","yoast_head_json":{"title":"Metablogs de Refer\u00eancia - Guia Gr\u00e1tis - guia de servi\u00e7os gr\u00e1tis","description":"Aqui voc\u00ea encontra v\u00e1rios metablogs de refer\u00eancia extremamente \u00fateis para blogueiros, contendo dicas de ferramentas, tutoriais e muitas outras informa\u00e7\u00f5es.","robots":{"index":"index","follow":"follow","max-snippet":"max-snippet:-1","max-image-preview":"max-image-preview:large","max-video-preview":"max-video-preview:-1"},"canonical":"https:\/\/www.guiagratis.com.br\/index.php\/metablogs-de-referencia\/","og_locale":"pt_BR","og_type":"article","og_title":"Metablogs de Refer\u00eancia - Guia Gr\u00e1tis - guia de servi\u00e7os gr\u00e1tis","og_description":"Aqui voc\u00ea encontra v\u00e1rios metablogs de refer\u00eancia extremamente \u00fateis para blogueiros, contendo dicas de ferramentas, tutoriais e muitas outras informa\u00e7\u00f5es.","og_url":"https:\/\/www.guiagratis.com.br\/index.php\/metablogs-de-referencia\/","og_site_name":"Guia Gr\u00e1tis - guia de servi\u00e7os gr\u00e1tis","article_publisher":"https:\/\/www.facebook.com\/guiagratis","article_modified_time":"2025-07-13T22:44:27+00:00","twitter_card":"summary_large_image","twitter_site":"@siteguiagratis","twitter_misc":{"Est. tempo de leitura":"1 minuto"},"schema":{"@context":"https:\/\/schema.org","@graph":[{"@type":"WebPage","@id":"https:\/\/www.guiagratis.com.br\/index.php\/metablogs-de-referencia\/","url":"https:\/\/www.guiagratis.com.br\/index.php\/metablogs-de-referencia\/","name":"Metablogs de Refer\u00eancia - Guia Gr\u00e1tis - guia de servi\u00e7os gr\u00e1tis","isPartOf":{"@id":"https:\/\/www.guiagratis.com.br\/#website"},"primaryImageOfPage":{"@id":"https:\/\/www.guiagratis.com.br\/index.php\/metablogs-de-referencia\/#primaryimage"},"image":{"@id":"https:\/\/www.guiagratis.com.br\/index.php\/metablogs-de-referencia\/#primaryimage"},"thumbnailUrl":"","datePublished":"2025-07-11T06:00:20+00:00","dateModified":"2025-07-13T22:44:27+00:00","description":"Aqui voc\u00ea encontra v\u00e1rios metablogs de refer\u00eancia extremamente \u00fateis para blogueiros, contendo dicas de ferramentas, tutoriais e muitas outras informa\u00e7\u00f5es.","breadcrumb":{"@id":"https:\/\/www.guiagratis.com.br\/index.php\/metablogs-de-referencia\/#breadcrumb"},"inLanguage":"pt-BR","potentialAction":[{"@type":"ReadAction","target":["https:\/\/www.guiagratis.com.br\/index.php\/metablogs-de-referencia\/"]}]},{"@type":"ImageObject","inLanguage":"pt-BR","@id":"https:\/\/www.guiagratis.com.br\/index.php\/metablogs-de-referencia\/#primaryimage","url":"","contentUrl":""},{"@type":"BreadcrumbList","@id":"https:\/\/www.guiagratis.com.br\/index.php\/metablogs-de-referencia\/#breadcrumb","itemListElement":[{"@type":"ListItem","position":1,"name":"In\u00edcio","item":"https:\/\/www.guiagratis.com.br\/"},{"@type":"ListItem","position":2,"name":"Metablogs de Refer\u00eancia"}]},{"@type":"WebSite","@id":"https:\/\/www.guiagratis.com.br\/#website","url":"https:\/\/www.guiagratis.com.br\/","name":"Guia Gr\u00e1tis - guia de servi\u00e7os gr\u00e1tis","description":"","publisher":{"@id":"https:\/\/www.guiagratis.com.br\/#organization"},"potentialAction":[{"@type":"SearchAction","target":{"@type":"EntryPoint","urlTemplate":"https:\/\/www.guiagratis.com.br\/?s={search_term_string}"},"query-input":{"@type":"PropertyValueSpecification","valueRequired":true,"valueName":"search_term_string"}}],"inLanguage":"pt-BR"},{"@type":"Organization","@id":"https:\/\/www.guiagratis.com.br\/#organization","name":"Guia Gr\u00e1tis - guia de servi\u00e7os gr\u00e1tis","url":"https:\/\/www.guiagratis.com.br\/","logo":{"@type":"ImageObject","inLanguage":"pt-BR","@id":"https:\/\/www.guiagratis.com.br\/#\/schema\/logo\/image\/","url":"https:\/\/www.guiagratis.com.br\/wp-content\/uploads\/2025\/05\/cropped-logo.gif","contentUrl":"https:\/\/www.guiagratis.com.br\/wp-content\/uploads\/2025\/05\/cropped-logo.gif","width":175,"height":88,"caption":"Guia Gr\u00e1tis - guia de servi\u00e7os gr\u00e1tis"},"image":{"@id":"https:\/\/www.guiagratis.com.br\/#\/schema\/logo\/image\/"},"sameAs":["https:\/\/www.facebook.com\/guiagratis","https:\/\/x.com\/siteguiagratis"]}]}},"_links":{"self":[{"href":"https:\/\/www.guiagratis.com.br\/index.php\/wp-json\/wp\/v2\/pages\/3458","targetHints":{"allow":["GET"]}}],"collection":[{"href":"https:\/\/www.guiagratis.com.br\/index.php\/wp-json\/wp\/v2\/pages"}],"about":[{"href":"https:\/\/www.guiagratis.com.br\/index.php\/wp-json\/wp\/v2\/types\/page"}],"author":[{"embeddable":true,"href":"https:\/\/www.guiagratis.com.br\/index.php\/wp-json\/wp\/v2\/users\/2"}],"replies":[{"embeddable":true,"href":"https:\/\/www.guiagratis.com.br\/index.php\/wp-json\/wp\/v2\/comments?post=3458"}],"version-history":[{"count":2,"href":"https:\/\/www.guiagratis.com.br\/index.php\/wp-json\/wp\/v2\/pages\/3458\/revisions"}],"predecessor-version":[{"id":4948,"href":"https:\/\/www.guiagratis.com.br\/index.php\/wp-json\/wp\/v2\/pages\/3458\/revisions\/4948"}],"wp:featuredmedia":[{"embeddable":true,"href":"https:\/\/www.guiagratis.com.br\/index.php\/wp-json\/"}],"wp:attachment":[{"href":"https:\/\/www.guiagratis.com.br\/index.php\/wp-json\/wp\/v2\/media?parent=3458"}],"curies":[{"name":"wp","href":"https:\/\/api.w.org\/{rel}","templated":true}]}}