{"id":3467,"date":"2025-07-11T04:53:40","date_gmt":"2025-07-11T07:53:40","guid":{"rendered":"https:\/\/www.guiagratis.com.br\/?page_id=3467"},"modified":"2025-07-12T18:46:08","modified_gmt":"2025-07-12T21:46:08","slug":"formularios-gratuitos","status":"publish","type":"page","link":"https:\/\/www.guiagratis.com.br\/index.php\/formularios-gratuitos\/","title":{"rendered":"Formul\u00e1rios Gratuitos"},"content":{"rendered":"<p style=\"text-align: justify;\"><img loading=\"lazy\" decoding=\"async\" class=\"size-medium wp-image-4109 alignleft\" src=\"http:\/\/guiagratis.com.br\/wp-content\/uploads\/2018\/07\/formularios-1-300x158.jpg\" alt=\"formularios\" width=\"300\" height=\"158\" \/>Se voc\u00ea precisa de um formul\u00e1rio em seu site mas seu host n\u00e3o permite programa\u00e7\u00e3o pr\u00f3pria a solu\u00e7\u00e3o s\u00e3o os processadores de formul\u00e1rios gratuitos. Alguns enviam os dados para voc\u00ea por e-mail, outros permitem a consulta online e h\u00e1 at\u00e9 os que lhe entregam os dados em uma planilha para mais f\u00e1cil visualiza\u00e7\u00e3o e an\u00e1lise.<\/p>\n<p><!--------------------FAVORITOS --------------------><\/p>\n<h2 style=\"text-align: center;\"><span style=\"color: #cc3300;\">Favoritos de Nossa Equipe<\/span><\/h2>\n<p><!-------------------- BRAVENET --------------------><\/p>\n<h2 style=\"text-align: justify;\">Bravenet Formul\u00e1rios Gratuitos<\/h2>\n<p style=\"text-align: justify;\">Maneira simples e r\u00e1pida de criar um formul\u00e1rio de contato. Voc\u00ea simplesmente seleciona os campos que gostaria de disponibilizar ao visitante. Pode ser customizado para adequar-se ao design de seu site. Depois de configurado basta colar o c\u00f3digo na p\u00e1gina em que voc\u00ea deseja incluir o formul\u00e1rio.<\/p>\n<p style=\"text-align: justify;\"><a href=\"http:\/\/www.bravenet.com\/webtools\/emailfwd\/\">http:\/\/www.bravenet.com\/webtools\/emailfwd\/<\/a><\/p>\n<p><!--------------------OUTRAS --------------------><\/p>\n<h2 style=\"text-align: center;\"><span style=\"color: #cc3300;\">Outras Boas Op\u00e7\u00f5es<\/span><\/h2>\n<p><!-------------------- FORMMAIL.OT\/YOU --------------------><\/p>\n<h2 style=\"text-align: justify;\">FormMail.To\/You<\/h2>\n<p style=\"text-align: justify;\">Pr\u00e1tico processador de formul\u00e1rios gratuitos bastante simples de configurar e implantar em seu site. Os dados recebidos do visitante s\u00e3o enviados para o e-mail configurado no sistema.<\/p>\n<p style=\"text-align: justify;\"><a title=\"FormMail.To\/You\" href=\"http:\/\/formmail.to\" target=\"_blank\" rel=\"noopener noreferrer\">http:\/\/formmail.to<\/a><\/p>\n<p><!-------------------- RESPONSE-O-MATIC --------------------><\/p>\n<h2 style=\"text-align: justify;\">Response-O-Matic<\/h2>\n<p style=\"text-align: justify;\">Bastante simples de configurar. Os dados s\u00e3o enviados por e-mail, havendo a possibilidade de envio para dois diferentes endere\u00e7os simultaneamente.<\/p>\n<p style=\"text-align: justify;\"><a title=\"Response-O-Matic\" href=\"http:\/\/www.response-o-matic.com\" target=\"_blank\" rel=\"noopener noreferrer\">www.response-o-matic.com<\/a><\/p>\n","protected":false},"excerpt":{"rendered":"<p>Se voc\u00ea precisa de um formul\u00e1rio em seu site mas seu host n\u00e3o permite programa\u00e7\u00e3o pr\u00f3pria a solu\u00e7\u00e3o s\u00e3o os processadores de formul\u00e1rios gratuitos. Alguns enviam os dados para voc\u00ea por e-mail, outros permitem a consulta online e h\u00e1 at\u00e9 os que lhe entregam os dados em uma planilha para mais f\u00e1cil visualiza\u00e7\u00e3o e an\u00e1lise. &hellip; <\/p>\n","protected":false},"author":2,"featured_media":4109,"parent":0,"menu_order":0,"comment_status":"closed","ping_status":"closed","template":"","meta":{"footnotes":""},"class_list":["post-3467","page","type-page","status-publish","has-post-thumbnail","hentry","entry"],"yoast_head":"<!-- This site is optimized with the Yoast SEO plugin v27.5 - https:\/\/yoast.com\/product\/yoast-seo-wordpress\/ -->\n<title>Formul\u00e1rios Gratuitos - Guia Gr\u00e1tis - guia de servi\u00e7os gr\u00e1tis<\/title>\n<meta name=\"description\" content=\"Se voc\u00ea precisa de um formul\u00e1rio em seu site mas seu host n\u00e3o permite programa\u00e7\u00e3o pr\u00f3pria a solu\u00e7\u00e3o s\u00e3o os processadores de formul\u00e1rios gratuitos.\" \/>\n<meta name=\"robots\" content=\"index, follow, max-snippet:-1, max-image-preview:large, max-video-preview:-1\" \/>\n<link rel=\"canonical\" href=\"https:\/\/www.guiagratis.com.br\/index.php\/formularios-gratuitos\/\" \/>\n<meta property=\"og:locale\" content=\"pt_BR\" \/>\n<meta property=\"og:type\" content=\"article\" \/>\n<meta property=\"og:title\" content=\"Formul\u00e1rios Gratuitos - Guia Gr\u00e1tis - guia de servi\u00e7os gr\u00e1tis\" \/>\n<meta property=\"og:description\" content=\"Se voc\u00ea precisa de um formul\u00e1rio em seu site mas seu host n\u00e3o permite programa\u00e7\u00e3o pr\u00f3pria a solu\u00e7\u00e3o s\u00e3o os processadores de formul\u00e1rios gratuitos.\" \/>\n<meta property=\"og:url\" content=\"https:\/\/www.guiagratis.com.br\/index.php\/formularios-gratuitos\/\" \/>\n<meta property=\"og:site_name\" content=\"Guia Gr\u00e1tis - guia de servi\u00e7os gr\u00e1tis\" \/>\n<meta property=\"article:publisher\" content=\"https:\/\/www.facebook.com\/guiagratis\" \/>\n<meta property=\"article:modified_time\" content=\"2025-07-12T21:46:08+00:00\" \/>\n<meta name=\"twitter:card\" content=\"summary_large_image\" \/>\n<meta name=\"twitter:site\" content=\"@siteguiagratis\" \/>\n<meta name=\"twitter:label1\" content=\"Est. tempo de leitura\" \/>\n\t<meta name=\"twitter:data1\" content=\"2 minutos\" \/>\n<script type=\"application\/ld+json\" class=\"yoast-schema-graph\">{\"@context\":\"https:\\\/\\\/schema.org\",\"@graph\":[{\"@type\":\"WebPage\",\"@id\":\"https:\\\/\\\/www.guiagratis.com.br\\\/index.php\\\/formularios-gratuitos\\\/\",\"url\":\"https:\\\/\\\/www.guiagratis.com.br\\\/index.php\\\/formularios-gratuitos\\\/\",\"name\":\"Formul\u00e1rios Gratuitos - Guia Gr\u00e1tis - guia de servi\u00e7os gr\u00e1tis\",\"isPartOf\":{\"@id\":\"https:\\\/\\\/www.guiagratis.com.br\\\/#website\"},\"primaryImageOfPage\":{\"@id\":\"https:\\\/\\\/www.guiagratis.com.br\\\/index.php\\\/formularios-gratuitos\\\/#primaryimage\"},\"image\":{\"@id\":\"https:\\\/\\\/www.guiagratis.com.br\\\/index.php\\\/formularios-gratuitos\\\/#primaryimage\"},\"thumbnailUrl\":\"\",\"datePublished\":\"2025-07-11T07:53:40+00:00\",\"dateModified\":\"2025-07-12T21:46:08+00:00\",\"description\":\"Se voc\u00ea precisa de um formul\u00e1rio em seu site mas seu host n\u00e3o permite programa\u00e7\u00e3o pr\u00f3pria a solu\u00e7\u00e3o s\u00e3o os processadores de formul\u00e1rios gratuitos.\",\"breadcrumb\":{\"@id\":\"https:\\\/\\\/www.guiagratis.com.br\\\/index.php\\\/formularios-gratuitos\\\/#breadcrumb\"},\"inLanguage\":\"pt-BR\",\"potentialAction\":[{\"@type\":\"ReadAction\",\"target\":[\"https:\\\/\\\/www.guiagratis.com.br\\\/index.php\\\/formularios-gratuitos\\\/\"]}]},{\"@type\":\"ImageObject\",\"inLanguage\":\"pt-BR\",\"@id\":\"https:\\\/\\\/www.guiagratis.com.br\\\/index.php\\\/formularios-gratuitos\\\/#primaryimage\",\"url\":\"\",\"contentUrl\":\"\"},{\"@type\":\"BreadcrumbList\",\"@id\":\"https:\\\/\\\/www.guiagratis.com.br\\\/index.php\\\/formularios-gratuitos\\\/#breadcrumb\",\"itemListElement\":[{\"@type\":\"ListItem\",\"position\":1,\"name\":\"In\u00edcio\",\"item\":\"https:\\\/\\\/www.guiagratis.com.br\\\/\"},{\"@type\":\"ListItem\",\"position\":2,\"name\":\"Formul\u00e1rios Gratuitos\"}]},{\"@type\":\"WebSite\",\"@id\":\"https:\\\/\\\/www.guiagratis.com.br\\\/#website\",\"url\":\"https:\\\/\\\/www.guiagratis.com.br\\\/\",\"name\":\"Guia Gr\u00e1tis - guia de servi\u00e7os gr\u00e1tis\",\"description\":\"\",\"publisher\":{\"@id\":\"https:\\\/\\\/www.guiagratis.com.br\\\/#organization\"},\"potentialAction\":[{\"@type\":\"SearchAction\",\"target\":{\"@type\":\"EntryPoint\",\"urlTemplate\":\"https:\\\/\\\/www.guiagratis.com.br\\\/?s={search_term_string}\"},\"query-input\":{\"@type\":\"PropertyValueSpecification\",\"valueRequired\":true,\"valueName\":\"search_term_string\"}}],\"inLanguage\":\"pt-BR\"},{\"@type\":\"Organization\",\"@id\":\"https:\\\/\\\/www.guiagratis.com.br\\\/#organization\",\"name\":\"Guia Gr\u00e1tis - guia de servi\u00e7os gr\u00e1tis\",\"url\":\"https:\\\/\\\/www.guiagratis.com.br\\\/\",\"logo\":{\"@type\":\"ImageObject\",\"inLanguage\":\"pt-BR\",\"@id\":\"https:\\\/\\\/www.guiagratis.com.br\\\/#\\\/schema\\\/logo\\\/image\\\/\",\"url\":\"https:\\\/\\\/www.guiagratis.com.br\\\/wp-content\\\/uploads\\\/2025\\\/05\\\/cropped-logo.gif\",\"contentUrl\":\"https:\\\/\\\/www.guiagratis.com.br\\\/wp-content\\\/uploads\\\/2025\\\/05\\\/cropped-logo.gif\",\"width\":175,\"height\":88,\"caption\":\"Guia Gr\u00e1tis - guia de servi\u00e7os gr\u00e1tis\"},\"image\":{\"@id\":\"https:\\\/\\\/www.guiagratis.com.br\\\/#\\\/schema\\\/logo\\\/image\\\/\"},\"sameAs\":[\"https:\\\/\\\/www.facebook.com\\\/guiagratis\",\"https:\\\/\\\/x.com\\\/siteguiagratis\"]}]}<\/script>\n<!-- \/ Yoast SEO plugin. -->","yoast_head_json":{"title":"Formul\u00e1rios Gratuitos - Guia Gr\u00e1tis - guia de servi\u00e7os gr\u00e1tis","description":"Se voc\u00ea precisa de um formul\u00e1rio em seu site mas seu host n\u00e3o permite programa\u00e7\u00e3o pr\u00f3pria a solu\u00e7\u00e3o s\u00e3o os processadores de formul\u00e1rios gratuitos.","robots":{"index":"index","follow":"follow","max-snippet":"max-snippet:-1","max-image-preview":"max-image-preview:large","max-video-preview":"max-video-preview:-1"},"canonical":"https:\/\/www.guiagratis.com.br\/index.php\/formularios-gratuitos\/","og_locale":"pt_BR","og_type":"article","og_title":"Formul\u00e1rios Gratuitos - Guia Gr\u00e1tis - guia de servi\u00e7os gr\u00e1tis","og_description":"Se voc\u00ea precisa de um formul\u00e1rio em seu site mas seu host n\u00e3o permite programa\u00e7\u00e3o pr\u00f3pria a solu\u00e7\u00e3o s\u00e3o os processadores de formul\u00e1rios gratuitos.","og_url":"https:\/\/www.guiagratis.com.br\/index.php\/formularios-gratuitos\/","og_site_name":"Guia Gr\u00e1tis - guia de servi\u00e7os gr\u00e1tis","article_publisher":"https:\/\/www.facebook.com\/guiagratis","article_modified_time":"2025-07-12T21:46:08+00:00","twitter_card":"summary_large_image","twitter_site":"@siteguiagratis","twitter_misc":{"Est. tempo de leitura":"2 minutos"},"schema":{"@context":"https:\/\/schema.org","@graph":[{"@type":"WebPage","@id":"https:\/\/www.guiagratis.com.br\/index.php\/formularios-gratuitos\/","url":"https:\/\/www.guiagratis.com.br\/index.php\/formularios-gratuitos\/","name":"Formul\u00e1rios Gratuitos - Guia Gr\u00e1tis - guia de servi\u00e7os gr\u00e1tis","isPartOf":{"@id":"https:\/\/www.guiagratis.com.br\/#website"},"primaryImageOfPage":{"@id":"https:\/\/www.guiagratis.com.br\/index.php\/formularios-gratuitos\/#primaryimage"},"image":{"@id":"https:\/\/www.guiagratis.com.br\/index.php\/formularios-gratuitos\/#primaryimage"},"thumbnailUrl":"","datePublished":"2025-07-11T07:53:40+00:00","dateModified":"2025-07-12T21:46:08+00:00","description":"Se voc\u00ea precisa de um formul\u00e1rio em seu site mas seu host n\u00e3o permite programa\u00e7\u00e3o pr\u00f3pria a solu\u00e7\u00e3o s\u00e3o os processadores de formul\u00e1rios gratuitos.","breadcrumb":{"@id":"https:\/\/www.guiagratis.com.br\/index.php\/formularios-gratuitos\/#breadcrumb"},"inLanguage":"pt-BR","potentialAction":[{"@type":"ReadAction","target":["https:\/\/www.guiagratis.com.br\/index.php\/formularios-gratuitos\/"]}]},{"@type":"ImageObject","inLanguage":"pt-BR","@id":"https:\/\/www.guiagratis.com.br\/index.php\/formularios-gratuitos\/#primaryimage","url":"","contentUrl":""},{"@type":"BreadcrumbList","@id":"https:\/\/www.guiagratis.com.br\/index.php\/formularios-gratuitos\/#breadcrumb","itemListElement":[{"@type":"ListItem","position":1,"name":"In\u00edcio","item":"https:\/\/www.guiagratis.com.br\/"},{"@type":"ListItem","position":2,"name":"Formul\u00e1rios Gratuitos"}]},{"@type":"WebSite","@id":"https:\/\/www.guiagratis.com.br\/#website","url":"https:\/\/www.guiagratis.com.br\/","name":"Guia Gr\u00e1tis - guia de servi\u00e7os gr\u00e1tis","description":"","publisher":{"@id":"https:\/\/www.guiagratis.com.br\/#organization"},"potentialAction":[{"@type":"SearchAction","target":{"@type":"EntryPoint","urlTemplate":"https:\/\/www.guiagratis.com.br\/?s={search_term_string}"},"query-input":{"@type":"PropertyValueSpecification","valueRequired":true,"valueName":"search_term_string"}}],"inLanguage":"pt-BR"},{"@type":"Organization","@id":"https:\/\/www.guiagratis.com.br\/#organization","name":"Guia Gr\u00e1tis - guia de servi\u00e7os gr\u00e1tis","url":"https:\/\/www.guiagratis.com.br\/","logo":{"@type":"ImageObject","inLanguage":"pt-BR","@id":"https:\/\/www.guiagratis.com.br\/#\/schema\/logo\/image\/","url":"https:\/\/www.guiagratis.com.br\/wp-content\/uploads\/2025\/05\/cropped-logo.gif","contentUrl":"https:\/\/www.guiagratis.com.br\/wp-content\/uploads\/2025\/05\/cropped-logo.gif","width":175,"height":88,"caption":"Guia Gr\u00e1tis - guia de servi\u00e7os gr\u00e1tis"},"image":{"@id":"https:\/\/www.guiagratis.com.br\/#\/schema\/logo\/image\/"},"sameAs":["https:\/\/www.facebook.com\/guiagratis","https:\/\/x.com\/siteguiagratis"]}]}},"_links":{"self":[{"href":"https:\/\/www.guiagratis.com.br\/index.php\/wp-json\/wp\/v2\/pages\/3467","targetHints":{"allow":["GET"]}}],"collection":[{"href":"https:\/\/www.guiagratis.com.br\/index.php\/wp-json\/wp\/v2\/pages"}],"about":[{"href":"https:\/\/www.guiagratis.com.br\/index.php\/wp-json\/wp\/v2\/types\/page"}],"author":[{"embeddable":true,"href":"https:\/\/www.guiagratis.com.br\/index.php\/wp-json\/wp\/v2\/users\/2"}],"replies":[{"embeddable":true,"href":"https:\/\/www.guiagratis.com.br\/index.php\/wp-json\/wp\/v2\/comments?post=3467"}],"version-history":[{"count":4,"href":"https:\/\/www.guiagratis.com.br\/index.php\/wp-json\/wp\/v2\/pages\/3467\/revisions"}],"predecessor-version":[{"id":4907,"href":"https:\/\/www.guiagratis.com.br\/index.php\/wp-json\/wp\/v2\/pages\/3467\/revisions\/4907"}],"wp:featuredmedia":[{"embeddable":true,"href":"https:\/\/www.guiagratis.com.br\/index.php\/wp-json\/"}],"wp:attachment":[{"href":"https:\/\/www.guiagratis.com.br\/index.php\/wp-json\/wp\/v2\/media?parent=3467"}],"curies":[{"name":"wp","href":"https:\/\/api.w.org\/{rel}","templated":true}]}}