{"id":3501,"date":"2018-10-03T13:10:32","date_gmt":"2018-10-03T16:10:32","guid":{"rendered":"https:\/\/www.guiagratis.com.br\/?page_id=3501"},"modified":"2018-10-03T13:10:32","modified_gmt":"2018-10-03T16:10:32","slug":"templates-para-joomla","status":"publish","type":"page","link":"https:\/\/www.guiagratis.com.br\/index.php\/templates-para-joomla\/","title":{"rendered":"Templates para Joomla"},"content":{"rendered":"<p style=\"text-align: justify;\"><img loading=\"lazy\" decoding=\"async\" class=\"size-medium wp-image-4394 alignleft\" src=\"http:\/\/guiagratis.com.br\/wp-content\/uploads\/2018\/10\/templates-para-joomla-1-300x158.jpg\" alt=\"templates para joomla\" width=\"300\" height=\"158\" \/>Nesta se\u00e7\u00e3o de nosso site voc\u00ea encontrar\u00e1 uma lista de sites sugeridos para quem est\u00e1 em busca de templates para Joomla. H\u00e1 sites com templates gratuitos e tamb\u00e9m com templates pagos. Estamos constantemente em busca de novos links. A lista ser\u00e1 sempre atualizada com a maior frequ\u00eancia poss\u00edvel.<\/p>\n<h2 style=\"text-align: justify;\">Best of Joomla<\/h2>\n<p style=\"text-align: justify;\">Centenas de templates para Joomla, tanto gr\u00e1tis como comerciais, em diversas vers\u00f5es. Disponibiliza ainda extens\u00f5es, tutoriais, recursos, hosting e not\u00edcias.<\/p>\n<p style=\"text-align: justify;\"><a href=\"http:\/\/www.bestofjoomla.com\/\">www.bestofjoomla.com\/<\/a><\/p>\n<h2 style=\"text-align: justify;\">Joomla2U<\/h2>\n<p style=\"text-align: justify;\">Uma riqu\u00edssima cole\u00e7\u00e3o de templates Joomla para cria\u00e7\u00e3o de sites funcionalmente impressionantes baseados nesse CMS.<\/p>\n<p style=\"text-align: justify;\"><a href=\"http:\/\/joomla2u.net\/\" target=\"_blank\" rel=\"noopener noreferrer\">http:\/\/joomla2u.net\/<\/a><\/p>\n<h2 style=\"text-align: justify;\">RocketTheme<\/h2>\n<p style=\"text-align: justify;\">Temas pagos para Joomla e v\u00e1rios outros CMSs. Oferece tamb\u00e9m extens\u00f5es para Joomla. Infelizmente esse site n\u00e3o fornece itens gratuitos, mas os pre\u00e7os s\u00e3o bastante acess\u00edveis.<\/p>\n<p style=\"text-align: justify;\"><a href=\"http:\/\/www.rockettheme.com\/\" target=\"_blank\" rel=\"noopener noreferrer\">www.rockettheme.com\/<\/a><\/p>\n<h2 style=\"text-align: justify;\">Theme Forest<\/h2>\n<p style=\"text-align: justify;\">Uma grande variedade de templates para Joomla profissionais e pagos e outros CMSs por pre\u00e7os bastante acess\u00edveis.<\/p>\n<p style=\"text-align: justify;\"><a href=\"http:\/\/themeforest.net\/\">http:\/\/themeforest.net<\/a><\/p>\n<h2 style=\"text-align: justify;\">Themesbase.com<\/h2>\n<p style=\"text-align: justify;\">Centenas de templates pagos e gratuitos para diversas vers\u00f5es do Joomla e para v\u00e1rios outros CMSs. Os temas gratuitos possuem um link para o site.<\/p>\n<p style=\"text-align: justify;\"><a href=\"http:\/\/www.themesbase.com\/Joomla-Templates\/\" target=\"_blank\" rel=\"noopener noreferrer\">www.themesbase.com\/Joomla-Templates\/<\/a><\/p>\n","protected":false},"excerpt":{"rendered":"<p>Nesta se\u00e7\u00e3o de nosso site voc\u00ea encontrar\u00e1 uma lista de sites sugeridos para quem est\u00e1 em busca de templates para Joomla. H\u00e1 sites com templates gratuitos e tamb\u00e9m com templates pagos. Estamos constantemente em busca de novos links. A lista ser\u00e1 sempre atualizada com a maior frequ\u00eancia poss\u00edvel. Best of Joomla Centenas de templates para &hellip; <\/p>\n","protected":false},"author":2,"featured_media":4394,"parent":0,"menu_order":0,"comment_status":"closed","ping_status":"closed","template":"","meta":{"footnotes":""},"class_list":["post-3501","page","type-page","status-publish","has-post-thumbnail","hentry","entry"],"yoast_head":"<!-- This site is optimized with the Yoast SEO plugin v27.5 - https:\/\/yoast.com\/product\/yoast-seo-wordpress\/ -->\n<title>Templates para Joomla - Guia Gr\u00e1tis - guia de servi\u00e7os gr\u00e1tis<\/title>\n<meta name=\"description\" content=\"Nesta se\u00e7\u00e3o de nosso site voc\u00ea encontra uma lista de sites sugeridos para quem busca templates para Joomla. Esta lista receber\u00e1 novos links em breve.\" \/>\n<meta name=\"robots\" content=\"index, follow, max-snippet:-1, max-image-preview:large, max-video-preview:-1\" \/>\n<link rel=\"canonical\" href=\"https:\/\/www.guiagratis.com.br\/index.php\/templates-para-joomla\/\" \/>\n<meta property=\"og:locale\" content=\"pt_BR\" \/>\n<meta property=\"og:type\" content=\"article\" \/>\n<meta property=\"og:title\" content=\"Templates para Joomla - Guia Gr\u00e1tis - guia de servi\u00e7os gr\u00e1tis\" \/>\n<meta property=\"og:description\" content=\"Nesta se\u00e7\u00e3o de nosso site voc\u00ea encontra uma lista de sites sugeridos para quem busca templates para Joomla. Esta lista receber\u00e1 novos links em breve.\" \/>\n<meta property=\"og:url\" content=\"https:\/\/www.guiagratis.com.br\/index.php\/templates-para-joomla\/\" \/>\n<meta property=\"og:site_name\" content=\"Guia Gr\u00e1tis - guia de servi\u00e7os gr\u00e1tis\" \/>\n<meta property=\"article:publisher\" content=\"https:\/\/www.facebook.com\/guiagratis\" \/>\n<meta name=\"twitter:card\" content=\"summary_large_image\" \/>\n<meta name=\"twitter:site\" content=\"@siteguiagratis\" \/>\n<meta name=\"twitter:label1\" content=\"Est. tempo de leitura\" \/>\n\t<meta name=\"twitter:data1\" content=\"1 minuto\" \/>\n<script type=\"application\/ld+json\" class=\"yoast-schema-graph\">{\"@context\":\"https:\\\/\\\/schema.org\",\"@graph\":[{\"@type\":\"WebPage\",\"@id\":\"https:\\\/\\\/www.guiagratis.com.br\\\/index.php\\\/templates-para-joomla\\\/\",\"url\":\"https:\\\/\\\/www.guiagratis.com.br\\\/index.php\\\/templates-para-joomla\\\/\",\"name\":\"Templates para Joomla - Guia Gr\u00e1tis - guia de servi\u00e7os gr\u00e1tis\",\"isPartOf\":{\"@id\":\"https:\\\/\\\/www.guiagratis.com.br\\\/#website\"},\"primaryImageOfPage\":{\"@id\":\"https:\\\/\\\/www.guiagratis.com.br\\\/index.php\\\/templates-para-joomla\\\/#primaryimage\"},\"image\":{\"@id\":\"https:\\\/\\\/www.guiagratis.com.br\\\/index.php\\\/templates-para-joomla\\\/#primaryimage\"},\"thumbnailUrl\":\"\",\"datePublished\":\"2018-10-03T16:10:32+00:00\",\"description\":\"Nesta se\u00e7\u00e3o de nosso site voc\u00ea encontra uma lista de sites sugeridos para quem busca templates para Joomla. Esta lista receber\u00e1 novos links em breve.\",\"breadcrumb\":{\"@id\":\"https:\\\/\\\/www.guiagratis.com.br\\\/index.php\\\/templates-para-joomla\\\/#breadcrumb\"},\"inLanguage\":\"pt-BR\",\"potentialAction\":[{\"@type\":\"ReadAction\",\"target\":[\"https:\\\/\\\/www.guiagratis.com.br\\\/index.php\\\/templates-para-joomla\\\/\"]}]},{\"@type\":\"ImageObject\",\"inLanguage\":\"pt-BR\",\"@id\":\"https:\\\/\\\/www.guiagratis.com.br\\\/index.php\\\/templates-para-joomla\\\/#primaryimage\",\"url\":\"\",\"contentUrl\":\"\"},{\"@type\":\"BreadcrumbList\",\"@id\":\"https:\\\/\\\/www.guiagratis.com.br\\\/index.php\\\/templates-para-joomla\\\/#breadcrumb\",\"itemListElement\":[{\"@type\":\"ListItem\",\"position\":1,\"name\":\"In\u00edcio\",\"item\":\"https:\\\/\\\/www.guiagratis.com.br\\\/\"},{\"@type\":\"ListItem\",\"position\":2,\"name\":\"Templates para Joomla\"}]},{\"@type\":\"WebSite\",\"@id\":\"https:\\\/\\\/www.guiagratis.com.br\\\/#website\",\"url\":\"https:\\\/\\\/www.guiagratis.com.br\\\/\",\"name\":\"Guia Gr\u00e1tis - guia de servi\u00e7os gr\u00e1tis\",\"description\":\"\",\"publisher\":{\"@id\":\"https:\\\/\\\/www.guiagratis.com.br\\\/#organization\"},\"potentialAction\":[{\"@type\":\"SearchAction\",\"target\":{\"@type\":\"EntryPoint\",\"urlTemplate\":\"https:\\\/\\\/www.guiagratis.com.br\\\/?s={search_term_string}\"},\"query-input\":{\"@type\":\"PropertyValueSpecification\",\"valueRequired\":true,\"valueName\":\"search_term_string\"}}],\"inLanguage\":\"pt-BR\"},{\"@type\":\"Organization\",\"@id\":\"https:\\\/\\\/www.guiagratis.com.br\\\/#organization\",\"name\":\"Guia Gr\u00e1tis - guia de servi\u00e7os gr\u00e1tis\",\"url\":\"https:\\\/\\\/www.guiagratis.com.br\\\/\",\"logo\":{\"@type\":\"ImageObject\",\"inLanguage\":\"pt-BR\",\"@id\":\"https:\\\/\\\/www.guiagratis.com.br\\\/#\\\/schema\\\/logo\\\/image\\\/\",\"url\":\"https:\\\/\\\/www.guiagratis.com.br\\\/wp-content\\\/uploads\\\/2025\\\/05\\\/cropped-logo.gif\",\"contentUrl\":\"https:\\\/\\\/www.guiagratis.com.br\\\/wp-content\\\/uploads\\\/2025\\\/05\\\/cropped-logo.gif\",\"width\":175,\"height\":88,\"caption\":\"Guia Gr\u00e1tis - guia de servi\u00e7os gr\u00e1tis\"},\"image\":{\"@id\":\"https:\\\/\\\/www.guiagratis.com.br\\\/#\\\/schema\\\/logo\\\/image\\\/\"},\"sameAs\":[\"https:\\\/\\\/www.facebook.com\\\/guiagratis\",\"https:\\\/\\\/x.com\\\/siteguiagratis\"]}]}<\/script>\n<!-- \/ Yoast SEO plugin. -->","yoast_head_json":{"title":"Templates para Joomla - Guia Gr\u00e1tis - guia de servi\u00e7os gr\u00e1tis","description":"Nesta se\u00e7\u00e3o de nosso site voc\u00ea encontra uma lista de sites sugeridos para quem busca templates para Joomla. Esta lista receber\u00e1 novos links em breve.","robots":{"index":"index","follow":"follow","max-snippet":"max-snippet:-1","max-image-preview":"max-image-preview:large","max-video-preview":"max-video-preview:-1"},"canonical":"https:\/\/www.guiagratis.com.br\/index.php\/templates-para-joomla\/","og_locale":"pt_BR","og_type":"article","og_title":"Templates para Joomla - Guia Gr\u00e1tis - guia de servi\u00e7os gr\u00e1tis","og_description":"Nesta se\u00e7\u00e3o de nosso site voc\u00ea encontra uma lista de sites sugeridos para quem busca templates para Joomla. Esta lista receber\u00e1 novos links em breve.","og_url":"https:\/\/www.guiagratis.com.br\/index.php\/templates-para-joomla\/","og_site_name":"Guia Gr\u00e1tis - guia de servi\u00e7os gr\u00e1tis","article_publisher":"https:\/\/www.facebook.com\/guiagratis","twitter_card":"summary_large_image","twitter_site":"@siteguiagratis","twitter_misc":{"Est. tempo de leitura":"1 minuto"},"schema":{"@context":"https:\/\/schema.org","@graph":[{"@type":"WebPage","@id":"https:\/\/www.guiagratis.com.br\/index.php\/templates-para-joomla\/","url":"https:\/\/www.guiagratis.com.br\/index.php\/templates-para-joomla\/","name":"Templates para Joomla - Guia Gr\u00e1tis - guia de servi\u00e7os gr\u00e1tis","isPartOf":{"@id":"https:\/\/www.guiagratis.com.br\/#website"},"primaryImageOfPage":{"@id":"https:\/\/www.guiagratis.com.br\/index.php\/templates-para-joomla\/#primaryimage"},"image":{"@id":"https:\/\/www.guiagratis.com.br\/index.php\/templates-para-joomla\/#primaryimage"},"thumbnailUrl":"","datePublished":"2018-10-03T16:10:32+00:00","description":"Nesta se\u00e7\u00e3o de nosso site voc\u00ea encontra uma lista de sites sugeridos para quem busca templates para Joomla. Esta lista receber\u00e1 novos links em breve.","breadcrumb":{"@id":"https:\/\/www.guiagratis.com.br\/index.php\/templates-para-joomla\/#breadcrumb"},"inLanguage":"pt-BR","potentialAction":[{"@type":"ReadAction","target":["https:\/\/www.guiagratis.com.br\/index.php\/templates-para-joomla\/"]}]},{"@type":"ImageObject","inLanguage":"pt-BR","@id":"https:\/\/www.guiagratis.com.br\/index.php\/templates-para-joomla\/#primaryimage","url":"","contentUrl":""},{"@type":"BreadcrumbList","@id":"https:\/\/www.guiagratis.com.br\/index.php\/templates-para-joomla\/#breadcrumb","itemListElement":[{"@type":"ListItem","position":1,"name":"In\u00edcio","item":"https:\/\/www.guiagratis.com.br\/"},{"@type":"ListItem","position":2,"name":"Templates para Joomla"}]},{"@type":"WebSite","@id":"https:\/\/www.guiagratis.com.br\/#website","url":"https:\/\/www.guiagratis.com.br\/","name":"Guia Gr\u00e1tis - guia de servi\u00e7os gr\u00e1tis","description":"","publisher":{"@id":"https:\/\/www.guiagratis.com.br\/#organization"},"potentialAction":[{"@type":"SearchAction","target":{"@type":"EntryPoint","urlTemplate":"https:\/\/www.guiagratis.com.br\/?s={search_term_string}"},"query-input":{"@type":"PropertyValueSpecification","valueRequired":true,"valueName":"search_term_string"}}],"inLanguage":"pt-BR"},{"@type":"Organization","@id":"https:\/\/www.guiagratis.com.br\/#organization","name":"Guia Gr\u00e1tis - guia de servi\u00e7os gr\u00e1tis","url":"https:\/\/www.guiagratis.com.br\/","logo":{"@type":"ImageObject","inLanguage":"pt-BR","@id":"https:\/\/www.guiagratis.com.br\/#\/schema\/logo\/image\/","url":"https:\/\/www.guiagratis.com.br\/wp-content\/uploads\/2025\/05\/cropped-logo.gif","contentUrl":"https:\/\/www.guiagratis.com.br\/wp-content\/uploads\/2025\/05\/cropped-logo.gif","width":175,"height":88,"caption":"Guia Gr\u00e1tis - guia de servi\u00e7os gr\u00e1tis"},"image":{"@id":"https:\/\/www.guiagratis.com.br\/#\/schema\/logo\/image\/"},"sameAs":["https:\/\/www.facebook.com\/guiagratis","https:\/\/x.com\/siteguiagratis"]}]}},"_links":{"self":[{"href":"https:\/\/www.guiagratis.com.br\/index.php\/wp-json\/wp\/v2\/pages\/3501","targetHints":{"allow":["GET"]}}],"collection":[{"href":"https:\/\/www.guiagratis.com.br\/index.php\/wp-json\/wp\/v2\/pages"}],"about":[{"href":"https:\/\/www.guiagratis.com.br\/index.php\/wp-json\/wp\/v2\/types\/page"}],"author":[{"embeddable":true,"href":"https:\/\/www.guiagratis.com.br\/index.php\/wp-json\/wp\/v2\/users\/2"}],"replies":[{"embeddable":true,"href":"https:\/\/www.guiagratis.com.br\/index.php\/wp-json\/wp\/v2\/comments?post=3501"}],"version-history":[{"count":0,"href":"https:\/\/www.guiagratis.com.br\/index.php\/wp-json\/wp\/v2\/pages\/3501\/revisions"}],"wp:featuredmedia":[{"embeddable":true,"href":"https:\/\/www.guiagratis.com.br\/index.php\/wp-json\/"}],"wp:attachment":[{"href":"https:\/\/www.guiagratis.com.br\/index.php\/wp-json\/wp\/v2\/media?parent=3501"}],"curies":[{"name":"wp","href":"https:\/\/api.w.org\/{rel}","templated":true}]}}