{"id":3511,"date":"2018-10-03T13:23:14","date_gmt":"2018-10-03T16:23:14","guid":{"rendered":"https:\/\/www.guiagratis.com.br\/?page_id=3511"},"modified":"2018-10-03T13:23:14","modified_gmt":"2018-10-03T16:23:14","slug":"templates-gratis-para-sites","status":"publish","type":"page","link":"https:\/\/www.guiagratis.com.br\/index.php\/templates-gratis-para-sites\/","title":{"rendered":"Templates Gr\u00e1tis para Sites"},"content":{"rendered":"<p style=\"text-align: justify;\"><img loading=\"lazy\" decoding=\"async\" class=\"size-medium wp-image-4396 alignleft\" src=\"http:\/\/guiagratis.com.br\/wp-content\/uploads\/2018\/10\/temmplates-gratis-para-sites-1-300x158.jpg\" alt=\"temmplates gratis para sites\" width=\"300\" height=\"158\" \/>Muitas vezes temos dificuldades para desenvolver um layout diferenciado para um novo projeto de site? Uma op\u00e7\u00e3o \u00e9 come\u00e7ar com um layout pronto ou utilizar um deles como fonte de inspira\u00e7\u00e3o e ir modificando conforme seja necess\u00e1rio! Nos sites desta se\u00e7\u00e3o voc\u00ea encontra diversos endere\u00e7os que oferecem templates gr\u00e1tis para sites em geral.<\/p>\n<h2 style=\"text-align: justify;\">TemplatesBox<\/h2>\n<p style=\"text-align: justify;\">N\u00e3o oferece apenas conte\u00fado gratuito, mas a se\u00e7\u00e3o gr\u00e1tis conta com centenas de templates de alta qualidade que podem ser baixados livremente e usados em seu site. Disponibiliza ainda templates para newsletters e logtipos gr\u00e1tis.<\/p>\n<p style=\"text-align: justify;\"><a title=\"TemplatesBox\" href=\"http:\/\/www.templatesbox.com\" target=\"_blank\" rel=\"noopener noreferrer\">www.templatesbox.com<\/a><\/p>\n<h2 style=\"text-align: justify;\">Themezy<\/h2>\n<p style=\"text-align: justify;\">Site comunidade para compartilhamento gratuito de templates gr\u00e1tis para sites, temas para WordPress e templates para e-mail marketing. Voc\u00ea pode navegar, explorar e trocar ideias sobre as cria\u00e7\u00f5es de artistas de todas as partes do mundo. Al\u00e9m disso todos os temas est\u00e3o dispon\u00edveis para download e dependendo da licen\u00e7a do autor voc\u00ea pode utiliz\u00e1-los gratuitamente em seus projetos.<\/p>\n<p style=\"text-align: justify;\"><a href=\"http:\/\/www.themezy.com\" target=\"_blank\" rel=\"noopener noreferrer\">www.themezy.com<\/a><\/p>\n","protected":false},"excerpt":{"rendered":"<p>Muitas vezes temos dificuldades para desenvolver um layout diferenciado para um novo projeto de site? Uma op\u00e7\u00e3o \u00e9 come\u00e7ar com um layout pronto ou utilizar um deles como fonte de inspira\u00e7\u00e3o e ir modificando conforme seja necess\u00e1rio! Nos sites desta se\u00e7\u00e3o voc\u00ea encontra diversos endere\u00e7os que oferecem templates gr\u00e1tis para sites em geral. TemplatesBox N\u00e3o &hellip; <\/p>\n","protected":false},"author":2,"featured_media":4396,"parent":0,"menu_order":0,"comment_status":"closed","ping_status":"closed","template":"","meta":{"footnotes":""},"class_list":["post-3511","page","type-page","status-publish","has-post-thumbnail","hentry","entry"],"yoast_head":"<!-- This site is optimized with the Yoast SEO plugin v27.5 - https:\/\/yoast.com\/product\/yoast-seo-wordpress\/ -->\n<title>Templates Gr\u00e1tis para Sites - Guia Gr\u00e1tis - guia de servi\u00e7os gr\u00e1tis<\/title>\n<meta name=\"description\" content=\"Est\u00e1 com dificuldades para criar seu layout? Tente come\u00e7ar com um layout pronto! Nos sites desta se\u00e7\u00e3o voc\u00ea encontra templates gr\u00e1tis para sites.\" \/>\n<meta name=\"robots\" content=\"index, follow, max-snippet:-1, max-image-preview:large, max-video-preview:-1\" \/>\n<link rel=\"canonical\" href=\"https:\/\/www.guiagratis.com.br\/index.php\/templates-gratis-para-sites\/\" \/>\n<meta property=\"og:locale\" content=\"pt_BR\" \/>\n<meta property=\"og:type\" content=\"article\" \/>\n<meta property=\"og:title\" content=\"Templates Gr\u00e1tis para Sites - Guia Gr\u00e1tis - guia de servi\u00e7os gr\u00e1tis\" \/>\n<meta property=\"og:description\" content=\"Est\u00e1 com dificuldades para criar seu layout? Tente come\u00e7ar com um layout pronto! Nos sites desta se\u00e7\u00e3o voc\u00ea encontra templates gr\u00e1tis para sites.\" \/>\n<meta property=\"og:url\" content=\"https:\/\/www.guiagratis.com.br\/index.php\/templates-gratis-para-sites\/\" \/>\n<meta property=\"og:site_name\" content=\"Guia Gr\u00e1tis - guia de servi\u00e7os gr\u00e1tis\" \/>\n<meta property=\"article:publisher\" content=\"https:\/\/www.facebook.com\/guiagratis\" \/>\n<meta name=\"twitter:card\" content=\"summary_large_image\" \/>\n<meta name=\"twitter:site\" content=\"@siteguiagratis\" \/>\n<meta name=\"twitter:label1\" content=\"Est. tempo de leitura\" \/>\n\t<meta name=\"twitter:data1\" content=\"1 minuto\" \/>\n<script type=\"application\/ld+json\" class=\"yoast-schema-graph\">{\"@context\":\"https:\\\/\\\/schema.org\",\"@graph\":[{\"@type\":\"WebPage\",\"@id\":\"https:\\\/\\\/www.guiagratis.com.br\\\/index.php\\\/templates-gratis-para-sites\\\/\",\"url\":\"https:\\\/\\\/www.guiagratis.com.br\\\/index.php\\\/templates-gratis-para-sites\\\/\",\"name\":\"Templates Gr\u00e1tis para Sites - Guia Gr\u00e1tis - guia de servi\u00e7os gr\u00e1tis\",\"isPartOf\":{\"@id\":\"https:\\\/\\\/www.guiagratis.com.br\\\/#website\"},\"primaryImageOfPage\":{\"@id\":\"https:\\\/\\\/www.guiagratis.com.br\\\/index.php\\\/templates-gratis-para-sites\\\/#primaryimage\"},\"image\":{\"@id\":\"https:\\\/\\\/www.guiagratis.com.br\\\/index.php\\\/templates-gratis-para-sites\\\/#primaryimage\"},\"thumbnailUrl\":\"\",\"datePublished\":\"2018-10-03T16:23:14+00:00\",\"description\":\"Est\u00e1 com dificuldades para criar seu layout? Tente come\u00e7ar com um layout pronto! Nos sites desta se\u00e7\u00e3o voc\u00ea encontra templates gr\u00e1tis para sites.\",\"breadcrumb\":{\"@id\":\"https:\\\/\\\/www.guiagratis.com.br\\\/index.php\\\/templates-gratis-para-sites\\\/#breadcrumb\"},\"inLanguage\":\"pt-BR\",\"potentialAction\":[{\"@type\":\"ReadAction\",\"target\":[\"https:\\\/\\\/www.guiagratis.com.br\\\/index.php\\\/templates-gratis-para-sites\\\/\"]}]},{\"@type\":\"ImageObject\",\"inLanguage\":\"pt-BR\",\"@id\":\"https:\\\/\\\/www.guiagratis.com.br\\\/index.php\\\/templates-gratis-para-sites\\\/#primaryimage\",\"url\":\"\",\"contentUrl\":\"\"},{\"@type\":\"BreadcrumbList\",\"@id\":\"https:\\\/\\\/www.guiagratis.com.br\\\/index.php\\\/templates-gratis-para-sites\\\/#breadcrumb\",\"itemListElement\":[{\"@type\":\"ListItem\",\"position\":1,\"name\":\"In\u00edcio\",\"item\":\"https:\\\/\\\/www.guiagratis.com.br\\\/\"},{\"@type\":\"ListItem\",\"position\":2,\"name\":\"Templates Gr\u00e1tis para Sites\"}]},{\"@type\":\"WebSite\",\"@id\":\"https:\\\/\\\/www.guiagratis.com.br\\\/#website\",\"url\":\"https:\\\/\\\/www.guiagratis.com.br\\\/\",\"name\":\"Guia Gr\u00e1tis - guia de servi\u00e7os gr\u00e1tis\",\"description\":\"\",\"publisher\":{\"@id\":\"https:\\\/\\\/www.guiagratis.com.br\\\/#organization\"},\"potentialAction\":[{\"@type\":\"SearchAction\",\"target\":{\"@type\":\"EntryPoint\",\"urlTemplate\":\"https:\\\/\\\/www.guiagratis.com.br\\\/?s={search_term_string}\"},\"query-input\":{\"@type\":\"PropertyValueSpecification\",\"valueRequired\":true,\"valueName\":\"search_term_string\"}}],\"inLanguage\":\"pt-BR\"},{\"@type\":\"Organization\",\"@id\":\"https:\\\/\\\/www.guiagratis.com.br\\\/#organization\",\"name\":\"Guia Gr\u00e1tis - guia de servi\u00e7os gr\u00e1tis\",\"url\":\"https:\\\/\\\/www.guiagratis.com.br\\\/\",\"logo\":{\"@type\":\"ImageObject\",\"inLanguage\":\"pt-BR\",\"@id\":\"https:\\\/\\\/www.guiagratis.com.br\\\/#\\\/schema\\\/logo\\\/image\\\/\",\"url\":\"https:\\\/\\\/www.guiagratis.com.br\\\/wp-content\\\/uploads\\\/2025\\\/05\\\/cropped-logo.gif\",\"contentUrl\":\"https:\\\/\\\/www.guiagratis.com.br\\\/wp-content\\\/uploads\\\/2025\\\/05\\\/cropped-logo.gif\",\"width\":175,\"height\":88,\"caption\":\"Guia Gr\u00e1tis - guia de servi\u00e7os gr\u00e1tis\"},\"image\":{\"@id\":\"https:\\\/\\\/www.guiagratis.com.br\\\/#\\\/schema\\\/logo\\\/image\\\/\"},\"sameAs\":[\"https:\\\/\\\/www.facebook.com\\\/guiagratis\",\"https:\\\/\\\/x.com\\\/siteguiagratis\"]}]}<\/script>\n<!-- \/ Yoast SEO plugin. -->","yoast_head_json":{"title":"Templates Gr\u00e1tis para Sites - Guia Gr\u00e1tis - guia de servi\u00e7os gr\u00e1tis","description":"Est\u00e1 com dificuldades para criar seu layout? Tente come\u00e7ar com um layout pronto! Nos sites desta se\u00e7\u00e3o voc\u00ea encontra templates gr\u00e1tis para sites.","robots":{"index":"index","follow":"follow","max-snippet":"max-snippet:-1","max-image-preview":"max-image-preview:large","max-video-preview":"max-video-preview:-1"},"canonical":"https:\/\/www.guiagratis.com.br\/index.php\/templates-gratis-para-sites\/","og_locale":"pt_BR","og_type":"article","og_title":"Templates Gr\u00e1tis para Sites - Guia Gr\u00e1tis - guia de servi\u00e7os gr\u00e1tis","og_description":"Est\u00e1 com dificuldades para criar seu layout? Tente come\u00e7ar com um layout pronto! Nos sites desta se\u00e7\u00e3o voc\u00ea encontra templates gr\u00e1tis para sites.","og_url":"https:\/\/www.guiagratis.com.br\/index.php\/templates-gratis-para-sites\/","og_site_name":"Guia Gr\u00e1tis - guia de servi\u00e7os gr\u00e1tis","article_publisher":"https:\/\/www.facebook.com\/guiagratis","twitter_card":"summary_large_image","twitter_site":"@siteguiagratis","twitter_misc":{"Est. tempo de leitura":"1 minuto"},"schema":{"@context":"https:\/\/schema.org","@graph":[{"@type":"WebPage","@id":"https:\/\/www.guiagratis.com.br\/index.php\/templates-gratis-para-sites\/","url":"https:\/\/www.guiagratis.com.br\/index.php\/templates-gratis-para-sites\/","name":"Templates Gr\u00e1tis para Sites - Guia Gr\u00e1tis - guia de servi\u00e7os gr\u00e1tis","isPartOf":{"@id":"https:\/\/www.guiagratis.com.br\/#website"},"primaryImageOfPage":{"@id":"https:\/\/www.guiagratis.com.br\/index.php\/templates-gratis-para-sites\/#primaryimage"},"image":{"@id":"https:\/\/www.guiagratis.com.br\/index.php\/templates-gratis-para-sites\/#primaryimage"},"thumbnailUrl":"","datePublished":"2018-10-03T16:23:14+00:00","description":"Est\u00e1 com dificuldades para criar seu layout? Tente come\u00e7ar com um layout pronto! Nos sites desta se\u00e7\u00e3o voc\u00ea encontra templates gr\u00e1tis para sites.","breadcrumb":{"@id":"https:\/\/www.guiagratis.com.br\/index.php\/templates-gratis-para-sites\/#breadcrumb"},"inLanguage":"pt-BR","potentialAction":[{"@type":"ReadAction","target":["https:\/\/www.guiagratis.com.br\/index.php\/templates-gratis-para-sites\/"]}]},{"@type":"ImageObject","inLanguage":"pt-BR","@id":"https:\/\/www.guiagratis.com.br\/index.php\/templates-gratis-para-sites\/#primaryimage","url":"","contentUrl":""},{"@type":"BreadcrumbList","@id":"https:\/\/www.guiagratis.com.br\/index.php\/templates-gratis-para-sites\/#breadcrumb","itemListElement":[{"@type":"ListItem","position":1,"name":"In\u00edcio","item":"https:\/\/www.guiagratis.com.br\/"},{"@type":"ListItem","position":2,"name":"Templates Gr\u00e1tis para Sites"}]},{"@type":"WebSite","@id":"https:\/\/www.guiagratis.com.br\/#website","url":"https:\/\/www.guiagratis.com.br\/","name":"Guia Gr\u00e1tis - guia de servi\u00e7os gr\u00e1tis","description":"","publisher":{"@id":"https:\/\/www.guiagratis.com.br\/#organization"},"potentialAction":[{"@type":"SearchAction","target":{"@type":"EntryPoint","urlTemplate":"https:\/\/www.guiagratis.com.br\/?s={search_term_string}"},"query-input":{"@type":"PropertyValueSpecification","valueRequired":true,"valueName":"search_term_string"}}],"inLanguage":"pt-BR"},{"@type":"Organization","@id":"https:\/\/www.guiagratis.com.br\/#organization","name":"Guia Gr\u00e1tis - guia de servi\u00e7os gr\u00e1tis","url":"https:\/\/www.guiagratis.com.br\/","logo":{"@type":"ImageObject","inLanguage":"pt-BR","@id":"https:\/\/www.guiagratis.com.br\/#\/schema\/logo\/image\/","url":"https:\/\/www.guiagratis.com.br\/wp-content\/uploads\/2025\/05\/cropped-logo.gif","contentUrl":"https:\/\/www.guiagratis.com.br\/wp-content\/uploads\/2025\/05\/cropped-logo.gif","width":175,"height":88,"caption":"Guia Gr\u00e1tis - guia de servi\u00e7os gr\u00e1tis"},"image":{"@id":"https:\/\/www.guiagratis.com.br\/#\/schema\/logo\/image\/"},"sameAs":["https:\/\/www.facebook.com\/guiagratis","https:\/\/x.com\/siteguiagratis"]}]}},"_links":{"self":[{"href":"https:\/\/www.guiagratis.com.br\/index.php\/wp-json\/wp\/v2\/pages\/3511","targetHints":{"allow":["GET"]}}],"collection":[{"href":"https:\/\/www.guiagratis.com.br\/index.php\/wp-json\/wp\/v2\/pages"}],"about":[{"href":"https:\/\/www.guiagratis.com.br\/index.php\/wp-json\/wp\/v2\/types\/page"}],"author":[{"embeddable":true,"href":"https:\/\/www.guiagratis.com.br\/index.php\/wp-json\/wp\/v2\/users\/2"}],"replies":[{"embeddable":true,"href":"https:\/\/www.guiagratis.com.br\/index.php\/wp-json\/wp\/v2\/comments?post=3511"}],"version-history":[{"count":0,"href":"https:\/\/www.guiagratis.com.br\/index.php\/wp-json\/wp\/v2\/pages\/3511\/revisions"}],"wp:featuredmedia":[{"embeddable":true,"href":"https:\/\/www.guiagratis.com.br\/index.php\/wp-json\/"}],"wp:attachment":[{"href":"https:\/\/www.guiagratis.com.br\/index.php\/wp-json\/wp\/v2\/media?parent=3511"}],"curies":[{"name":"wp","href":"https:\/\/api.w.org\/{rel}","templated":true}]}}