{"id":3516,"date":"2025-07-12T14:59:15","date_gmt":"2025-07-12T17:59:15","guid":{"rendered":"https:\/\/www.guiagratis.com.br\/?page_id=3516"},"modified":"2025-07-15T16:07:21","modified_gmt":"2025-07-15T19:07:21","slug":"redes-sociais","status":"publish","type":"page","link":"https:\/\/www.guiagratis.com.br\/index.php\/redes-sociais\/","title":{"rendered":"Redes Sociais"},"content":{"rendered":"<p style=\"text-align: justify;\"><img loading=\"lazy\" decoding=\"async\" class=\"size-medium wp-image-4409 alignleft\" src=\"http:\/\/guiagratis.com.br\/wp-content\/uploads\/2018\/10\/redes-sociais-1-300x158.jpg\" alt=\"redes sociais\" width=\"300\" height=\"158\" \/>Encontre antigos amigos com quem perdeu o contato, fa\u00e7a novas amizades ou gere tr\u00e1fego para seus sites usando as redes sociais que\u00a0 n\u00f3s selecionamos para voc\u00ea.\u00a0<span style=\"color: #ff6600;\">N\u00e3o deixe de verificar os outros itens de nosso menu <strong>M\u00eddias Sociais<\/strong>, presente na lateral direita inferior do site. Em especial n\u00e3o deixe de visitar cossa se\u00e7\u00e3o de<\/span> <strong><a href=\"https:\/\/www.guiagratis.com.br\/utilidades-ferramentas-midias-sociais\/\">ferramentas \u00fateis para m\u00eddias sociais<\/a><\/strong><span style=\"color: #ff6600;\">.<\/span><\/p>\n<h2 style=\"text-align: center;\"><span style=\"color: #cc3300;\">Os Favoritos de Nosso Editor<\/span><\/h2>\n<h2>Facebook<\/h2>\n<p style=\"text-align: justify;\">J\u00e1 foi a mais popular das redes sociais entre brasileiros mas foi superada pelo Instagram e pelo WhatsApp. Voc\u00ea pode se conectar-se e compartilhar o que quiser com quem \u00e9 importante em sua vida. \u00c9 gratuito e todos podem participar. Pode ser acessada via browser ou atrav\u00e9s de aplicativo mobile.<\/p>\n<p style=\"text-align: justify;\"><a href=\"https:\/\/www.facebook.com\/\" target=\"_blank\" rel=\"noopener noreferrer\">https:\/\/www.facebook.com\/<\/a><\/p>\n<h2>LinkedIn<\/h2>\n<p style=\"text-align: justify;\">Uma dentre as redes sociais de nicho, voltada para a vida profissional, empregabilidade e carreira. Controle sua identidade profissional online,\u00a0 acesse vagas de empregos, disponibilize seu perfil para recrutadores, informe-se, encontre pessoas e adquira conhecimentos.<\/p>\n<p style=\"text-align: justify;\"><a title=\"Linkedin\" href=\"https:\/\/www.linkedin.com\/\" target=\"_blank\" rel=\"noopener noreferrer\">https:\/\/www.linkedin.com\/<\/a><\/p>\n<h2>Truth Social<\/h2>\n<p style=\"text-align: justify;\">A rede social de Donald Trump, criada como forma de permitir a liberdade de express\u00e3o de quem se identifica politicamente com a direita em tempos de censura a esse espectro do pensamento pol\u00edtico nas demais redes. O funcionamento \u00e9 bem semelhante ao do X (antigo Twitter) mas com limite de 3000 caracteres. Ainda n\u00e3o \u00e9 muito popular entre os brasileiros mas vem crescendo muito rapidamente.<\/p>\n<p style=\"text-align: justify;\"><a title=\"Truth Social\" href=\"https:\/\/truthsocial.com\/\" target=\"_blank\" rel=\"noopener noreferrer\">https:\/\/truthsocial.com\/<\/a><\/p>\n<h2>X<\/h2>\n<p style=\"text-align: justify;\">A rede do Elon Musk. Mais que uma rede social \u00e9 uma verdadeira uma rede de informa\u00e7\u00e3o descentralizada em tempo real que conecta voc\u00ea \u00e0s \u00faltimas not\u00edcias, opini\u00f5es e ideias sobre o que est\u00e1 acontecendo no Brasil e no mundo. Encontre perfis com os quais voc\u00ea se identifique e participe.<\/p>\n<p style=\"text-align: justify;\"><a title=\"X\" href=\"https:\/\/x.com\/\" target=\"_blank\" rel=\"noopener noreferrer\">https:\/\/x.com\/<\/a><\/p>\n<h2 style=\"text-align: center;\"><span style=\"color: #cc3300;\">Outras Boas Op\u00e7\u00f5es<\/span><\/h2>\n<h2>Badoo<\/h2>\n<p style=\"text-align: justify;\">Uma das redes sociais para conhecer pessoas, seja perto de voc\u00ea ou ao redor do mundo. Est\u00e1 repleto de gente querendo conversar e talvez at\u00e9 encontrar-se para compartilhar experi\u00eancias, interesses e amizades. Pode ser acessada via browser ou atrav\u00e9s de aplicativo mobile.<\/p>\n<p style=\"text-align: justify;\"><a title=\"Badoo\" href=\"https:\/\/badoo.com\/\" target=\"_blank\" rel=\"noopener noreferrer\">https:\/\/badoo.com\/<\/a><\/p>\n<h2 style=\"text-align: center;\"><span style=\"color: #cc3300;\">Outras Boas Op\u00e7\u00f5es<\/span><\/h2>\n<h2>Badoo<\/h2>\n<p style=\"text-align: justify;\">Uma das redes sociais para conhecer pessoas, seja perto de voc\u00ea ou ao redor do mundo. Est\u00e1 repleto de gente querendo conversar e talvez at\u00e9 encontrar-se para compartilhar experi\u00eancias, interesses e amizades. Pode ser acessada via browser ou atrav\u00e9s de aplicativo mobile.<\/p>\n<p style=\"text-align: justify;\"><a title=\"Badoo\" href=\"https:\/\/badoo.com\/\" target=\"_blank\" rel=\"noopener noreferrer\">https:\/\/badoo.com\/<\/a><\/p>\n<h2>hi5<\/h2>\n<p style=\"text-align: justify;\">Uma das redes sociais que foca em conhecer novas pessoas. Conecte-se a amigos, mostre fotos, ou\u00e7a m\u00fasicas ou re\u00fana-se com antigos colegas de classe. Crie seu perfil e expresse seus interesses.<\/p>\n<p style=\"text-align: justify;\"><a title=\"hi5\" href=\"https:\/\/hi5.com\/\" target=\"_blank\" rel=\"noopener noreferrer\">https:\/\/hi5.com\/\/a&gt;<\/a><\/p>\n<h2>Last.fm<\/h2>\n<p style=\"text-align: justify;\">Uma das redes sociais com foco musical. Voc\u00ea v\u00ea o que seus amigos est\u00e3o ouvindo e descobre que outros artistas s\u00e3o ouvidos por pessoas que ouvem um determinado m\u00fasico.<\/p>\n<p style=\"text-align: justify;\"><a title=\"Last.fm\" href=\"https:\/\/www.last.fm\/pt\/\" target=\"_blank\" rel=\"noopener noreferrer\">https:\/\/www.last.fm\/pt\/<\/a><\/p>\n<h2>MySpace<\/h2>\n<p style=\"text-align: justify;\">Uma das principais redes sociais de nicho, voltada especialmente para pessoas ligadas ao cen\u00e1rio musical. Lan\u00e7ada em 2003, j\u00e1 foi a mais popular do mundo, tendo perdido bastante espa\u00e7o nos \u00faltimos anos. Foi adquirida em 2005 pelo conglomerado de Rupert Murdoch e em 2011 vendida para a Intermix Media, que reformulou e relan\u00e7ou a rede no final de 2012.<\/p>\n<p style=\"text-align: justify;\"><a title=\"MySpace\" href=\"https:\/\/myspace.com\/\" target=\"_blank\" rel=\"noopener noreferrer\">https:\/\/myspace.com\/<\/a><\/p>\n<h2>Tagged<\/h2>\n<p style=\"text-align: justify;\">Uma rede social que resistiu depois que desacelerou o &#8220;boom&#8221; das redes sociais. Essa \u00e9 para quem deseja conhecer novas pessoas e um pouco mais voltada \u00e0s paqueras virtuais e a relacionamentos de cunho rom\u00e2ntico.<\/p>\n<p style=\"text-align: justify;\"><a title=\"Tagged\" href=\"https:\/\/www.tagged.com\" target=\"_blank\" rel=\"noopener noreferrer\">https:\/\/www.tagged.com<\/a><\/p>\n","protected":false},"excerpt":{"rendered":"<p>Encontre antigos amigos com quem perdeu o contato, fa\u00e7a novas amizades ou gere tr\u00e1fego para seus sites usando as redes sociais que\u00a0 n\u00f3s selecionamos para voc\u00ea.\u00a0N\u00e3o deixe de verificar os outros itens de nosso menu M\u00eddias Sociais, presente na lateral direita inferior do site. Em especial n\u00e3o deixe de visitar cossa se\u00e7\u00e3o de ferramentas \u00fateis &hellip; <\/p>\n","protected":false},"author":2,"featured_media":4409,"parent":0,"menu_order":0,"comment_status":"closed","ping_status":"closed","template":"","meta":{"footnotes":""},"class_list":["post-3516","page","type-page","status-publish","has-post-thumbnail","hentry","entry"],"yoast_head":"<!-- This site is optimized with the Yoast SEO plugin v27.5 - https:\/\/yoast.com\/product\/yoast-seo-wordpress\/ -->\n<title>Redes Sociais - Guia Gr\u00e1tis - guia de servi\u00e7os gr\u00e1tis<\/title>\n<meta name=\"description\" content=\"Encontre antigos amigos com quem perdeu o contato, fa\u00e7a novas amizades ou gere tr\u00e1fego para seus sites nas redes sociais que selecionamos.\" \/>\n<meta name=\"robots\" content=\"index, follow, max-snippet:-1, max-image-preview:large, max-video-preview:-1\" \/>\n<link rel=\"canonical\" href=\"https:\/\/www.guiagratis.com.br\/index.php\/redes-sociais\/\" \/>\n<meta property=\"og:locale\" content=\"pt_BR\" \/>\n<meta property=\"og:type\" content=\"article\" \/>\n<meta property=\"og:title\" content=\"Redes Sociais - Guia Gr\u00e1tis - guia de servi\u00e7os gr\u00e1tis\" \/>\n<meta property=\"og:description\" content=\"Encontre antigos amigos com quem perdeu o contato, fa\u00e7a novas amizades ou gere tr\u00e1fego para seus sites nas redes sociais que selecionamos.\" \/>\n<meta property=\"og:url\" content=\"https:\/\/www.guiagratis.com.br\/index.php\/redes-sociais\/\" \/>\n<meta property=\"og:site_name\" content=\"Guia Gr\u00e1tis - guia de servi\u00e7os gr\u00e1tis\" \/>\n<meta property=\"article:publisher\" content=\"https:\/\/www.facebook.com\/guiagratis\" \/>\n<meta property=\"article:modified_time\" content=\"2025-07-15T19:07:21+00:00\" \/>\n<meta name=\"twitter:card\" content=\"summary_large_image\" \/>\n<meta name=\"twitter:site\" content=\"@siteguiagratis\" \/>\n<meta name=\"twitter:label1\" content=\"Est. tempo de leitura\" \/>\n\t<meta name=\"twitter:data1\" content=\"3 minutos\" \/>\n<script type=\"application\/ld+json\" class=\"yoast-schema-graph\">{\"@context\":\"https:\\\/\\\/schema.org\",\"@graph\":[{\"@type\":\"WebPage\",\"@id\":\"https:\\\/\\\/www.guiagratis.com.br\\\/index.php\\\/redes-sociais\\\/\",\"url\":\"https:\\\/\\\/www.guiagratis.com.br\\\/index.php\\\/redes-sociais\\\/\",\"name\":\"Redes Sociais - Guia Gr\u00e1tis - guia de servi\u00e7os gr\u00e1tis\",\"isPartOf\":{\"@id\":\"https:\\\/\\\/www.guiagratis.com.br\\\/#website\"},\"primaryImageOfPage\":{\"@id\":\"https:\\\/\\\/www.guiagratis.com.br\\\/index.php\\\/redes-sociais\\\/#primaryimage\"},\"image\":{\"@id\":\"https:\\\/\\\/www.guiagratis.com.br\\\/index.php\\\/redes-sociais\\\/#primaryimage\"},\"thumbnailUrl\":\"\",\"datePublished\":\"2025-07-12T17:59:15+00:00\",\"dateModified\":\"2025-07-15T19:07:21+00:00\",\"description\":\"Encontre antigos amigos com quem perdeu o contato, fa\u00e7a novas amizades ou gere tr\u00e1fego para seus sites nas redes sociais que selecionamos.\",\"breadcrumb\":{\"@id\":\"https:\\\/\\\/www.guiagratis.com.br\\\/index.php\\\/redes-sociais\\\/#breadcrumb\"},\"inLanguage\":\"pt-BR\",\"potentialAction\":[{\"@type\":\"ReadAction\",\"target\":[\"https:\\\/\\\/www.guiagratis.com.br\\\/index.php\\\/redes-sociais\\\/\"]}]},{\"@type\":\"ImageObject\",\"inLanguage\":\"pt-BR\",\"@id\":\"https:\\\/\\\/www.guiagratis.com.br\\\/index.php\\\/redes-sociais\\\/#primaryimage\",\"url\":\"\",\"contentUrl\":\"\"},{\"@type\":\"BreadcrumbList\",\"@id\":\"https:\\\/\\\/www.guiagratis.com.br\\\/index.php\\\/redes-sociais\\\/#breadcrumb\",\"itemListElement\":[{\"@type\":\"ListItem\",\"position\":1,\"name\":\"In\u00edcio\",\"item\":\"https:\\\/\\\/www.guiagratis.com.br\\\/\"},{\"@type\":\"ListItem\",\"position\":2,\"name\":\"Redes Sociais\"}]},{\"@type\":\"WebSite\",\"@id\":\"https:\\\/\\\/www.guiagratis.com.br\\\/#website\",\"url\":\"https:\\\/\\\/www.guiagratis.com.br\\\/\",\"name\":\"Guia Gr\u00e1tis - guia de servi\u00e7os gr\u00e1tis\",\"description\":\"\",\"publisher\":{\"@id\":\"https:\\\/\\\/www.guiagratis.com.br\\\/#organization\"},\"potentialAction\":[{\"@type\":\"SearchAction\",\"target\":{\"@type\":\"EntryPoint\",\"urlTemplate\":\"https:\\\/\\\/www.guiagratis.com.br\\\/?s={search_term_string}\"},\"query-input\":{\"@type\":\"PropertyValueSpecification\",\"valueRequired\":true,\"valueName\":\"search_term_string\"}}],\"inLanguage\":\"pt-BR\"},{\"@type\":\"Organization\",\"@id\":\"https:\\\/\\\/www.guiagratis.com.br\\\/#organization\",\"name\":\"Guia Gr\u00e1tis - guia de servi\u00e7os gr\u00e1tis\",\"url\":\"https:\\\/\\\/www.guiagratis.com.br\\\/\",\"logo\":{\"@type\":\"ImageObject\",\"inLanguage\":\"pt-BR\",\"@id\":\"https:\\\/\\\/www.guiagratis.com.br\\\/#\\\/schema\\\/logo\\\/image\\\/\",\"url\":\"https:\\\/\\\/www.guiagratis.com.br\\\/wp-content\\\/uploads\\\/2025\\\/05\\\/cropped-logo.gif\",\"contentUrl\":\"https:\\\/\\\/www.guiagratis.com.br\\\/wp-content\\\/uploads\\\/2025\\\/05\\\/cropped-logo.gif\",\"width\":175,\"height\":88,\"caption\":\"Guia Gr\u00e1tis - guia de servi\u00e7os gr\u00e1tis\"},\"image\":{\"@id\":\"https:\\\/\\\/www.guiagratis.com.br\\\/#\\\/schema\\\/logo\\\/image\\\/\"},\"sameAs\":[\"https:\\\/\\\/www.facebook.com\\\/guiagratis\",\"https:\\\/\\\/x.com\\\/siteguiagratis\"]}]}<\/script>\n<!-- \/ Yoast SEO plugin. -->","yoast_head_json":{"title":"Redes Sociais - Guia Gr\u00e1tis - guia de servi\u00e7os gr\u00e1tis","description":"Encontre antigos amigos com quem perdeu o contato, fa\u00e7a novas amizades ou gere tr\u00e1fego para seus sites nas redes sociais que selecionamos.","robots":{"index":"index","follow":"follow","max-snippet":"max-snippet:-1","max-image-preview":"max-image-preview:large","max-video-preview":"max-video-preview:-1"},"canonical":"https:\/\/www.guiagratis.com.br\/index.php\/redes-sociais\/","og_locale":"pt_BR","og_type":"article","og_title":"Redes Sociais - Guia Gr\u00e1tis - guia de servi\u00e7os gr\u00e1tis","og_description":"Encontre antigos amigos com quem perdeu o contato, fa\u00e7a novas amizades ou gere tr\u00e1fego para seus sites nas redes sociais que selecionamos.","og_url":"https:\/\/www.guiagratis.com.br\/index.php\/redes-sociais\/","og_site_name":"Guia Gr\u00e1tis - guia de servi\u00e7os gr\u00e1tis","article_publisher":"https:\/\/www.facebook.com\/guiagratis","article_modified_time":"2025-07-15T19:07:21+00:00","twitter_card":"summary_large_image","twitter_site":"@siteguiagratis","twitter_misc":{"Est. tempo de leitura":"3 minutos"},"schema":{"@context":"https:\/\/schema.org","@graph":[{"@type":"WebPage","@id":"https:\/\/www.guiagratis.com.br\/index.php\/redes-sociais\/","url":"https:\/\/www.guiagratis.com.br\/index.php\/redes-sociais\/","name":"Redes Sociais - Guia Gr\u00e1tis - guia de servi\u00e7os gr\u00e1tis","isPartOf":{"@id":"https:\/\/www.guiagratis.com.br\/#website"},"primaryImageOfPage":{"@id":"https:\/\/www.guiagratis.com.br\/index.php\/redes-sociais\/#primaryimage"},"image":{"@id":"https:\/\/www.guiagratis.com.br\/index.php\/redes-sociais\/#primaryimage"},"thumbnailUrl":"","datePublished":"2025-07-12T17:59:15+00:00","dateModified":"2025-07-15T19:07:21+00:00","description":"Encontre antigos amigos com quem perdeu o contato, fa\u00e7a novas amizades ou gere tr\u00e1fego para seus sites nas redes sociais que selecionamos.","breadcrumb":{"@id":"https:\/\/www.guiagratis.com.br\/index.php\/redes-sociais\/#breadcrumb"},"inLanguage":"pt-BR","potentialAction":[{"@type":"ReadAction","target":["https:\/\/www.guiagratis.com.br\/index.php\/redes-sociais\/"]}]},{"@type":"ImageObject","inLanguage":"pt-BR","@id":"https:\/\/www.guiagratis.com.br\/index.php\/redes-sociais\/#primaryimage","url":"","contentUrl":""},{"@type":"BreadcrumbList","@id":"https:\/\/www.guiagratis.com.br\/index.php\/redes-sociais\/#breadcrumb","itemListElement":[{"@type":"ListItem","position":1,"name":"In\u00edcio","item":"https:\/\/www.guiagratis.com.br\/"},{"@type":"ListItem","position":2,"name":"Redes Sociais"}]},{"@type":"WebSite","@id":"https:\/\/www.guiagratis.com.br\/#website","url":"https:\/\/www.guiagratis.com.br\/","name":"Guia Gr\u00e1tis - guia de servi\u00e7os gr\u00e1tis","description":"","publisher":{"@id":"https:\/\/www.guiagratis.com.br\/#organization"},"potentialAction":[{"@type":"SearchAction","target":{"@type":"EntryPoint","urlTemplate":"https:\/\/www.guiagratis.com.br\/?s={search_term_string}"},"query-input":{"@type":"PropertyValueSpecification","valueRequired":true,"valueName":"search_term_string"}}],"inLanguage":"pt-BR"},{"@type":"Organization","@id":"https:\/\/www.guiagratis.com.br\/#organization","name":"Guia Gr\u00e1tis - guia de servi\u00e7os gr\u00e1tis","url":"https:\/\/www.guiagratis.com.br\/","logo":{"@type":"ImageObject","inLanguage":"pt-BR","@id":"https:\/\/www.guiagratis.com.br\/#\/schema\/logo\/image\/","url":"https:\/\/www.guiagratis.com.br\/wp-content\/uploads\/2025\/05\/cropped-logo.gif","contentUrl":"https:\/\/www.guiagratis.com.br\/wp-content\/uploads\/2025\/05\/cropped-logo.gif","width":175,"height":88,"caption":"Guia Gr\u00e1tis - guia de servi\u00e7os gr\u00e1tis"},"image":{"@id":"https:\/\/www.guiagratis.com.br\/#\/schema\/logo\/image\/"},"sameAs":["https:\/\/www.facebook.com\/guiagratis","https:\/\/x.com\/siteguiagratis"]}]}},"_links":{"self":[{"href":"https:\/\/www.guiagratis.com.br\/index.php\/wp-json\/wp\/v2\/pages\/3516","targetHints":{"allow":["GET"]}}],"collection":[{"href":"https:\/\/www.guiagratis.com.br\/index.php\/wp-json\/wp\/v2\/pages"}],"about":[{"href":"https:\/\/www.guiagratis.com.br\/index.php\/wp-json\/wp\/v2\/types\/page"}],"author":[{"embeddable":true,"href":"https:\/\/www.guiagratis.com.br\/index.php\/wp-json\/wp\/v2\/users\/2"}],"replies":[{"embeddable":true,"href":"https:\/\/www.guiagratis.com.br\/index.php\/wp-json\/wp\/v2\/comments?post=3516"}],"version-history":[{"count":11,"href":"https:\/\/www.guiagratis.com.br\/index.php\/wp-json\/wp\/v2\/pages\/3516\/revisions"}],"predecessor-version":[{"id":4986,"href":"https:\/\/www.guiagratis.com.br\/index.php\/wp-json\/wp\/v2\/pages\/3516\/revisions\/4986"}],"wp:featuredmedia":[{"embeddable":true,"href":"https:\/\/www.guiagratis.com.br\/index.php\/wp-json\/"}],"wp:attachment":[{"href":"https:\/\/www.guiagratis.com.br\/index.php\/wp-json\/wp\/v2\/media?parent=3516"}],"curies":[{"name":"wp","href":"https:\/\/api.w.org\/{rel}","templated":true}]}}