{"id":3531,"date":"2025-07-11T02:00:36","date_gmt":"2025-07-11T05:00:36","guid":{"rendered":"https:\/\/www.guiagratis.com.br\/?page_id=3531"},"modified":"2025-07-12T17:13:15","modified_gmt":"2025-07-12T20:13:15","slug":"bancos-de-imagens","status":"publish","type":"page","link":"https:\/\/www.guiagratis.com.br\/index.php\/bancos-de-imagens\/","title":{"rendered":"Bancos de Imagens"},"content":{"rendered":"<p style=\"text-align: justify;\"><img loading=\"lazy\" decoding=\"async\" class=\"size-medium wp-image-3966 alignleft\" src=\"http:\/\/guiagratis.com.br\/wp-content\/uploads\/2018\/07\/banco-de-imagens-gratis-1-300x158.jpg\" alt=\"bancos de imagens gratis\" width=\"300\" height=\"158\" \/>Bancos de imagens s\u00e3o sites onde voc\u00ea pode encontrar imagens para usar em suas cria\u00e7\u00f5es. Voc\u00ea pode usar a imagem como inspirar-se nela. Al\u00e9m disso tamb\u00e9m pode usar temporariamente enquanto produz seu pr\u00f3prio material. Aqui listamos diversos bancos de imagens online, alguns\u00a0gratuitos e outros pagos.<\/p>\n<h2 style=\"text-align: center;\"><span style=\"color: #cc3300;\">Os Preferidos de Nossa Equipe<\/span><\/h2>\n<h2 style=\"text-align: justify;\">Picography<\/h2>\n<p style=\"text-align: justify;\">A quantidade de fotos n\u00e3o \u00e9 das maiores, mas a qualidade \u00e9 muito boa. O foco maior do site s\u00e3o as paisagens e as fotos de vida selvagem. Todas as imagens s\u00e3o para download gratuito, independentemente da utiliza\u00e7\u00e3o.<\/p>\n<p style=\"text-align: justify;\"><a href=\"https:\/\/picography.co\/\" target=\"_blank\" rel=\"noopener noreferrer\">https:\/\/picography.co\/<\/a><\/p>\n<h2 style=\"text-align: justify;\">Pixabay<\/h2>\n<p style=\"text-align: justify;\">Comunidade de criadores que disponibiliza mais de 1,6 milh\u00e3o de fotos, ilustra\u00e7\u00f5es, vetores e pequenos v\u00eddeos para utiliza\u00e7\u00e3o gratuita, sem necessidade de cr\u00e9dito.<\/p>\n<p style=\"text-align: justify;\"><a href=\"https:\/\/pixabay.com\/\" target=\"_blank\" rel=\"noopener noreferrer\">https:\/\/pixabay.com\/<\/a><\/p>\n<h2 style=\"text-align: justify;\">Retro Vectors<\/h2>\n<p style=\"text-align: justify;\">Site extremamente organizado especializado em vetores com uma vibe &#8220;retr\u00f4&#8221;. A cole\u00e7\u00e3o est\u00e1 dividida em categorias baseadas na \u00e9poca a que as imagens remetem, como vitoriana, anos 40, anos 50 e outros. Todos os vetores s\u00e3o gratuitos e livres de royalties.<\/p>\n<p style=\"text-align: justify;\"><a href=\"http:\/\/retrovectors.com\/\" target=\"_blank\" rel=\"noopener noreferrer\">http:\/\/retrovectors.com\/<\/a><\/p>\n<h2 style=\"text-align: center;\"><span style=\"color: #cc3300;\">Outras Boas Op\u00e7\u00f5es<\/span><\/h2>\n<h2 style=\"text-align: justify;\">freeimages<\/h2>\n<p style=\"text-align: justify;\">Imagens gratuitas para quem busca uma ilustra\u00e7\u00e3o para seu blog ou uma foto para seu site comercial. Galerias separadas por temas contendo mais de 350.000 fotos de alta qualidade disponibilizadas por mais de 30.000 fot\u00f3grafos do mundo inteiro.<\/p>\n<p style=\"text-align: justify;\"><a href=\"http:\/\/www.freeimages.com\/\" target=\"_blank\" rel=\"noopener noreferrer\">www.freeimages.com<\/a><\/p>\n<h2 style=\"text-align: justify;\">Gratisography<\/h2>\n<p style=\"text-align: justify;\">Grande cole\u00e7\u00e3o de imagens de alta resolu\u00e7\u00e3o atualizada semanalmente que voc\u00ea pode utilizar praticamente para qualquer finalidade.Todas as imagens s\u00e3o gratuitas inclusive para utiliza\u00e7\u00e3o comercial.<\/p>\n<p style=\"text-align: justify;\"><a href=\"https:\/\/gratisography.com\/\" target=\"_blank\" rel=\"noopener noreferrer\">https:\/\/gratisography.com\/<\/a><\/p>\n<h2 style=\"text-align: justify;\">ISO Republic<\/h2>\n<p style=\"text-align: justify;\">Site independente mantido por uma pequena comunidade de fot\u00f3grafos profissionais que oferece mais de 3000 fotos para uso gratuito dos profissionais de cria\u00e7\u00e3o. Novas imagens s\u00e3o adicionadas semanalmente.<\/p>\n<p style=\"text-align: justify;\"><a href=\"https:\/\/isorepublic.com\/\" target=\"_blank\" rel=\"noopener noreferrer\">https:\/\/isorepublic.com\/<\/a><\/p>\n<h2 style=\"text-align: justify;\">FOCA Stock<\/h2>\n<p style=\"text-align: justify;\">Banco de imagens com fotografias de alta resolu\u00e7\u00e3o que podem ser utilizadas gratuitamente em projetos pessoais ou comerciais como sites, aplicativos e mais. Cole\u00e7\u00e3o organizada em diversas categorias como natureza, cenas urbanas, locais de trabalho e macrofotografia.<\/p>\n<p style=\"text-align: justify;\"><a href=\"https:\/\/focastock.com\/\" target=\"_blank\" rel=\"noopener noreferrer\">https:\/\/focastock.com\/<\/a><\/p>\n<h2 style=\"text-align: justify;\">Startup Stock Photos<\/h2>\n<p style=\"text-align: justify;\">Fotos em alta resolu\u00e7\u00e3o inteiramente gratuitas para utiliza\u00e7\u00e3o por startups, blogueiros, editores, designers, criadores, desenvolvedores ou por qualquer um. Boa cole\u00e7\u00e3o mas navegabilidade pobre, que dificulta encontrar o que se busca.<\/p>\n<p style=\"text-align: justify;\"><a href=\"http:\/\/startupstockphotos.com\/\" target=\"_blank\" rel=\"noopener noreferrer\">http:\/\/startupstockphotos.com\/<\/a><\/p>\n<h2 style=\"text-align: justify;\">StockSnap.io<\/h2>\n<p style=\"text-align: justify;\">Provavelmente um dos maiores bancos de fotos gratuitos na atualidade. Milhares de fotos em alta resolu\u00e7\u00e3o nas mais diversas categorias. Tudo gratuito inclusive para utiliza\u00e7\u00e3o comercial. Voc\u00ea pode copiar, modificar e inclusive distribuir as imagens, sem restri\u00e7\u00f5es.<\/p>\n<p style=\"text-align: justify;\"><a href=\"https:\/\/stocksnap.io\/\" target=\"_blank\" rel=\"noopener noreferrer\">https:\/\/stocksnap.io\/<\/a><\/p>\n<h2 style=\"text-align: justify;\">Unsplash<\/h2>\n<p style=\"text-align: justify;\">Fotos em alta resolu\u00e7\u00e3o para utiliza\u00e7\u00e3o comercial ou n\u00e3o comercial. O site informa que n\u00e3o \u00e9 necess\u00e1rio sequer incluir cr\u00e9dito ao autor, mas com certeza \u00e9 uma boa pr\u00e1tica.<\/p>\n<p style=\"text-align: justify;\"><a href=\"https:\/\/unsplash.com\/\" target=\"_blank\" rel=\"noopener noreferrer\">https:\/\/unsplash.com\/<\/a><\/p>\n","protected":false},"excerpt":{"rendered":"<p>Bancos de imagens s\u00e3o sites onde voc\u00ea pode encontrar imagens para usar em suas cria\u00e7\u00f5es. Voc\u00ea pode usar a imagem como inspirar-se nela. Al\u00e9m disso tamb\u00e9m pode usar temporariamente enquanto produz seu pr\u00f3prio material. Aqui listamos diversos bancos de imagens online, alguns\u00a0gratuitos e outros pagos. Os Preferidos de Nossa Equipe Picography A quantidade de fotos &hellip; <\/p>\n","protected":false},"author":2,"featured_media":3966,"parent":0,"menu_order":0,"comment_status":"closed","ping_status":"closed","template":"","meta":{"footnotes":""},"class_list":["post-3531","page","type-page","status-publish","has-post-thumbnail","hentry","entry"],"yoast_head":"<!-- This site is optimized with the Yoast SEO plugin v27.5 - https:\/\/yoast.com\/product\/yoast-seo-wordpress\/ -->\n<title>Bancos de Imagens - Guia Gr\u00e1tis - guia de servi\u00e7os gr\u00e1tis<\/title>\n<meta name=\"description\" content=\"Bancos de imagens s\u00e3o sites onde voc\u00ea pode encontrar imagens para usar em suas cria\u00e7\u00f5es. Aqui listamos diversos, alguns gratuitos e outros pagos.\" \/>\n<meta name=\"robots\" content=\"index, follow, max-snippet:-1, max-image-preview:large, max-video-preview:-1\" \/>\n<link rel=\"canonical\" href=\"https:\/\/www.guiagratis.com.br\/index.php\/bancos-de-imagens\/\" \/>\n<meta property=\"og:locale\" content=\"pt_BR\" \/>\n<meta property=\"og:type\" content=\"article\" \/>\n<meta property=\"og:title\" content=\"Bancos de Imagens - Guia Gr\u00e1tis - guia de servi\u00e7os gr\u00e1tis\" \/>\n<meta property=\"og:description\" content=\"Bancos de imagens s\u00e3o sites onde voc\u00ea pode encontrar imagens para usar em suas cria\u00e7\u00f5es. Aqui listamos diversos, alguns gratuitos e outros pagos.\" \/>\n<meta property=\"og:url\" content=\"https:\/\/www.guiagratis.com.br\/index.php\/bancos-de-imagens\/\" \/>\n<meta property=\"og:site_name\" content=\"Guia Gr\u00e1tis - guia de servi\u00e7os gr\u00e1tis\" \/>\n<meta property=\"article:publisher\" content=\"https:\/\/www.facebook.com\/guiagratis\" \/>\n<meta property=\"article:modified_time\" content=\"2025-07-12T20:13:15+00:00\" \/>\n<meta name=\"twitter:card\" content=\"summary_large_image\" \/>\n<meta name=\"twitter:site\" content=\"@siteguiagratis\" \/>\n<meta name=\"twitter:label1\" content=\"Est. tempo de leitura\" \/>\n\t<meta name=\"twitter:data1\" content=\"3 minutos\" \/>\n<script type=\"application\/ld+json\" class=\"yoast-schema-graph\">{\"@context\":\"https:\\\/\\\/schema.org\",\"@graph\":[{\"@type\":\"WebPage\",\"@id\":\"https:\\\/\\\/www.guiagratis.com.br\\\/index.php\\\/bancos-de-imagens\\\/\",\"url\":\"https:\\\/\\\/www.guiagratis.com.br\\\/index.php\\\/bancos-de-imagens\\\/\",\"name\":\"Bancos de Imagens - Guia Gr\u00e1tis - guia de servi\u00e7os gr\u00e1tis\",\"isPartOf\":{\"@id\":\"https:\\\/\\\/www.guiagratis.com.br\\\/#website\"},\"primaryImageOfPage\":{\"@id\":\"https:\\\/\\\/www.guiagratis.com.br\\\/index.php\\\/bancos-de-imagens\\\/#primaryimage\"},\"image\":{\"@id\":\"https:\\\/\\\/www.guiagratis.com.br\\\/index.php\\\/bancos-de-imagens\\\/#primaryimage\"},\"thumbnailUrl\":\"\",\"datePublished\":\"2025-07-11T05:00:36+00:00\",\"dateModified\":\"2025-07-12T20:13:15+00:00\",\"description\":\"Bancos de imagens s\u00e3o sites onde voc\u00ea pode encontrar imagens para usar em suas cria\u00e7\u00f5es. Aqui listamos diversos, alguns gratuitos e outros pagos.\",\"breadcrumb\":{\"@id\":\"https:\\\/\\\/www.guiagratis.com.br\\\/index.php\\\/bancos-de-imagens\\\/#breadcrumb\"},\"inLanguage\":\"pt-BR\",\"potentialAction\":[{\"@type\":\"ReadAction\",\"target\":[\"https:\\\/\\\/www.guiagratis.com.br\\\/index.php\\\/bancos-de-imagens\\\/\"]}]},{\"@type\":\"ImageObject\",\"inLanguage\":\"pt-BR\",\"@id\":\"https:\\\/\\\/www.guiagratis.com.br\\\/index.php\\\/bancos-de-imagens\\\/#primaryimage\",\"url\":\"\",\"contentUrl\":\"\"},{\"@type\":\"BreadcrumbList\",\"@id\":\"https:\\\/\\\/www.guiagratis.com.br\\\/index.php\\\/bancos-de-imagens\\\/#breadcrumb\",\"itemListElement\":[{\"@type\":\"ListItem\",\"position\":1,\"name\":\"In\u00edcio\",\"item\":\"https:\\\/\\\/www.guiagratis.com.br\\\/\"},{\"@type\":\"ListItem\",\"position\":2,\"name\":\"Bancos de Imagens\"}]},{\"@type\":\"WebSite\",\"@id\":\"https:\\\/\\\/www.guiagratis.com.br\\\/#website\",\"url\":\"https:\\\/\\\/www.guiagratis.com.br\\\/\",\"name\":\"Guia Gr\u00e1tis - guia de servi\u00e7os gr\u00e1tis\",\"description\":\"\",\"publisher\":{\"@id\":\"https:\\\/\\\/www.guiagratis.com.br\\\/#organization\"},\"potentialAction\":[{\"@type\":\"SearchAction\",\"target\":{\"@type\":\"EntryPoint\",\"urlTemplate\":\"https:\\\/\\\/www.guiagratis.com.br\\\/?s={search_term_string}\"},\"query-input\":{\"@type\":\"PropertyValueSpecification\",\"valueRequired\":true,\"valueName\":\"search_term_string\"}}],\"inLanguage\":\"pt-BR\"},{\"@type\":\"Organization\",\"@id\":\"https:\\\/\\\/www.guiagratis.com.br\\\/#organization\",\"name\":\"Guia Gr\u00e1tis - guia de servi\u00e7os gr\u00e1tis\",\"url\":\"https:\\\/\\\/www.guiagratis.com.br\\\/\",\"logo\":{\"@type\":\"ImageObject\",\"inLanguage\":\"pt-BR\",\"@id\":\"https:\\\/\\\/www.guiagratis.com.br\\\/#\\\/schema\\\/logo\\\/image\\\/\",\"url\":\"https:\\\/\\\/www.guiagratis.com.br\\\/wp-content\\\/uploads\\\/2025\\\/05\\\/cropped-logo.gif\",\"contentUrl\":\"https:\\\/\\\/www.guiagratis.com.br\\\/wp-content\\\/uploads\\\/2025\\\/05\\\/cropped-logo.gif\",\"width\":175,\"height\":88,\"caption\":\"Guia Gr\u00e1tis - guia de servi\u00e7os gr\u00e1tis\"},\"image\":{\"@id\":\"https:\\\/\\\/www.guiagratis.com.br\\\/#\\\/schema\\\/logo\\\/image\\\/\"},\"sameAs\":[\"https:\\\/\\\/www.facebook.com\\\/guiagratis\",\"https:\\\/\\\/x.com\\\/siteguiagratis\"]}]}<\/script>\n<!-- \/ Yoast SEO plugin. -->","yoast_head_json":{"title":"Bancos de Imagens - Guia Gr\u00e1tis - guia de servi\u00e7os gr\u00e1tis","description":"Bancos de imagens s\u00e3o sites onde voc\u00ea pode encontrar imagens para usar em suas cria\u00e7\u00f5es. Aqui listamos diversos, alguns gratuitos e outros pagos.","robots":{"index":"index","follow":"follow","max-snippet":"max-snippet:-1","max-image-preview":"max-image-preview:large","max-video-preview":"max-video-preview:-1"},"canonical":"https:\/\/www.guiagratis.com.br\/index.php\/bancos-de-imagens\/","og_locale":"pt_BR","og_type":"article","og_title":"Bancos de Imagens - Guia Gr\u00e1tis - guia de servi\u00e7os gr\u00e1tis","og_description":"Bancos de imagens s\u00e3o sites onde voc\u00ea pode encontrar imagens para usar em suas cria\u00e7\u00f5es. Aqui listamos diversos, alguns gratuitos e outros pagos.","og_url":"https:\/\/www.guiagratis.com.br\/index.php\/bancos-de-imagens\/","og_site_name":"Guia Gr\u00e1tis - guia de servi\u00e7os gr\u00e1tis","article_publisher":"https:\/\/www.facebook.com\/guiagratis","article_modified_time":"2025-07-12T20:13:15+00:00","twitter_card":"summary_large_image","twitter_site":"@siteguiagratis","twitter_misc":{"Est. tempo de leitura":"3 minutos"},"schema":{"@context":"https:\/\/schema.org","@graph":[{"@type":"WebPage","@id":"https:\/\/www.guiagratis.com.br\/index.php\/bancos-de-imagens\/","url":"https:\/\/www.guiagratis.com.br\/index.php\/bancos-de-imagens\/","name":"Bancos de Imagens - Guia Gr\u00e1tis - guia de servi\u00e7os gr\u00e1tis","isPartOf":{"@id":"https:\/\/www.guiagratis.com.br\/#website"},"primaryImageOfPage":{"@id":"https:\/\/www.guiagratis.com.br\/index.php\/bancos-de-imagens\/#primaryimage"},"image":{"@id":"https:\/\/www.guiagratis.com.br\/index.php\/bancos-de-imagens\/#primaryimage"},"thumbnailUrl":"","datePublished":"2025-07-11T05:00:36+00:00","dateModified":"2025-07-12T20:13:15+00:00","description":"Bancos de imagens s\u00e3o sites onde voc\u00ea pode encontrar imagens para usar em suas cria\u00e7\u00f5es. Aqui listamos diversos, alguns gratuitos e outros pagos.","breadcrumb":{"@id":"https:\/\/www.guiagratis.com.br\/index.php\/bancos-de-imagens\/#breadcrumb"},"inLanguage":"pt-BR","potentialAction":[{"@type":"ReadAction","target":["https:\/\/www.guiagratis.com.br\/index.php\/bancos-de-imagens\/"]}]},{"@type":"ImageObject","inLanguage":"pt-BR","@id":"https:\/\/www.guiagratis.com.br\/index.php\/bancos-de-imagens\/#primaryimage","url":"","contentUrl":""},{"@type":"BreadcrumbList","@id":"https:\/\/www.guiagratis.com.br\/index.php\/bancos-de-imagens\/#breadcrumb","itemListElement":[{"@type":"ListItem","position":1,"name":"In\u00edcio","item":"https:\/\/www.guiagratis.com.br\/"},{"@type":"ListItem","position":2,"name":"Bancos de Imagens"}]},{"@type":"WebSite","@id":"https:\/\/www.guiagratis.com.br\/#website","url":"https:\/\/www.guiagratis.com.br\/","name":"Guia Gr\u00e1tis - guia de servi\u00e7os gr\u00e1tis","description":"","publisher":{"@id":"https:\/\/www.guiagratis.com.br\/#organization"},"potentialAction":[{"@type":"SearchAction","target":{"@type":"EntryPoint","urlTemplate":"https:\/\/www.guiagratis.com.br\/?s={search_term_string}"},"query-input":{"@type":"PropertyValueSpecification","valueRequired":true,"valueName":"search_term_string"}}],"inLanguage":"pt-BR"},{"@type":"Organization","@id":"https:\/\/www.guiagratis.com.br\/#organization","name":"Guia Gr\u00e1tis - guia de servi\u00e7os gr\u00e1tis","url":"https:\/\/www.guiagratis.com.br\/","logo":{"@type":"ImageObject","inLanguage":"pt-BR","@id":"https:\/\/www.guiagratis.com.br\/#\/schema\/logo\/image\/","url":"https:\/\/www.guiagratis.com.br\/wp-content\/uploads\/2025\/05\/cropped-logo.gif","contentUrl":"https:\/\/www.guiagratis.com.br\/wp-content\/uploads\/2025\/05\/cropped-logo.gif","width":175,"height":88,"caption":"Guia Gr\u00e1tis - guia de servi\u00e7os gr\u00e1tis"},"image":{"@id":"https:\/\/www.guiagratis.com.br\/#\/schema\/logo\/image\/"},"sameAs":["https:\/\/www.facebook.com\/guiagratis","https:\/\/x.com\/siteguiagratis"]}]}},"_links":{"self":[{"href":"https:\/\/www.guiagratis.com.br\/index.php\/wp-json\/wp\/v2\/pages\/3531","targetHints":{"allow":["GET"]}}],"collection":[{"href":"https:\/\/www.guiagratis.com.br\/index.php\/wp-json\/wp\/v2\/pages"}],"about":[{"href":"https:\/\/www.guiagratis.com.br\/index.php\/wp-json\/wp\/v2\/types\/page"}],"author":[{"embeddable":true,"href":"https:\/\/www.guiagratis.com.br\/index.php\/wp-json\/wp\/v2\/users\/2"}],"replies":[{"embeddable":true,"href":"https:\/\/www.guiagratis.com.br\/index.php\/wp-json\/wp\/v2\/comments?post=3531"}],"version-history":[{"count":3,"href":"https:\/\/www.guiagratis.com.br\/index.php\/wp-json\/wp\/v2\/pages\/3531\/revisions"}],"predecessor-version":[{"id":4862,"href":"https:\/\/www.guiagratis.com.br\/index.php\/wp-json\/wp\/v2\/pages\/3531\/revisions\/4862"}],"wp:featuredmedia":[{"embeddable":true,"href":"https:\/\/www.guiagratis.com.br\/index.php\/wp-json\/"}],"wp:attachment":[{"href":"https:\/\/www.guiagratis.com.br\/index.php\/wp-json\/wp\/v2\/media?parent=3531"}],"curies":[{"name":"wp","href":"https:\/\/api.w.org\/{rel}","templated":true}]}}