{"id":3549,"date":"2025-07-11T20:07:15","date_gmt":"2025-07-11T23:07:15","guid":{"rendered":"https:\/\/www.guiagratis.com.br\/?page_id=3549"},"modified":"2025-07-12T17:21:03","modified_gmt":"2025-07-12T20:21:03","slug":"descontos-e-cupons","status":"publish","type":"page","link":"https:\/\/www.guiagratis.com.br\/index.php\/descontos-e-cupons\/","title":{"rendered":"Descontos e Cupons"},"content":{"rendered":"<p style=\"text-align: justify;\"><img loading=\"lazy\" decoding=\"async\" class=\"size-medium wp-image-4039 alignleft\" src=\"http:\/\/guiagratis.com.br\/wp-content\/uploads\/2018\/07\/cupons-descontos-1-300x158.jpg\" alt=\"cupons descontos\" width=\"300\" height=\"158\" \/>Os cupons de descontos s\u00e3o muito populares nos Estados Unidos, j\u00e1 no Brasil eles ainda est\u00e3o ganhando popularidade aos poucos. Nesta se\u00e7\u00e3o voc\u00ea vai encontrar sites que oferecem cupons ou c\u00f3digos de descontos em lojas. Tamb\u00e9m encontrar\u00e1 os chamados clubes em que o associado tem desconto em empresas conveniadas.<\/p>\n<h2 style=\"text-align: justify;\">1001 Cupom de Descontos<\/h2>\n<p style=\"text-align: justify;\">Algumas centenas de cupons de desconto e ofertas exclusivas nas mais variadas lojas do Brasil e de v\u00e1rios outros pa\u00edses.<\/p>\n<p style=\"text-align: justify;\"><a href=\"http:\/\/www.1001cupomdedescontos.com.br\/\">www.1001cupomdedescontos.com.br<\/a><\/p>\n<h2 style=\"text-align: justify;\">Cuponeria<\/h2>\n<p style=\"text-align: justify;\">Portal brasileiro especializado em descontos que oferece cupons em empresas dos mais variados segmentos em diversas cidades do Brasil.<\/p>\n<p style=\"text-align: justify;\"><a href=\"https:\/\/www.cuponeria.com.br\/\">www.cuponeria.com.br<\/a><\/p>\n<h2 style=\"text-align: justify;\">Cuponomia<\/h2>\n<p style=\"text-align: justify;\">Mais um site brasileiro para quem est\u00e1 querendo economizar. Oferece cupons de desconto e promo\u00e7\u00f5es em centenas de lojas de todo o Brasil.<\/p>\n<p style=\"text-align: justify;\"><a href=\"https:\/\/www.cuponomia.com.br\/\">www.cuponomia.com.br<\/a><\/p>\n<h2 style=\"text-align: justify;\">Picodi<\/h2>\n<p style=\"text-align: justify;\">Site internacional especializado em cupons e c\u00f3digos promocionais. Atua em v\u00e1rios pa\u00edses do mundo, inclusive no Brasil.<\/p>\n<p style=\"text-align: justify;\"><a href=\"https:\/\/www.picodi.com\/br\/\">www.picodi.com<\/a><\/p>\n<h2 style=\"text-align: justify;\">QueBarato<\/h2>\n<p style=\"text-align: justify;\">Site brasileiro que re\u00fane cupons de desconto das principais lojas da internet. N\u00e3o se trata de compras coletivas, n\u00e3o precisa haver um m\u00ednimo de interessados na oferta. Basta voc\u00ea clicar e pegar o c\u00f3digo do desconto para usar no carrinho de compras da loja.<\/p>\n<p style=\"text-align: justify;\"><a title=\"QueBarato\" href=\"http:\/\/www.quebarato.com.br\" target=\"_blank\" rel=\"noopener noreferrer\">www.quebarato.com.br<\/a><\/p>\n","protected":false},"excerpt":{"rendered":"<p>Os cupons de descontos s\u00e3o muito populares nos Estados Unidos, j\u00e1 no Brasil eles ainda est\u00e3o ganhando popularidade aos poucos. Nesta se\u00e7\u00e3o voc\u00ea vai encontrar sites que oferecem cupons ou c\u00f3digos de descontos em lojas. Tamb\u00e9m encontrar\u00e1 os chamados clubes em que o associado tem desconto em empresas conveniadas. 1001 Cupom de Descontos Algumas centenas &hellip; <\/p>\n","protected":false},"author":2,"featured_media":4039,"parent":0,"menu_order":0,"comment_status":"closed","ping_status":"closed","template":"","meta":{"footnotes":""},"class_list":["post-3549","page","type-page","status-publish","has-post-thumbnail","hentry","entry"],"yoast_head":"<!-- This site is optimized with the Yoast SEO plugin v27.5 - https:\/\/yoast.com\/product\/yoast-seo-wordpress\/ -->\n<title>Descontos e Cupons - Guia Gr\u00e1tis - guia de servi\u00e7os gr\u00e1tis<\/title>\n<meta name=\"description\" content=\"Sites que oferecem cupons ou c\u00f3digos de descontos ou clubes de desconto em que o associado tem direito a pre\u00e7o mais baixo em estabelecimentos conveniados.\" \/>\n<meta name=\"robots\" content=\"index, follow, max-snippet:-1, max-image-preview:large, max-video-preview:-1\" \/>\n<link rel=\"canonical\" href=\"https:\/\/www.guiagratis.com.br\/index.php\/descontos-e-cupons\/\" \/>\n<meta property=\"og:locale\" content=\"pt_BR\" \/>\n<meta property=\"og:type\" content=\"article\" \/>\n<meta property=\"og:title\" content=\"Descontos e Cupons - Guia Gr\u00e1tis - guia de servi\u00e7os gr\u00e1tis\" \/>\n<meta property=\"og:description\" content=\"Sites que oferecem cupons ou c\u00f3digos de descontos ou clubes de desconto em que o associado tem direito a pre\u00e7o mais baixo em estabelecimentos conveniados.\" \/>\n<meta property=\"og:url\" content=\"https:\/\/www.guiagratis.com.br\/index.php\/descontos-e-cupons\/\" \/>\n<meta property=\"og:site_name\" content=\"Guia Gr\u00e1tis - guia de servi\u00e7os gr\u00e1tis\" \/>\n<meta property=\"article:publisher\" content=\"https:\/\/www.facebook.com\/guiagratis\" \/>\n<meta property=\"article:modified_time\" content=\"2025-07-12T20:21:03+00:00\" \/>\n<meta name=\"twitter:card\" content=\"summary_large_image\" \/>\n<meta name=\"twitter:site\" content=\"@siteguiagratis\" \/>\n<meta name=\"twitter:label1\" content=\"Est. tempo de leitura\" \/>\n\t<meta name=\"twitter:data1\" content=\"2 minutos\" \/>\n<script type=\"application\/ld+json\" class=\"yoast-schema-graph\">{\"@context\":\"https:\\\/\\\/schema.org\",\"@graph\":[{\"@type\":\"WebPage\",\"@id\":\"https:\\\/\\\/www.guiagratis.com.br\\\/index.php\\\/descontos-e-cupons\\\/\",\"url\":\"https:\\\/\\\/www.guiagratis.com.br\\\/index.php\\\/descontos-e-cupons\\\/\",\"name\":\"Descontos e Cupons - Guia Gr\u00e1tis - guia de servi\u00e7os gr\u00e1tis\",\"isPartOf\":{\"@id\":\"https:\\\/\\\/www.guiagratis.com.br\\\/#website\"},\"primaryImageOfPage\":{\"@id\":\"https:\\\/\\\/www.guiagratis.com.br\\\/index.php\\\/descontos-e-cupons\\\/#primaryimage\"},\"image\":{\"@id\":\"https:\\\/\\\/www.guiagratis.com.br\\\/index.php\\\/descontos-e-cupons\\\/#primaryimage\"},\"thumbnailUrl\":\"\",\"datePublished\":\"2025-07-11T23:07:15+00:00\",\"dateModified\":\"2025-07-12T20:21:03+00:00\",\"description\":\"Sites que oferecem cupons ou c\u00f3digos de descontos ou clubes de desconto em que o associado tem direito a pre\u00e7o mais baixo em estabelecimentos conveniados.\",\"breadcrumb\":{\"@id\":\"https:\\\/\\\/www.guiagratis.com.br\\\/index.php\\\/descontos-e-cupons\\\/#breadcrumb\"},\"inLanguage\":\"pt-BR\",\"potentialAction\":[{\"@type\":\"ReadAction\",\"target\":[\"https:\\\/\\\/www.guiagratis.com.br\\\/index.php\\\/descontos-e-cupons\\\/\"]}]},{\"@type\":\"ImageObject\",\"inLanguage\":\"pt-BR\",\"@id\":\"https:\\\/\\\/www.guiagratis.com.br\\\/index.php\\\/descontos-e-cupons\\\/#primaryimage\",\"url\":\"\",\"contentUrl\":\"\"},{\"@type\":\"BreadcrumbList\",\"@id\":\"https:\\\/\\\/www.guiagratis.com.br\\\/index.php\\\/descontos-e-cupons\\\/#breadcrumb\",\"itemListElement\":[{\"@type\":\"ListItem\",\"position\":1,\"name\":\"In\u00edcio\",\"item\":\"https:\\\/\\\/www.guiagratis.com.br\\\/\"},{\"@type\":\"ListItem\",\"position\":2,\"name\":\"Descontos e Cupons\"}]},{\"@type\":\"WebSite\",\"@id\":\"https:\\\/\\\/www.guiagratis.com.br\\\/#website\",\"url\":\"https:\\\/\\\/www.guiagratis.com.br\\\/\",\"name\":\"Guia Gr\u00e1tis - guia de servi\u00e7os gr\u00e1tis\",\"description\":\"\",\"publisher\":{\"@id\":\"https:\\\/\\\/www.guiagratis.com.br\\\/#organization\"},\"potentialAction\":[{\"@type\":\"SearchAction\",\"target\":{\"@type\":\"EntryPoint\",\"urlTemplate\":\"https:\\\/\\\/www.guiagratis.com.br\\\/?s={search_term_string}\"},\"query-input\":{\"@type\":\"PropertyValueSpecification\",\"valueRequired\":true,\"valueName\":\"search_term_string\"}}],\"inLanguage\":\"pt-BR\"},{\"@type\":\"Organization\",\"@id\":\"https:\\\/\\\/www.guiagratis.com.br\\\/#organization\",\"name\":\"Guia Gr\u00e1tis - guia de servi\u00e7os gr\u00e1tis\",\"url\":\"https:\\\/\\\/www.guiagratis.com.br\\\/\",\"logo\":{\"@type\":\"ImageObject\",\"inLanguage\":\"pt-BR\",\"@id\":\"https:\\\/\\\/www.guiagratis.com.br\\\/#\\\/schema\\\/logo\\\/image\\\/\",\"url\":\"https:\\\/\\\/www.guiagratis.com.br\\\/wp-content\\\/uploads\\\/2025\\\/05\\\/cropped-logo.gif\",\"contentUrl\":\"https:\\\/\\\/www.guiagratis.com.br\\\/wp-content\\\/uploads\\\/2025\\\/05\\\/cropped-logo.gif\",\"width\":175,\"height\":88,\"caption\":\"Guia Gr\u00e1tis - guia de servi\u00e7os gr\u00e1tis\"},\"image\":{\"@id\":\"https:\\\/\\\/www.guiagratis.com.br\\\/#\\\/schema\\\/logo\\\/image\\\/\"},\"sameAs\":[\"https:\\\/\\\/www.facebook.com\\\/guiagratis\",\"https:\\\/\\\/x.com\\\/siteguiagratis\"]}]}<\/script>\n<!-- \/ Yoast SEO plugin. -->","yoast_head_json":{"title":"Descontos e Cupons - Guia Gr\u00e1tis - guia de servi\u00e7os gr\u00e1tis","description":"Sites que oferecem cupons ou c\u00f3digos de descontos ou clubes de desconto em que o associado tem direito a pre\u00e7o mais baixo em estabelecimentos conveniados.","robots":{"index":"index","follow":"follow","max-snippet":"max-snippet:-1","max-image-preview":"max-image-preview:large","max-video-preview":"max-video-preview:-1"},"canonical":"https:\/\/www.guiagratis.com.br\/index.php\/descontos-e-cupons\/","og_locale":"pt_BR","og_type":"article","og_title":"Descontos e Cupons - Guia Gr\u00e1tis - guia de servi\u00e7os gr\u00e1tis","og_description":"Sites que oferecem cupons ou c\u00f3digos de descontos ou clubes de desconto em que o associado tem direito a pre\u00e7o mais baixo em estabelecimentos conveniados.","og_url":"https:\/\/www.guiagratis.com.br\/index.php\/descontos-e-cupons\/","og_site_name":"Guia Gr\u00e1tis - guia de servi\u00e7os gr\u00e1tis","article_publisher":"https:\/\/www.facebook.com\/guiagratis","article_modified_time":"2025-07-12T20:21:03+00:00","twitter_card":"summary_large_image","twitter_site":"@siteguiagratis","twitter_misc":{"Est. tempo de leitura":"2 minutos"},"schema":{"@context":"https:\/\/schema.org","@graph":[{"@type":"WebPage","@id":"https:\/\/www.guiagratis.com.br\/index.php\/descontos-e-cupons\/","url":"https:\/\/www.guiagratis.com.br\/index.php\/descontos-e-cupons\/","name":"Descontos e Cupons - Guia Gr\u00e1tis - guia de servi\u00e7os gr\u00e1tis","isPartOf":{"@id":"https:\/\/www.guiagratis.com.br\/#website"},"primaryImageOfPage":{"@id":"https:\/\/www.guiagratis.com.br\/index.php\/descontos-e-cupons\/#primaryimage"},"image":{"@id":"https:\/\/www.guiagratis.com.br\/index.php\/descontos-e-cupons\/#primaryimage"},"thumbnailUrl":"","datePublished":"2025-07-11T23:07:15+00:00","dateModified":"2025-07-12T20:21:03+00:00","description":"Sites que oferecem cupons ou c\u00f3digos de descontos ou clubes de desconto em que o associado tem direito a pre\u00e7o mais baixo em estabelecimentos conveniados.","breadcrumb":{"@id":"https:\/\/www.guiagratis.com.br\/index.php\/descontos-e-cupons\/#breadcrumb"},"inLanguage":"pt-BR","potentialAction":[{"@type":"ReadAction","target":["https:\/\/www.guiagratis.com.br\/index.php\/descontos-e-cupons\/"]}]},{"@type":"ImageObject","inLanguage":"pt-BR","@id":"https:\/\/www.guiagratis.com.br\/index.php\/descontos-e-cupons\/#primaryimage","url":"","contentUrl":""},{"@type":"BreadcrumbList","@id":"https:\/\/www.guiagratis.com.br\/index.php\/descontos-e-cupons\/#breadcrumb","itemListElement":[{"@type":"ListItem","position":1,"name":"In\u00edcio","item":"https:\/\/www.guiagratis.com.br\/"},{"@type":"ListItem","position":2,"name":"Descontos e Cupons"}]},{"@type":"WebSite","@id":"https:\/\/www.guiagratis.com.br\/#website","url":"https:\/\/www.guiagratis.com.br\/","name":"Guia Gr\u00e1tis - guia de servi\u00e7os gr\u00e1tis","description":"","publisher":{"@id":"https:\/\/www.guiagratis.com.br\/#organization"},"potentialAction":[{"@type":"SearchAction","target":{"@type":"EntryPoint","urlTemplate":"https:\/\/www.guiagratis.com.br\/?s={search_term_string}"},"query-input":{"@type":"PropertyValueSpecification","valueRequired":true,"valueName":"search_term_string"}}],"inLanguage":"pt-BR"},{"@type":"Organization","@id":"https:\/\/www.guiagratis.com.br\/#organization","name":"Guia Gr\u00e1tis - guia de servi\u00e7os gr\u00e1tis","url":"https:\/\/www.guiagratis.com.br\/","logo":{"@type":"ImageObject","inLanguage":"pt-BR","@id":"https:\/\/www.guiagratis.com.br\/#\/schema\/logo\/image\/","url":"https:\/\/www.guiagratis.com.br\/wp-content\/uploads\/2025\/05\/cropped-logo.gif","contentUrl":"https:\/\/www.guiagratis.com.br\/wp-content\/uploads\/2025\/05\/cropped-logo.gif","width":175,"height":88,"caption":"Guia Gr\u00e1tis - guia de servi\u00e7os gr\u00e1tis"},"image":{"@id":"https:\/\/www.guiagratis.com.br\/#\/schema\/logo\/image\/"},"sameAs":["https:\/\/www.facebook.com\/guiagratis","https:\/\/x.com\/siteguiagratis"]}]}},"_links":{"self":[{"href":"https:\/\/www.guiagratis.com.br\/index.php\/wp-json\/wp\/v2\/pages\/3549","targetHints":{"allow":["GET"]}}],"collection":[{"href":"https:\/\/www.guiagratis.com.br\/index.php\/wp-json\/wp\/v2\/pages"}],"about":[{"href":"https:\/\/www.guiagratis.com.br\/index.php\/wp-json\/wp\/v2\/types\/page"}],"author":[{"embeddable":true,"href":"https:\/\/www.guiagratis.com.br\/index.php\/wp-json\/wp\/v2\/users\/2"}],"replies":[{"embeddable":true,"href":"https:\/\/www.guiagratis.com.br\/index.php\/wp-json\/wp\/v2\/comments?post=3549"}],"version-history":[{"count":1,"href":"https:\/\/www.guiagratis.com.br\/index.php\/wp-json\/wp\/v2\/pages\/3549\/revisions"}],"predecessor-version":[{"id":4869,"href":"https:\/\/www.guiagratis.com.br\/index.php\/wp-json\/wp\/v2\/pages\/3549\/revisions\/4869"}],"wp:featuredmedia":[{"embeddable":true,"href":"https:\/\/www.guiagratis.com.br\/index.php\/wp-json\/"}],"wp:attachment":[{"href":"https:\/\/www.guiagratis.com.br\/index.php\/wp-json\/wp\/v2\/media?parent=3549"}],"curies":[{"name":"wp","href":"https:\/\/api.w.org\/{rel}","templated":true}]}}