{"id":3554,"date":"2018-10-15T09:10:47","date_gmt":"2018-10-15T12:10:47","guid":{"rendered":"https:\/\/www.guiagratis.com.br\/?page_id=3554"},"modified":"2025-07-08T22:48:19","modified_gmt":"2025-07-09T01:48:19","slug":"utilidades-ferramentas-midias-sociais","status":"publish","type":"page","link":"https:\/\/www.guiagratis.com.br\/index.php\/utilidades-ferramentas-midias-sociais\/","title":{"rendered":"Utilidades e Ferramentas para M\u00eddias Sociais"},"content":{"rendered":"<p style=\"text-align: justify;\"><img loading=\"lazy\" decoding=\"async\" class=\"size-medium wp-image-4419 alignleft\" src=\"http:\/\/guiagratis.com.br\/wp-content\/uploads\/2018\/10\/midias-sociais-1-1-300x158.jpg\" alt=\"ferramentas uteis midias sociais\" width=\"300\" height=\"158\" \/>Se voc\u00ea gerencia muitos perfis, p\u00e1ginas e comunidades em redes sociais \u00e9 impratic\u00e1vel postar individualmente em cada um deles. Aqui voc\u00ea encontra ferramentas \u00fateis para uma gest\u00e3o mais pr\u00e1tica e otimizada das redes e m\u00eddias sociais. Tudo para gerenciamento de Twitter, Facebook, Pinterest, Foursquare e outras.<\/p>\n<h2 style=\"text-align: justify;\">about.me<\/h2>\n<p style=\"text-align: justify;\">Algumas ferramentas para m\u00eddias sociais simplificam muito a sua vida. Esse servi\u00e7o, por exemplo, \u00e9 um centralizador de contatos em m\u00eddias sociais onde voc\u00ea pode criar uma p\u00e1gina com uma pequena biografia e links para seus contatos em diversas redes.<\/p>\n<p style=\"text-align: justify;\"><a title=\"about.me\" href=\"https:\/\/about.me\/\" target=\"_blank\" rel=\"noopener noreferrer\">https:\/\/about.me\/<\/a><\/p>\n<h2 style=\"text-align: justify;\">Agorapulse<\/h2>\n<p style=\"text-align: justify;\">Software que torna pr\u00e1tico o gerenciamento de redes sociais, permitindo agendar postagens e obter relat\u00f3rios al\u00e9m de acompanhar o engajamento dos usu\u00e1rios, interagir com seguidores e avaliar estat\u00edsticas. \u00c9 uma ferramenta paga mas tem um per\u00edodo de trial gratuito para que voc\u00ea possa avaliar se corresponde ao que est\u00e1 procurando.<\/p>\n<p style=\"text-align: justify;\"><a href=\"https:\/\/www.agorapulse.com\/\" target=\"_blank\" rel=\"noopener noreferrer\">https:\/\/www.agorapulse.com\/<\/a><\/p>\n<h2 style=\"text-align: justify;\">Buffer<\/h2>\n<p style=\"text-align: justify;\">Ferramenta para agendamento de postagens em m\u00eddias sociais que permite programa\u00e7\u00e3o de publica\u00e7\u00f5es no Pinterest, Twitter, Facebook, Google+ e Linkedin. Possui planos pagos e um plano gratuito.<\/p>\n<p style=\"text-align: justify;\"><a href=\"https:\/\/buffer.com\/\" target=\"_blank\" rel=\"noopener noreferrer\">https:\/\/buffer.com\/<\/a><\/p>\n<h2 style=\"text-align: justify;\">dlvr.it<\/h2>\n<p style=\"text-align: justify;\">Pr\u00e1tica ferramenta para gerenciamento autom\u00e1tico de redes sociais. Permite agendamento de postagens e atualiza\u00e7\u00e3o autom\u00e1tica de p\u00e1ginas e perfis com base em um feed RSS. \u00c9 gratuita para atualiza\u00e7\u00e3o de at\u00e9 3 redes, acima disso h\u00e1 planos pagos com limites maiores.<\/p>\n<p style=\"text-align: justify;\"><a href=\"https:\/\/dlvr.it\/\" target=\"_blank\" rel=\"noopener noreferrer\">https:\/\/dlvr.it\/<\/a><\/p>\n<h2 style=\"text-align: justify;\">HootSuite<\/h2>\n<p style=\"text-align: justify;\">Entre as ferramentas para m\u00eddias sociais essa com certeza \u00e9 uma das mais vers\u00e1teis para uso profissional para gerenciamento de m\u00eddias sociais onde voc\u00ea pode monitorar seus perfis, interagir com seus seguidores, controlar suas fanpages, postar no Twitter, no Linkedin, no Google +, agendar postagens, automatizar publica\u00e7\u00f5es via feed e muito mais. Possui uma vers\u00e3o gr\u00e1tis limitada que j\u00e1 permite fazer bastante coisa e a vers\u00e3o paga tem baix\u00edssimo custo.<\/p>\n<p style=\"text-align: justify;\"><a title=\"HootSuite\" href=\"https:\/\/hootsuite.com\/ target=\" rel=\"noopener noreferrer\">https:\/\/hootsuite.com\/<\/a><\/p>\n<h2 style=\"text-align: justify;\">Twitter Counter<\/h2>\n<p style=\"text-align: justify;\">Deseja exibir seu n\u00famero de seguidores no Twitter em tempo real em seu site ou blog? \u00c9 exatamente isso que o Twitter Counter permite que voc\u00ea fa\u00e7a. V\u00e1rios estilos de contador customiz\u00e1veis. Ferramenta inteiramente gratuita.<\/p>\n<p style=\"text-align: justify;\"><a title=\"Twitter Counter\" href=\"https:\/\/twittercounter.com\/\" target=\"_blank\" rel=\"noopener noreferrer\">https:\/\/twittercounter.com\/<\/a><\/p>\n<h2 style=\"text-align: justify;\">Zapier<\/h2>\n<p style=\"text-align: justify;\">Uma excelente ferramenta que lhe permite automatizar a publica\u00e7\u00e3o em redes sociais e em in\u00fameras aplica\u00e7\u00f5es web. Pode ser usado para atualizar p\u00e1ginas, perfis, agendas virtuais, postagens em blogs e muito mais. Possui um plano gratuito com que permite atualiza\u00e7\u00f5es de at\u00e9 5 aplica\u00e7\u00f5es e planos pagos com limites superiores.<\/p>\n<p style=\"text-align: justify;\"><a href=\"https:\/\/zapier.com\/\" target=\"_blank\" rel=\"noopener noreferrer\">https:\/\/zapier.com\/<\/a><\/p>\n","protected":false},"excerpt":{"rendered":"<p>Se voc\u00ea gerencia muitos perfis, p\u00e1ginas e comunidades em redes sociais \u00e9 impratic\u00e1vel postar individualmente em cada um deles. Aqui voc\u00ea encontra ferramentas \u00fateis para uma gest\u00e3o mais pr\u00e1tica e otimizada das redes e m\u00eddias sociais. Tudo para gerenciamento de Twitter, Facebook, Pinterest, Foursquare e outras. about.me Algumas ferramentas para m\u00eddias sociais simplificam muito a &hellip; <\/p>\n","protected":false},"author":2,"featured_media":4419,"parent":0,"menu_order":0,"comment_status":"closed","ping_status":"closed","template":"","meta":{"footnotes":""},"class_list":["post-3554","page","type-page","status-publish","has-post-thumbnail","hentry","entry"],"yoast_head":"<!-- This site is optimized with the Yoast SEO plugin v27.5 - https:\/\/yoast.com\/product\/yoast-seo-wordpress\/ -->\n<title>Utilidades e Ferramentas para M\u00eddias Sociais - Guia Gr\u00e1tis - guia de servi\u00e7os gr\u00e1tis<\/title>\n<meta name=\"description\" content=\"Ferramentas para m\u00eddias sociais \u00fateis para melhor utiliza\u00e7\u00e3o das redes. Tudo para gerenciamento de Twitter, Facebook, Pinterest, Foursquare e outras.\" \/>\n<meta name=\"robots\" content=\"index, follow, max-snippet:-1, max-image-preview:large, max-video-preview:-1\" \/>\n<link rel=\"canonical\" href=\"https:\/\/www.guiagratis.com.br\/index.php\/utilidades-ferramentas-midias-sociais\/\" \/>\n<meta property=\"og:locale\" content=\"pt_BR\" \/>\n<meta property=\"og:type\" content=\"article\" \/>\n<meta property=\"og:title\" content=\"Utilidades e Ferramentas para M\u00eddias Sociais - Guia Gr\u00e1tis - guia de servi\u00e7os gr\u00e1tis\" \/>\n<meta property=\"og:description\" content=\"Ferramentas para m\u00eddias sociais \u00fateis para melhor utiliza\u00e7\u00e3o das redes. Tudo para gerenciamento de Twitter, Facebook, Pinterest, Foursquare e outras.\" \/>\n<meta property=\"og:url\" content=\"https:\/\/www.guiagratis.com.br\/index.php\/utilidades-ferramentas-midias-sociais\/\" \/>\n<meta property=\"og:site_name\" content=\"Guia Gr\u00e1tis - guia de servi\u00e7os gr\u00e1tis\" \/>\n<meta property=\"article:publisher\" content=\"https:\/\/www.facebook.com\/guiagratis\" \/>\n<meta property=\"article:modified_time\" content=\"2025-07-09T01:48:19+00:00\" \/>\n<meta name=\"twitter:card\" content=\"summary_large_image\" \/>\n<meta name=\"twitter:site\" content=\"@siteguiagratis\" \/>\n<meta name=\"twitter:label1\" content=\"Est. tempo de leitura\" \/>\n\t<meta name=\"twitter:data1\" content=\"3 minutos\" \/>\n<script type=\"application\/ld+json\" class=\"yoast-schema-graph\">{\"@context\":\"https:\\\/\\\/schema.org\",\"@graph\":[{\"@type\":\"WebPage\",\"@id\":\"https:\\\/\\\/www.guiagratis.com.br\\\/index.php\\\/utilidades-ferramentas-midias-sociais\\\/\",\"url\":\"https:\\\/\\\/www.guiagratis.com.br\\\/index.php\\\/utilidades-ferramentas-midias-sociais\\\/\",\"name\":\"Utilidades e Ferramentas para M\u00eddias Sociais - Guia Gr\u00e1tis - guia de servi\u00e7os gr\u00e1tis\",\"isPartOf\":{\"@id\":\"https:\\\/\\\/www.guiagratis.com.br\\\/#website\"},\"primaryImageOfPage\":{\"@id\":\"https:\\\/\\\/www.guiagratis.com.br\\\/index.php\\\/utilidades-ferramentas-midias-sociais\\\/#primaryimage\"},\"image\":{\"@id\":\"https:\\\/\\\/www.guiagratis.com.br\\\/index.php\\\/utilidades-ferramentas-midias-sociais\\\/#primaryimage\"},\"thumbnailUrl\":\"\",\"datePublished\":\"2018-10-15T12:10:47+00:00\",\"dateModified\":\"2025-07-09T01:48:19+00:00\",\"description\":\"Ferramentas para m\u00eddias sociais \u00fateis para melhor utiliza\u00e7\u00e3o das redes. Tudo para gerenciamento de Twitter, Facebook, Pinterest, Foursquare e outras.\",\"breadcrumb\":{\"@id\":\"https:\\\/\\\/www.guiagratis.com.br\\\/index.php\\\/utilidades-ferramentas-midias-sociais\\\/#breadcrumb\"},\"inLanguage\":\"pt-BR\",\"potentialAction\":[{\"@type\":\"ReadAction\",\"target\":[\"https:\\\/\\\/www.guiagratis.com.br\\\/index.php\\\/utilidades-ferramentas-midias-sociais\\\/\"]}]},{\"@type\":\"ImageObject\",\"inLanguage\":\"pt-BR\",\"@id\":\"https:\\\/\\\/www.guiagratis.com.br\\\/index.php\\\/utilidades-ferramentas-midias-sociais\\\/#primaryimage\",\"url\":\"\",\"contentUrl\":\"\"},{\"@type\":\"BreadcrumbList\",\"@id\":\"https:\\\/\\\/www.guiagratis.com.br\\\/index.php\\\/utilidades-ferramentas-midias-sociais\\\/#breadcrumb\",\"itemListElement\":[{\"@type\":\"ListItem\",\"position\":1,\"name\":\"In\u00edcio\",\"item\":\"https:\\\/\\\/www.guiagratis.com.br\\\/\"},{\"@type\":\"ListItem\",\"position\":2,\"name\":\"Utilidades e Ferramentas para M\u00eddias Sociais\"}]},{\"@type\":\"WebSite\",\"@id\":\"https:\\\/\\\/www.guiagratis.com.br\\\/#website\",\"url\":\"https:\\\/\\\/www.guiagratis.com.br\\\/\",\"name\":\"Guia Gr\u00e1tis - guia de servi\u00e7os gr\u00e1tis\",\"description\":\"\",\"publisher\":{\"@id\":\"https:\\\/\\\/www.guiagratis.com.br\\\/#organization\"},\"potentialAction\":[{\"@type\":\"SearchAction\",\"target\":{\"@type\":\"EntryPoint\",\"urlTemplate\":\"https:\\\/\\\/www.guiagratis.com.br\\\/?s={search_term_string}\"},\"query-input\":{\"@type\":\"PropertyValueSpecification\",\"valueRequired\":true,\"valueName\":\"search_term_string\"}}],\"inLanguage\":\"pt-BR\"},{\"@type\":\"Organization\",\"@id\":\"https:\\\/\\\/www.guiagratis.com.br\\\/#organization\",\"name\":\"Guia Gr\u00e1tis - guia de servi\u00e7os gr\u00e1tis\",\"url\":\"https:\\\/\\\/www.guiagratis.com.br\\\/\",\"logo\":{\"@type\":\"ImageObject\",\"inLanguage\":\"pt-BR\",\"@id\":\"https:\\\/\\\/www.guiagratis.com.br\\\/#\\\/schema\\\/logo\\\/image\\\/\",\"url\":\"https:\\\/\\\/www.guiagratis.com.br\\\/wp-content\\\/uploads\\\/2025\\\/05\\\/cropped-logo.gif\",\"contentUrl\":\"https:\\\/\\\/www.guiagratis.com.br\\\/wp-content\\\/uploads\\\/2025\\\/05\\\/cropped-logo.gif\",\"width\":175,\"height\":88,\"caption\":\"Guia Gr\u00e1tis - guia de servi\u00e7os gr\u00e1tis\"},\"image\":{\"@id\":\"https:\\\/\\\/www.guiagratis.com.br\\\/#\\\/schema\\\/logo\\\/image\\\/\"},\"sameAs\":[\"https:\\\/\\\/www.facebook.com\\\/guiagratis\",\"https:\\\/\\\/x.com\\\/siteguiagratis\"]}]}<\/script>\n<!-- \/ Yoast SEO plugin. -->","yoast_head_json":{"title":"Utilidades e Ferramentas para M\u00eddias Sociais - Guia Gr\u00e1tis - guia de servi\u00e7os gr\u00e1tis","description":"Ferramentas para m\u00eddias sociais \u00fateis para melhor utiliza\u00e7\u00e3o das redes. Tudo para gerenciamento de Twitter, Facebook, Pinterest, Foursquare e outras.","robots":{"index":"index","follow":"follow","max-snippet":"max-snippet:-1","max-image-preview":"max-image-preview:large","max-video-preview":"max-video-preview:-1"},"canonical":"https:\/\/www.guiagratis.com.br\/index.php\/utilidades-ferramentas-midias-sociais\/","og_locale":"pt_BR","og_type":"article","og_title":"Utilidades e Ferramentas para M\u00eddias Sociais - Guia Gr\u00e1tis - guia de servi\u00e7os gr\u00e1tis","og_description":"Ferramentas para m\u00eddias sociais \u00fateis para melhor utiliza\u00e7\u00e3o das redes. Tudo para gerenciamento de Twitter, Facebook, Pinterest, Foursquare e outras.","og_url":"https:\/\/www.guiagratis.com.br\/index.php\/utilidades-ferramentas-midias-sociais\/","og_site_name":"Guia Gr\u00e1tis - guia de servi\u00e7os gr\u00e1tis","article_publisher":"https:\/\/www.facebook.com\/guiagratis","article_modified_time":"2025-07-09T01:48:19+00:00","twitter_card":"summary_large_image","twitter_site":"@siteguiagratis","twitter_misc":{"Est. tempo de leitura":"3 minutos"},"schema":{"@context":"https:\/\/schema.org","@graph":[{"@type":"WebPage","@id":"https:\/\/www.guiagratis.com.br\/index.php\/utilidades-ferramentas-midias-sociais\/","url":"https:\/\/www.guiagratis.com.br\/index.php\/utilidades-ferramentas-midias-sociais\/","name":"Utilidades e Ferramentas para M\u00eddias Sociais - Guia Gr\u00e1tis - guia de servi\u00e7os gr\u00e1tis","isPartOf":{"@id":"https:\/\/www.guiagratis.com.br\/#website"},"primaryImageOfPage":{"@id":"https:\/\/www.guiagratis.com.br\/index.php\/utilidades-ferramentas-midias-sociais\/#primaryimage"},"image":{"@id":"https:\/\/www.guiagratis.com.br\/index.php\/utilidades-ferramentas-midias-sociais\/#primaryimage"},"thumbnailUrl":"","datePublished":"2018-10-15T12:10:47+00:00","dateModified":"2025-07-09T01:48:19+00:00","description":"Ferramentas para m\u00eddias sociais \u00fateis para melhor utiliza\u00e7\u00e3o das redes. Tudo para gerenciamento de Twitter, Facebook, Pinterest, Foursquare e outras.","breadcrumb":{"@id":"https:\/\/www.guiagratis.com.br\/index.php\/utilidades-ferramentas-midias-sociais\/#breadcrumb"},"inLanguage":"pt-BR","potentialAction":[{"@type":"ReadAction","target":["https:\/\/www.guiagratis.com.br\/index.php\/utilidades-ferramentas-midias-sociais\/"]}]},{"@type":"ImageObject","inLanguage":"pt-BR","@id":"https:\/\/www.guiagratis.com.br\/index.php\/utilidades-ferramentas-midias-sociais\/#primaryimage","url":"","contentUrl":""},{"@type":"BreadcrumbList","@id":"https:\/\/www.guiagratis.com.br\/index.php\/utilidades-ferramentas-midias-sociais\/#breadcrumb","itemListElement":[{"@type":"ListItem","position":1,"name":"In\u00edcio","item":"https:\/\/www.guiagratis.com.br\/"},{"@type":"ListItem","position":2,"name":"Utilidades e Ferramentas para M\u00eddias Sociais"}]},{"@type":"WebSite","@id":"https:\/\/www.guiagratis.com.br\/#website","url":"https:\/\/www.guiagratis.com.br\/","name":"Guia Gr\u00e1tis - guia de servi\u00e7os gr\u00e1tis","description":"","publisher":{"@id":"https:\/\/www.guiagratis.com.br\/#organization"},"potentialAction":[{"@type":"SearchAction","target":{"@type":"EntryPoint","urlTemplate":"https:\/\/www.guiagratis.com.br\/?s={search_term_string}"},"query-input":{"@type":"PropertyValueSpecification","valueRequired":true,"valueName":"search_term_string"}}],"inLanguage":"pt-BR"},{"@type":"Organization","@id":"https:\/\/www.guiagratis.com.br\/#organization","name":"Guia Gr\u00e1tis - guia de servi\u00e7os gr\u00e1tis","url":"https:\/\/www.guiagratis.com.br\/","logo":{"@type":"ImageObject","inLanguage":"pt-BR","@id":"https:\/\/www.guiagratis.com.br\/#\/schema\/logo\/image\/","url":"https:\/\/www.guiagratis.com.br\/wp-content\/uploads\/2025\/05\/cropped-logo.gif","contentUrl":"https:\/\/www.guiagratis.com.br\/wp-content\/uploads\/2025\/05\/cropped-logo.gif","width":175,"height":88,"caption":"Guia Gr\u00e1tis - guia de servi\u00e7os gr\u00e1tis"},"image":{"@id":"https:\/\/www.guiagratis.com.br\/#\/schema\/logo\/image\/"},"sameAs":["https:\/\/www.facebook.com\/guiagratis","https:\/\/x.com\/siteguiagratis"]}]}},"_links":{"self":[{"href":"https:\/\/www.guiagratis.com.br\/index.php\/wp-json\/wp\/v2\/pages\/3554","targetHints":{"allow":["GET"]}}],"collection":[{"href":"https:\/\/www.guiagratis.com.br\/index.php\/wp-json\/wp\/v2\/pages"}],"about":[{"href":"https:\/\/www.guiagratis.com.br\/index.php\/wp-json\/wp\/v2\/types\/page"}],"author":[{"embeddable":true,"href":"https:\/\/www.guiagratis.com.br\/index.php\/wp-json\/wp\/v2\/users\/2"}],"replies":[{"embeddable":true,"href":"https:\/\/www.guiagratis.com.br\/index.php\/wp-json\/wp\/v2\/comments?post=3554"}],"version-history":[{"count":1,"href":"https:\/\/www.guiagratis.com.br\/index.php\/wp-json\/wp\/v2\/pages\/3554\/revisions"}],"predecessor-version":[{"id":4806,"href":"https:\/\/www.guiagratis.com.br\/index.php\/wp-json\/wp\/v2\/pages\/3554\/revisions\/4806"}],"wp:featuredmedia":[{"embeddable":true,"href":"https:\/\/www.guiagratis.com.br\/index.php\/wp-json\/"}],"wp:attachment":[{"href":"https:\/\/www.guiagratis.com.br\/index.php\/wp-json\/wp\/v2\/media?parent=3554"}],"curies":[{"name":"wp","href":"https:\/\/api.w.org\/{rel}","templated":true}]}}