{"id":3675,"date":"2025-07-26T02:59:58","date_gmt":"2025-07-26T05:59:58","guid":{"rendered":"https:\/\/www.guiagratis.com.br\/?page_id=3675"},"modified":"2025-07-27T07:55:48","modified_gmt":"2025-07-27T10:55:48","slug":"search-engines","status":"publish","type":"page","link":"https:\/\/www.guiagratis.com.br\/index.php\/search-engines\/","title":{"rendered":"Search Engines"},"content":{"rendered":"<p style=\"text-align: justify;\"><img loading=\"lazy\" decoding=\"async\" class=\"size-medium wp-image-4291 alignleft\" src=\"http:\/\/guiagratis.com.br\/wp-content\/uploads\/2018\/09\/search-engines-1-300x158.jpg\" alt=\"search engines\" width=\"300\" height=\"158\" \/>Nesta se\u00e7\u00e3o voc\u00ea vai encontrar links para search engines e \u00edndices web dos mais diversos pa\u00edses do mundo. A lista \u00e9 completamente revisada periodicamente e todos os sites que deixaram de existir ou mudaram de nicho s\u00e3o exclu\u00eddos enquanto os novos sites que v\u00e3o sendo descobertos s\u00e3o acrescentados.<\/p>\n<h6 align=\"justify\"><strong>Search Engines\u00a0da Am\u00e9rica do Norte, do Sul e Central.<\/strong><\/h6>\n<table border=\"0\" width=\"100%\" cellspacing=\"0\" cellpadding=\"0\">\n<tbody><!--- Achei ---><\/p>\n<tr>\n<td align=\"left\" width=\"50%\"><a href=\"http:\/\/www.achei.com.br\/\" target=\"_new\" rel=\"noopener noreferrer\">Achei<\/a><\/td>\n<td style=\"text-align: right;\" width=\"50%\">Brasil<\/td>\n<\/tr>\n<p><!--- Antena ---><\/p>\n<tr>\n<td align=\"left\"><a href=\"http:\/\/antena.cl\/\" target=\"_new\" rel=\"noopener noreferrer\">Antena<\/a><\/td>\n<td style=\"text-align: right;\">Chile<\/td>\n<\/tr>\n<p><!--- AOL Search ---><\/p>\n<tr>\n<td align=\"left\"><a href=\"http:\/\/netfind.aol.com\/\" target=\"_new\" rel=\"noopener noreferrer\">AOL Search<\/a><\/td>\n<td style=\"text-align: right;\" align=\"right\">EUA<\/td>\n<\/tr>\n<p><!--- Ask ---><\/p>\n<tr>\n<td align=\"left\"><a href=\"http:\/\/www.ask.com\/\" target=\"_new\" rel=\"noopener noreferrer\">Ask<\/a><\/td>\n<td style=\"text-align: right;\">EUA<\/td>\n<\/tr>\n<p><!--- Excite ---><\/p>\n<tr>\n<td align=\"left\"><a href=\"http:\/\/www.excite.com\/\" target=\"_new\" rel=\"noopener noreferrer\">Excite<\/a><\/td>\n<td style=\"text-align: right;\" align=\"right\">EUA<\/td>\n<\/tr>\n<p><!--- HotBot ---><\/p>\n<tr>\n<td align=\"left\"><a href=\"http:\/\/www.hotbot.com\/\" target=\"_new\" rel=\"noopener noreferrer\">HotBot<\/a><\/td>\n<td style=\"text-align: right;\" align=\"right\">EUA<\/td>\n<\/tr>\n<p><!--- Looksmart ---><\/p>\n<tr>\n<td align=\"left\"><a href=\"http:\/\/www.looksmart.com\/\" target=\"_new\" rel=\"noopener noreferrer\">Looksmart<\/a><\/td>\n<td style=\"text-align: right;\" align=\"right\">EUA<\/td>\n<\/tr>\n<p><!--- Lycos ---><\/p>\n<tr>\n<td align=\"left\"><a href=\"http:\/\/www.lycos.com\/\" target=\"_new\" rel=\"noopener noreferrer\">Lycos<\/a><\/td>\n<td style=\"text-align: right;\" align=\"right\">EUA<\/td>\n<\/tr>\n<p><!--- M\u00e9xico Web ---><\/p>\n<tr>\n<td align=\"left\"><a href=\"http:\/\/www.mexicoweb.com.mx\/\" target=\"_new\" rel=\"noopener noreferrer\">M\u00e9xico Web<\/a><\/td>\n<td style=\"text-align: right;\" align=\"right\">M\u00e9xico<\/td>\n<\/tr>\n<p><!--- WebCrawler ---><\/p>\n<tr>\n<td align=\"left\"><a href=\"http:\/\/www.webcrawler.com\/\" target=\"_new\" rel=\"noopener noreferrer\">WebCrawler<\/a><\/td>\n<td style=\"text-align: right;\" align=\"right\">EUA<\/td>\n<\/tr>\n<p><!--- Yahoo! ---><\/p>\n<tr>\n<td align=\"left\"><a href=\"http:\/\/www.yahoo.com\/\" target=\"_new\" rel=\"noopener noreferrer\">Yahoo!<\/a><\/td>\n<td style=\"text-align: right;\" align=\"right\">EUA<\/td>\n<\/tr>\n<\/tbody>\n<\/table>\n<h6 align=\"justify\"><strong>Search Engines\u00a0da Europa.<\/strong><\/h6>\n<table border=\"0\" width=\"100%\" cellspacing=\"0\" cellpadding=\"0\">\n<tbody><!--- Fireball Express Suche ---><\/p>\n<tr>\n<td align=\"left\"><a href=\"http:\/\/www.fireball.de\/\" target=\"_new\" rel=\"noopener noreferrer\">Fireball Express Suche<\/a><\/td>\n<td style=\"text-align: right;\" align=\"right\">Alemanha<\/td>\n<\/tr>\n<p><!--- Francit\u00e9 ---><\/p>\n<tr>\n<td align=\"left\"><a href=\"http:\/\/www.francite.com\/\" target=\"_new\" rel=\"noopener noreferrer\">Francit\u00e9<\/a><\/td>\n<td style=\"text-align: right;\" align=\"right\">Fran\u00e7a<\/td>\n<\/tr>\n<p><!--- Ilse ---><\/p>\n<tr>\n<td align=\"left\"><a href=\"http:\/\/www.ilse.nl\/\" target=\"_new\" rel=\"noopener noreferrer\">Ilse<\/a><\/td>\n<td style=\"text-align: right;\" align=\"right\">Holanda<\/td>\n<\/tr>\n<p><!--- Virgilio ---><\/p>\n<tr>\n<td align=\"left\"><a href=\"http:\/\/www.virgilio.it\/\" target=\"_new\" rel=\"noopener noreferrer\">Virgilio<\/a><\/td>\n<td style=\"text-align: right;\" align=\"right\">It\u00e1lia<\/td>\n<\/tr>\n<p><!--- Yahoo! Deutschland ---><\/p>\n<tr>\n<td align=\"left\"><a href=\"http:\/\/de.yahoo.com\" target=\"_new\" rel=\"noopener noreferrer\">Yahoo! Deutschland<\/a><\/td>\n<td style=\"text-align: right;\" align=\"right\">Alemanha<\/td>\n<\/tr>\n<p><!--- Yahoo! France ---><\/p>\n<tr>\n<td align=\"left\"><a href=\"http:\/\/fr.yahoo.com\/\" target=\"_new\" rel=\"noopener noreferrer\">Yahoo! France<\/a><\/td>\n<td style=\"text-align: right;\" align=\"right\">Fran\u00e7a<\/td>\n<\/tr>\n<p><!--- Yahoo! Italia ---><\/p>\n<tr>\n<td align=\"left\"><a href=\"http:\/\/it.yahoo.com\/\" target=\"_new\" rel=\"noopener noreferrer\">Yahoo! Italia<\/a><\/td>\n<td style=\"text-align: right;\" align=\"right\">It\u00e1lia<\/td>\n<\/tr>\n<\/tbody>\n<\/table>\n","protected":false},"excerpt":{"rendered":"<p>Nesta se\u00e7\u00e3o voc\u00ea vai encontrar links para search engines e \u00edndices web dos mais diversos pa\u00edses do mundo. A lista \u00e9 completamente revisada periodicamente e todos os sites que deixaram de existir ou mudaram de nicho s\u00e3o exclu\u00eddos enquanto os novos sites que v\u00e3o sendo descobertos s\u00e3o acrescentados. Search Engines\u00a0da Am\u00e9rica do Norte, do Sul &hellip; <\/p>\n","protected":false},"author":2,"featured_media":4291,"parent":0,"menu_order":0,"comment_status":"closed","ping_status":"closed","template":"","meta":{"footnotes":""},"class_list":["post-3675","page","type-page","status-publish","has-post-thumbnail","hentry","entry"],"yoast_head":"<!-- This site is optimized with the Yoast SEO plugin v27.5 - https:\/\/yoast.com\/product\/yoast-seo-wordpress\/ -->\n<title>Search Engines - Guia Gr\u00e1tis - guia de servi\u00e7os gr\u00e1tis<\/title>\n<meta name=\"description\" content=\"Nesta se\u00e7\u00e3o voc\u00ea vai encontrar links para search engines e \u00edndices de todos os pa\u00edses do mundo. Am\u00e9ricas, Europa, Oceania, \u00c1sia.\" \/>\n<meta name=\"robots\" content=\"index, follow, max-snippet:-1, max-image-preview:large, max-video-preview:-1\" \/>\n<link rel=\"canonical\" href=\"https:\/\/www.guiagratis.com.br\/index.php\/search-engines\/\" \/>\n<meta property=\"og:locale\" content=\"pt_BR\" \/>\n<meta property=\"og:type\" content=\"article\" \/>\n<meta property=\"og:title\" content=\"Search Engines - Guia Gr\u00e1tis - guia de servi\u00e7os gr\u00e1tis\" \/>\n<meta property=\"og:description\" content=\"Nesta se\u00e7\u00e3o voc\u00ea vai encontrar links para search engines e \u00edndices de todos os pa\u00edses do mundo. Am\u00e9ricas, Europa, Oceania, \u00c1sia.\" \/>\n<meta property=\"og:url\" content=\"https:\/\/www.guiagratis.com.br\/index.php\/search-engines\/\" \/>\n<meta property=\"og:site_name\" content=\"Guia Gr\u00e1tis - guia de servi\u00e7os gr\u00e1tis\" \/>\n<meta property=\"article:publisher\" content=\"https:\/\/www.facebook.com\/guiagratis\" \/>\n<meta property=\"article:modified_time\" content=\"2025-07-27T10:55:48+00:00\" \/>\n<meta name=\"twitter:card\" content=\"summary_large_image\" \/>\n<meta name=\"twitter:site\" content=\"@siteguiagratis\" \/>\n<meta name=\"twitter:label1\" content=\"Est. tempo de leitura\" \/>\n\t<meta name=\"twitter:data1\" content=\"1 minuto\" \/>\n<script type=\"application\/ld+json\" class=\"yoast-schema-graph\">{\"@context\":\"https:\\\/\\\/schema.org\",\"@graph\":[{\"@type\":\"WebPage\",\"@id\":\"https:\\\/\\\/www.guiagratis.com.br\\\/index.php\\\/search-engines\\\/\",\"url\":\"https:\\\/\\\/www.guiagratis.com.br\\\/index.php\\\/search-engines\\\/\",\"name\":\"Search Engines - Guia Gr\u00e1tis - guia de servi\u00e7os gr\u00e1tis\",\"isPartOf\":{\"@id\":\"https:\\\/\\\/www.guiagratis.com.br\\\/#website\"},\"primaryImageOfPage\":{\"@id\":\"https:\\\/\\\/www.guiagratis.com.br\\\/index.php\\\/search-engines\\\/#primaryimage\"},\"image\":{\"@id\":\"https:\\\/\\\/www.guiagratis.com.br\\\/index.php\\\/search-engines\\\/#primaryimage\"},\"thumbnailUrl\":\"\",\"datePublished\":\"2025-07-26T05:59:58+00:00\",\"dateModified\":\"2025-07-27T10:55:48+00:00\",\"description\":\"Nesta se\u00e7\u00e3o voc\u00ea vai encontrar links para search engines e \u00edndices de todos os pa\u00edses do mundo. Am\u00e9ricas, Europa, Oceania, \u00c1sia.\",\"breadcrumb\":{\"@id\":\"https:\\\/\\\/www.guiagratis.com.br\\\/index.php\\\/search-engines\\\/#breadcrumb\"},\"inLanguage\":\"pt-BR\",\"potentialAction\":[{\"@type\":\"ReadAction\",\"target\":[\"https:\\\/\\\/www.guiagratis.com.br\\\/index.php\\\/search-engines\\\/\"]}]},{\"@type\":\"ImageObject\",\"inLanguage\":\"pt-BR\",\"@id\":\"https:\\\/\\\/www.guiagratis.com.br\\\/index.php\\\/search-engines\\\/#primaryimage\",\"url\":\"\",\"contentUrl\":\"\"},{\"@type\":\"BreadcrumbList\",\"@id\":\"https:\\\/\\\/www.guiagratis.com.br\\\/index.php\\\/search-engines\\\/#breadcrumb\",\"itemListElement\":[{\"@type\":\"ListItem\",\"position\":1,\"name\":\"In\u00edcio\",\"item\":\"https:\\\/\\\/www.guiagratis.com.br\\\/\"},{\"@type\":\"ListItem\",\"position\":2,\"name\":\"Search Engines\"}]},{\"@type\":\"WebSite\",\"@id\":\"https:\\\/\\\/www.guiagratis.com.br\\\/#website\",\"url\":\"https:\\\/\\\/www.guiagratis.com.br\\\/\",\"name\":\"Guia Gr\u00e1tis - guia de servi\u00e7os gr\u00e1tis\",\"description\":\"\",\"publisher\":{\"@id\":\"https:\\\/\\\/www.guiagratis.com.br\\\/#organization\"},\"potentialAction\":[{\"@type\":\"SearchAction\",\"target\":{\"@type\":\"EntryPoint\",\"urlTemplate\":\"https:\\\/\\\/www.guiagratis.com.br\\\/?s={search_term_string}\"},\"query-input\":{\"@type\":\"PropertyValueSpecification\",\"valueRequired\":true,\"valueName\":\"search_term_string\"}}],\"inLanguage\":\"pt-BR\"},{\"@type\":\"Organization\",\"@id\":\"https:\\\/\\\/www.guiagratis.com.br\\\/#organization\",\"name\":\"Guia Gr\u00e1tis - guia de servi\u00e7os gr\u00e1tis\",\"url\":\"https:\\\/\\\/www.guiagratis.com.br\\\/\",\"logo\":{\"@type\":\"ImageObject\",\"inLanguage\":\"pt-BR\",\"@id\":\"https:\\\/\\\/www.guiagratis.com.br\\\/#\\\/schema\\\/logo\\\/image\\\/\",\"url\":\"https:\\\/\\\/www.guiagratis.com.br\\\/wp-content\\\/uploads\\\/2025\\\/05\\\/cropped-logo.gif\",\"contentUrl\":\"https:\\\/\\\/www.guiagratis.com.br\\\/wp-content\\\/uploads\\\/2025\\\/05\\\/cropped-logo.gif\",\"width\":175,\"height\":88,\"caption\":\"Guia Gr\u00e1tis - guia de servi\u00e7os gr\u00e1tis\"},\"image\":{\"@id\":\"https:\\\/\\\/www.guiagratis.com.br\\\/#\\\/schema\\\/logo\\\/image\\\/\"},\"sameAs\":[\"https:\\\/\\\/www.facebook.com\\\/guiagratis\",\"https:\\\/\\\/x.com\\\/siteguiagratis\"]}]}<\/script>\n<!-- \/ Yoast SEO plugin. -->","yoast_head_json":{"title":"Search Engines - Guia Gr\u00e1tis - guia de servi\u00e7os gr\u00e1tis","description":"Nesta se\u00e7\u00e3o voc\u00ea vai encontrar links para search engines e \u00edndices de todos os pa\u00edses do mundo. Am\u00e9ricas, Europa, Oceania, \u00c1sia.","robots":{"index":"index","follow":"follow","max-snippet":"max-snippet:-1","max-image-preview":"max-image-preview:large","max-video-preview":"max-video-preview:-1"},"canonical":"https:\/\/www.guiagratis.com.br\/index.php\/search-engines\/","og_locale":"pt_BR","og_type":"article","og_title":"Search Engines - Guia Gr\u00e1tis - guia de servi\u00e7os gr\u00e1tis","og_description":"Nesta se\u00e7\u00e3o voc\u00ea vai encontrar links para search engines e \u00edndices de todos os pa\u00edses do mundo. Am\u00e9ricas, Europa, Oceania, \u00c1sia.","og_url":"https:\/\/www.guiagratis.com.br\/index.php\/search-engines\/","og_site_name":"Guia Gr\u00e1tis - guia de servi\u00e7os gr\u00e1tis","article_publisher":"https:\/\/www.facebook.com\/guiagratis","article_modified_time":"2025-07-27T10:55:48+00:00","twitter_card":"summary_large_image","twitter_site":"@siteguiagratis","twitter_misc":{"Est. tempo de leitura":"1 minuto"},"schema":{"@context":"https:\/\/schema.org","@graph":[{"@type":"WebPage","@id":"https:\/\/www.guiagratis.com.br\/index.php\/search-engines\/","url":"https:\/\/www.guiagratis.com.br\/index.php\/search-engines\/","name":"Search Engines - Guia Gr\u00e1tis - guia de servi\u00e7os gr\u00e1tis","isPartOf":{"@id":"https:\/\/www.guiagratis.com.br\/#website"},"primaryImageOfPage":{"@id":"https:\/\/www.guiagratis.com.br\/index.php\/search-engines\/#primaryimage"},"image":{"@id":"https:\/\/www.guiagratis.com.br\/index.php\/search-engines\/#primaryimage"},"thumbnailUrl":"","datePublished":"2025-07-26T05:59:58+00:00","dateModified":"2025-07-27T10:55:48+00:00","description":"Nesta se\u00e7\u00e3o voc\u00ea vai encontrar links para search engines e \u00edndices de todos os pa\u00edses do mundo. Am\u00e9ricas, Europa, Oceania, \u00c1sia.","breadcrumb":{"@id":"https:\/\/www.guiagratis.com.br\/index.php\/search-engines\/#breadcrumb"},"inLanguage":"pt-BR","potentialAction":[{"@type":"ReadAction","target":["https:\/\/www.guiagratis.com.br\/index.php\/search-engines\/"]}]},{"@type":"ImageObject","inLanguage":"pt-BR","@id":"https:\/\/www.guiagratis.com.br\/index.php\/search-engines\/#primaryimage","url":"","contentUrl":""},{"@type":"BreadcrumbList","@id":"https:\/\/www.guiagratis.com.br\/index.php\/search-engines\/#breadcrumb","itemListElement":[{"@type":"ListItem","position":1,"name":"In\u00edcio","item":"https:\/\/www.guiagratis.com.br\/"},{"@type":"ListItem","position":2,"name":"Search Engines"}]},{"@type":"WebSite","@id":"https:\/\/www.guiagratis.com.br\/#website","url":"https:\/\/www.guiagratis.com.br\/","name":"Guia Gr\u00e1tis - guia de servi\u00e7os gr\u00e1tis","description":"","publisher":{"@id":"https:\/\/www.guiagratis.com.br\/#organization"},"potentialAction":[{"@type":"SearchAction","target":{"@type":"EntryPoint","urlTemplate":"https:\/\/www.guiagratis.com.br\/?s={search_term_string}"},"query-input":{"@type":"PropertyValueSpecification","valueRequired":true,"valueName":"search_term_string"}}],"inLanguage":"pt-BR"},{"@type":"Organization","@id":"https:\/\/www.guiagratis.com.br\/#organization","name":"Guia Gr\u00e1tis - guia de servi\u00e7os gr\u00e1tis","url":"https:\/\/www.guiagratis.com.br\/","logo":{"@type":"ImageObject","inLanguage":"pt-BR","@id":"https:\/\/www.guiagratis.com.br\/#\/schema\/logo\/image\/","url":"https:\/\/www.guiagratis.com.br\/wp-content\/uploads\/2025\/05\/cropped-logo.gif","contentUrl":"https:\/\/www.guiagratis.com.br\/wp-content\/uploads\/2025\/05\/cropped-logo.gif","width":175,"height":88,"caption":"Guia Gr\u00e1tis - guia de servi\u00e7os gr\u00e1tis"},"image":{"@id":"https:\/\/www.guiagratis.com.br\/#\/schema\/logo\/image\/"},"sameAs":["https:\/\/www.facebook.com\/guiagratis","https:\/\/x.com\/siteguiagratis"]}]}},"_links":{"self":[{"href":"https:\/\/www.guiagratis.com.br\/index.php\/wp-json\/wp\/v2\/pages\/3675","targetHints":{"allow":["GET"]}}],"collection":[{"href":"https:\/\/www.guiagratis.com.br\/index.php\/wp-json\/wp\/v2\/pages"}],"about":[{"href":"https:\/\/www.guiagratis.com.br\/index.php\/wp-json\/wp\/v2\/types\/page"}],"author":[{"embeddable":true,"href":"https:\/\/www.guiagratis.com.br\/index.php\/wp-json\/wp\/v2\/users\/2"}],"replies":[{"embeddable":true,"href":"https:\/\/www.guiagratis.com.br\/index.php\/wp-json\/wp\/v2\/comments?post=3675"}],"version-history":[{"count":6,"href":"https:\/\/www.guiagratis.com.br\/index.php\/wp-json\/wp\/v2\/pages\/3675\/revisions"}],"predecessor-version":[{"id":5004,"href":"https:\/\/www.guiagratis.com.br\/index.php\/wp-json\/wp\/v2\/pages\/3675\/revisions\/5004"}],"wp:featuredmedia":[{"embeddable":true,"href":"https:\/\/www.guiagratis.com.br\/index.php\/wp-json\/"}],"wp:attachment":[{"href":"https:\/\/www.guiagratis.com.br\/index.php\/wp-json\/wp\/v2\/media?parent=3675"}],"curies":[{"name":"wp","href":"https:\/\/api.w.org\/{rel}","templated":true}]}}