{"id":4438,"date":"2025-07-12T18:41:39","date_gmt":"2025-07-12T21:41:39","guid":{"rendered":"https:\/\/www.guiagratis.com.br\/?page_id=4438"},"modified":"2025-07-14T19:32:15","modified_gmt":"2025-07-14T22:32:15","slug":"musica-gratis-para-seus-videos","status":"publish","type":"page","link":"https:\/\/www.guiagratis.com.br\/index.php\/musica-gratis-para-seus-videos\/","title":{"rendered":"M\u00fasica Gr\u00e1tis para seus V\u00eddeos"},"content":{"rendered":"<p style=\"text-align: justify;\"><img loading=\"lazy\" decoding=\"async\" class=\"size-medium wp-image-4449 alignleft\" src=\"http:\/\/guiagratis.com.br\/wp-content\/uploads\/2019\/02\/musica-1-300x158.jpg\" alt=\"musica gratis para youtube\" width=\"300\" height=\"158\" \/>Quem produz v\u00eddeos para o YouTube precisa de m\u00fasicas para usar na trilha sonora. O YouTube oferece uma biblioteca de \u00e1udio com m\u00fasicas e efeitos sonoros gratuitos, mas a maior parte das m\u00fasicas j\u00e1 foi usada em dezenas ou milhares de v\u00eddeos. Se voc\u00ea quer m\u00fasicas diferentes para suas produ\u00e7\u00f5es confira os links abaixo.<\/p>\n<p><!-------------------- PREFERIDOS -------------------><\/p>\n<h2 style=\"text-align: center;\"><span style=\"color: #cc3300;\">Os Preferidos de Nossa Equipe<\/span><\/h2>\n<p><!-------------------- BENSOUND --------------------><\/p>\n<h2 style=\"text-align: justify;\">Bensound<\/h2>\n<p style=\"text-align: justify;\">Grande cole\u00e7\u00e3o de m\u00fasicas gratuitas que voc\u00ea pode baixar e usar em seus v\u00eddeos desde que d\u00ea ao site os devidos cr\u00e9ditos. Se n\u00e3o quiser dar os cr\u00e9ditos voc\u00ea pode comprar as m\u00fasicas. As m\u00fasicas s\u00e3o gratuitas mas apenas para utiliza\u00e7\u00e3o em v\u00eddeos mas n\u00e3o podem ser usadas em mixagens, podcasts, audiobooks, etc.<\/p>\n<p style=\"text-align: justify;\"><a title=\"Bestsound\" href=\"https:\/\/www.bensound.com\/\" target=\"_blank\" rel=\"noopener noreferrer\">https:\/\/www.bensound.com\/<\/a><\/p>\n<p><!-------------------- NO COPYRIGHT SOUNDS --------------------><\/p>\n<h2 style=\"text-align: justify;\">NoCopyrightSounds<\/h2>\n<p style=\"text-align: justify;\">Um dos maiores canais de youtube especializados em m\u00fasica gratuita para criadores de conte\u00fado, n\u00e3o s\u00f3 de YouTube. Cada m\u00fasica traz informa\u00e7\u00f5es pr\u00f3prias de licenciamento informando se voc\u00ea deve atribuir cr\u00e9ditos ou n\u00e3o ao criador.<\/p>\n<p><span style=\"color: #cc3300;\">Note que apesar de disponibilizar o conte\u00fado atrav\u00e9s de um canal no YouTube o canal n\u00e3o possui liga\u00e7\u00e3o alguma com o YouTube e nem \u00e9 endossado pelo mesmo.<\/span><\/p>\n<p style=\"text-align: justify;\"><a title=\"NoCopyrightSounds\" href=\"https:\/\/www.youtube.com\/user\/NoCopyrightSounds\" target=\"_blank\" rel=\"noopener noreferrer\">https:\/\/www.youtube.com\/user\/NoCopyrightSounds<\/a><\/p>\n<p><!-------------------- OUTRAS BOAS OP\u00c7\u00d5ES -------------------><\/p>\n<h2 style=\"text-align: center;\"><span style=\"color: #cc3300;\">Outras Boas Op\u00e7\u00f5es<\/span><\/h2>\n<p><!-------------------- AUDIO LIBRARY --------------------><\/p>\n<h2 style=\"text-align: justify;\">Audio Library<\/h2>\n<p style=\"text-align: justify;\">Canal de YouTube especializado em pesquisar, catalogar, classificar e publicar m\u00fasica livre de royalties que voc\u00ea pode usar gratuitamente em seus pr\u00f3prios v\u00eddeos. Cada m\u00fasica traz informa\u00e7\u00f5es sobre a necessidade ou n\u00e3o de creditar o criador em seus projetos.<\/p>\n<p style=\"text-align: justify;\"><span style=\"color: #cc3300;\">Note que apesar de disponibilizar o conte\u00fado atrav\u00e9s de um canal no YouTube o canal n\u00e3o possui liga\u00e7\u00e3o alguma com o YouTube e nem \u00e9 endossado pelo mesmo.<\/span><\/p>\n<p style=\"text-align: justify;\"><a title=\"Audio Library\" href=\"https:\/\/www.youtube.com\/channel\/UCht8qITGkBvXKsR1Byln-wA\/\" target=\"_blank\" rel=\"noopener noreferrer\">https:\/\/www.youtube.com\/channel\/UCht8qITGkBvXKsR1Byln-wA\/<\/a><\/p>\n<p><!-------------------- CCMIXTER --------------------><\/p>\n<h2 style=\"text-align: justify;\">ccMixter<\/h2>\n<p style=\"text-align: justify;\">Site com vasta cole\u00e7\u00e3o de m\u00fasicas disponibilizadas por diversos artistas do mundo inteiro que voc\u00ea pode usar gratuitamente em seus v\u00eddeos desde que d\u00ea o devido cr\u00e9dito ao artista conforme informado no site.<\/p>\n<p style=\"text-align: justify;\"><a title=\"ccMixter\" href=\"https:\/\/ccmixter.org\/\" target=\"_blank\" rel=\"noopener noreferrer\">https:\/\/ccmixter.org\/<\/a><\/p>\n<p><!-------------------- FREE MUSIC ARCHIVE --------------------><\/p>\n<h2 style=\"text-align: justify;\">Free Music Archive<\/h2>\n<p style=\"text-align: justify;\">Grande cole\u00e7\u00e3o de m\u00fasicas para download nos mais variados g\u00eaneros que voc\u00ea pode usar em seus v\u00eddeos desde que atribua os cr\u00e9ditos devidos conforme o site solicita.<\/p>\n<p style=\"text-align: justify;\"><a title=\"Free Music Archive\" href=\"https:\/\/freemusicarchive.org\/\" target=\"_blank\" rel=\"noopener noreferrer\">https:\/\/freemusicarchive.org\/<\/a><\/p>\n<p><!-------------------- FREE STOCK MUSIC --------------------><\/p>\n<h2 style=\"text-align: justify;\">Free Stock Music<\/h2>\n<p style=\"text-align: justify;\">Site com grande cole\u00e7\u00e3o de m\u00fasicas disponibilizadas para uso em v\u00eddeos. A maioria das m\u00fasicas \u00e9 para utiliza\u00e7\u00e3o gratuita desde que voc\u00ea d\u00ea cr\u00e9ditos ao autor, outras exigem que seja pago o licenciamento.<\/p>\n<p style=\"text-align: justify;\"><a title=\"Free Stock Music\" href=\"https:\/\/www.free-stock-music.com\/\" target=\"_blank\" rel=\"noopener noreferrer\">https:\/\/www.free-stock-music.com\/<\/a><\/p>\n<p><!-------------------- INCOMPETECH --------------------><\/p>\n<h2 style=\"text-align: justify;\">Incompetech<\/h2>\n<p style=\"text-align: justify;\">Site criado pelo compositor Kevin MacLeod, que inclusive tem v\u00e1rias m\u00fasicas na biblioteca de \u00e1udio do YouTube. Grande quantidade de m\u00fasicas que voc\u00ea pode usar gratuitamente em seus v\u00eddeos desde que d\u00ea ao autor o devido cr\u00e9dito.<\/p>\n<p style=\"text-align: justify;\"><a title=\"Incompetech\" href=\"https:\/\/incompetech.com\/\" target=\"_blank\" rel=\"noopener noreferrer\">https:\/\/incompetech.com\/<\/a><\/p>\n<p><!-------------------- JOSH WOODWARD --------------------><\/p>\n<h2 style=\"text-align: justify;\">Josh Woodward<\/h2>\n<p style=\"text-align: justify;\">Site do compositor norte-americano Josh Woodward em que o pr\u00f3prio compositor disponibiliza suas cria\u00e7\u00f5es para que sejam utilizadas em projetos de v\u00eddeos. Voc\u00ea deve dar cr\u00e9dito ao autor se usar as m\u00fasicas.<\/p>\n<p style=\"text-align: justify;\"><a title=\"Josh Woodward\" href=\"https:\/\/www.joshwoodward.com\/\" target=\"_blank\" rel=\"noopener noreferrer\">https:\/\/www.joshwoodward.com\/<\/a><\/p>\n<h2 style=\"text-align: justify;\">Partners In Rhyme<\/h2>\n<p style=\"text-align: justify;\">Site existente desde 1996 especializado em licenciamento de m\u00fasica online. Nem todo conte\u00fado \u00e9 gratuito mas possuir uma se\u00e7\u00e3o de loops com bastante op\u00e7\u00f5es que voc\u00ea pode baixar e usar gratuitamente em seus projetos.<\/p>\n<p style=\"text-align: justify;\"><a title=\"Partners In Rhyme\" href=\"https:\/\/www.partnersinrhyme.com\/pir\/free_music_loops.shtml\" target=\"_blank\" rel=\"noopener noreferrer\">https:\/\/www.partnersinrhyme.com\/pir\/free_music_loops.shtml<\/a><\/p>\n","protected":false},"excerpt":{"rendered":"<p>Quem produz v\u00eddeos para o YouTube precisa de m\u00fasicas para usar na trilha sonora. O YouTube oferece uma biblioteca de \u00e1udio com m\u00fasicas e efeitos sonoros gratuitos, mas a maior parte das m\u00fasicas j\u00e1 foi usada em dezenas ou milhares de v\u00eddeos. Se voc\u00ea quer m\u00fasicas diferentes para suas produ\u00e7\u00f5es confira os links abaixo. Os &hellip; <\/p>\n","protected":false},"author":2,"featured_media":4449,"parent":0,"menu_order":0,"comment_status":"closed","ping_status":"closed","template":"","meta":{"footnotes":""},"class_list":["post-4438","page","type-page","status-publish","has-post-thumbnail","hentry","entry"],"yoast_head":"<!-- This site is optimized with the Yoast SEO plugin v27.5 - https:\/\/yoast.com\/product\/yoast-seo-wordpress\/ -->\n<title>M\u00fasica Gr\u00e1tis para seus V\u00eddeos - Guia Gr\u00e1tis - guia de servi\u00e7os gr\u00e1tis<\/title>\n<meta name=\"description\" content=\"Se voc\u00ea cansou da biblioteca do YouTube nessa se\u00e7\u00e3o encontra links onde poder\u00e1 fazer doenload de m\u00fasicas gr\u00e1tis diferentes para usar em seus v\u00eddeos..\" \/>\n<meta name=\"robots\" content=\"index, follow, max-snippet:-1, max-image-preview:large, max-video-preview:-1\" \/>\n<link rel=\"canonical\" href=\"https:\/\/www.guiagratis.com.br\/index.php\/musica-gratis-para-seus-videos\/\" \/>\n<meta property=\"og:locale\" content=\"pt_BR\" \/>\n<meta property=\"og:type\" content=\"article\" \/>\n<meta property=\"og:title\" content=\"M\u00fasica Gr\u00e1tis para seus V\u00eddeos - Guia Gr\u00e1tis - guia de servi\u00e7os gr\u00e1tis\" \/>\n<meta property=\"og:description\" content=\"Se voc\u00ea cansou da biblioteca do YouTube nessa se\u00e7\u00e3o encontra links onde poder\u00e1 fazer doenload de m\u00fasicas gr\u00e1tis diferentes para usar em seus v\u00eddeos..\" \/>\n<meta property=\"og:url\" content=\"https:\/\/www.guiagratis.com.br\/index.php\/musica-gratis-para-seus-videos\/\" \/>\n<meta property=\"og:site_name\" content=\"Guia Gr\u00e1tis - guia de servi\u00e7os gr\u00e1tis\" \/>\n<meta property=\"article:publisher\" content=\"https:\/\/www.facebook.com\/guiagratis\" \/>\n<meta property=\"article:modified_time\" content=\"2025-07-14T22:32:15+00:00\" \/>\n<meta name=\"twitter:card\" content=\"summary_large_image\" \/>\n<meta name=\"twitter:site\" content=\"@siteguiagratis\" \/>\n<meta name=\"twitter:label1\" content=\"Est. tempo de leitura\" \/>\n\t<meta name=\"twitter:data1\" content=\"3 minutos\" \/>\n<script type=\"application\/ld+json\" class=\"yoast-schema-graph\">{\"@context\":\"https:\\\/\\\/schema.org\",\"@graph\":[{\"@type\":\"WebPage\",\"@id\":\"https:\\\/\\\/www.guiagratis.com.br\\\/index.php\\\/musica-gratis-para-seus-videos\\\/\",\"url\":\"https:\\\/\\\/www.guiagratis.com.br\\\/index.php\\\/musica-gratis-para-seus-videos\\\/\",\"name\":\"M\u00fasica Gr\u00e1tis para seus V\u00eddeos - Guia Gr\u00e1tis - guia de servi\u00e7os gr\u00e1tis\",\"isPartOf\":{\"@id\":\"https:\\\/\\\/www.guiagratis.com.br\\\/#website\"},\"primaryImageOfPage\":{\"@id\":\"https:\\\/\\\/www.guiagratis.com.br\\\/index.php\\\/musica-gratis-para-seus-videos\\\/#primaryimage\"},\"image\":{\"@id\":\"https:\\\/\\\/www.guiagratis.com.br\\\/index.php\\\/musica-gratis-para-seus-videos\\\/#primaryimage\"},\"thumbnailUrl\":\"\",\"datePublished\":\"2025-07-12T21:41:39+00:00\",\"dateModified\":\"2025-07-14T22:32:15+00:00\",\"description\":\"Se voc\u00ea cansou da biblioteca do YouTube nessa se\u00e7\u00e3o encontra links onde poder\u00e1 fazer doenload de m\u00fasicas gr\u00e1tis diferentes para usar em seus v\u00eddeos..\",\"breadcrumb\":{\"@id\":\"https:\\\/\\\/www.guiagratis.com.br\\\/index.php\\\/musica-gratis-para-seus-videos\\\/#breadcrumb\"},\"inLanguage\":\"pt-BR\",\"potentialAction\":[{\"@type\":\"ReadAction\",\"target\":[\"https:\\\/\\\/www.guiagratis.com.br\\\/index.php\\\/musica-gratis-para-seus-videos\\\/\"]}]},{\"@type\":\"ImageObject\",\"inLanguage\":\"pt-BR\",\"@id\":\"https:\\\/\\\/www.guiagratis.com.br\\\/index.php\\\/musica-gratis-para-seus-videos\\\/#primaryimage\",\"url\":\"\",\"contentUrl\":\"\"},{\"@type\":\"BreadcrumbList\",\"@id\":\"https:\\\/\\\/www.guiagratis.com.br\\\/index.php\\\/musica-gratis-para-seus-videos\\\/#breadcrumb\",\"itemListElement\":[{\"@type\":\"ListItem\",\"position\":1,\"name\":\"In\u00edcio\",\"item\":\"https:\\\/\\\/www.guiagratis.com.br\\\/\"},{\"@type\":\"ListItem\",\"position\":2,\"name\":\"M\u00fasica Gr\u00e1tis para seus V\u00eddeos\"}]},{\"@type\":\"WebSite\",\"@id\":\"https:\\\/\\\/www.guiagratis.com.br\\\/#website\",\"url\":\"https:\\\/\\\/www.guiagratis.com.br\\\/\",\"name\":\"Guia Gr\u00e1tis - guia de servi\u00e7os gr\u00e1tis\",\"description\":\"\",\"publisher\":{\"@id\":\"https:\\\/\\\/www.guiagratis.com.br\\\/#organization\"},\"potentialAction\":[{\"@type\":\"SearchAction\",\"target\":{\"@type\":\"EntryPoint\",\"urlTemplate\":\"https:\\\/\\\/www.guiagratis.com.br\\\/?s={search_term_string}\"},\"query-input\":{\"@type\":\"PropertyValueSpecification\",\"valueRequired\":true,\"valueName\":\"search_term_string\"}}],\"inLanguage\":\"pt-BR\"},{\"@type\":\"Organization\",\"@id\":\"https:\\\/\\\/www.guiagratis.com.br\\\/#organization\",\"name\":\"Guia Gr\u00e1tis - guia de servi\u00e7os gr\u00e1tis\",\"url\":\"https:\\\/\\\/www.guiagratis.com.br\\\/\",\"logo\":{\"@type\":\"ImageObject\",\"inLanguage\":\"pt-BR\",\"@id\":\"https:\\\/\\\/www.guiagratis.com.br\\\/#\\\/schema\\\/logo\\\/image\\\/\",\"url\":\"https:\\\/\\\/www.guiagratis.com.br\\\/wp-content\\\/uploads\\\/2025\\\/05\\\/cropped-logo.gif\",\"contentUrl\":\"https:\\\/\\\/www.guiagratis.com.br\\\/wp-content\\\/uploads\\\/2025\\\/05\\\/cropped-logo.gif\",\"width\":175,\"height\":88,\"caption\":\"Guia Gr\u00e1tis - guia de servi\u00e7os gr\u00e1tis\"},\"image\":{\"@id\":\"https:\\\/\\\/www.guiagratis.com.br\\\/#\\\/schema\\\/logo\\\/image\\\/\"},\"sameAs\":[\"https:\\\/\\\/www.facebook.com\\\/guiagratis\",\"https:\\\/\\\/x.com\\\/siteguiagratis\"]}]}<\/script>\n<!-- \/ Yoast SEO plugin. -->","yoast_head_json":{"title":"M\u00fasica Gr\u00e1tis para seus V\u00eddeos - Guia Gr\u00e1tis - guia de servi\u00e7os gr\u00e1tis","description":"Se voc\u00ea cansou da biblioteca do YouTube nessa se\u00e7\u00e3o encontra links onde poder\u00e1 fazer doenload de m\u00fasicas gr\u00e1tis diferentes para usar em seus v\u00eddeos..","robots":{"index":"index","follow":"follow","max-snippet":"max-snippet:-1","max-image-preview":"max-image-preview:large","max-video-preview":"max-video-preview:-1"},"canonical":"https:\/\/www.guiagratis.com.br\/index.php\/musica-gratis-para-seus-videos\/","og_locale":"pt_BR","og_type":"article","og_title":"M\u00fasica Gr\u00e1tis para seus V\u00eddeos - Guia Gr\u00e1tis - guia de servi\u00e7os gr\u00e1tis","og_description":"Se voc\u00ea cansou da biblioteca do YouTube nessa se\u00e7\u00e3o encontra links onde poder\u00e1 fazer doenload de m\u00fasicas gr\u00e1tis diferentes para usar em seus v\u00eddeos..","og_url":"https:\/\/www.guiagratis.com.br\/index.php\/musica-gratis-para-seus-videos\/","og_site_name":"Guia Gr\u00e1tis - guia de servi\u00e7os gr\u00e1tis","article_publisher":"https:\/\/www.facebook.com\/guiagratis","article_modified_time":"2025-07-14T22:32:15+00:00","twitter_card":"summary_large_image","twitter_site":"@siteguiagratis","twitter_misc":{"Est. tempo de leitura":"3 minutos"},"schema":{"@context":"https:\/\/schema.org","@graph":[{"@type":"WebPage","@id":"https:\/\/www.guiagratis.com.br\/index.php\/musica-gratis-para-seus-videos\/","url":"https:\/\/www.guiagratis.com.br\/index.php\/musica-gratis-para-seus-videos\/","name":"M\u00fasica Gr\u00e1tis para seus V\u00eddeos - Guia Gr\u00e1tis - guia de servi\u00e7os gr\u00e1tis","isPartOf":{"@id":"https:\/\/www.guiagratis.com.br\/#website"},"primaryImageOfPage":{"@id":"https:\/\/www.guiagratis.com.br\/index.php\/musica-gratis-para-seus-videos\/#primaryimage"},"image":{"@id":"https:\/\/www.guiagratis.com.br\/index.php\/musica-gratis-para-seus-videos\/#primaryimage"},"thumbnailUrl":"","datePublished":"2025-07-12T21:41:39+00:00","dateModified":"2025-07-14T22:32:15+00:00","description":"Se voc\u00ea cansou da biblioteca do YouTube nessa se\u00e7\u00e3o encontra links onde poder\u00e1 fazer doenload de m\u00fasicas gr\u00e1tis diferentes para usar em seus v\u00eddeos..","breadcrumb":{"@id":"https:\/\/www.guiagratis.com.br\/index.php\/musica-gratis-para-seus-videos\/#breadcrumb"},"inLanguage":"pt-BR","potentialAction":[{"@type":"ReadAction","target":["https:\/\/www.guiagratis.com.br\/index.php\/musica-gratis-para-seus-videos\/"]}]},{"@type":"ImageObject","inLanguage":"pt-BR","@id":"https:\/\/www.guiagratis.com.br\/index.php\/musica-gratis-para-seus-videos\/#primaryimage","url":"","contentUrl":""},{"@type":"BreadcrumbList","@id":"https:\/\/www.guiagratis.com.br\/index.php\/musica-gratis-para-seus-videos\/#breadcrumb","itemListElement":[{"@type":"ListItem","position":1,"name":"In\u00edcio","item":"https:\/\/www.guiagratis.com.br\/"},{"@type":"ListItem","position":2,"name":"M\u00fasica Gr\u00e1tis para seus V\u00eddeos"}]},{"@type":"WebSite","@id":"https:\/\/www.guiagratis.com.br\/#website","url":"https:\/\/www.guiagratis.com.br\/","name":"Guia Gr\u00e1tis - guia de servi\u00e7os gr\u00e1tis","description":"","publisher":{"@id":"https:\/\/www.guiagratis.com.br\/#organization"},"potentialAction":[{"@type":"SearchAction","target":{"@type":"EntryPoint","urlTemplate":"https:\/\/www.guiagratis.com.br\/?s={search_term_string}"},"query-input":{"@type":"PropertyValueSpecification","valueRequired":true,"valueName":"search_term_string"}}],"inLanguage":"pt-BR"},{"@type":"Organization","@id":"https:\/\/www.guiagratis.com.br\/#organization","name":"Guia Gr\u00e1tis - guia de servi\u00e7os gr\u00e1tis","url":"https:\/\/www.guiagratis.com.br\/","logo":{"@type":"ImageObject","inLanguage":"pt-BR","@id":"https:\/\/www.guiagratis.com.br\/#\/schema\/logo\/image\/","url":"https:\/\/www.guiagratis.com.br\/wp-content\/uploads\/2025\/05\/cropped-logo.gif","contentUrl":"https:\/\/www.guiagratis.com.br\/wp-content\/uploads\/2025\/05\/cropped-logo.gif","width":175,"height":88,"caption":"Guia Gr\u00e1tis - guia de servi\u00e7os gr\u00e1tis"},"image":{"@id":"https:\/\/www.guiagratis.com.br\/#\/schema\/logo\/image\/"},"sameAs":["https:\/\/www.facebook.com\/guiagratis","https:\/\/x.com\/siteguiagratis"]}]}},"_links":{"self":[{"href":"https:\/\/www.guiagratis.com.br\/index.php\/wp-json\/wp\/v2\/pages\/4438","targetHints":{"allow":["GET"]}}],"collection":[{"href":"https:\/\/www.guiagratis.com.br\/index.php\/wp-json\/wp\/v2\/pages"}],"about":[{"href":"https:\/\/www.guiagratis.com.br\/index.php\/wp-json\/wp\/v2\/types\/page"}],"author":[{"embeddable":true,"href":"https:\/\/www.guiagratis.com.br\/index.php\/wp-json\/wp\/v2\/users\/2"}],"replies":[{"embeddable":true,"href":"https:\/\/www.guiagratis.com.br\/index.php\/wp-json\/wp\/v2\/comments?post=4438"}],"version-history":[{"count":4,"href":"https:\/\/www.guiagratis.com.br\/index.php\/wp-json\/wp\/v2\/pages\/4438\/revisions"}],"predecessor-version":[{"id":4958,"href":"https:\/\/www.guiagratis.com.br\/index.php\/wp-json\/wp\/v2\/pages\/4438\/revisions\/4958"}],"wp:featuredmedia":[{"embeddable":true,"href":"https:\/\/www.guiagratis.com.br\/index.php\/wp-json\/"}],"wp:attachment":[{"href":"https:\/\/www.guiagratis.com.br\/index.php\/wp-json\/wp\/v2\/media?parent=4438"}],"curies":[{"name":"wp","href":"https:\/\/api.w.org\/{rel}","templated":true}]}}