{"id":4540,"date":"2025-07-12T22:14:47","date_gmt":"2025-07-13T01:14:47","guid":{"rendered":"https:\/\/www.guiagratis.com.br\/?page_id=4540"},"modified":"2025-07-14T21:28:01","modified_gmt":"2025-07-15T00:28:01","slug":"plataformas-para-publicacao-de-videos","status":"publish","type":"page","link":"https:\/\/www.guiagratis.com.br\/index.php\/plataformas-para-publicacao-de-videos\/","title":{"rendered":"Plataformas para Publica\u00e7\u00e3o de V\u00eddeos"},"content":{"rendered":"<p style=\"text-align: justify;\"><img loading=\"lazy\" decoding=\"async\" class=\"size-medium wp-image-4541 alignleft\" src=\"https:\/\/www.guiagratis.com.br\/wp-content\/uploads\/2020\/02\/plataformas-videos-300x146.jpg\" alt=\"plataformas de v\u00eddeos\" width=\"300\" height=\"146\" \/>Se voc\u00ea produz conte\u00fado em v\u00eddeo para a Internet uma das primeiras coisas que vai precisar \u00e9 uma plataforma onde possa hospedar seu material e disponibiliz\u00e1-lo ao p\u00fablico. Existem v\u00e1rias plataformas que oferecem esse servi\u00e7o, abaixo n\u00f3s listamos algumas delas. Nossa sugest\u00e3o \u00e9 que voc\u00ea experimente v\u00e1rias e escolha a de sua prefer\u00eancia.<\/p>\n<p><!-------------------- PREFERIDOS --------------------><\/p>\n<h2 style=\"text-align: center;\"><span style=\"color: #cc3300;\">Os Preferidos do Editor<\/span><\/h2>\n<p><!-------------------- COS.TV --------------------><\/p>\n<h2 style=\"text-align: justify;\">COS.TV<\/h2>\n<p style=\"text-align: justify;\">Lan\u00e7ada em 2019 \u00e9 uma plataforma gratuita para publica\u00e7\u00e3o de v\u00eddeos que funciona com base em blockchain.\u00a0 A proposta \u00e9 oferecer mais transpar\u00eancia e rastreabilidade na rela\u00e7\u00e3o entre influenciadores digitais, anunciantes e usu\u00e1rios. Remunera tanto os produtores de conte\u00fado como os usu\u00e1rios que assistem v\u00eddeos por meio de uma criptomoeda pr\u00f3pria. Quem s\u00f3 consome conte\u00fado \u00e9 monetizado assistindo v\u00eddeos, deixando likes e participando de jogos dentro da plataforma.<\/p>\n<p style=\"text-align: justify;\"><a title=\"COS.TV\" href=\"https:\/\/cos.tv\/account\/register?invite_code=GRLOB\" target=\"_blank\" rel=\"noopener noreferrer\">https:\/\/cos.tv\/<\/a><\/p>\n<p><!-------------------- ODYSEE --------------------><\/p>\n<h2 style=\"text-align: justify;\">Odysee<\/h2>\n<p style=\"text-align: justify;\">Plataforma descentralizada de publica\u00e7\u00e3o criada pela LBRY usando sua blockchain. O criador de conte\u00fado \u00e9 monetizado de diversas maneiras, como cumprindo metas na plataforma, realizando tarefas e recebendo gorjetas dos usu\u00e1rios. O criador tamb\u00e9m pode definir um valor para seu conte\u00fado, que nesse caso s\u00f3 poder\u00e1 ser acessado por usu\u00e1rios pagantes. A plataforma usa uma criptomoeda pr\u00f3pria, o LBC.<\/p>\n<p style=\"text-align: justify;\"><a title=\"Odysee\" href=\"https:\/\/odysee.com\/\" target=\"_blank\" rel=\"noopener noreferrer\">https:\/\/odysee.com<\/a><\/p>\n<p><!-------------------- RUMBLE --------------------><\/p>\n<h2 style=\"text-align: justify;\">Rumble<\/h2>\n<p style=\"text-align: justify;\">Plataforma de compartilhamento de v\u00eddeos criada no Canad\u00e1 em 2013 e que vem se notabilizando pela defesa da liberdade de express\u00e3o e pelo combate \u00e0 censura. A plataforma n\u00e3o permite acesso do Brasil desde 2023 em resposta a repetidos pedidos de censura feitos por autoridade brasileira, mas pode ser acessada usando VPN.<\/p>\n<p style=\"text-align: justify;\"><a title=\"Rumble\" href=\"https:\/\/rumble.com\/\" target=\"_blank\" rel=\"noopener noreferrer\">https:\/\/rumble.com<\/a><\/p>\n<p><!-------------------- YOUTUBE --------------------><\/p>\n<h2 style=\"text-align: justify;\">YouTube<\/h2>\n<p style=\"text-align: justify;\">Com certeza a mais popular plataforma para publica\u00e7\u00e3o de v\u00eddeos na Internet. Criado por tr\u00eas ex-funcion\u00e1rios do PayPal em fevereiro de 2005 e comprado pelo Google em novembro de 2006. O criador de conte\u00fado que optar por hospedar v\u00eddeos na plataforma pode solicitar an\u00e1lise para monetiza\u00e7\u00e3o quando seu canal ultrapassa 4000 horas de visualiza\u00e7\u00e3o nos \u00faltimos 12 meses e j\u00e1 tem mais de 1000 inscritos.<\/p>\n<p style=\"text-align: justify;\"><a title=\"YouTube\" href=\"https:\/\/www.youtube.com\/\" target=\"_blank\" rel=\"noopener noreferrer\">https:\/\/www.youtube.com\/<\/a><\/p>\n<p><!-------------------- OUTRAS BOAS OP\u00c7\u00d5ES --------------------><\/p>\n<h2 style=\"text-align: center;\"><span style=\"color: #cc3300;\">Outras Boas Op\u00e7\u00f5es<\/span><\/h2>\n<p><!-------------------- BITCHUTE --------------------><\/p>\n<h2 style=\"text-align: justify;\">Bitchute<\/h2>\n<p style=\"text-align: justify;\">Plataforma descentralizada de publica\u00e7\u00e3o de v\u00eddeos que prioriza a liberdade e a privacidade de seus usu\u00e1rios. Muito popular nos Estados Unidos e vem tornando-se mais popular no Brasil nos \u00faltimos tempos.<\/p>\n<p style=\"text-align: justify;\"><a title=\"Bitchute\" href=\"https:\/\/www.bitchute.com\/\" target=\"_blank\" rel=\"noopener noreferrer\">https:\/\/www.bitchute.com\/<\/a><\/p>\n<p><!-------------------- DAILYMOTION --------------------><\/p>\n<h2 style=\"text-align: justify;\">Dailymotion<\/h2>\n<p style=\"text-align: justify;\">Plataforma francesa de compartilhamento de v\u00eddeos criada em 2005 e muito popular na Europa cuja popularidade vem aos poucos aumentando no Brasil. \u00c9 um dos sites mais acessados do mundo. No momento em que estamos escrevendo essa postagem n\u00e3o h\u00e1 requisitos m\u00ednimos para quem desejar monetizar seus v\u00eddeos.<\/p>\n<p style=\"text-align: justify;\"><a title=\"Dailymotion\" href=\"https:\/\/www.dailymotion.com\/\" target=\"_blank\" rel=\"noopener noreferrer\">https:\/\/www.dailymotion.com\/<\/a><\/p>\n<p><!-------------------- PEERTUBE --------------------><\/p>\n<h2 style=\"text-align: justify;\">PeerTube<\/h2>\n<p style=\"text-align: justify;\">Plataforma descentralizada de c\u00f3digo aberto baseada na tecnologia peer-to-peer. Cada servidor \u00e9 administrado por uma pessoa diferente e tem suas pr\u00f3prias regras de modera\u00e7\u00e3o de conte\u00fado. Voc\u00ea pode inclusive criar sua pr\u00f3pria inst\u00e2ncia (servidor) e hospedar apenas seus parceiros.<\/p>\n<p style=\"text-align: justify;\"><a title=\"PeerTube\" href=\"https:\/\/joinpeertube.org\/\" target=\"_blank\" rel=\"noopener noreferrer\">https:\/\/joinpeertube.org\/<\/a><\/p>\n<p><!-------------------- TWITCH --------------------><\/p>\n<h2 style=\"text-align: justify;\">Twitch<\/h2>\n<p style=\"text-align: justify;\">Plataforma para streaming focada no nicho de games. Lan\u00e7ada em junho de 2011, foi adquirida pela Amazon em 2014. Transmite games e competi\u00e7\u00f5es de e-sports. Os produtores podem monetizar seu conte\u00fado aceitando inscri\u00e7\u00f5es de espectadores, ganhando Bits que os espectadores podem comprar para presentear e ainda recebem parte da renda gerada por qualquer an\u00fancio reproduzido em seus canais.<\/p>\n<p style=\"text-align: justify;\"><a title=\"Twitch\" href=\"https:\/\/www.twitch.tv\/\" target=\"_blank\" rel=\"noopener noreferrer\">https:\/\/www.twitch.tv\/<\/a><\/p>\n<p><!-------------------- VIMEO --------------------><\/p>\n<h2 style=\"text-align: justify;\">Vimeo<\/h2>\n<p style=\"text-align: justify;\">Se voc\u00ea quer divulgar seu conte\u00fado em uma plataforma mas n\u00e3o se preocupa com monetiza\u00e7\u00e3o pode ser uma \u00f3tima escolha. Fundado nos EUA em 2004 o Vimeo oferece um plano b\u00e1sico gratuito, mas muitos excelentes recursos s\u00e3o exclusivos de planos pagos. Em um plano pago oferece inclusive a possibilidade de live streaming.<\/p>\n<p style=\"text-align: justify;\"><a title=\"Vimeo\" href=\"https:\/\/vimeo.com\/\" target=\"_blank\" rel=\"noopener noreferrer\">https:\/\/vimeo.com\/<\/a><\/p>\n","protected":false},"excerpt":{"rendered":"<p>Se voc\u00ea produz conte\u00fado em v\u00eddeo para a Internet uma das primeiras coisas que vai precisar \u00e9 uma plataforma onde possa hospedar seu material e disponibiliz\u00e1-lo ao p\u00fablico. Existem v\u00e1rias plataformas que oferecem esse servi\u00e7o, abaixo n\u00f3s listamos algumas delas. Nossa sugest\u00e3o \u00e9 que voc\u00ea experimente v\u00e1rias e escolha a de sua prefer\u00eancia. Os Preferidos &hellip; <\/p>\n","protected":false},"author":2,"featured_media":4541,"parent":0,"menu_order":0,"comment_status":"closed","ping_status":"closed","template":"","meta":{"footnotes":""},"class_list":["post-4540","page","type-page","status-publish","has-post-thumbnail","hentry","entry"],"yoast_head":"<!-- This site is optimized with the Yoast SEO plugin v27.5 - https:\/\/yoast.com\/product\/yoast-seo-wordpress\/ -->\n<title>Plataformas para Publica\u00e7\u00e3o de V\u00eddeos - Guia Gr\u00e1tis - guia de servi\u00e7os gr\u00e1tis<\/title>\n<meta name=\"robots\" content=\"index, follow, max-snippet:-1, max-image-preview:large, max-video-preview:-1\" \/>\n<link rel=\"canonical\" href=\"https:\/\/www.guiagratis.com.br\/index.php\/plataformas-para-publicacao-de-videos\/\" \/>\n<meta property=\"og:locale\" content=\"pt_BR\" \/>\n<meta property=\"og:type\" content=\"article\" \/>\n<meta property=\"og:title\" content=\"Plataformas para Publica\u00e7\u00e3o de V\u00eddeos - Guia Gr\u00e1tis - guia de servi\u00e7os gr\u00e1tis\" \/>\n<meta property=\"og:description\" content=\"Se voc\u00ea produz conte\u00fado em v\u00eddeo para a Internet uma das primeiras coisas que vai precisar \u00e9 uma plataforma onde possa hospedar seu material e disponibiliz\u00e1-lo ao p\u00fablico. Existem v\u00e1rias plataformas que oferecem esse servi\u00e7o, abaixo n\u00f3s listamos algumas delas. Nossa sugest\u00e3o \u00e9 que voc\u00ea experimente v\u00e1rias e escolha a de sua prefer\u00eancia. Os Preferidos &hellip;\" \/>\n<meta property=\"og:url\" content=\"https:\/\/www.guiagratis.com.br\/index.php\/plataformas-para-publicacao-de-videos\/\" \/>\n<meta property=\"og:site_name\" content=\"Guia Gr\u00e1tis - guia de servi\u00e7os gr\u00e1tis\" \/>\n<meta property=\"article:publisher\" content=\"https:\/\/www.facebook.com\/guiagratis\" \/>\n<meta property=\"article:modified_time\" content=\"2025-07-15T00:28:01+00:00\" \/>\n<meta name=\"twitter:card\" content=\"summary_large_image\" \/>\n<meta name=\"twitter:site\" content=\"@siteguiagratis\" \/>\n<meta name=\"twitter:label1\" content=\"Est. tempo de leitura\" \/>\n\t<meta name=\"twitter:data1\" content=\"4 minutos\" \/>\n<script type=\"application\/ld+json\" class=\"yoast-schema-graph\">{\"@context\":\"https:\\\/\\\/schema.org\",\"@graph\":[{\"@type\":\"WebPage\",\"@id\":\"https:\\\/\\\/www.guiagratis.com.br\\\/index.php\\\/plataformas-para-publicacao-de-videos\\\/\",\"url\":\"https:\\\/\\\/www.guiagratis.com.br\\\/index.php\\\/plataformas-para-publicacao-de-videos\\\/\",\"name\":\"Plataformas para Publica\u00e7\u00e3o de V\u00eddeos - Guia Gr\u00e1tis - guia de servi\u00e7os gr\u00e1tis\",\"isPartOf\":{\"@id\":\"https:\\\/\\\/www.guiagratis.com.br\\\/#website\"},\"primaryImageOfPage\":{\"@id\":\"https:\\\/\\\/www.guiagratis.com.br\\\/index.php\\\/plataformas-para-publicacao-de-videos\\\/#primaryimage\"},\"image\":{\"@id\":\"https:\\\/\\\/www.guiagratis.com.br\\\/index.php\\\/plataformas-para-publicacao-de-videos\\\/#primaryimage\"},\"thumbnailUrl\":\"\",\"datePublished\":\"2025-07-13T01:14:47+00:00\",\"dateModified\":\"2025-07-15T00:28:01+00:00\",\"breadcrumb\":{\"@id\":\"https:\\\/\\\/www.guiagratis.com.br\\\/index.php\\\/plataformas-para-publicacao-de-videos\\\/#breadcrumb\"},\"inLanguage\":\"pt-BR\",\"potentialAction\":[{\"@type\":\"ReadAction\",\"target\":[\"https:\\\/\\\/www.guiagratis.com.br\\\/index.php\\\/plataformas-para-publicacao-de-videos\\\/\"]}]},{\"@type\":\"ImageObject\",\"inLanguage\":\"pt-BR\",\"@id\":\"https:\\\/\\\/www.guiagratis.com.br\\\/index.php\\\/plataformas-para-publicacao-de-videos\\\/#primaryimage\",\"url\":\"\",\"contentUrl\":\"\"},{\"@type\":\"BreadcrumbList\",\"@id\":\"https:\\\/\\\/www.guiagratis.com.br\\\/index.php\\\/plataformas-para-publicacao-de-videos\\\/#breadcrumb\",\"itemListElement\":[{\"@type\":\"ListItem\",\"position\":1,\"name\":\"In\u00edcio\",\"item\":\"https:\\\/\\\/www.guiagratis.com.br\\\/\"},{\"@type\":\"ListItem\",\"position\":2,\"name\":\"Plataformas para Publica\u00e7\u00e3o de V\u00eddeos\"}]},{\"@type\":\"WebSite\",\"@id\":\"https:\\\/\\\/www.guiagratis.com.br\\\/#website\",\"url\":\"https:\\\/\\\/www.guiagratis.com.br\\\/\",\"name\":\"Guia Gr\u00e1tis - guia de servi\u00e7os gr\u00e1tis\",\"description\":\"\",\"publisher\":{\"@id\":\"https:\\\/\\\/www.guiagratis.com.br\\\/#organization\"},\"potentialAction\":[{\"@type\":\"SearchAction\",\"target\":{\"@type\":\"EntryPoint\",\"urlTemplate\":\"https:\\\/\\\/www.guiagratis.com.br\\\/?s={search_term_string}\"},\"query-input\":{\"@type\":\"PropertyValueSpecification\",\"valueRequired\":true,\"valueName\":\"search_term_string\"}}],\"inLanguage\":\"pt-BR\"},{\"@type\":\"Organization\",\"@id\":\"https:\\\/\\\/www.guiagratis.com.br\\\/#organization\",\"name\":\"Guia Gr\u00e1tis - guia de servi\u00e7os gr\u00e1tis\",\"url\":\"https:\\\/\\\/www.guiagratis.com.br\\\/\",\"logo\":{\"@type\":\"ImageObject\",\"inLanguage\":\"pt-BR\",\"@id\":\"https:\\\/\\\/www.guiagratis.com.br\\\/#\\\/schema\\\/logo\\\/image\\\/\",\"url\":\"https:\\\/\\\/www.guiagratis.com.br\\\/wp-content\\\/uploads\\\/2025\\\/05\\\/cropped-logo.gif\",\"contentUrl\":\"https:\\\/\\\/www.guiagratis.com.br\\\/wp-content\\\/uploads\\\/2025\\\/05\\\/cropped-logo.gif\",\"width\":175,\"height\":88,\"caption\":\"Guia Gr\u00e1tis - guia de servi\u00e7os gr\u00e1tis\"},\"image\":{\"@id\":\"https:\\\/\\\/www.guiagratis.com.br\\\/#\\\/schema\\\/logo\\\/image\\\/\"},\"sameAs\":[\"https:\\\/\\\/www.facebook.com\\\/guiagratis\",\"https:\\\/\\\/x.com\\\/siteguiagratis\"]}]}<\/script>\n<!-- \/ Yoast SEO plugin. -->","yoast_head_json":{"title":"Plataformas para Publica\u00e7\u00e3o de V\u00eddeos - Guia Gr\u00e1tis - guia de servi\u00e7os gr\u00e1tis","robots":{"index":"index","follow":"follow","max-snippet":"max-snippet:-1","max-image-preview":"max-image-preview:large","max-video-preview":"max-video-preview:-1"},"canonical":"https:\/\/www.guiagratis.com.br\/index.php\/plataformas-para-publicacao-de-videos\/","og_locale":"pt_BR","og_type":"article","og_title":"Plataformas para Publica\u00e7\u00e3o de V\u00eddeos - Guia Gr\u00e1tis - guia de servi\u00e7os gr\u00e1tis","og_description":"Se voc\u00ea produz conte\u00fado em v\u00eddeo para a Internet uma das primeiras coisas que vai precisar \u00e9 uma plataforma onde possa hospedar seu material e disponibiliz\u00e1-lo ao p\u00fablico. Existem v\u00e1rias plataformas que oferecem esse servi\u00e7o, abaixo n\u00f3s listamos algumas delas. Nossa sugest\u00e3o \u00e9 que voc\u00ea experimente v\u00e1rias e escolha a de sua prefer\u00eancia. Os Preferidos &hellip;","og_url":"https:\/\/www.guiagratis.com.br\/index.php\/plataformas-para-publicacao-de-videos\/","og_site_name":"Guia Gr\u00e1tis - guia de servi\u00e7os gr\u00e1tis","article_publisher":"https:\/\/www.facebook.com\/guiagratis","article_modified_time":"2025-07-15T00:28:01+00:00","twitter_card":"summary_large_image","twitter_site":"@siteguiagratis","twitter_misc":{"Est. tempo de leitura":"4 minutos"},"schema":{"@context":"https:\/\/schema.org","@graph":[{"@type":"WebPage","@id":"https:\/\/www.guiagratis.com.br\/index.php\/plataformas-para-publicacao-de-videos\/","url":"https:\/\/www.guiagratis.com.br\/index.php\/plataformas-para-publicacao-de-videos\/","name":"Plataformas para Publica\u00e7\u00e3o de V\u00eddeos - Guia Gr\u00e1tis - guia de servi\u00e7os gr\u00e1tis","isPartOf":{"@id":"https:\/\/www.guiagratis.com.br\/#website"},"primaryImageOfPage":{"@id":"https:\/\/www.guiagratis.com.br\/index.php\/plataformas-para-publicacao-de-videos\/#primaryimage"},"image":{"@id":"https:\/\/www.guiagratis.com.br\/index.php\/plataformas-para-publicacao-de-videos\/#primaryimage"},"thumbnailUrl":"","datePublished":"2025-07-13T01:14:47+00:00","dateModified":"2025-07-15T00:28:01+00:00","breadcrumb":{"@id":"https:\/\/www.guiagratis.com.br\/index.php\/plataformas-para-publicacao-de-videos\/#breadcrumb"},"inLanguage":"pt-BR","potentialAction":[{"@type":"ReadAction","target":["https:\/\/www.guiagratis.com.br\/index.php\/plataformas-para-publicacao-de-videos\/"]}]},{"@type":"ImageObject","inLanguage":"pt-BR","@id":"https:\/\/www.guiagratis.com.br\/index.php\/plataformas-para-publicacao-de-videos\/#primaryimage","url":"","contentUrl":""},{"@type":"BreadcrumbList","@id":"https:\/\/www.guiagratis.com.br\/index.php\/plataformas-para-publicacao-de-videos\/#breadcrumb","itemListElement":[{"@type":"ListItem","position":1,"name":"In\u00edcio","item":"https:\/\/www.guiagratis.com.br\/"},{"@type":"ListItem","position":2,"name":"Plataformas para Publica\u00e7\u00e3o de V\u00eddeos"}]},{"@type":"WebSite","@id":"https:\/\/www.guiagratis.com.br\/#website","url":"https:\/\/www.guiagratis.com.br\/","name":"Guia Gr\u00e1tis - guia de servi\u00e7os gr\u00e1tis","description":"","publisher":{"@id":"https:\/\/www.guiagratis.com.br\/#organization"},"potentialAction":[{"@type":"SearchAction","target":{"@type":"EntryPoint","urlTemplate":"https:\/\/www.guiagratis.com.br\/?s={search_term_string}"},"query-input":{"@type":"PropertyValueSpecification","valueRequired":true,"valueName":"search_term_string"}}],"inLanguage":"pt-BR"},{"@type":"Organization","@id":"https:\/\/www.guiagratis.com.br\/#organization","name":"Guia Gr\u00e1tis - guia de servi\u00e7os gr\u00e1tis","url":"https:\/\/www.guiagratis.com.br\/","logo":{"@type":"ImageObject","inLanguage":"pt-BR","@id":"https:\/\/www.guiagratis.com.br\/#\/schema\/logo\/image\/","url":"https:\/\/www.guiagratis.com.br\/wp-content\/uploads\/2025\/05\/cropped-logo.gif","contentUrl":"https:\/\/www.guiagratis.com.br\/wp-content\/uploads\/2025\/05\/cropped-logo.gif","width":175,"height":88,"caption":"Guia Gr\u00e1tis - guia de servi\u00e7os gr\u00e1tis"},"image":{"@id":"https:\/\/www.guiagratis.com.br\/#\/schema\/logo\/image\/"},"sameAs":["https:\/\/www.facebook.com\/guiagratis","https:\/\/x.com\/siteguiagratis"]}]}},"_links":{"self":[{"href":"https:\/\/www.guiagratis.com.br\/index.php\/wp-json\/wp\/v2\/pages\/4540","targetHints":{"allow":["GET"]}}],"collection":[{"href":"https:\/\/www.guiagratis.com.br\/index.php\/wp-json\/wp\/v2\/pages"}],"about":[{"href":"https:\/\/www.guiagratis.com.br\/index.php\/wp-json\/wp\/v2\/types\/page"}],"author":[{"embeddable":true,"href":"https:\/\/www.guiagratis.com.br\/index.php\/wp-json\/wp\/v2\/users\/2"}],"replies":[{"embeddable":true,"href":"https:\/\/www.guiagratis.com.br\/index.php\/wp-json\/wp\/v2\/comments?post=4540"}],"version-history":[{"count":11,"href":"https:\/\/www.guiagratis.com.br\/index.php\/wp-json\/wp\/v2\/pages\/4540\/revisions"}],"predecessor-version":[{"id":4959,"href":"https:\/\/www.guiagratis.com.br\/index.php\/wp-json\/wp\/v2\/pages\/4540\/revisions\/4959"}],"wp:featuredmedia":[{"embeddable":true,"href":"https:\/\/www.guiagratis.com.br\/index.php\/wp-json\/"}],"wp:attachment":[{"href":"https:\/\/www.guiagratis.com.br\/index.php\/wp-json\/wp\/v2\/media?parent=4540"}],"curies":[{"name":"wp","href":"https:\/\/api.w.org\/{rel}","templated":true}]}}