{"id":4705,"date":"2024-07-06T23:10:13","date_gmt":"2024-07-07T02:10:13","guid":{"rendered":"https:\/\/www.guiagratis.com.br\/?page_id=4705"},"modified":"2024-07-06T23:10:13","modified_gmt":"2024-07-07T02:10:13","slug":"vpns-gratuitas","status":"publish","type":"page","link":"https:\/\/www.guiagratis.com.br\/index.php\/vpns-gratuitas\/","title":{"rendered":"VPNs Gratuitas"},"content":{"rendered":"<p style=\"text-align: justify;\"><img loading=\"lazy\" decoding=\"async\" class=\"size-medium wp-image-3958 alignleft\" src=\"https:\/\/www.guiagratis.com.br\/wp-content\/uploads\/2024\/07\/vpn-300x158-1.jpg\" alt=\"vpns gratis\" width=\"300\" height=\"158\" \/>Uma VPN (Virtual Private Network) oferece a possibilidade de voc\u00ea estabelecer uma conex\u00e3o de rede protegida quando acessa a Internet atrav\u00e9s de redes p\u00fablicas. Seu tr\u00e1fego na internet \u00e9 criptografado e redirecionado atrav\u00e9s de servidores em outros pa\u00edses, o que dificulta o rastreamento de suas atividades online e o roubo seus dados.<\/p>\n<h2 style=\"text-align: center;\"><span style=\"color: #cc3300;\">Os Preferidos de Nossa Equipe<\/span><\/h2>\n<h2 style=\"text-align: justify;\">Proton VPN<\/h2>\n<p style=\"text-align: justify;\">Excelente op\u00e7\u00e3o de VPN com plano gratuito ilimitado desde que seja utilizada em apenas um dispositivo. Est\u00e1 sediada na Su\u00ed\u00e7a, o que oferece uima seguran\u00e7a adicional, j\u00e1 que o pa\u00eds \u00e9 internacionalmente conhecido por ser extremamente zeloso com os dados pessoais de usu\u00e1rios e com a liberdade de express\u00e3o. Caso voc\u00ea deseje usar em mais dispositivos os planos pagos possuem custos extremamente acess\u00edveis.<\/p>\n<p style=\"text-align: justify;\">Est\u00e1 dispon\u00edvel em vers\u00f5es para Windows, Linux, MacOS, Android e iOS.<\/p>\n<p><a title=\"Proton VPN\" href=\"https:\/\/protonvpn.com\/\" target=\"_blank\" rel=\"noopener noreferrer\">https:\/\/protonvpn.com\/<\/a><\/p>\n<h2 style=\"text-align: justify;\">Planet VPN<\/h2>\n<p style=\"text-align: justify;\">VPN gratuita que n\u00e3o requer registro ou dados pessoais, basta fazer download do aplicativo e conectar. Boa velocidade e na vers\u00e3o gratuita oferece 5 op\u00e7\u00f5es de localidade para conex\u00e3o. A vers\u00e3o gr\u00e1tis exibe an\u00fancios. Forte criptografia .<\/p>\n<p style=\"text-align: justify;\">Est\u00e1 dispon\u00edvel em vers\u00f5es para Windows, Linux, MacOS, Android e iOS.<\/p>\n<p><a title=\"Planet VPN\" href=\"https:\/\/freevpnplanet.com\/\" target=\"_blank\" rel=\"noopener noreferrer\">https:\/\/freevpnplanet.com\/pt\/<\/a><\/p>\n","protected":false},"excerpt":{"rendered":"<p>Uma VPN (Virtual Private Network) oferece a possibilidade de voc\u00ea estabelecer uma conex\u00e3o de rede protegida quando acessa a Internet atrav\u00e9s de redes p\u00fablicas. Seu tr\u00e1fego na internet \u00e9 criptografado e redirecionado atrav\u00e9s de servidores em outros pa\u00edses, o que dificulta o rastreamento de suas atividades online e o roubo seus dados. Os Preferidos de &hellip; <\/p>\n","protected":false},"author":2,"featured_media":0,"parent":0,"menu_order":0,"comment_status":"closed","ping_status":"closed","template":"","meta":{"footnotes":""},"class_list":["post-4705","page","type-page","status-publish","hentry","entry"],"yoast_head":"<!-- This site is optimized with the Yoast SEO plugin v27.5 - https:\/\/yoast.com\/product\/yoast-seo-wordpress\/ -->\n<title>VPNs Gratuitas - Guia Gr\u00e1tis - guia de servi\u00e7os gr\u00e1tis<\/title>\n<meta name=\"robots\" content=\"index, follow, max-snippet:-1, max-image-preview:large, max-video-preview:-1\" \/>\n<link rel=\"canonical\" href=\"https:\/\/www.guiagratis.com.br\/index.php\/vpns-gratuitas\/\" \/>\n<meta property=\"og:locale\" content=\"pt_BR\" \/>\n<meta property=\"og:type\" content=\"article\" \/>\n<meta property=\"og:title\" content=\"VPNs Gratuitas - Guia Gr\u00e1tis - guia de servi\u00e7os gr\u00e1tis\" \/>\n<meta property=\"og:description\" content=\"Uma VPN (Virtual Private Network) oferece a possibilidade de voc\u00ea estabelecer uma conex\u00e3o de rede protegida quando acessa a Internet atrav\u00e9s de redes p\u00fablicas. Seu tr\u00e1fego na internet \u00e9 criptografado e redirecionado atrav\u00e9s de servidores em outros pa\u00edses, o que dificulta o rastreamento de suas atividades online e o roubo seus dados. Os Preferidos de &hellip;\" \/>\n<meta property=\"og:url\" content=\"https:\/\/www.guiagratis.com.br\/index.php\/vpns-gratuitas\/\" \/>\n<meta property=\"og:site_name\" content=\"Guia Gr\u00e1tis - guia de servi\u00e7os gr\u00e1tis\" \/>\n<meta property=\"article:publisher\" content=\"https:\/\/www.facebook.com\/guiagratis\" \/>\n<meta property=\"og:image\" content=\"https:\/\/www.guiagratis.com.br\/wp-content\/uploads\/2024\/07\/vpn-300x158-1.jpg\" \/>\n<meta name=\"twitter:card\" content=\"summary_large_image\" \/>\n<meta name=\"twitter:site\" content=\"@siteguiagratis\" \/>\n<meta name=\"twitter:label1\" content=\"Est. tempo de leitura\" \/>\n\t<meta name=\"twitter:data1\" content=\"2 minutos\" \/>\n<script type=\"application\/ld+json\" class=\"yoast-schema-graph\">{\"@context\":\"https:\\\/\\\/schema.org\",\"@graph\":[{\"@type\":\"WebPage\",\"@id\":\"https:\\\/\\\/www.guiagratis.com.br\\\/index.php\\\/vpns-gratuitas\\\/\",\"url\":\"https:\\\/\\\/www.guiagratis.com.br\\\/index.php\\\/vpns-gratuitas\\\/\",\"name\":\"VPNs Gratuitas - Guia Gr\u00e1tis - guia de servi\u00e7os gr\u00e1tis\",\"isPartOf\":{\"@id\":\"https:\\\/\\\/www.guiagratis.com.br\\\/#website\"},\"primaryImageOfPage\":{\"@id\":\"https:\\\/\\\/www.guiagratis.com.br\\\/index.php\\\/vpns-gratuitas\\\/#primaryimage\"},\"image\":{\"@id\":\"https:\\\/\\\/www.guiagratis.com.br\\\/index.php\\\/vpns-gratuitas\\\/#primaryimage\"},\"thumbnailUrl\":\"https:\\\/\\\/www.guiagratis.com.br\\\/wp-content\\\/uploads\\\/2024\\\/07\\\/vpn-300x158-1.jpg\",\"datePublished\":\"2024-07-07T02:10:13+00:00\",\"breadcrumb\":{\"@id\":\"https:\\\/\\\/www.guiagratis.com.br\\\/index.php\\\/vpns-gratuitas\\\/#breadcrumb\"},\"inLanguage\":\"pt-BR\",\"potentialAction\":[{\"@type\":\"ReadAction\",\"target\":[\"https:\\\/\\\/www.guiagratis.com.br\\\/index.php\\\/vpns-gratuitas\\\/\"]}]},{\"@type\":\"ImageObject\",\"inLanguage\":\"pt-BR\",\"@id\":\"https:\\\/\\\/www.guiagratis.com.br\\\/index.php\\\/vpns-gratuitas\\\/#primaryimage\",\"url\":\"\",\"contentUrl\":\"\"},{\"@type\":\"BreadcrumbList\",\"@id\":\"https:\\\/\\\/www.guiagratis.com.br\\\/index.php\\\/vpns-gratuitas\\\/#breadcrumb\",\"itemListElement\":[{\"@type\":\"ListItem\",\"position\":1,\"name\":\"In\u00edcio\",\"item\":\"https:\\\/\\\/www.guiagratis.com.br\\\/\"},{\"@type\":\"ListItem\",\"position\":2,\"name\":\"VPNs Gratuitas\"}]},{\"@type\":\"WebSite\",\"@id\":\"https:\\\/\\\/www.guiagratis.com.br\\\/#website\",\"url\":\"https:\\\/\\\/www.guiagratis.com.br\\\/\",\"name\":\"Guia Gr\u00e1tis - guia de servi\u00e7os gr\u00e1tis\",\"description\":\"\",\"publisher\":{\"@id\":\"https:\\\/\\\/www.guiagratis.com.br\\\/#organization\"},\"potentialAction\":[{\"@type\":\"SearchAction\",\"target\":{\"@type\":\"EntryPoint\",\"urlTemplate\":\"https:\\\/\\\/www.guiagratis.com.br\\\/?s={search_term_string}\"},\"query-input\":{\"@type\":\"PropertyValueSpecification\",\"valueRequired\":true,\"valueName\":\"search_term_string\"}}],\"inLanguage\":\"pt-BR\"},{\"@type\":\"Organization\",\"@id\":\"https:\\\/\\\/www.guiagratis.com.br\\\/#organization\",\"name\":\"Guia Gr\u00e1tis - guia de servi\u00e7os gr\u00e1tis\",\"url\":\"https:\\\/\\\/www.guiagratis.com.br\\\/\",\"logo\":{\"@type\":\"ImageObject\",\"inLanguage\":\"pt-BR\",\"@id\":\"https:\\\/\\\/www.guiagratis.com.br\\\/#\\\/schema\\\/logo\\\/image\\\/\",\"url\":\"https:\\\/\\\/www.guiagratis.com.br\\\/wp-content\\\/uploads\\\/2025\\\/05\\\/cropped-logo.gif\",\"contentUrl\":\"https:\\\/\\\/www.guiagratis.com.br\\\/wp-content\\\/uploads\\\/2025\\\/05\\\/cropped-logo.gif\",\"width\":175,\"height\":88,\"caption\":\"Guia Gr\u00e1tis - guia de servi\u00e7os gr\u00e1tis\"},\"image\":{\"@id\":\"https:\\\/\\\/www.guiagratis.com.br\\\/#\\\/schema\\\/logo\\\/image\\\/\"},\"sameAs\":[\"https:\\\/\\\/www.facebook.com\\\/guiagratis\",\"https:\\\/\\\/x.com\\\/siteguiagratis\"]}]}<\/script>\n<!-- \/ Yoast SEO plugin. -->","yoast_head_json":{"title":"VPNs Gratuitas - Guia Gr\u00e1tis - guia de servi\u00e7os gr\u00e1tis","robots":{"index":"index","follow":"follow","max-snippet":"max-snippet:-1","max-image-preview":"max-image-preview:large","max-video-preview":"max-video-preview:-1"},"canonical":"https:\/\/www.guiagratis.com.br\/index.php\/vpns-gratuitas\/","og_locale":"pt_BR","og_type":"article","og_title":"VPNs Gratuitas - Guia Gr\u00e1tis - guia de servi\u00e7os gr\u00e1tis","og_description":"Uma VPN (Virtual Private Network) oferece a possibilidade de voc\u00ea estabelecer uma conex\u00e3o de rede protegida quando acessa a Internet atrav\u00e9s de redes p\u00fablicas. Seu tr\u00e1fego na internet \u00e9 criptografado e redirecionado atrav\u00e9s de servidores em outros pa\u00edses, o que dificulta o rastreamento de suas atividades online e o roubo seus dados. Os Preferidos de &hellip;","og_url":"https:\/\/www.guiagratis.com.br\/index.php\/vpns-gratuitas\/","og_site_name":"Guia Gr\u00e1tis - guia de servi\u00e7os gr\u00e1tis","article_publisher":"https:\/\/www.facebook.com\/guiagratis","og_image":[{"url":"https:\/\/www.guiagratis.com.br\/wp-content\/uploads\/2024\/07\/vpn-300x158-1.jpg","type":"","width":"","height":""}],"twitter_card":"summary_large_image","twitter_site":"@siteguiagratis","twitter_misc":{"Est. tempo de leitura":"2 minutos"},"schema":{"@context":"https:\/\/schema.org","@graph":[{"@type":"WebPage","@id":"https:\/\/www.guiagratis.com.br\/index.php\/vpns-gratuitas\/","url":"https:\/\/www.guiagratis.com.br\/index.php\/vpns-gratuitas\/","name":"VPNs Gratuitas - Guia Gr\u00e1tis - guia de servi\u00e7os gr\u00e1tis","isPartOf":{"@id":"https:\/\/www.guiagratis.com.br\/#website"},"primaryImageOfPage":{"@id":"https:\/\/www.guiagratis.com.br\/index.php\/vpns-gratuitas\/#primaryimage"},"image":{"@id":"https:\/\/www.guiagratis.com.br\/index.php\/vpns-gratuitas\/#primaryimage"},"thumbnailUrl":"https:\/\/www.guiagratis.com.br\/wp-content\/uploads\/2024\/07\/vpn-300x158-1.jpg","datePublished":"2024-07-07T02:10:13+00:00","breadcrumb":{"@id":"https:\/\/www.guiagratis.com.br\/index.php\/vpns-gratuitas\/#breadcrumb"},"inLanguage":"pt-BR","potentialAction":[{"@type":"ReadAction","target":["https:\/\/www.guiagratis.com.br\/index.php\/vpns-gratuitas\/"]}]},{"@type":"ImageObject","inLanguage":"pt-BR","@id":"https:\/\/www.guiagratis.com.br\/index.php\/vpns-gratuitas\/#primaryimage","url":"","contentUrl":""},{"@type":"BreadcrumbList","@id":"https:\/\/www.guiagratis.com.br\/index.php\/vpns-gratuitas\/#breadcrumb","itemListElement":[{"@type":"ListItem","position":1,"name":"In\u00edcio","item":"https:\/\/www.guiagratis.com.br\/"},{"@type":"ListItem","position":2,"name":"VPNs Gratuitas"}]},{"@type":"WebSite","@id":"https:\/\/www.guiagratis.com.br\/#website","url":"https:\/\/www.guiagratis.com.br\/","name":"Guia Gr\u00e1tis - guia de servi\u00e7os gr\u00e1tis","description":"","publisher":{"@id":"https:\/\/www.guiagratis.com.br\/#organization"},"potentialAction":[{"@type":"SearchAction","target":{"@type":"EntryPoint","urlTemplate":"https:\/\/www.guiagratis.com.br\/?s={search_term_string}"},"query-input":{"@type":"PropertyValueSpecification","valueRequired":true,"valueName":"search_term_string"}}],"inLanguage":"pt-BR"},{"@type":"Organization","@id":"https:\/\/www.guiagratis.com.br\/#organization","name":"Guia Gr\u00e1tis - guia de servi\u00e7os gr\u00e1tis","url":"https:\/\/www.guiagratis.com.br\/","logo":{"@type":"ImageObject","inLanguage":"pt-BR","@id":"https:\/\/www.guiagratis.com.br\/#\/schema\/logo\/image\/","url":"https:\/\/www.guiagratis.com.br\/wp-content\/uploads\/2025\/05\/cropped-logo.gif","contentUrl":"https:\/\/www.guiagratis.com.br\/wp-content\/uploads\/2025\/05\/cropped-logo.gif","width":175,"height":88,"caption":"Guia Gr\u00e1tis - guia de servi\u00e7os gr\u00e1tis"},"image":{"@id":"https:\/\/www.guiagratis.com.br\/#\/schema\/logo\/image\/"},"sameAs":["https:\/\/www.facebook.com\/guiagratis","https:\/\/x.com\/siteguiagratis"]}]}},"_links":{"self":[{"href":"https:\/\/www.guiagratis.com.br\/index.php\/wp-json\/wp\/v2\/pages\/4705","targetHints":{"allow":["GET"]}}],"collection":[{"href":"https:\/\/www.guiagratis.com.br\/index.php\/wp-json\/wp\/v2\/pages"}],"about":[{"href":"https:\/\/www.guiagratis.com.br\/index.php\/wp-json\/wp\/v2\/types\/page"}],"author":[{"embeddable":true,"href":"https:\/\/www.guiagratis.com.br\/index.php\/wp-json\/wp\/v2\/users\/2"}],"replies":[{"embeddable":true,"href":"https:\/\/www.guiagratis.com.br\/index.php\/wp-json\/wp\/v2\/comments?post=4705"}],"version-history":[{"count":0,"href":"https:\/\/www.guiagratis.com.br\/index.php\/wp-json\/wp\/v2\/pages\/4705\/revisions"}],"wp:attachment":[{"href":"https:\/\/www.guiagratis.com.br\/index.php\/wp-json\/wp\/v2\/media?parent=4705"}],"curies":[{"name":"wp","href":"https:\/\/api.w.org\/{rel}","templated":true}]}}