{"id":598,"date":"2018-10-03T02:20:27","date_gmt":"2018-10-03T05:20:27","guid":{"rendered":"http:\/\/redeguia.com.br\/ggt\/?page_id=598"},"modified":"2018-10-03T02:20:27","modified_gmt":"2018-10-03T05:20:27","slug":"politica-de-privacidade-2","status":"publish","type":"page","link":"https:\/\/www.guiagratis.com.br\/index.php\/politica-de-privacidade-2\/","title":{"rendered":"Pol\u00edtica de Privacidade"},"content":{"rendered":"<p style=\"text-align: justify;\"><img loading=\"lazy\" decoding=\"async\" class=\"size-medium wp-image-4403 alignleft\" src=\"http:\/\/guiagratis.com.br\/wp-content\/uploads\/2018\/10\/politica-de-privacidade-1-300x158.jpg\" alt=\"politica de privacidade\" width=\"300\" height=\"158\" \/>O <strong>Guia Gr\u00e1tis<\/strong> respeita seu visitante e assume o compromisso de proteger sua privacidade na internet. Nosso compromisso \u00e9 o de resguardar as informa\u00e7\u00f5es pessoais que nos forem fornecidas. Al\u00e9m disso nos comprometemos a\u00a0utilizar estas informa\u00e7\u00f5es somente para os fins a que forem destinadas.<\/p>\n<p style=\"text-align: justify;\">Esta declara\u00e7\u00e3o de privacidade descreve a pol\u00edtica\u00a0de privacidade do site. Aqui explicamos as op\u00e7\u00f5es que s\u00e3o fornecidas sobre o modo pelo qual as informa\u00e7\u00f5es dos visitantes s\u00e3o coletadas e utilizadas.<\/p>\n<h3 style=\"text-align: justify;\"><strong>Logs do Servidor<\/strong><\/h3>\n<p style=\"text-align: justify;\">Nossos servidores usam arquivos de log. Estes arquivos incluem endere\u00e7os IP, browser, provedor, p\u00e1gina de origem, p\u00e1gina de sa\u00edda, plataforma usada, data, hor\u00e1rio e n\u00famero de cliques. Estes dados n\u00e3o permitem a identifica\u00e7\u00e3o do usu\u00e1rio e s\u00e3o coletados para verificar o alcance demogr\u00e1fico do site. Esses dados permitem foquemos nossas atualiza\u00e7\u00f5es em conte\u00fado que seja relevante aos usu\u00e1rios.<\/p>\n<h3 style=\"text-align: justify;\"><strong>Cookies e Web Beacons<\/strong><\/h3>\n<p style=\"text-align: justify;\">Um cookie \u00e9 um pequeno arquivo de dados armazenado no computador do usu\u00e1rio que traz informa\u00e7\u00f5es do mesmo. Nosso site n\u00e3o usa cookies, entretanto alguns de nossos anunciantes usam e n\u00f3s n\u00e3o temos acesso e nem controle sobre esses cookies.<\/p>\n<p style=\"text-align: justify;\">O\u00a0usu\u00e1rio desejar poder\u00e1 desabilitar o recebimento e o armazenamento de cookies em seu navegador alterando as configura\u00e7\u00f5es de seguran\u00e7a do mesmo. Mais informa\u00e7\u00f5es podem ser obtidas no manual ou nos arquivos de ajuda do navegador.<\/p>\n<h3 style=\"text-align: justify;\"><strong>Links<\/strong><\/h3>\n<p style=\"text-align: justify;\">Nosso site \u00e9 um diret\u00f3rio que cont\u00e9m links para muitos outros sites. N\u00e3o somos respons\u00e1veis pelas pol\u00edticas de privacidade desses sites. Encorajamos nossos usu\u00e1rios a buscar e ler as informa\u00e7\u00f5es de privacidade dos sites linkados.<\/p>\n<h3 style=\"text-align: justify;\"><strong>Anunciantes<\/strong><\/h3>\n<p style=\"text-align: justify;\">Usamos servi\u00e7os de outras empresas para exibir an\u00fancios em nosso site. Esses an\u00fancios podem conter cookies e\/ou web beacons para coletar dados no processo de exibi\u00e7\u00e3o de an\u00fancios por essas empresas. N\u00f3s n\u00e3o temos acesso \u00e0s informa\u00e7\u00f5es coletadas por essas empresas.<\/p>\n<h3 style=\"text-align: justify;\"><strong>Cookie DART do Google AdSense<\/strong><\/h3>\n<p style=\"text-align: justify;\">Este site exibe an\u00fancios servidos pela rede Google AdSense. O Google usa cookies para exibir an\u00fancios nos sites que publicam seus an\u00fancios. O cookie DART permite que sejam exibidos an\u00fancios baseados nas prefer\u00eancias do usu\u00e1rio e em seus h\u00e1bitos de navega\u00e7\u00e3o.<\/p>\n<p style=\"text-align: justify;\">Os usu\u00e1rios podem optar por desabilitar o cookie DART. Para isso basta visitar <a title=\"pol\u00edtica de pivacidade da rede de an\u00fancios e conte\u00fado do Google\" href=\"http:\/\/www.google.com\/privacy_ads.html\" target=\"_blank\" rel=\"noopener noreferrer\">a p\u00e1gina que cont\u00e9m a pol\u00edtica de privacidade da rede de an\u00fancios e conte\u00fado do Google<\/a>.<\/p>\n<h3 style=\"text-align: justify;\"><strong>Feed\u00a0por E-mail<\/strong><\/h3>\n<p style=\"text-align: justify;\">Se o usu\u00e1rio cadastrar-se para receber nosso feed o endere\u00e7o de e-mail informado ser\u00e1 utilizado unicamente para essa finalidade. Esclarecemos que o processo de envio do feed \u00e9 autom\u00e1tico e executado pelo FeedBurner.<\/p>\n<h3 style=\"text-align: justify;\"><strong>Informa\u00e7\u00f5es de Contato<\/strong><\/h3>\n<p style=\"text-align: justify;\">Para\u00a0sugest\u00f5es ou questionamentos sobre essa pol\u00edtica de privacidade nossos usu\u00e1rios podem escrever para <a title=\"editor@guiagratis.com.br\" href=\"mailto:editor@guiagratis.com.br\" target=\"_blank\" rel=\"noopener noreferrer\">editor@guiagratis.com.br<\/a>.<\/p>\n<p style=\"text-align: justify;\">\u00daltima Atualiza\u00e7\u00e3o: 03\/10\/2018<\/p>\n","protected":false},"excerpt":{"rendered":"<p>O Guia Gr\u00e1tis respeita seu visitante e assume o compromisso de proteger sua privacidade na internet. Nosso compromisso \u00e9 o de resguardar as informa\u00e7\u00f5es pessoais que nos forem fornecidas. Al\u00e9m disso nos comprometemos a\u00a0utilizar estas informa\u00e7\u00f5es somente para os fins a que forem destinadas. Esta declara\u00e7\u00e3o de privacidade descreve a pol\u00edtica\u00a0de privacidade do site. Aqui &hellip; <\/p>\n","protected":false},"author":2,"featured_media":4403,"parent":0,"menu_order":20,"comment_status":"closed","ping_status":"closed","template":"","meta":{"footnotes":""},"class_list":["post-598","page","type-page","status-publish","has-post-thumbnail","hentry","entry"],"yoast_head":"<!-- This site is optimized with the Yoast SEO plugin v27.5 - https:\/\/yoast.com\/product\/yoast-seo-wordpress\/ -->\n<title>Pol\u00edtica de Privacidade - Guia Gr\u00e1tis - guia de servi\u00e7os gr\u00e1tis<\/title>\n<meta name=\"robots\" content=\"index, follow, max-snippet:-1, max-image-preview:large, max-video-preview:-1\" \/>\n<link rel=\"canonical\" href=\"https:\/\/www.guiagratis.com.br\/index.php\/politica-de-privacidade-2\/\" \/>\n<meta property=\"og:locale\" content=\"pt_BR\" \/>\n<meta property=\"og:type\" content=\"article\" \/>\n<meta property=\"og:title\" content=\"Pol\u00edtica de Privacidade - Guia Gr\u00e1tis - guia de servi\u00e7os gr\u00e1tis\" \/>\n<meta property=\"og:description\" content=\"O Guia Gr\u00e1tis respeita seu visitante e assume o compromisso de proteger sua privacidade na internet. Nosso compromisso \u00e9 o de resguardar as informa\u00e7\u00f5es pessoais que nos forem fornecidas. Al\u00e9m disso nos comprometemos a\u00a0utilizar estas informa\u00e7\u00f5es somente para os fins a que forem destinadas. Esta declara\u00e7\u00e3o de privacidade descreve a pol\u00edtica\u00a0de privacidade do site. Aqui &hellip;\" \/>\n<meta property=\"og:url\" content=\"https:\/\/www.guiagratis.com.br\/index.php\/politica-de-privacidade-2\/\" \/>\n<meta property=\"og:site_name\" content=\"Guia Gr\u00e1tis - guia de servi\u00e7os gr\u00e1tis\" \/>\n<meta property=\"article:publisher\" content=\"https:\/\/www.facebook.com\/guiagratis\" \/>\n<meta name=\"twitter:card\" content=\"summary_large_image\" \/>\n<meta name=\"twitter:site\" content=\"@siteguiagratis\" \/>\n<meta name=\"twitter:label1\" content=\"Est. tempo de leitura\" \/>\n\t<meta name=\"twitter:data1\" content=\"2 minutos\" \/>\n<script type=\"application\/ld+json\" class=\"yoast-schema-graph\">{\"@context\":\"https:\\\/\\\/schema.org\",\"@graph\":[{\"@type\":\"WebPage\",\"@id\":\"https:\\\/\\\/www.guiagratis.com.br\\\/index.php\\\/politica-de-privacidade-2\\\/\",\"url\":\"https:\\\/\\\/www.guiagratis.com.br\\\/index.php\\\/politica-de-privacidade-2\\\/\",\"name\":\"Pol\u00edtica de Privacidade - Guia Gr\u00e1tis - guia de servi\u00e7os gr\u00e1tis\",\"isPartOf\":{\"@id\":\"https:\\\/\\\/www.guiagratis.com.br\\\/#website\"},\"primaryImageOfPage\":{\"@id\":\"https:\\\/\\\/www.guiagratis.com.br\\\/index.php\\\/politica-de-privacidade-2\\\/#primaryimage\"},\"image\":{\"@id\":\"https:\\\/\\\/www.guiagratis.com.br\\\/index.php\\\/politica-de-privacidade-2\\\/#primaryimage\"},\"thumbnailUrl\":\"\",\"datePublished\":\"2018-10-03T05:20:27+00:00\",\"breadcrumb\":{\"@id\":\"https:\\\/\\\/www.guiagratis.com.br\\\/index.php\\\/politica-de-privacidade-2\\\/#breadcrumb\"},\"inLanguage\":\"pt-BR\",\"potentialAction\":[{\"@type\":\"ReadAction\",\"target\":[\"https:\\\/\\\/www.guiagratis.com.br\\\/index.php\\\/politica-de-privacidade-2\\\/\"]}]},{\"@type\":\"ImageObject\",\"inLanguage\":\"pt-BR\",\"@id\":\"https:\\\/\\\/www.guiagratis.com.br\\\/index.php\\\/politica-de-privacidade-2\\\/#primaryimage\",\"url\":\"\",\"contentUrl\":\"\"},{\"@type\":\"BreadcrumbList\",\"@id\":\"https:\\\/\\\/www.guiagratis.com.br\\\/index.php\\\/politica-de-privacidade-2\\\/#breadcrumb\",\"itemListElement\":[{\"@type\":\"ListItem\",\"position\":1,\"name\":\"In\u00edcio\",\"item\":\"https:\\\/\\\/www.guiagratis.com.br\\\/\"},{\"@type\":\"ListItem\",\"position\":2,\"name\":\"Pol\u00edtica de Privacidade\"}]},{\"@type\":\"WebSite\",\"@id\":\"https:\\\/\\\/www.guiagratis.com.br\\\/#website\",\"url\":\"https:\\\/\\\/www.guiagratis.com.br\\\/\",\"name\":\"Guia Gr\u00e1tis - guia de servi\u00e7os gr\u00e1tis\",\"description\":\"\",\"publisher\":{\"@id\":\"https:\\\/\\\/www.guiagratis.com.br\\\/#organization\"},\"potentialAction\":[{\"@type\":\"SearchAction\",\"target\":{\"@type\":\"EntryPoint\",\"urlTemplate\":\"https:\\\/\\\/www.guiagratis.com.br\\\/?s={search_term_string}\"},\"query-input\":{\"@type\":\"PropertyValueSpecification\",\"valueRequired\":true,\"valueName\":\"search_term_string\"}}],\"inLanguage\":\"pt-BR\"},{\"@type\":\"Organization\",\"@id\":\"https:\\\/\\\/www.guiagratis.com.br\\\/#organization\",\"name\":\"Guia Gr\u00e1tis - guia de servi\u00e7os gr\u00e1tis\",\"url\":\"https:\\\/\\\/www.guiagratis.com.br\\\/\",\"logo\":{\"@type\":\"ImageObject\",\"inLanguage\":\"pt-BR\",\"@id\":\"https:\\\/\\\/www.guiagratis.com.br\\\/#\\\/schema\\\/logo\\\/image\\\/\",\"url\":\"https:\\\/\\\/www.guiagratis.com.br\\\/wp-content\\\/uploads\\\/2025\\\/05\\\/cropped-logo.gif\",\"contentUrl\":\"https:\\\/\\\/www.guiagratis.com.br\\\/wp-content\\\/uploads\\\/2025\\\/05\\\/cropped-logo.gif\",\"width\":175,\"height\":88,\"caption\":\"Guia Gr\u00e1tis - guia de servi\u00e7os gr\u00e1tis\"},\"image\":{\"@id\":\"https:\\\/\\\/www.guiagratis.com.br\\\/#\\\/schema\\\/logo\\\/image\\\/\"},\"sameAs\":[\"https:\\\/\\\/www.facebook.com\\\/guiagratis\",\"https:\\\/\\\/x.com\\\/siteguiagratis\"]}]}<\/script>\n<!-- \/ Yoast SEO plugin. -->","yoast_head_json":{"title":"Pol\u00edtica de Privacidade - Guia Gr\u00e1tis - guia de servi\u00e7os gr\u00e1tis","robots":{"index":"index","follow":"follow","max-snippet":"max-snippet:-1","max-image-preview":"max-image-preview:large","max-video-preview":"max-video-preview:-1"},"canonical":"https:\/\/www.guiagratis.com.br\/index.php\/politica-de-privacidade-2\/","og_locale":"pt_BR","og_type":"article","og_title":"Pol\u00edtica de Privacidade - Guia Gr\u00e1tis - guia de servi\u00e7os gr\u00e1tis","og_description":"O Guia Gr\u00e1tis respeita seu visitante e assume o compromisso de proteger sua privacidade na internet. Nosso compromisso \u00e9 o de resguardar as informa\u00e7\u00f5es pessoais que nos forem fornecidas. Al\u00e9m disso nos comprometemos a\u00a0utilizar estas informa\u00e7\u00f5es somente para os fins a que forem destinadas. Esta declara\u00e7\u00e3o de privacidade descreve a pol\u00edtica\u00a0de privacidade do site. Aqui &hellip;","og_url":"https:\/\/www.guiagratis.com.br\/index.php\/politica-de-privacidade-2\/","og_site_name":"Guia Gr\u00e1tis - guia de servi\u00e7os gr\u00e1tis","article_publisher":"https:\/\/www.facebook.com\/guiagratis","twitter_card":"summary_large_image","twitter_site":"@siteguiagratis","twitter_misc":{"Est. tempo de leitura":"2 minutos"},"schema":{"@context":"https:\/\/schema.org","@graph":[{"@type":"WebPage","@id":"https:\/\/www.guiagratis.com.br\/index.php\/politica-de-privacidade-2\/","url":"https:\/\/www.guiagratis.com.br\/index.php\/politica-de-privacidade-2\/","name":"Pol\u00edtica de Privacidade - Guia Gr\u00e1tis - guia de servi\u00e7os gr\u00e1tis","isPartOf":{"@id":"https:\/\/www.guiagratis.com.br\/#website"},"primaryImageOfPage":{"@id":"https:\/\/www.guiagratis.com.br\/index.php\/politica-de-privacidade-2\/#primaryimage"},"image":{"@id":"https:\/\/www.guiagratis.com.br\/index.php\/politica-de-privacidade-2\/#primaryimage"},"thumbnailUrl":"","datePublished":"2018-10-03T05:20:27+00:00","breadcrumb":{"@id":"https:\/\/www.guiagratis.com.br\/index.php\/politica-de-privacidade-2\/#breadcrumb"},"inLanguage":"pt-BR","potentialAction":[{"@type":"ReadAction","target":["https:\/\/www.guiagratis.com.br\/index.php\/politica-de-privacidade-2\/"]}]},{"@type":"ImageObject","inLanguage":"pt-BR","@id":"https:\/\/www.guiagratis.com.br\/index.php\/politica-de-privacidade-2\/#primaryimage","url":"","contentUrl":""},{"@type":"BreadcrumbList","@id":"https:\/\/www.guiagratis.com.br\/index.php\/politica-de-privacidade-2\/#breadcrumb","itemListElement":[{"@type":"ListItem","position":1,"name":"In\u00edcio","item":"https:\/\/www.guiagratis.com.br\/"},{"@type":"ListItem","position":2,"name":"Pol\u00edtica de Privacidade"}]},{"@type":"WebSite","@id":"https:\/\/www.guiagratis.com.br\/#website","url":"https:\/\/www.guiagratis.com.br\/","name":"Guia Gr\u00e1tis - guia de servi\u00e7os gr\u00e1tis","description":"","publisher":{"@id":"https:\/\/www.guiagratis.com.br\/#organization"},"potentialAction":[{"@type":"SearchAction","target":{"@type":"EntryPoint","urlTemplate":"https:\/\/www.guiagratis.com.br\/?s={search_term_string}"},"query-input":{"@type":"PropertyValueSpecification","valueRequired":true,"valueName":"search_term_string"}}],"inLanguage":"pt-BR"},{"@type":"Organization","@id":"https:\/\/www.guiagratis.com.br\/#organization","name":"Guia Gr\u00e1tis - guia de servi\u00e7os gr\u00e1tis","url":"https:\/\/www.guiagratis.com.br\/","logo":{"@type":"ImageObject","inLanguage":"pt-BR","@id":"https:\/\/www.guiagratis.com.br\/#\/schema\/logo\/image\/","url":"https:\/\/www.guiagratis.com.br\/wp-content\/uploads\/2025\/05\/cropped-logo.gif","contentUrl":"https:\/\/www.guiagratis.com.br\/wp-content\/uploads\/2025\/05\/cropped-logo.gif","width":175,"height":88,"caption":"Guia Gr\u00e1tis - guia de servi\u00e7os gr\u00e1tis"},"image":{"@id":"https:\/\/www.guiagratis.com.br\/#\/schema\/logo\/image\/"},"sameAs":["https:\/\/www.facebook.com\/guiagratis","https:\/\/x.com\/siteguiagratis"]}]}},"_links":{"self":[{"href":"https:\/\/www.guiagratis.com.br\/index.php\/wp-json\/wp\/v2\/pages\/598","targetHints":{"allow":["GET"]}}],"collection":[{"href":"https:\/\/www.guiagratis.com.br\/index.php\/wp-json\/wp\/v2\/pages"}],"about":[{"href":"https:\/\/www.guiagratis.com.br\/index.php\/wp-json\/wp\/v2\/types\/page"}],"author":[{"embeddable":true,"href":"https:\/\/www.guiagratis.com.br\/index.php\/wp-json\/wp\/v2\/users\/2"}],"replies":[{"embeddable":true,"href":"https:\/\/www.guiagratis.com.br\/index.php\/wp-json\/wp\/v2\/comments?post=598"}],"version-history":[{"count":0,"href":"https:\/\/www.guiagratis.com.br\/index.php\/wp-json\/wp\/v2\/pages\/598\/revisions"}],"wp:featuredmedia":[{"embeddable":true,"href":"https:\/\/www.guiagratis.com.br\/index.php\/wp-json\/"}],"wp:attachment":[{"href":"https:\/\/www.guiagratis.com.br\/index.php\/wp-json\/wp\/v2\/media?parent=598"}],"curies":[{"name":"wp","href":"https:\/\/api.w.org\/{rel}","templated":true}]}}